{"id":2896,"date":"2018-04-21T17:42:26","date_gmt":"2018-04-21T15:42:26","guid":{"rendered":"https:\/\/dev.serversmtp.com\/?page_id=2896"},"modified":"2018-04-21T17:43:04","modified_gmt":"2018-04-21T15:43:04","slug":"porque-turbosmtp","status":"publish","type":"page","link":"https:\/\/serversmtp.com\/pt-pt\/porque-turbosmtp\/","title":{"rendered":"Porqu\u00ea turboSMTP?"},"content":{"rendered":"<p>Existem muitas raz\u00f5es importantes para usar um servidor profissional SMTP: no passado (antes da era do correio electr\u00f3nico n\u00e3o solicitado), enviar emails n\u00e3o era problem\u00e1tico, enquanto hoje em dia \u00e9 extremamente importante seguir as normas de todos os servidores de email para evitar que as mensagens terminem em pastas de spam ou at\u00e9 serem eliminadas pelos servidores de email.<\/p>\n<p>Diferentes servidores de emails tratam os emails de diferentes formas, de acordo com a reputa\u00e7\u00e3o dos servidores de SMTP, listas brancas e listas negras.<\/p>\n<p>Os servidores SMTP fornecidos pelos IPSs mais comuns (Provedor turbo de Internet \u2013 conex\u00e3o de internet DSL) nem sempre s\u00e3o confi\u00e1veis: usam endere\u00e7os de IP aleat\u00f3rios, e ocasionalmente um ou mais endere\u00e7os de IP, em que alguns desses est\u00e3o na lista negra o que lhe pode causar problemas ao enviar emails.<\/p>\n<p>A pior coisa \u00e9 que nunca estar\u00e1 consciente desses problemas: ir\u00e1 simplesmente enviar emails e n\u00e3o ir\u00e1 saber se eles chegaram ou n\u00e3o.<\/p>\n<p>Al\u00e9m disso, se viaja e usar diferentes conex\u00f5es de internet como Wi-FI, UMTS\/EDGE, etc., tem de alterar as suas defini\u00e7\u00f5es de SMTP a cada utiliza\u00e7\u00e3o.<\/p>\n<h3>&#8230;e ent\u00e3o?<\/h3>\n<p>Fornecemos um servi\u00e7o SMTP confi\u00e1vel e de custo efectivo. Monitorizamos constantemente listas negras e focamo-nos na gest\u00e3o de rela\u00e7\u00f5es com os principais fornecedores de email para manter os nossos servi\u00e7os na lista branca. Isto significa que todos os servidores de email reconhecem as suas mensagens como seguras e todas as suas mensagens s\u00e3o entregues.<\/p>\n<h3>Qual \u00e9 a diferen\u00e7a real entre um servidor SMTP normal e o turboSMTP?<\/h3>\n<ol class=\"boxes\">\n<li>\n<h2>Melhore a sua entrega de emails, reduzindo a filtragem de emails<\/h2>\n<p>Procuramos activamente manter os nossos servidores na lista branca da maior parte dos servidores de email e seguir estritamente as pr\u00e1ticas e orienta\u00e7\u00f5es de envio de emails.<\/p>\n<\/li>\n<li>\n<h2>Envie emails a partir de qualquer lado e a qualquer hora<\/h2>\n<p>Configura as suas defini\u00e7\u00f5es do SMTP apenas uma vez, no seu cliente de email, e provavelmente nunca mais ter\u00e1 de as alterar. <br \/> A qualquer momento que esteja ligado \u00e0 Internet, com o seu computador port\u00e1til, iPhone ou PC, estar\u00e1 pronto para enviar emails, a partir de qualquer um dos seus endere\u00e7os de email, independentemente da sua conex\u00e3o \u00e0 internet ou localiza\u00e7\u00e3o actual.<\/p>\n<\/li>\n<li>\n<h2>Ignore as restri\u00e7\u00f5es dos ISPs<\/h2>\n<p>Evite todos os limites de uso que os ISP colocam nos seus servi\u00e7os de envio de emails.<br \/> Hoje em dia, de forma a prevenir o \u2018spamming\u2019. Os ISPs s\u00e3o for\u00e7ados a aplicar filtros anti-spam agressivos que podem recusar enviar as suas mensagens ou at\u00e9 bloque\u00e1-las, independentemente de ser um envio leg\u00edtimo ou n\u00e3o.<br \/> Ao escolher o turboSMTP, ir\u00e1 desfrutar de taxas mais elevadas de entrega e melhorar as suas taxas de coloca\u00e7\u00e3o nas caixas de entrada.<\/p>\n<\/li>\n<li>\n<h2>Disfrute de super, de alta velocidade na entrega<\/h2>\n<p>Os servidores padr\u00e3o tendem a ficar sobrecarregados, o que causa atrasos e\/ou erros tandard SMTP frequentes na entrega de emails. A nossa tecnologia de ponta permite-nos entregar os seus emails de forma r\u00e1pida e de confian\u00e7a, garantindo o mesmo n\u00edvel de servi\u00e7o profissional seguro, sempre.<\/p>\n<\/li>\n<li>\n<h2>Mantenha o controlo dos seus emails<\/h2>\n<p>Confira os gr\u00e1ficos em tempo real e as estat\u00edsticas de entrega dispon\u00edveis na sua \u00e1rea de gest\u00e3o da conta. Confira os gr\u00e1ficos em tempo real e as estat\u00edsticas de entrega dispon\u00edveis na sua \u00e1rea de gest\u00e3o da conta.<\/p>\n<\/li>\n<\/ol>\n<h3>A quest\u00e3o \u00e9 &#8230;<\/h3>\n<p><strong>Como servidores de email consideram seu servidor SMTP? <\/strong><strong>Respeit\u00e1vel ou n\u00e3o? <\/strong><\/p>\n<p>Se o servidor n\u00e3o \u00e9 considerado respeit\u00e1vel, quase todos os <strong>servidores de e-mail padr\u00e3o<\/strong> ir\u00e1 <strong>atrasar sua mensagem<\/strong> e na melhor das hip\u00f3teses eles ser\u00e3o enviados para uma lista cinzenta ou a pasta de spam e, na pior das hip\u00f3teses o servidor <strong>ir\u00e1 rejeit\u00e1-las.<\/strong><\/p>\n<p>Estes servidores de e-mail dia, como Hotmail, Gmail, Comcast e muito mais (que muda todos os dias) o uso <strong>de regras<\/strong> muito <strong>r\u00edgidas,<\/strong> devido ao &#8220;spam comportamento dos usu\u00e1rios, que \u00e9 por isso que \u00e9 muito comum para mensagens normais para acabar em pastas de spam.<\/p>\n<p><strong>Se voc\u00ea valoriza seus e-mails,<\/strong> sugerimos que voc\u00ea <strong>use turboSMTP,<\/strong> a fim de ser reconhecida como <strong>de boa reputa\u00e7\u00e3o<\/strong> por todos os servidores de e-mail e para <strong>aumentar<\/strong> a sua deliverability e-mail.<\/p>\n<p>&nbsp;<\/p>\n<p style=\"font-size: 10px;\"><em>Por favor note que turboSMTP \u00e9 um servi\u00e7o de correio de sa\u00edda destinada a ajudar os remetentes de e-mail leg\u00edtimo, n\u00e3o spammers. <\/em><em>Clientes que violam nossas <a class=\"fancyLink\" href=\"knowledgebase.php?action=displayarticle&amp;id=15\" target=\"_blank\">Pol\u00edtica Anti-spam<\/a> ter\u00e3o suas contas suspensas ou encerradas.<\/em><\/p>\n","protected":false},"excerpt":{"rendered":"<p>Existem muitas raz\u00f5es importantes para usar um servidor profissional SMTP: no passado (antes da era do correio electr\u00f3nico n\u00e3o solicitado), enviar emails n\u00e3o era problem\u00e1tico, enquanto hoje em dia \u00e9 extremamente importante seguir as normas de todos os servidores de email para evitar que as mensagens terminem em pastas de spam ou at\u00e9 serem eliminadas &#8230; <\/p>\n<p class=\"read-more-container\"><a title=\"Porqu\u00ea turboSMTP?\" class=\"read-more button\" href=\"https:\/\/serversmtp.com\/pt-pt\/porque-turbosmtp\/#more-2896\" aria-label=\"Leia mais sobre Porqu\u00ea turboSMTP?\">Discover more<\/a><\/p>\n","protected":false},"author":3,"featured_media":0,"parent":0,"menu_order":0,"comment_status":"closed","ping_status":"closed","template":"g1_template_page_sidebar_right.php","meta":{"_eb_attr":"","inline_featured_image":false,"_monsterinsights_skip_tracking":false,"_monsterinsights_sitenote_active":false,"_monsterinsights_sitenote_note":"","_monsterinsights_sitenote_category":0,"footnotes":""},"class_list":["post-2896","page","type-page","status-publish"],"yoast_head":"<!-- This site is optimized with the Yoast SEO plugin v25.3.1 - https:\/\/yoast.com\/wordpress\/plugins\/seo\/ -->\n<title>Porqu\u00ea turboSMTP? - smtp mail server - professional SMTP service provider<\/title>\n<meta name=\"robots\" content=\"index, follow, max-snippet:-1, max-image-preview:large, max-video-preview:-1\" \/>\n<link rel=\"canonical\" href=\"https:\/\/serversmtp.com\/pt-pt\/porque-turbosmtp\/\" \/>\n<meta name=\"twitter:label1\" content=\"Tempo estimado de leitura\" \/>\n\t<meta name=\"twitter:data1\" content=\"4 minutos\" \/>\n<!-- \/ Yoast SEO plugin. -->","yoast_head_json":{"title":"Porqu\u00ea turboSMTP? - smtp mail server - professional SMTP service provider","robots":{"index":"index","follow":"follow","max-snippet":"max-snippet:-1","max-image-preview":"max-image-preview:large","max-video-preview":"max-video-preview:-1"},"canonical":"https:\/\/serversmtp.com\/pt-pt\/porque-turbosmtp\/","twitter_misc":{"Tempo estimado de leitura":"4 minutos"},"schema":{"@context":"https:\/\/schema.org","@graph":[{"@type":"WebPage","@id":"https:\/\/serversmtp.com\/pt-pt\/porque-turbosmtp\/","url":"https:\/\/serversmtp.com\/pt-pt\/porque-turbosmtp\/","name":"Porqu\u00ea turboSMTP? - smtp mail server - professional SMTP service provider","isPartOf":{"@id":"https:\/\/serversmtp.com\/sv\/#website"},"datePublished":"2018-04-21T15:42:26+00:00","dateModified":"2018-04-21T15:43:04+00:00","breadcrumb":{"@id":"https:\/\/serversmtp.com\/pt-pt\/porque-turbosmtp\/#breadcrumb"},"inLanguage":"pt-PT","potentialAction":[{"@type":"ReadAction","target":["https:\/\/serversmtp.com\/pt-pt\/porque-turbosmtp\/"]}]},{"@type":"BreadcrumbList","@id":"https:\/\/serversmtp.com\/pt-pt\/porque-turbosmtp\/#breadcrumb","itemListElement":[{"@type":"ListItem","position":1,"name":"Home","item":"https:\/\/serversmtp.com\/pt-pt\/"},{"@type":"ListItem","position":2,"name":"Porqu\u00ea turboSMTP?"}]},{"@type":"WebSite","@id":"https:\/\/serversmtp.com\/sv\/#website","url":"https:\/\/serversmtp.com\/sv\/","name":"smtp mail server - professional SMTP service provider","description":"smtp mail server - professional SMTP service provider","publisher":{"@id":"https:\/\/serversmtp.com\/sv\/#organization"},"potentialAction":[{"@type":"SearchAction","target":{"@type":"EntryPoint","urlTemplate":"https:\/\/serversmtp.com\/sv\/?s={search_term_string}"},"query-input":{"@type":"PropertyValueSpecification","valueRequired":true,"valueName":"search_term_string"}}],"inLanguage":"pt-PT"},{"@type":"Organization","@id":"https:\/\/serversmtp.com\/sv\/#organization","name":"Delivery Tech","url":"https:\/\/serversmtp.com\/sv\/","logo":{"@type":"ImageObject","inLanguage":"pt-PT","@id":"https:\/\/serversmtp.com\/sv\/#\/schema\/logo\/image\/","url":"https:\/\/serversmtp.com\/wp-content\/uploads\/2021\/11\/og-image-2.jpg","contentUrl":"https:\/\/serversmtp.com\/wp-content\/uploads\/2021\/11\/og-image-2.jpg","width":1200,"height":1128,"caption":"Delivery Tech"},"image":{"@id":"https:\/\/serversmtp.com\/sv\/#\/schema\/logo\/image\/"}}]}},"_links":{"self":[{"href":"https:\/\/serversmtp.com\/pt-pt\/wp-json\/wp\/v2\/pages\/2896"}],"collection":[{"href":"https:\/\/serversmtp.com\/pt-pt\/wp-json\/wp\/v2\/pages"}],"about":[{"href":"https:\/\/serversmtp.com\/pt-pt\/wp-json\/wp\/v2\/types\/page"}],"author":[{"embeddable":true,"href":"https:\/\/serversmtp.com\/pt-pt\/wp-json\/wp\/v2\/users\/3"}],"replies":[{"embeddable":true,"href":"https:\/\/serversmtp.com\/pt-pt\/wp-json\/wp\/v2\/comments?post=2896"}],"version-history":[{"count":2,"href":"https:\/\/serversmtp.com\/pt-pt\/wp-json\/wp\/v2\/pages\/2896\/revisions"}],"predecessor-version":[{"id":2898,"href":"https:\/\/serversmtp.com\/pt-pt\/wp-json\/wp\/v2\/pages\/2896\/revisions\/2898"}],"wp:attachment":[{"href":"https:\/\/serversmtp.com\/pt-pt\/wp-json\/wp\/v2\/media?parent=2896"}],"curies":[{"name":"wp","href":"https:\/\/api.w.org\/{rel}","templated":true}]}}