{"id":2892,"date":"2018-04-21T17:37:43","date_gmt":"2018-04-21T15:37:43","guid":{"rendered":"https:\/\/dev.serversmtp.com\/?page_id=2892"},"modified":"2018-08-29T17:24:27","modified_gmt":"2018-08-29T15:24:27","slug":"administradores-servidor-correio","status":"publish","type":"page","link":"https:\/\/serversmtp.com\/pt-pt\/administradores-servidor-correio\/","title":{"rendered":"Administradores de servidor de correio"},"content":{"rendered":"<p>Sabe qual \u00e9 a <strong>reputa\u00e7\u00e3o<\/strong> e <strong>taxa de entrega<\/strong> do seu servidor de email?<br \/>\nO seu servidor est\u00e1 na <strong>lista branca<\/strong> de todos os fornecedores de email (Gmail, Hotmail, etc)?<br \/>\nO seu <strong>IP est\u00e1 numa lista branca<\/strong>?<\/p>\n<h3>Notifica\u00e7\u00f5es de entrega de emails<\/h3>\n<p>Se <strong>vende servi\u00e7os<\/strong> na internet ou possui uma <strong>loja online,<\/strong> ent\u00e3o muito provavelmente est\u00e1 a usar <strong>notifica\u00e7\u00f5es via email<\/strong>.<br \/>\nS\u00e3o a melhor forma de comunicar que uma encomenda foi recebida ou para enviar c\u00f3digos de licen\u00e7a, links de activa\u00e7\u00e3o, etc.<\/p>\n<p>O turboSMTP permite-lhe chegar \u00e0 caixa de entrada do destinat\u00e1rio <strong>evitando filtros de spam<\/strong> e <strong>listas negras\/cinzentas.<\/strong><\/p>\n<p>Os nossos servidores de email, equipados com tecnologia de ponta, s\u00e3o <strong>escalon\u00e1veis<\/strong> e <strong>ultra seguros,<\/strong> concebidos para transmitir <strong>volumes alargados de emails<\/strong> com a maior <strong>velocidade<\/strong> poss\u00edvel e <strong>e taxas de entrega poss\u00edvel.<\/strong><\/p>\n<p>H\u00e1 muitas vantagens em escolher o turboSMTP em vez do seu servidor SMTP interno:<\/p>\n<ul>\n<li><strong>Robustez<\/strong><\/li>\n<li>Rapidez <strong>de entrega<\/strong><\/li>\n<li><strong>Seguran\u00e7a<\/strong> refor\u00e7ada<\/li>\n<li>Ciclos de <strong>feedback<\/strong> Loops com ISPs<\/li>\n<li><strong>Autentica\u00e7\u00e3o<\/strong> SPF\/Sender <strong>ID<\/strong><\/li>\n<li>Acesso a <strong>ficheiros de Log<\/strong> SMTP<\/li>\n<li><strong>Pre\u00e7o flex\u00edvel<\/strong><\/li>\n<\/ul>\n<p>O turboSMTP \u00e9 <strong>f\u00e1cil de integrar<\/strong> na maior parte dos sistemas operativos e softwares dos servidores, incluindo o <strong>Microsoft Windows Server<\/strong>,o <strong> Sendmail<\/strong> e o <strong>Postfix<\/strong>.<\/p>\n<p>Al\u00e9m disso, a nossa <strong>equipa t\u00e9cnica experiente<\/strong> ir\u00e1 estar pronta a assisti-lo com uma assist\u00eancia de classe mundial, <strong>24 horas por dia, 7 dias por semana e 365 dias por ano.<\/strong><\/p>\n<h3>Sinta a diferen\u00e7a<\/h3>\n<p>Oferecemos uma <strong>variedade de pacotes<\/strong> que lhe permitem escolher o mais adequado \u00e0s necessidades da sua empresa.<\/p>\n<p>Se desejar <strong>obter uma cota\u00e7\u00e3o,<\/strong> por favor <span class=\"startLink\"><a title=\"SMTP cota\u00e7\u00e3o de servi\u00e7os\" href=\"\/pt-pt\/contactos\/\">por favor contacte-nos<\/a><\/span><\/p>\n","protected":false},"excerpt":{"rendered":"<p>Sabe qual \u00e9 a reputa\u00e7\u00e3o e taxa de entrega do seu servidor de email? O seu servidor est\u00e1 na lista branca de todos os fornecedores de email (Gmail, Hotmail, etc)? O seu IP est\u00e1 numa lista branca? Notifica\u00e7\u00f5es de entrega de emails Se vende servi\u00e7os na internet ou possui uma loja online, ent\u00e3o muito provavelmente &#8230; <\/p>\n<p class=\"read-more-container\"><a title=\"Administradores de servidor de correio\" class=\"read-more button\" href=\"https:\/\/serversmtp.com\/pt-pt\/administradores-servidor-correio\/#more-2892\" aria-label=\"Leia mais sobre Administradores de servidor de correio\">Discover more<\/a><\/p>\n","protected":false},"author":3,"featured_media":0,"parent":0,"menu_order":0,"comment_status":"closed","ping_status":"closed","template":"g1_template_page_sidebar_right.php","meta":{"_eb_attr":"","inline_featured_image":false,"_monsterinsights_skip_tracking":false,"_monsterinsights_sitenote_active":false,"_monsterinsights_sitenote_note":"","_monsterinsights_sitenote_category":0,"footnotes":""},"class_list":["post-2892","page","type-page","status-publish"],"yoast_head":"<!-- This site is optimized with the Yoast SEO plugin v25.3.1 - https:\/\/yoast.com\/wordpress\/plugins\/seo\/ -->\n<title>Administradores de servidor de correio - smtp mail server - professional SMTP service provider<\/title>\n<meta name=\"robots\" content=\"index, follow, max-snippet:-1, max-image-preview:large, max-video-preview:-1\" \/>\n<link rel=\"canonical\" href=\"https:\/\/serversmtp.com\/pt-pt\/administradores-servidor-correio\/\" \/>\n<meta name=\"twitter:label1\" content=\"Tempo estimado de leitura\" \/>\n\t<meta name=\"twitter:data1\" content=\"1 minuto\" \/>\n<!-- \/ Yoast SEO plugin. -->","yoast_head_json":{"title":"Administradores de servidor de correio - smtp mail server - professional SMTP service provider","robots":{"index":"index","follow":"follow","max-snippet":"max-snippet:-1","max-image-preview":"max-image-preview:large","max-video-preview":"max-video-preview:-1"},"canonical":"https:\/\/serversmtp.com\/pt-pt\/administradores-servidor-correio\/","twitter_misc":{"Tempo estimado de leitura":"1 minuto"},"schema":{"@context":"https:\/\/schema.org","@graph":[{"@type":"WebPage","@id":"https:\/\/serversmtp.com\/pt-pt\/administradores-servidor-correio\/","url":"https:\/\/serversmtp.com\/pt-pt\/administradores-servidor-correio\/","name":"Administradores de servidor de correio - smtp mail server - professional SMTP service provider","isPartOf":{"@id":"https:\/\/serversmtp.com\/it\/#website"},"datePublished":"2018-04-21T15:37:43+00:00","dateModified":"2018-08-29T15:24:27+00:00","breadcrumb":{"@id":"https:\/\/serversmtp.com\/pt-pt\/administradores-servidor-correio\/#breadcrumb"},"inLanguage":"pt-PT","potentialAction":[{"@type":"ReadAction","target":["https:\/\/serversmtp.com\/pt-pt\/administradores-servidor-correio\/"]}]},{"@type":"BreadcrumbList","@id":"https:\/\/serversmtp.com\/pt-pt\/administradores-servidor-correio\/#breadcrumb","itemListElement":[{"@type":"ListItem","position":1,"name":"Home","item":"https:\/\/serversmtp.com\/pt-pt\/"},{"@type":"ListItem","position":2,"name":"Administradores de servidor de correio"}]},{"@type":"WebSite","@id":"https:\/\/serversmtp.com\/it\/#website","url":"https:\/\/serversmtp.com\/it\/","name":"smtp mail server - professional SMTP service provider","description":"smtp mail server - professional SMTP service provider","publisher":{"@id":"https:\/\/serversmtp.com\/it\/#organization"},"potentialAction":[{"@type":"SearchAction","target":{"@type":"EntryPoint","urlTemplate":"https:\/\/serversmtp.com\/it\/?s={search_term_string}"},"query-input":{"@type":"PropertyValueSpecification","valueRequired":true,"valueName":"search_term_string"}}],"inLanguage":"pt-PT"},{"@type":"Organization","@id":"https:\/\/serversmtp.com\/it\/#organization","name":"Delivery Tech","url":"https:\/\/serversmtp.com\/it\/","logo":{"@type":"ImageObject","inLanguage":"pt-PT","@id":"https:\/\/serversmtp.com\/it\/#\/schema\/logo\/image\/","url":"https:\/\/serversmtp.com\/wp-content\/uploads\/2021\/11\/og-image-2.jpg","contentUrl":"https:\/\/serversmtp.com\/wp-content\/uploads\/2021\/11\/og-image-2.jpg","width":1200,"height":1128,"caption":"Delivery Tech"},"image":{"@id":"https:\/\/serversmtp.com\/it\/#\/schema\/logo\/image\/"}}]}},"_links":{"self":[{"href":"https:\/\/serversmtp.com\/pt-pt\/wp-json\/wp\/v2\/pages\/2892"}],"collection":[{"href":"https:\/\/serversmtp.com\/pt-pt\/wp-json\/wp\/v2\/pages"}],"about":[{"href":"https:\/\/serversmtp.com\/pt-pt\/wp-json\/wp\/v2\/types\/page"}],"author":[{"embeddable":true,"href":"https:\/\/serversmtp.com\/pt-pt\/wp-json\/wp\/v2\/users\/3"}],"replies":[{"embeddable":true,"href":"https:\/\/serversmtp.com\/pt-pt\/wp-json\/wp\/v2\/comments?post=2892"}],"version-history":[{"count":3,"href":"https:\/\/serversmtp.com\/pt-pt\/wp-json\/wp\/v2\/pages\/2892\/revisions"}],"predecessor-version":[{"id":4904,"href":"https:\/\/serversmtp.com\/pt-pt\/wp-json\/wp\/v2\/pages\/2892\/revisions\/4904"}],"wp:attachment":[{"href":"https:\/\/serversmtp.com\/pt-pt\/wp-json\/wp\/v2\/media?parent=2892"}],"curies":[{"name":"wp","href":"https:\/\/api.w.org\/{rel}","templated":true}]}}