{"id":2887,"date":"2018-04-21T17:22:38","date_gmt":"2018-04-21T15:22:38","guid":{"rendered":"https:\/\/dev.serversmtp.com\/?page_id=2887"},"modified":"2018-08-29T17:50:42","modified_gmt":"2018-08-29T15:50:42","slug":"lista-distribuidores-correio","status":"publish","type":"page","link":"https:\/\/serversmtp.com\/pt-pt\/lista-distribuidores-correio\/","title":{"rendered":"Lista de distribuidores de correio"},"content":{"rendered":"<p>O turboSMTP representa uma forma, com um bom custo-benef\u00edcio, de distribuir as suas listas de emails e boletins informativos quer necessite de enviar centenas ou milhares de emails leg\u00edtimos.<\/p>\n<p>Quando come\u00e7a a enviar um grande n\u00famero de emails, pode ser confrontado com problemas de envio de emails, que levam tempo e esfor\u00e7o a investigar e a resolver.<\/p>\n<p>Mal comece a usar o turboSMTP em combina\u00e7\u00e3o com a sua aplica\u00e7\u00e3o de envio de emails em massa, n\u00e3o ir\u00e1 ter de se preocupar com listas negras, restri\u00e7\u00f5es de ISPs ou m\u00e1 reputa\u00e7\u00e3o de email.<\/p>\n<p>Os nossos servidores de mail est\u00e3o listados na lista branca e ir\u00e3o enviar os seus emails e assegurar que s\u00e3o efectivamente entregues \u2013 poupando-lhe tempo e oferecendo-lhe taxas de resposta melhoradas.<\/p>\n<p>O turboSMTP trabalha com a maior parte das aplica\u00e7\u00f5es de email, incluindo:<\/p>\n<ul>\n<li>Max Bulk Mailer<\/li>\n<li>G-Lock Easy Mail<\/li>\n<li>SendBlaster<\/li>\n<li>Infacta Group Mail<\/li>\n<\/ul>\n<p>e muitos mais.<\/p>\n<h3>Sinta a diferen\u00e7a<\/h3>\n<p>Oferecemos pacotes diferentes, o que lhe permite escolher aquele que melhor satisfaz as necessidades da sua empresa.<\/p>\n<p class=\"startLink\"><a title=\"Comece a enviar seus e-mails com turboSMTP em minutos ...\" href=\"\/pt-pt\/order.php\">Comece a enviar os seus emails com o turboSMTP em minutos&#8230;<\/a><\/p>\n","protected":false},"excerpt":{"rendered":"<p>O turboSMTP representa uma forma, com um bom custo-benef\u00edcio, de distribuir as suas listas de emails e boletins informativos quer necessite de enviar centenas ou milhares de emails leg\u00edtimos. Quando come\u00e7a a enviar um grande n\u00famero de emails, pode ser confrontado com problemas de envio de emails, que levam tempo e esfor\u00e7o a investigar e [&hellip;]<\/p>\n","protected":false},"author":3,"featured_media":0,"parent":0,"menu_order":0,"comment_status":"closed","ping_status":"closed","template":"g1_template_page_sidebar_right.php","meta":[],"yoast_head":"<!-- This site is optimized with the Yoast SEO plugin v16.4 - https:\/\/yoast.com\/wordpress\/plugins\/seo\/ -->\n<meta name=\"robots\" content=\"index, follow, max-snippet:-1, max-image-preview:large, max-video-preview:-1\" \/>\n<link rel=\"canonical\" href=\"https:\/\/serversmtp.com\/pt-pt\/lista-distribuidores-correio\/\" \/>\n<meta property=\"og:locale\" content=\"pt_PT\" \/>\n<meta property=\"og:type\" content=\"article\" \/>\n<meta property=\"og:title\" content=\"Lista de distribuidores de correio - smtp mail server - professional SMTP service provider\" \/>\n<meta property=\"og:description\" content=\"O turboSMTP representa uma forma, com um bom custo-benef\u00edcio, de distribuir as suas listas de emails e boletins informativos quer necessite de enviar centenas ou milhares de emails leg\u00edtimos. Quando come\u00e7a a enviar um grande n\u00famero de emails, pode ser confrontado com problemas de envio de emails, que levam tempo e esfor\u00e7o a investigar e [&hellip;]\" \/>\n<meta property=\"og:url\" content=\"https:\/\/serversmtp.com\/pt-pt\/lista-distribuidores-correio\/\" \/>\n<meta property=\"og:site_name\" content=\"smtp mail server - professional SMTP service provider\" \/>\n<meta property=\"article:modified_time\" content=\"2018-08-29T15:50:42+00:00\" \/>\n<meta name=\"twitter:card\" content=\"summary_large_image\" \/>\n<meta name=\"twitter:label1\" content=\"Tempo estimado de leitura\" \/>\n\t<meta name=\"twitter:data1\" content=\"1 minuto\" \/>\n<script type=\"application\/ld+json\" class=\"yoast-schema-graph\">{\"@context\":\"https:\/\/schema.org\",\"@graph\":[{\"@type\":\"WebSite\",\"@id\":\"http:\/\/serversmtp.com\/#website\",\"url\":\"http:\/\/serversmtp.com\/\",\"name\":\"smtp mail server - professional SMTP service provider\",\"description\":\"smtp mail server - professional SMTP service provider \",\"potentialAction\":[{\"@type\":\"SearchAction\",\"target\":\"http:\/\/serversmtp.com\/?s={search_term_string}\",\"query-input\":\"required name=search_term_string\"}],\"inLanguage\":\"pt-PT\"},{\"@type\":\"WebPage\",\"@id\":\"https:\/\/serversmtp.com\/pt-pt\/lista-distribuidores-correio\/#webpage\",\"url\":\"https:\/\/serversmtp.com\/pt-pt\/lista-distribuidores-correio\/\",\"name\":\"Lista de distribuidores de correio - smtp mail server - professional SMTP service provider\",\"isPartOf\":{\"@id\":\"http:\/\/serversmtp.com\/#website\"},\"datePublished\":\"2018-04-21T15:22:38+00:00\",\"dateModified\":\"2018-08-29T15:50:42+00:00\",\"breadcrumb\":{\"@id\":\"https:\/\/serversmtp.com\/pt-pt\/lista-distribuidores-correio\/#breadcrumb\"},\"inLanguage\":\"pt-PT\",\"potentialAction\":[{\"@type\":\"ReadAction\",\"target\":[\"https:\/\/serversmtp.com\/pt-pt\/lista-distribuidores-correio\/\"]}]},{\"@type\":\"BreadcrumbList\",\"@id\":\"https:\/\/serversmtp.com\/pt-pt\/lista-distribuidores-correio\/#breadcrumb\",\"itemListElement\":[{\"@type\":\"ListItem\",\"position\":1,\"item\":{\"@type\":\"WebPage\",\"@id\":\"https:\/\/staging.serversmtp.com\/pt-pt\/home\/\",\"url\":\"https:\/\/staging.serversmtp.com\/pt-pt\/home\/\",\"name\":\"Home\"}},{\"@type\":\"ListItem\",\"position\":2,\"item\":{\"@id\":\"https:\/\/serversmtp.com\/pt-pt\/lista-distribuidores-correio\/#webpage\"}}]}]}<\/script>\n<!-- \/ Yoast SEO plugin. -->","_links":{"self":[{"href":"https:\/\/serversmtp.com\/pt-pt\/wp-json\/wp\/v2\/pages\/2887"}],"collection":[{"href":"https:\/\/serversmtp.com\/pt-pt\/wp-json\/wp\/v2\/pages"}],"about":[{"href":"https:\/\/serversmtp.com\/pt-pt\/wp-json\/wp\/v2\/types\/page"}],"author":[{"embeddable":true,"href":"https:\/\/serversmtp.com\/pt-pt\/wp-json\/wp\/v2\/users\/3"}],"replies":[{"embeddable":true,"href":"https:\/\/serversmtp.com\/pt-pt\/wp-json\/wp\/v2\/comments?post=2887"}],"version-history":[{"count":3,"href":"https:\/\/serversmtp.com\/pt-pt\/wp-json\/wp\/v2\/pages\/2887\/revisions"}],"predecessor-version":[{"id":4914,"href":"https:\/\/serversmtp.com\/pt-pt\/wp-json\/wp\/v2\/pages\/2887\/revisions\/4914"}],"wp:attachment":[{"href":"https:\/\/serversmtp.com\/pt-pt\/wp-json\/wp\/v2\/media?parent=2887"}],"curies":[{"name":"wp","href":"https:\/\/api.w.org\/{rel}","templated":true}]}}