{"id":2884,"date":"2018-04-21T17:14:13","date_gmt":"2018-04-21T15:14:13","guid":{"rendered":"https:\/\/dev.serversmtp.com\/?page_id=2884"},"modified":"2018-08-29T17:59:14","modified_gmt":"2018-08-29T15:59:14","slug":"smtp-empresas-pequenas-familiares","status":"publish","type":"page","link":"https:\/\/serversmtp.com\/pt-pt\/smtp-empresas-pequenas-familiares\/","title":{"rendered":"Empresas pequenas e familiares"},"content":{"rendered":"<p>turboSMTP resolve todos os seus problemas de e-mail por dia, deixando-s <strong>terminar o seu neg\u00f3cio e-mails pessoais de sua casa e computadores de escrit\u00f3rio,<\/strong> utilizando <strong>qualquer endere\u00e7o de e-mail<\/strong> que voc\u00ea possui.<\/p>\n<p>Basta <strong>definir par\u00e2metros smtp uma vez,<\/strong> em seu laptop ou computador, e voc\u00ea ser\u00e1 capaz de <strong>enviar e-mails com qualquer liga\u00e7\u00e3o \u00e0 Internet,<\/strong> alcan\u00e7ando <strong>taxas deliverability m\u00e1ximo.<\/strong><\/p>\n<h3>Uma conta, m\u00faltiplas vantagens<\/h3>\n<p>Uma conta turboSMTP garante que assim que muitos <strong>benef\u00edcios:<\/strong><\/p>\n<ul>\n<li>Enviar e-mails de <strong>seu pr\u00f3prio dom\u00ednio<\/strong><\/li>\n<li>Use o <strong>SMTP mesmas configura\u00e7\u00f5es<\/strong> em todos os seus computadores<\/li>\n<li><strong>Unlimited &#8216;De&#8217;<\/strong> endere\u00e7os<\/li>\n<li>Enviar <strong>e-mails em tempo \u00fatil,<\/strong> evitando atrasos servidor de correio ou erros<\/li>\n<li><strong>Monitorar<\/strong> todos os e-mails enviados<\/li>\n<\/ul>\n<p>e muitos mais &#8230;<\/p>\n<p>turboSMTP trabalha com <strong>todos os clientes de email principais,<\/strong> incluindo:<\/p>\n<ul>\n<li>Microsoft Outlook<\/li>\n<li>Microsoft Windows Mail<\/li>\n<li>Mozilla Thunderbird<\/li>\n<li>Apple Mac Mail<\/li>\n<\/ul>\n<h3>Tutoriais<\/h3>\n<p>Nosso <a href=\"\/pt-pt\/knowledgebase.php?action=displaycat&amp;catid=1\"><strong>-a-tutoriais passo a passo<\/strong><\/a> vai ajudar voc\u00ea a configurar todos os clientes de e-mail principal com turboSMTP configura\u00e7\u00f5es.<\/p>\n<h3>Sinta a diferen\u00e7a<\/h3>\n<p>Oferecemos <strong>pacotes diferentes<\/strong> para que voc\u00ea possa escolher o que melhor se adapte \u00e0s suas necessidades &#8211; a partir de apenas R $ 7,00 por m\u00eas.<\/p>\n<p class=\"startLink\"><a title=\"Comece a enviar seus e-mails com turboSMTP em minutos ...\" href=\"\/pt-pt\/order.php\">Comece a enviar seus e-mails com turboSMTP em minutos &#8230;<\/a><\/p>\n","protected":false},"excerpt":{"rendered":"<p>turboSMTP resolve todos os seus problemas de e-mail por dia, deixando-s terminar o seu neg\u00f3cio e-mails pessoais de sua casa e computadores de escrit\u00f3rio, utilizando qualquer endere\u00e7o de e-mail que voc\u00ea possui. Basta definir par\u00e2metros smtp uma vez, em seu laptop ou computador, e voc\u00ea ser\u00e1 capaz de enviar e-mails com qualquer liga\u00e7\u00e3o \u00e0 Internet, &#8230; <\/p>\n<p class=\"read-more-container\"><a title=\"Empresas pequenas e familiares\" class=\"read-more button\" href=\"https:\/\/serversmtp.com\/pt-pt\/smtp-empresas-pequenas-familiares\/#more-2884\" aria-label=\"Leia mais sobre Empresas pequenas e familiares\">Discover more<\/a><\/p>\n","protected":false},"author":3,"featured_media":0,"parent":0,"menu_order":0,"comment_status":"closed","ping_status":"closed","template":"g1_template_page_sidebar_right.php","meta":{"_eb_attr":"","inline_featured_image":false,"_monsterinsights_skip_tracking":false,"_monsterinsights_sitenote_active":false,"_monsterinsights_sitenote_note":"","_monsterinsights_sitenote_category":0,"footnotes":""},"class_list":["post-2884","page","type-page","status-publish"],"yoast_head":"<!-- This site is optimized with the Yoast SEO plugin v25.3.1 - https:\/\/yoast.com\/wordpress\/plugins\/seo\/ -->\n<title>Empresas pequenas e familiares - smtp mail server - professional SMTP service provider<\/title>\n<meta name=\"robots\" content=\"index, follow, max-snippet:-1, max-image-preview:large, max-video-preview:-1\" \/>\n<link rel=\"canonical\" href=\"https:\/\/serversmtp.com\/pt-pt\/smtp-empresas-pequenas-familiares\/\" \/>\n<meta name=\"twitter:label1\" content=\"Tempo estimado de leitura\" \/>\n\t<meta name=\"twitter:data1\" content=\"1 minuto\" \/>\n<!-- \/ Yoast SEO plugin. -->","yoast_head_json":{"title":"Empresas pequenas e familiares - smtp mail server - professional SMTP service provider","robots":{"index":"index","follow":"follow","max-snippet":"max-snippet:-1","max-image-preview":"max-image-preview:large","max-video-preview":"max-video-preview:-1"},"canonical":"https:\/\/serversmtp.com\/pt-pt\/smtp-empresas-pequenas-familiares\/","twitter_misc":{"Tempo estimado de leitura":"1 minuto"},"schema":{"@context":"https:\/\/schema.org","@graph":[{"@type":"WebPage","@id":"https:\/\/serversmtp.com\/pt-pt\/smtp-empresas-pequenas-familiares\/","url":"https:\/\/serversmtp.com\/pt-pt\/smtp-empresas-pequenas-familiares\/","name":"Empresas pequenas e familiares - smtp mail server - professional SMTP service provider","isPartOf":{"@id":"https:\/\/serversmtp.com\/es\/#website"},"datePublished":"2018-04-21T15:14:13+00:00","dateModified":"2018-08-29T15:59:14+00:00","breadcrumb":{"@id":"https:\/\/serversmtp.com\/pt-pt\/smtp-empresas-pequenas-familiares\/#breadcrumb"},"inLanguage":"pt-PT","potentialAction":[{"@type":"ReadAction","target":["https:\/\/serversmtp.com\/pt-pt\/smtp-empresas-pequenas-familiares\/"]}]},{"@type":"BreadcrumbList","@id":"https:\/\/serversmtp.com\/pt-pt\/smtp-empresas-pequenas-familiares\/#breadcrumb","itemListElement":[{"@type":"ListItem","position":1,"name":"Home","item":"https:\/\/serversmtp.com\/pt-pt\/"},{"@type":"ListItem","position":2,"name":"Empresas pequenas e familiares"}]},{"@type":"WebSite","@id":"https:\/\/serversmtp.com\/es\/#website","url":"https:\/\/serversmtp.com\/es\/","name":"smtp mail server - professional SMTP service provider","description":"smtp mail server - professional SMTP service provider","publisher":{"@id":"https:\/\/serversmtp.com\/es\/#organization"},"potentialAction":[{"@type":"SearchAction","target":{"@type":"EntryPoint","urlTemplate":"https:\/\/serversmtp.com\/es\/?s={search_term_string}"},"query-input":{"@type":"PropertyValueSpecification","valueRequired":true,"valueName":"search_term_string"}}],"inLanguage":"pt-PT"},{"@type":"Organization","@id":"https:\/\/serversmtp.com\/es\/#organization","name":"Delivery Tech","url":"https:\/\/serversmtp.com\/es\/","logo":{"@type":"ImageObject","inLanguage":"pt-PT","@id":"https:\/\/serversmtp.com\/es\/#\/schema\/logo\/image\/","url":"https:\/\/serversmtp.com\/wp-content\/uploads\/2021\/11\/og-image-2.jpg","contentUrl":"https:\/\/serversmtp.com\/wp-content\/uploads\/2021\/11\/og-image-2.jpg","width":1200,"height":1128,"caption":"Delivery Tech"},"image":{"@id":"https:\/\/serversmtp.com\/es\/#\/schema\/logo\/image\/"}}]}},"_links":{"self":[{"href":"https:\/\/serversmtp.com\/pt-pt\/wp-json\/wp\/v2\/pages\/2884"}],"collection":[{"href":"https:\/\/serversmtp.com\/pt-pt\/wp-json\/wp\/v2\/pages"}],"about":[{"href":"https:\/\/serversmtp.com\/pt-pt\/wp-json\/wp\/v2\/types\/page"}],"author":[{"embeddable":true,"href":"https:\/\/serversmtp.com\/pt-pt\/wp-json\/wp\/v2\/users\/3"}],"replies":[{"embeddable":true,"href":"https:\/\/serversmtp.com\/pt-pt\/wp-json\/wp\/v2\/comments?post=2884"}],"version-history":[{"count":3,"href":"https:\/\/serversmtp.com\/pt-pt\/wp-json\/wp\/v2\/pages\/2884\/revisions"}],"predecessor-version":[{"id":4924,"href":"https:\/\/serversmtp.com\/pt-pt\/wp-json\/wp\/v2\/pages\/2884\/revisions\/4924"}],"wp:attachment":[{"href":"https:\/\/serversmtp.com\/pt-pt\/wp-json\/wp\/v2\/media?parent=2884"}],"curies":[{"name":"wp","href":"https:\/\/api.w.org\/{rel}","templated":true}]}}