{"id":2880,"date":"2018-04-21T16:38:44","date_gmt":"2018-04-21T14:38:44","guid":{"rendered":"https:\/\/dev.serversmtp.com\/?page_id=2880"},"modified":"2018-08-29T17:01:58","modified_gmt":"2018-08-29T15:01:58","slug":"smtp-telemoveis-pda-iphone","status":"publish","type":"page","link":"https:\/\/serversmtp.com\/pt-pt\/smtp-telemoveis-pda-iphone\/","title":{"rendered":"Telem\u00f3veis, PDAs e utilizadores de iPhone"},"content":{"rendered":"<p>turboSMTP \u00e9 a solu\u00e7\u00e3o perfeita para o <strong>envio<\/strong> de <strong>e-mail enquanto voc\u00ea estiver on-the-go.<\/strong><\/p>\n<p>Se voc\u00ea tem um smartphone e \/ ou iPhone, voc\u00ea ser\u00e1 capaz de enviar e-mails <strong>onde quer que esteja<\/strong> e <strong>qualquer conex\u00e3o com a internet<\/strong> que voc\u00ea usa.<\/p>\n<p>Tudo que voc\u00ea precisa fazer \u00e9 <strong>configurar suas configura\u00e7\u00f5es de SMTP uma vez.<\/strong><\/p>\n<p>Se voc\u00ea estiver usando uma rede Wi-Fi privados, UMTS \/ EDGE, um hotspot Wi-Fi p\u00fablica e assim por diante, turboSMTP vai entregar seus e-mails de uma forma r\u00e1pida e segura.<\/p>\n<h3>Manter a produtividade em movimento.<\/h3>\n<p>Alguns provedores podem bloquear o envio de e-mail para evitar o &#8220;spam&#8221;. Por apenas configurar suas configura\u00e7\u00f5es de SMTP no seu cliente de e-mail m\u00f3vel, voc\u00ea ser\u00e1 capaz de enviar <strong>e-mails de qualquer dos seus endere\u00e7os de e-mail,<\/strong> independentemente a sua localiza\u00e7\u00e3o.<br \/>\nSem complica\u00e7\u00f5es.<\/p>\n<p>turboSMTP trabalha com <strong>todos os dispositivos m\u00f3veis principais<\/strong> com acesso \u00e0 Internet, incluindo:<\/p>\n<ul>\n<li>Telefone celular<\/li>\n<li>Smartphone<\/li>\n<li>iPhone, iPod touch<\/li>\n<li>PDA<\/li>\n<li>Netbook<\/li>\n<\/ul>\n<h3>Sinta a diferen\u00e7a.<\/h3>\n<p>Oferecemos <strong>pacotes diferentes<\/strong> para que voc\u00ea possa escolher o que melhor <strong>se adapte \u00e0s suas necessidades individuais,<\/strong> a partir de apenas $ 7,00 por m\u00eas.<\/p>\n<p class=\"startLink\"><a title=\"Comece a enviar seus e-mails com turboSMTP em minutos ...\" href=\"\/pt-pt\/order.php\">Comece a enviar seus e-mails com turboSMTP em minutos &#8230;<\/a><\/p>\n","protected":false},"excerpt":{"rendered":"<p>turboSMTP \u00e9 a solu\u00e7\u00e3o perfeita para o envio de e-mail enquanto voc\u00ea estiver on-the-go. Se voc\u00ea tem um smartphone e \/ ou iPhone, voc\u00ea ser\u00e1 capaz de enviar e-mails onde quer que esteja e qualquer conex\u00e3o com a internet que voc\u00ea usa. Tudo que voc\u00ea precisa fazer \u00e9 configurar suas configura\u00e7\u00f5es de SMTP uma vez. &#8230; <\/p>\n<p class=\"read-more-container\"><a title=\"Telem\u00f3veis, PDAs e utilizadores de iPhone\" class=\"read-more button\" href=\"https:\/\/serversmtp.com\/pt-pt\/smtp-telemoveis-pda-iphone\/#more-2880\" aria-label=\"Leia mais sobre Telem\u00f3veis, PDAs e utilizadores de iPhone\">Discover more<\/a><\/p>\n","protected":false},"author":3,"featured_media":0,"parent":0,"menu_order":0,"comment_status":"closed","ping_status":"closed","template":"g1_template_page_sidebar_right.php","meta":{"_eb_attr":"","inline_featured_image":false,"_monsterinsights_skip_tracking":false,"_monsterinsights_sitenote_active":false,"_monsterinsights_sitenote_note":"","_monsterinsights_sitenote_category":0,"footnotes":""},"class_list":["post-2880","page","type-page","status-publish"],"yoast_head":"<!-- This site is optimized with the Yoast SEO plugin v25.3.1 - https:\/\/yoast.com\/wordpress\/plugins\/seo\/ -->\n<title>Telem\u00f3veis, PDAs e utilizadores de iPhone - smtp mail server - professional SMTP service provider<\/title>\n<meta name=\"robots\" content=\"index, follow, max-snippet:-1, max-image-preview:large, max-video-preview:-1\" \/>\n<link rel=\"canonical\" href=\"https:\/\/serversmtp.com\/pt-pt\/smtp-telemoveis-pda-iphone\/\" \/>\n<meta name=\"twitter:label1\" content=\"Tempo estimado de leitura\" \/>\n\t<meta name=\"twitter:data1\" content=\"1 minuto\" \/>\n<!-- \/ Yoast SEO plugin. -->","yoast_head_json":{"title":"Telem\u00f3veis, PDAs e utilizadores de iPhone - smtp mail server - professional SMTP service provider","robots":{"index":"index","follow":"follow","max-snippet":"max-snippet:-1","max-image-preview":"max-image-preview:large","max-video-preview":"max-video-preview:-1"},"canonical":"https:\/\/serversmtp.com\/pt-pt\/smtp-telemoveis-pda-iphone\/","twitter_misc":{"Tempo estimado de leitura":"1 minuto"},"schema":{"@context":"https:\/\/schema.org","@graph":[{"@type":"WebPage","@id":"https:\/\/serversmtp.com\/pt-pt\/smtp-telemoveis-pda-iphone\/","url":"https:\/\/serversmtp.com\/pt-pt\/smtp-telemoveis-pda-iphone\/","name":"Telem\u00f3veis, PDAs e utilizadores de iPhone - smtp mail server - professional SMTP service provider","isPartOf":{"@id":"https:\/\/serversmtp.com\/fr\/#website"},"datePublished":"2018-04-21T14:38:44+00:00","dateModified":"2018-08-29T15:01:58+00:00","breadcrumb":{"@id":"https:\/\/serversmtp.com\/pt-pt\/smtp-telemoveis-pda-iphone\/#breadcrumb"},"inLanguage":"pt-PT","potentialAction":[{"@type":"ReadAction","target":["https:\/\/serversmtp.com\/pt-pt\/smtp-telemoveis-pda-iphone\/"]}]},{"@type":"BreadcrumbList","@id":"https:\/\/serversmtp.com\/pt-pt\/smtp-telemoveis-pda-iphone\/#breadcrumb","itemListElement":[{"@type":"ListItem","position":1,"name":"Home","item":"https:\/\/serversmtp.com\/pt-pt\/"},{"@type":"ListItem","position":2,"name":"Telem\u00f3veis, PDAs e utilizadores de iPhone"}]},{"@type":"WebSite","@id":"https:\/\/serversmtp.com\/fr\/#website","url":"https:\/\/serversmtp.com\/fr\/","name":"smtp mail server - professional SMTP service provider","description":"smtp mail server - professional SMTP service provider","publisher":{"@id":"https:\/\/serversmtp.com\/fr\/#organization"},"potentialAction":[{"@type":"SearchAction","target":{"@type":"EntryPoint","urlTemplate":"https:\/\/serversmtp.com\/fr\/?s={search_term_string}"},"query-input":{"@type":"PropertyValueSpecification","valueRequired":true,"valueName":"search_term_string"}}],"inLanguage":"pt-PT"},{"@type":"Organization","@id":"https:\/\/serversmtp.com\/fr\/#organization","name":"Delivery Tech","url":"https:\/\/serversmtp.com\/fr\/","logo":{"@type":"ImageObject","inLanguage":"pt-PT","@id":"https:\/\/serversmtp.com\/fr\/#\/schema\/logo\/image\/","url":"https:\/\/serversmtp.com\/wp-content\/uploads\/2021\/11\/og-image-2.jpg","contentUrl":"https:\/\/serversmtp.com\/wp-content\/uploads\/2021\/11\/og-image-2.jpg","width":1200,"height":1128,"caption":"Delivery Tech"},"image":{"@id":"https:\/\/serversmtp.com\/fr\/#\/schema\/logo\/image\/"}}]}},"_links":{"self":[{"href":"https:\/\/serversmtp.com\/pt-pt\/wp-json\/wp\/v2\/pages\/2880"}],"collection":[{"href":"https:\/\/serversmtp.com\/pt-pt\/wp-json\/wp\/v2\/pages"}],"about":[{"href":"https:\/\/serversmtp.com\/pt-pt\/wp-json\/wp\/v2\/types\/page"}],"author":[{"embeddable":true,"href":"https:\/\/serversmtp.com\/pt-pt\/wp-json\/wp\/v2\/users\/3"}],"replies":[{"embeddable":true,"href":"https:\/\/serversmtp.com\/pt-pt\/wp-json\/wp\/v2\/comments?post=2880"}],"version-history":[{"count":3,"href":"https:\/\/serversmtp.com\/pt-pt\/wp-json\/wp\/v2\/pages\/2880\/revisions"}],"predecessor-version":[{"id":4894,"href":"https:\/\/serversmtp.com\/pt-pt\/wp-json\/wp\/v2\/pages\/2880\/revisions\/4894"}],"wp:attachment":[{"href":"https:\/\/serversmtp.com\/pt-pt\/wp-json\/wp\/v2\/media?parent=2880"}],"curies":[{"name":"wp","href":"https:\/\/api.w.org\/{rel}","templated":true}]}}