{"id":2877,"date":"2018-04-21T16:14:23","date_gmt":"2018-04-21T14:14:23","guid":{"rendered":"https:\/\/dev.serversmtp.com\/?page_id=2877"},"modified":"2026-01-14T13:55:49","modified_gmt":"2026-01-14T12:55:49","slug":"sobre-nos","status":"publish","type":"page","link":"https:\/\/serversmtp.com\/pt-pt\/sobre-nos\/","title":{"rendered":"Sobre n\u00f3s\ufeff"},"content":{"rendered":"<p>Fundada em 2009, turboSMTP \u00e9 uma provedora de SMTP independente que presta servi\u00e7os a mais de 100.000 clientes em todo o mundo.<\/p>\n<p>Os nossos servi\u00e7os conseguem satisfazer as necessidades de qualquer neg\u00f3cio, indo de empresas dom\u00e9sticas e pequenas empresas at\u00e9 grandes provedores de e-mail, assegurando taxas m\u00e1ximas de entrega em termos de e-mail permitindo-lhe chegar at\u00e9 \u00e0s caixas de entrada dos seus destinat\u00e1rios evitando os filtros de spam e listas cinzentas\/negras.<\/p>\n<p>Os nossos esfor\u00e7os s\u00e3o sempre direcionados para os nossos clientes e as suas necessidades, proporcionando um servi\u00e7o de SMTP seguro e fidedigno e um suporte t\u00e9cnico profissional.<\/p>\n<p>&nbsp;<\/p>\n<h3>Edisplay srl<\/h3><p>Via Palmanova 24<br>20132 Milano<\/p><p>Viale del Lavoro 53,<br>08023 Fonni (NU)<\/p>\n","protected":false},"excerpt":{"rendered":"<p>Fundada em 2009, turboSMTP \u00e9 uma provedora de SMTP independente que presta servi\u00e7os a mais de 100.000 clientes em todo o mundo. Os nossos servi\u00e7os conseguem satisfazer as necessidades de qualquer neg\u00f3cio, indo de empresas dom\u00e9sticas e pequenas empresas at\u00e9 grandes provedores de e-mail, assegurando taxas m\u00e1ximas de entrega em termos de e-mail permitindo-lhe chegar &#8230; <\/p>\n<p class=\"read-more-container\"><a title=\"Sobre n\u00f3s\ufeff\" class=\"read-more button\" href=\"https:\/\/serversmtp.com\/pt-pt\/sobre-nos\/#more-2877\" aria-label=\"Leia mais sobre Sobre n\u00f3s\ufeff\">Discover more<\/a><\/p>\n","protected":false},"author":3,"featured_media":0,"parent":0,"menu_order":0,"comment_status":"closed","ping_status":"closed","template":"","meta":{"_eb_attr":"","inline_featured_image":false,"_monsterinsights_skip_tracking":false,"_monsterinsights_sitenote_active":false,"_monsterinsights_sitenote_note":"","_monsterinsights_sitenote_category":0,"footnotes":""},"class_list":["post-2877","page","type-page","status-publish"],"yoast_head":"<!-- This site is optimized with the Yoast SEO plugin v25.3.1 - https:\/\/yoast.com\/wordpress\/plugins\/seo\/ -->\n<title>Sobre n\u00f3s\ufeff - smtp mail server - professional SMTP service provider<\/title>\n<meta name=\"robots\" content=\"index, follow, max-snippet:-1, max-image-preview:large, max-video-preview:-1\" \/>\n<link rel=\"canonical\" href=\"https:\/\/serversmtp.com\/pt-pt\/sobre-nos\/\" \/>\n<meta name=\"twitter:label1\" content=\"Tempo estimado de leitura\" \/>\n\t<meta name=\"twitter:data1\" content=\"1 minuto\" \/>\n<!-- \/ Yoast SEO plugin. -->","yoast_head_json":{"title":"Sobre n\u00f3s\ufeff - smtp mail server - professional SMTP service provider","robots":{"index":"index","follow":"follow","max-snippet":"max-snippet:-1","max-image-preview":"max-image-preview:large","max-video-preview":"max-video-preview:-1"},"canonical":"https:\/\/serversmtp.com\/pt-pt\/sobre-nos\/","twitter_misc":{"Tempo estimado de leitura":"1 minuto"},"schema":{"@context":"https:\/\/schema.org","@graph":[{"@type":"WebPage","@id":"https:\/\/serversmtp.com\/pt-pt\/sobre-nos\/","url":"https:\/\/serversmtp.com\/pt-pt\/sobre-nos\/","name":"Sobre n\u00f3s\ufeff - smtp mail server - professional SMTP service provider","isPartOf":{"@id":"https:\/\/serversmtp.com\/it\/#website"},"datePublished":"2018-04-21T14:14:23+00:00","dateModified":"2026-01-14T12:55:49+00:00","breadcrumb":{"@id":"https:\/\/serversmtp.com\/pt-pt\/sobre-nos\/#breadcrumb"},"inLanguage":"pt-PT","potentialAction":[{"@type":"ReadAction","target":["https:\/\/serversmtp.com\/pt-pt\/sobre-nos\/"]}]},{"@type":"BreadcrumbList","@id":"https:\/\/serversmtp.com\/pt-pt\/sobre-nos\/#breadcrumb","itemListElement":[{"@type":"ListItem","position":1,"name":"Home","item":"https:\/\/serversmtp.com\/pt-pt\/"},{"@type":"ListItem","position":2,"name":"Sobre n\u00f3s\ufeff"}]},{"@type":"WebSite","@id":"https:\/\/serversmtp.com\/it\/#website","url":"https:\/\/serversmtp.com\/it\/","name":"smtp mail server - professional SMTP service provider","description":"smtp mail server - professional SMTP service provider","publisher":{"@id":"https:\/\/serversmtp.com\/it\/#organization"},"potentialAction":[{"@type":"SearchAction","target":{"@type":"EntryPoint","urlTemplate":"https:\/\/serversmtp.com\/it\/?s={search_term_string}"},"query-input":{"@type":"PropertyValueSpecification","valueRequired":true,"valueName":"search_term_string"}}],"inLanguage":"pt-PT"},{"@type":"Organization","@id":"https:\/\/serversmtp.com\/it\/#organization","name":"Delivery Tech","url":"https:\/\/serversmtp.com\/it\/","logo":{"@type":"ImageObject","inLanguage":"pt-PT","@id":"https:\/\/serversmtp.com\/it\/#\/schema\/logo\/image\/","url":"https:\/\/serversmtp.com\/wp-content\/uploads\/2021\/11\/og-image-2.jpg","contentUrl":"https:\/\/serversmtp.com\/wp-content\/uploads\/2021\/11\/og-image-2.jpg","width":1200,"height":1128,"caption":"Delivery Tech"},"image":{"@id":"https:\/\/serversmtp.com\/it\/#\/schema\/logo\/image\/"}}]}},"_links":{"self":[{"href":"https:\/\/serversmtp.com\/pt-pt\/wp-json\/wp\/v2\/pages\/2877"}],"collection":[{"href":"https:\/\/serversmtp.com\/pt-pt\/wp-json\/wp\/v2\/pages"}],"about":[{"href":"https:\/\/serversmtp.com\/pt-pt\/wp-json\/wp\/v2\/types\/page"}],"author":[{"embeddable":true,"href":"https:\/\/serversmtp.com\/pt-pt\/wp-json\/wp\/v2\/users\/3"}],"replies":[{"embeddable":true,"href":"https:\/\/serversmtp.com\/pt-pt\/wp-json\/wp\/v2\/comments?post=2877"}],"version-history":[{"count":5,"href":"https:\/\/serversmtp.com\/pt-pt\/wp-json\/wp\/v2\/pages\/2877\/revisions"}],"predecessor-version":[{"id":22964,"href":"https:\/\/serversmtp.com\/pt-pt\/wp-json\/wp\/v2\/pages\/2877\/revisions\/22964"}],"wp:attachment":[{"href":"https:\/\/serversmtp.com\/pt-pt\/wp-json\/wp\/v2\/media?parent=2877"}],"curies":[{"name":"wp","href":"https:\/\/api.w.org\/{rel}","templated":true}]}}