{"id":2817,"date":"2018-04-18T22:35:07","date_gmt":"2018-04-18T20:35:07","guid":{"rendered":"https:\/\/dev.serversmtp.com\/?page_id=2817"},"modified":"2022-02-10T16:45:57","modified_gmt":"2022-02-10T15:45:57","slug":"smtp-hotmail-configuracao","status":"publish","type":"page","link":"https:\/\/serversmtp.com\/pt-pt\/smtp-hotmail-configuracao\/","title":{"rendered":"Servidor SMTP Hotmail: configura\u00e7\u00e3o\ufeff"},"content":{"rendered":"<p>Servi\u00e7os de Webmail como o <strong>Hotmail<\/strong> s\u00e3o \u00f3ptimos para verificar o seu e-mail online: mas talvez queira aceder \u00e0 sua caixa de entrada atrav\u00e9s de um programa tal como Mozilla Thunderbird ou Microsoft Outlook. De facto, um <strong>cliente de e-mail<\/strong> pode ser mais pr\u00e1tico e geralmente oferece mais ferramentas para a sua gest\u00e3o de contas.<\/p>\n<p>Para faz\u00ea-lo, \u00e9 necess\u00e1rio configurar as<strong> op\u00e7\u00f5es de SMTP do Hotmail<\/strong>. O que \u00e9 muito f\u00e1cil: mas&#8230; Infelizmente, o SMTP do Hotmail<strong> tem um limite de e-mails enviados<\/strong>, para deter spammers de tirarem partido dele, e fazer com que os seus IPs partilhados funcionem melhor sem filas de espera de e-mails: de forma a que consiga enviar o m\u00e1ximo de <strong>300 mensagens por dia<\/strong> e gerir at\u00e9 <strong>100 destinat\u00e1rios por mensagem<\/strong>.<\/p>\n<p>Ent\u00e3o, se est\u00e1 a preparar uma <strong>campanha de marketing por email<\/strong> ou tem a necessidade de obter mais relays deve confiar num servi\u00e7o de <strong>servidor de sa\u00edda profissional<\/strong> de mensagens. Em particular, o turboSMTP oferece <a title=\"servidor smtp profissional\" href=\"\/pt-pt\/signup\">6000 e-mails gratuitos por m\u00eas, para sempre<\/a>.<\/p>\n<p>Dito isto, eis como configurar o servidor SMTP do Hotmail: precisa apenas de abrir o painel de configura\u00e7\u00e3o na sua aplica\u00e7\u00e3o e introduzir os detalhes do Windows Live \/ Hotmail SMTP:<br \/>\n<img decoding=\"async\" class=\"aligncenter wp-image-3005 size-full\" src=\"https:\/\/serversmtp.com\/wp-content\/uploads\/2018\/04\/configuracao-smtp.png\" alt=\"\" width=\"367\" height=\"277\" srcset=\"https:\/\/serversmtp.com\/wp-content\/uploads\/2018\/04\/configuracao-smtp.png 367w, https:\/\/serversmtp.com\/wp-content\/uploads\/2018\/04\/configuracao-smtp-300x226.png 300w, https:\/\/serversmtp.com\/wp-content\/uploads\/2018\/04\/configuracao-smtp-320x242.png 320w, https:\/\/serversmtp.com\/wp-content\/uploads\/2018\/04\/configuracao-smtp-239x180.png 239w\" sizes=\"(max-width: 367px) 100vw, 367px\" \/><\/p>\n<ul>\n<li><strong>Descri\u00e7\u00e3o SMTP Hotmail: <\/strong>um nome generico (ex. &#8220;SMTP&#8221;)<strong><br \/>\n<\/strong><\/li>\n<li><strong>Nome do servidor SMTP Hotmail<\/strong>: smtp.live.com<\/li>\n<li><strong>Usuario <strong>SMTP Hotmail<\/strong><\/strong>: a sua conta Hotmail<\/li>\n<li><strong>Password\u00a0<strong>SMTP Hotmail<\/strong><\/strong>: a sua password do Hotmail<\/li>\n<li><strong>Porta\u00a0<strong>SMTP Hotmail<\/strong><\/strong>: 25 ou 465<\/li>\n<\/ul>\n<p>Depois pode escolher as suas op\u00e7\u00f5es de seguran\u00e7a e autentica\u00e7\u00e3o: para mais informa\u00e7\u00f5es por favor verifique o nosso artigo sobre <a title=\"configuracar servidor SMTP\" href=\"\/pt-pt\/configurar-um-servidor-smtp\">configura\u00e7\u00e3o SMTP<\/a>.<\/p>\n<p>E \u00e9 s\u00f3!<\/p>\n","protected":false},"excerpt":{"rendered":"<p>Servi\u00e7os de Webmail como o Hotmail s\u00e3o \u00f3ptimos para verificar o seu e-mail online: mas talvez queira aceder \u00e0 sua caixa de entrada atrav\u00e9s de um programa tal como Mozilla Thunderbird ou Microsoft Outlook. De facto, um cliente de e-mail pode ser mais pr\u00e1tico e geralmente oferece mais ferramentas para a sua gest\u00e3o de contas. &#8230; <\/p>\n<p class=\"read-more-container\"><a title=\"Servidor SMTP Hotmail: configura\u00e7\u00e3o\ufeff\" class=\"read-more button\" href=\"https:\/\/serversmtp.com\/pt-pt\/smtp-hotmail-configuracao\/#more-2817\" aria-label=\"Leia mais sobre Servidor SMTP Hotmail: configura\u00e7\u00e3o\ufeff\">Discover more<\/a><\/p>\n","protected":false},"author":3,"featured_media":0,"parent":0,"menu_order":0,"comment_status":"closed","ping_status":"closed","template":"","meta":{"_eb_attr":"","inline_featured_image":false,"_monsterinsights_skip_tracking":false,"_monsterinsights_sitenote_active":false,"_monsterinsights_sitenote_note":"","_monsterinsights_sitenote_category":0,"footnotes":""},"class_list":["post-2817","page","type-page","status-publish"],"yoast_head":"<!-- This site is optimized with the Yoast SEO plugin v25.3.1 - https:\/\/yoast.com\/wordpress\/plugins\/seo\/ -->\n<title>Servidor SMTP Hotmail: configura\u00e7\u00e3o\ufeff<\/title>\n<meta name=\"description\" content=\"Como definir as configura\u00e7\u00f5es de SMTP do Hotmail para acessar sua caixa de entrada de clientes de e-mail de desktop como Thunderbird e Outlook.\" \/>\n<meta name=\"robots\" content=\"index, follow, max-snippet:-1, max-image-preview:large, max-video-preview:-1\" \/>\n<link rel=\"canonical\" href=\"https:\/\/serversmtp.com\/pt-pt\/smtp-hotmail-configuracao\/\" \/>\n<meta name=\"twitter:label1\" content=\"Tempo estimado de leitura\" \/>\n\t<meta name=\"twitter:data1\" content=\"1 minuto\" \/>\n<!-- \/ Yoast SEO plugin. -->","yoast_head_json":{"title":"Servidor SMTP Hotmail: configura\u00e7\u00e3o\ufeff","description":"Como definir as configura\u00e7\u00f5es de SMTP do Hotmail para acessar sua caixa de entrada de clientes de e-mail de desktop como Thunderbird e Outlook.","robots":{"index":"index","follow":"follow","max-snippet":"max-snippet:-1","max-image-preview":"max-image-preview:large","max-video-preview":"max-video-preview:-1"},"canonical":"https:\/\/serversmtp.com\/pt-pt\/smtp-hotmail-configuracao\/","twitter_misc":{"Tempo estimado de leitura":"1 minuto"},"schema":{"@context":"https:\/\/schema.org","@graph":[{"@type":"WebPage","@id":"https:\/\/serversmtp.com\/pt-pt\/smtp-hotmail-configuracao\/","url":"https:\/\/serversmtp.com\/pt-pt\/smtp-hotmail-configuracao\/","name":"Servidor SMTP Hotmail: configura\u00e7\u00e3o\ufeff","isPartOf":{"@id":"https:\/\/serversmtp.com\/fr\/#website"},"primaryImageOfPage":{"@id":"https:\/\/serversmtp.com\/pt-pt\/smtp-hotmail-configuracao\/#primaryimage"},"image":{"@id":"https:\/\/serversmtp.com\/pt-pt\/smtp-hotmail-configuracao\/#primaryimage"},"thumbnailUrl":"https:\/\/serversmtp.com\/wp-content\/uploads\/2018\/04\/configuracao-smtp.png","datePublished":"2018-04-18T20:35:07+00:00","dateModified":"2022-02-10T15:45:57+00:00","description":"Como definir as configura\u00e7\u00f5es de SMTP do Hotmail para acessar sua caixa de entrada de clientes de e-mail de desktop como Thunderbird e Outlook.","breadcrumb":{"@id":"https:\/\/serversmtp.com\/pt-pt\/smtp-hotmail-configuracao\/#breadcrumb"},"inLanguage":"pt-PT","potentialAction":[{"@type":"ReadAction","target":["https:\/\/serversmtp.com\/pt-pt\/smtp-hotmail-configuracao\/"]}]},{"@type":"ImageObject","inLanguage":"pt-PT","@id":"https:\/\/serversmtp.com\/pt-pt\/smtp-hotmail-configuracao\/#primaryimage","url":"https:\/\/serversmtp.com\/wp-content\/uploads\/2018\/04\/configuracao-smtp.png","contentUrl":"https:\/\/serversmtp.com\/wp-content\/uploads\/2018\/04\/configuracao-smtp.png"},{"@type":"BreadcrumbList","@id":"https:\/\/serversmtp.com\/pt-pt\/smtp-hotmail-configuracao\/#breadcrumb","itemListElement":[{"@type":"ListItem","position":1,"name":"Home","item":"https:\/\/serversmtp.com\/pt-pt\/"},{"@type":"ListItem","position":2,"name":"Servidor SMTP Hotmail: configura\u00e7\u00e3o\ufeff"}]},{"@type":"WebSite","@id":"https:\/\/serversmtp.com\/fr\/#website","url":"https:\/\/serversmtp.com\/fr\/","name":"smtp mail server - professional SMTP service provider","description":"smtp mail server - professional SMTP service provider","publisher":{"@id":"https:\/\/serversmtp.com\/fr\/#organization"},"potentialAction":[{"@type":"SearchAction","target":{"@type":"EntryPoint","urlTemplate":"https:\/\/serversmtp.com\/fr\/?s={search_term_string}"},"query-input":{"@type":"PropertyValueSpecification","valueRequired":true,"valueName":"search_term_string"}}],"inLanguage":"pt-PT"},{"@type":"Organization","@id":"https:\/\/serversmtp.com\/fr\/#organization","name":"Delivery Tech","url":"https:\/\/serversmtp.com\/fr\/","logo":{"@type":"ImageObject","inLanguage":"pt-PT","@id":"https:\/\/serversmtp.com\/fr\/#\/schema\/logo\/image\/","url":"https:\/\/serversmtp.com\/wp-content\/uploads\/2021\/11\/og-image-2.jpg","contentUrl":"https:\/\/serversmtp.com\/wp-content\/uploads\/2021\/11\/og-image-2.jpg","width":1200,"height":1128,"caption":"Delivery Tech"},"image":{"@id":"https:\/\/serversmtp.com\/fr\/#\/schema\/logo\/image\/"}}]}},"_links":{"self":[{"href":"https:\/\/serversmtp.com\/pt-pt\/wp-json\/wp\/v2\/pages\/2817"}],"collection":[{"href":"https:\/\/serversmtp.com\/pt-pt\/wp-json\/wp\/v2\/pages"}],"about":[{"href":"https:\/\/serversmtp.com\/pt-pt\/wp-json\/wp\/v2\/types\/page"}],"author":[{"embeddable":true,"href":"https:\/\/serversmtp.com\/pt-pt\/wp-json\/wp\/v2\/users\/3"}],"replies":[{"embeddable":true,"href":"https:\/\/serversmtp.com\/pt-pt\/wp-json\/wp\/v2\/comments?post=2817"}],"version-history":[{"count":4,"href":"https:\/\/serversmtp.com\/pt-pt\/wp-json\/wp\/v2\/pages\/2817\/revisions"}],"predecessor-version":[{"id":3008,"href":"https:\/\/serversmtp.com\/pt-pt\/wp-json\/wp\/v2\/pages\/2817\/revisions\/3008"}],"wp:attachment":[{"href":"https:\/\/serversmtp.com\/pt-pt\/wp-json\/wp\/v2\/media?parent=2817"}],"curies":[{"name":"wp","href":"https:\/\/api.w.org\/{rel}","templated":true}]}}