{"id":2813,"date":"2018-04-18T22:24:27","date_gmt":"2018-04-18T20:24:27","guid":{"rendered":"https:\/\/dev.serversmtp.com\/?page_id=2813"},"modified":"2020-07-21T09:53:58","modified_gmt":"2020-07-21T07:53:58","slug":"servidor-smtp-gmail-configuracao%ef%bb%bf","status":"publish","type":"page","link":"https:\/\/serversmtp.com\/pt-pt\/servidor-smtp-gmail-configuracao%ef%bb%bf\/","title":{"rendered":"Servidor SMTP Gmail: configura\u00e7\u00e3o\ufeff"},"content":{"rendered":"<p>Quais s\u00e3o as <strong>configura\u00e7\u00f5es de SMTP no Gmail<\/strong>? \u00c9 uma pergunta f\u00e1cil.<\/p>\n<p>O Gmail \u00e9 uma aplica\u00e7\u00e3o de webmail fant\u00e1stica, mas algumas pessoas acham mais f\u00e1cil aceder \u00e0 sua caixa de entrada atrav\u00e9s de um <strong>cliente de e-mail<\/strong> como o Thunderbird ou Outlook: para faz\u00ea-lo \u00e9 necess\u00e1rio <strong>configurar o servidor de sa\u00edda<\/strong> introduzindo as configura\u00e7\u00f5es correctas.<\/p>\n<p>Primeiro, abrir o painel de configura\u00e7\u00e3o do software de correio<\/p>\n<p><img loading=\"lazy\" class=\"aligncenter wp-image-3005 size-full\" src=\"https:\/\/serversmtp.com\/wp-content\/uploads\/2018\/04\/configuracao-smtp.png\" alt=\"\" width=\"367\" height=\"277\" srcset=\"https:\/\/serversmtp.com\/wp-content\/uploads\/2018\/04\/configuracao-smtp.png 367w, https:\/\/serversmtp.com\/wp-content\/uploads\/2018\/04\/configuracao-smtp-300x226.png 300w, https:\/\/serversmtp.com\/wp-content\/uploads\/2018\/04\/configuracao-smtp-320x242.png 320w, https:\/\/serversmtp.com\/wp-content\/uploads\/2018\/04\/configuracao-smtp-239x180.png 239w\" sizes=\"(max-width: 367px) 100vw, 367px\" \/><\/p>\n<p>e preencher os campos com as configura\u00e7\u00f5es do servidor SMTP do Gmail, que s\u00e3o:<\/p>\n<ul>\n<li><strong>Descri\u00e7\u00e3o\u00a0SMTP Gmail:<\/strong>\u00a0um nome generico (ex. &#8220;SMTP&#8221;)<\/li>\n<li><strong>Nome do servidor\u00a0<strong><strong>SMTP Gmail<\/strong><\/strong><\/strong>: smtp.gmail.com<\/li>\n<li><strong>Usuario\u00a0<strong>SMTP Gmail<\/strong><\/strong>: o seu endere\u00e7o Gmail<\/li>\n<li><strong>Password\u00a0<strong><strong>SMTP Gmail<\/strong><\/strong><\/strong>: a sua password<\/li>\n<li><strong>Porta\u00a0<strong><strong>SMTP Gmail<\/strong><\/strong><\/strong>: 465<\/li>\n<\/ul>\n<p>Depois pode escolher as suas <strong>op\u00e7\u00f5es de seguran\u00e7a e autentica\u00e7\u00e3o<\/strong>: para mais informa\u00e7\u00f5es por favor verifique o nosso artigo sobre <a title=\"configurar um servidor SMTP\" href=\"\/pt-pt\/configurar-um-servidor-smtp\">configura\u00e7\u00e3o SMTP<\/a>.<\/p>\n<p>Lembre-se, no entanto, que o SMTP do Gmail tem <strong>um limite severo de envios<\/strong> de forma a prevenir spammers de utilizar o servidor de sa\u00edda para o envio massivo de e-mails de lixo. O limite \u00e9 de <strong>100 destinat\u00e1rios de uma vez e 500 mensagens por dia<\/strong>: se ultrapassar esta restri\u00e7\u00e3o, o Google ir\u00e1 bloquear a sua conta.<\/p>\n<p>Tamb\u00e9m, o servidor SMTP depende de IPs partilhados que n\u00e3o podem garantir-lhe uma <strong>capacidade de entrega completa<\/strong>.<\/p>\n<p>Ent\u00e3o, se voc\u00ea est\u00e1 a configurar uma <strong>campanha por e-mail<\/strong> ou a precisa de <strong>enviar e-mails ilimitados<\/strong>, a melhor coisa a fazer \u00e9 escolher um <strong><a title=\"servidor professional smtp\" href=\"\/pt-pt\/signup\">servidor profissional SMTP<\/a><\/strong>: por um pre\u00e7o muito razo\u00e1vel, ser\u00e1 capaz de enviar e-mails para uma grande lista com a certeza da mais alta taxa de entrega.<\/p>\n","protected":false},"excerpt":{"rendered":"<p>Quais s\u00e3o as configura\u00e7\u00f5es de SMTP no Gmail? \u00c9 uma pergunta f\u00e1cil. O Gmail \u00e9 uma aplica\u00e7\u00e3o de webmail fant\u00e1stica, mas algumas pessoas acham mais f\u00e1cil aceder \u00e0 sua caixa de entrada atrav\u00e9s de um cliente de e-mail como o Thunderbird ou Outlook: para faz\u00ea-lo \u00e9 necess\u00e1rio configurar o servidor de sa\u00edda introduzindo as configura\u00e7\u00f5es [&hellip;]<\/p>\n","protected":false},"author":3,"featured_media":0,"parent":0,"menu_order":0,"comment_status":"closed","ping_status":"closed","template":"g1_template_page_sidebar_right.php","meta":[],"yoast_head":"<!-- This site is optimized with the Yoast SEO plugin v16.4 - https:\/\/yoast.com\/wordpress\/plugins\/seo\/ -->\n<meta name=\"description\" content=\"Veja como configurar o servidor SMTP do Gmail\" \/>\n<meta name=\"robots\" content=\"index, follow, max-snippet:-1, max-image-preview:large, max-video-preview:-1\" \/>\n<link rel=\"canonical\" href=\"https:\/\/serversmtp.com\/pt-pt\/servidor-smtp-gmail-configuracao\ufeff\/\" \/>\n<meta property=\"og:locale\" content=\"pt_PT\" \/>\n<meta property=\"og:type\" content=\"article\" \/>\n<meta property=\"og:title\" content=\"Servidor SMTP Gmail: configura\u00e7\u00e3o\ufeff - smtp mail server - professional SMTP service provider\" \/>\n<meta property=\"og:description\" content=\"Veja como configurar o servidor SMTP do Gmail\" \/>\n<meta property=\"og:url\" content=\"https:\/\/serversmtp.com\/pt-pt\/servidor-smtp-gmail-configuracao\ufeff\/\" \/>\n<meta property=\"og:site_name\" content=\"smtp mail server - professional SMTP service provider\" \/>\n<meta property=\"article:modified_time\" content=\"2020-07-21T07:53:58+00:00\" \/>\n<meta property=\"og:image\" content=\"https:\/\/serversmtp.com\/wp-content\/uploads\/2018\/04\/configuracao-smtp.png\" \/>\n<meta name=\"twitter:card\" content=\"summary_large_image\" \/>\n<meta name=\"twitter:label1\" content=\"Tempo estimado de leitura\" \/>\n\t<meta name=\"twitter:data1\" content=\"1 minuto\" \/>\n<script type=\"application\/ld+json\" class=\"yoast-schema-graph\">{\"@context\":\"https:\/\/schema.org\",\"@graph\":[{\"@type\":\"WebSite\",\"@id\":\"https:\/\/serversmtp.com\/#website\",\"url\":\"https:\/\/serversmtp.com\/\",\"name\":\"smtp mail server - professional SMTP service provider\",\"description\":\"smtp mail server - professional SMTP service provider \",\"potentialAction\":[{\"@type\":\"SearchAction\",\"target\":\"https:\/\/serversmtp.com\/?s={search_term_string}\",\"query-input\":\"required name=search_term_string\"}],\"inLanguage\":\"pt-PT\"},{\"@type\":\"ImageObject\",\"@id\":\"https:\/\/serversmtp.com\/pt-pt\/servidor-smtp-gmail-configuracao%ef%bb%bf\/#primaryimage\",\"inLanguage\":\"pt-PT\",\"url\":\"https:\/\/serversmtp.com\/wp-content\/uploads\/2018\/04\/configuracao-smtp.png\",\"contentUrl\":\"https:\/\/serversmtp.com\/wp-content\/uploads\/2018\/04\/configuracao-smtp.png\",\"width\":367,\"height\":277},{\"@type\":\"WebPage\",\"@id\":\"https:\/\/serversmtp.com\/pt-pt\/servidor-smtp-gmail-configuracao%ef%bb%bf\/#webpage\",\"url\":\"https:\/\/serversmtp.com\/pt-pt\/servidor-smtp-gmail-configuracao%ef%bb%bf\/\",\"name\":\"Servidor SMTP Gmail: configura\\u00e7\\u00e3o\\ufeff - smtp mail server - professional SMTP service provider\",\"isPartOf\":{\"@id\":\"https:\/\/serversmtp.com\/#website\"},\"primaryImageOfPage\":{\"@id\":\"https:\/\/serversmtp.com\/pt-pt\/servidor-smtp-gmail-configuracao%ef%bb%bf\/#primaryimage\"},\"datePublished\":\"2018-04-18T20:24:27+00:00\",\"dateModified\":\"2020-07-21T07:53:58+00:00\",\"description\":\"Veja como configurar o servidor SMTP do Gmail\",\"breadcrumb\":{\"@id\":\"https:\/\/serversmtp.com\/pt-pt\/servidor-smtp-gmail-configuracao%ef%bb%bf\/#breadcrumb\"},\"inLanguage\":\"pt-PT\",\"potentialAction\":[{\"@type\":\"ReadAction\",\"target\":[\"https:\/\/serversmtp.com\/pt-pt\/servidor-smtp-gmail-configuracao%ef%bb%bf\/\"]}]},{\"@type\":\"BreadcrumbList\",\"@id\":\"https:\/\/serversmtp.com\/pt-pt\/servidor-smtp-gmail-configuracao%ef%bb%bf\/#breadcrumb\",\"itemListElement\":[{\"@type\":\"ListItem\",\"position\":1,\"item\":{\"@type\":\"WebPage\",\"@id\":\"https:\/\/serversmtp.com\/pt-pt\/\",\"url\":\"https:\/\/serversmtp.com\/pt-pt\/\",\"name\":\"Home\"}},{\"@type\":\"ListItem\",\"position\":2,\"item\":{\"@id\":\"https:\/\/serversmtp.com\/pt-pt\/servidor-smtp-gmail-configuracao%ef%bb%bf\/#webpage\"}}]}]}<\/script>\n<!-- \/ Yoast SEO plugin. -->","_links":{"self":[{"href":"https:\/\/serversmtp.com\/pt-pt\/wp-json\/wp\/v2\/pages\/2813"}],"collection":[{"href":"https:\/\/serversmtp.com\/pt-pt\/wp-json\/wp\/v2\/pages"}],"about":[{"href":"https:\/\/serversmtp.com\/pt-pt\/wp-json\/wp\/v2\/types\/page"}],"author":[{"embeddable":true,"href":"https:\/\/serversmtp.com\/pt-pt\/wp-json\/wp\/v2\/users\/3"}],"replies":[{"embeddable":true,"href":"https:\/\/serversmtp.com\/pt-pt\/wp-json\/wp\/v2\/comments?post=2813"}],"version-history":[{"count":3,"href":"https:\/\/serversmtp.com\/pt-pt\/wp-json\/wp\/v2\/pages\/2813\/revisions"}],"predecessor-version":[{"id":3006,"href":"https:\/\/serversmtp.com\/pt-pt\/wp-json\/wp\/v2\/pages\/2813\/revisions\/3006"}],"wp:attachment":[{"href":"https:\/\/serversmtp.com\/pt-pt\/wp-json\/wp\/v2\/media?parent=2813"}],"curies":[{"name":"wp","href":"https:\/\/api.w.org\/{rel}","templated":true}]}}