{"id":19512,"date":"2024-02-07T11:47:43","date_gmt":"2024-02-07T10:47:43","guid":{"rendered":"https:\/\/serversmtp.com\/?page_id=19512"},"modified":"2024-02-07T11:47:43","modified_gmt":"2024-02-07T10:47:43","slug":"analise-spf-dkim-dmarc-dns-gdpr","status":"publish","type":"page","link":"https:\/\/serversmtp.com\/pt-pt\/analise-spf-dkim-dmarc-dns-gdpr\/","title":{"rendered":"An\u00e1lise de Dom\u00ednio Impulsionada por IA: Eleve seus Par\u00e2metros de Email com Insights de SPF, DKIM, DMARC, DNS e GDPR"},"content":{"rendered":"<p><script src=\"https:\/\/apiservices.edisplay.it\/emaildns\/js_form.js?lang=pt\"><\/script><\/p>\n","protected":false},"excerpt":{"rendered":"","protected":false},"author":2,"featured_media":0,"parent":0,"menu_order":0,"comment_status":"closed","ping_status":"closed","template":"","meta":{"_eb_attr":"","inline_featured_image":false,"_monsterinsights_skip_tracking":false,"_monsterinsights_sitenote_active":false,"_monsterinsights_sitenote_note":"","_monsterinsights_sitenote_category":0,"footnotes":""},"class_list":["post-19512","page","type-page","status-publish"],"yoast_head":"<!-- This site is optimized with the Yoast SEO plugin v25.3.1 - https:\/\/yoast.com\/wordpress\/plugins\/seo\/ -->\n<title>An\u00e1lise de Dom\u00ednio Impulsionada por IA: Eleve seus Par\u00e2metros de Email com Insights de SPF, DKIM, DMARC, DNS e GDPR - smtp mail server - professional SMTP service provider<\/title>\n<meta name=\"robots\" content=\"index, follow, max-snippet:-1, max-image-preview:large, max-video-preview:-1\" \/>\n<link rel=\"canonical\" href=\"https:\/\/serversmtp.com\/pt-pt\/analise-spf-dkim-dmarc-dns-gdpr\/\" \/>\n<!-- \/ Yoast SEO plugin. -->","yoast_head_json":{"title":"An\u00e1lise de Dom\u00ednio Impulsionada por IA: Eleve seus Par\u00e2metros de Email com Insights de SPF, DKIM, DMARC, DNS e GDPR - smtp mail server - professional SMTP service provider","robots":{"index":"index","follow":"follow","max-snippet":"max-snippet:-1","max-image-preview":"max-image-preview:large","max-video-preview":"max-video-preview:-1"},"canonical":"https:\/\/serversmtp.com\/pt-pt\/analise-spf-dkim-dmarc-dns-gdpr\/","schema":{"@context":"https:\/\/schema.org","@graph":[{"@type":"WebPage","@id":"https:\/\/serversmtp.com\/pt-pt\/analise-spf-dkim-dmarc-dns-gdpr\/","url":"https:\/\/serversmtp.com\/pt-pt\/analise-spf-dkim-dmarc-dns-gdpr\/","name":"An\u00e1lise de Dom\u00ednio Impulsionada por IA: Eleve seus Par\u00e2metros de Email com Insights de SPF, DKIM, DMARC, DNS e GDPR - smtp mail server - professional SMTP service provider","isPartOf":{"@id":"https:\/\/serversmtp.com\/#website"},"datePublished":"2024-02-07T10:47:43+00:00","breadcrumb":{"@id":"https:\/\/serversmtp.com\/pt-pt\/analise-spf-dkim-dmarc-dns-gdpr\/#breadcrumb"},"inLanguage":"pt-PT","potentialAction":[{"@type":"ReadAction","target":["https:\/\/serversmtp.com\/pt-pt\/analise-spf-dkim-dmarc-dns-gdpr\/"]}]},{"@type":"BreadcrumbList","@id":"https:\/\/serversmtp.com\/pt-pt\/analise-spf-dkim-dmarc-dns-gdpr\/#breadcrumb","itemListElement":[{"@type":"ListItem","position":1,"name":"Home","item":"https:\/\/serversmtp.com\/pt-pt\/"},{"@type":"ListItem","position":2,"name":"An\u00e1lise de Dom\u00ednio Impulsionada por IA: Eleve seus Par\u00e2metros de Email com Insights de SPF, DKIM, DMARC, DNS e GDPR"}]},{"@type":"WebSite","@id":"https:\/\/serversmtp.com\/#website","url":"https:\/\/serversmtp.com\/","name":"smtp mail server - professional SMTP service provider","description":"smtp mail server - professional SMTP service provider","publisher":{"@id":"https:\/\/serversmtp.com\/#organization"},"potentialAction":[{"@type":"SearchAction","target":{"@type":"EntryPoint","urlTemplate":"https:\/\/serversmtp.com\/?s={search_term_string}"},"query-input":{"@type":"PropertyValueSpecification","valueRequired":true,"valueName":"search_term_string"}}],"inLanguage":"pt-PT"},{"@type":"Organization","@id":"https:\/\/serversmtp.com\/#organization","name":"Delivery Tech","url":"https:\/\/serversmtp.com\/","logo":{"@type":"ImageObject","inLanguage":"pt-PT","@id":"https:\/\/serversmtp.com\/#\/schema\/logo\/image\/","url":"https:\/\/serversmtp.com\/wp-content\/uploads\/2021\/11\/og-image-2.jpg","contentUrl":"https:\/\/serversmtp.com\/wp-content\/uploads\/2021\/11\/og-image-2.jpg","width":1200,"height":1128,"caption":"Delivery Tech"},"image":{"@id":"https:\/\/serversmtp.com\/#\/schema\/logo\/image\/"}}]}},"_links":{"self":[{"href":"https:\/\/serversmtp.com\/pt-pt\/wp-json\/wp\/v2\/pages\/19512"}],"collection":[{"href":"https:\/\/serversmtp.com\/pt-pt\/wp-json\/wp\/v2\/pages"}],"about":[{"href":"https:\/\/serversmtp.com\/pt-pt\/wp-json\/wp\/v2\/types\/page"}],"author":[{"embeddable":true,"href":"https:\/\/serversmtp.com\/pt-pt\/wp-json\/wp\/v2\/users\/2"}],"replies":[{"embeddable":true,"href":"https:\/\/serversmtp.com\/pt-pt\/wp-json\/wp\/v2\/comments?post=19512"}],"version-history":[{"count":1,"href":"https:\/\/serversmtp.com\/pt-pt\/wp-json\/wp\/v2\/pages\/19512\/revisions"}],"predecessor-version":[{"id":19513,"href":"https:\/\/serversmtp.com\/pt-pt\/wp-json\/wp\/v2\/pages\/19512\/revisions\/19513"}],"wp:attachment":[{"href":"https:\/\/serversmtp.com\/pt-pt\/wp-json\/wp\/v2\/media?parent=19512"}],"curies":[{"name":"wp","href":"https:\/\/api.w.org\/{rel}","templated":true}]}}