{"id":4939,"date":"2018-04-05T16:15:43","date_gmt":"2018-04-05T14:15:43","guid":{"rendered":"https:\/\/serversmtp.com\/chi-siamo\/"},"modified":"2026-01-14T13:55:26","modified_gmt":"2026-01-14T12:55:26","slug":"o-nas","status":"publish","type":"page","link":"https:\/\/serversmtp.com\/pl\/o-nas\/","title":{"rendered":"O nas"},"content":{"rendered":"<p>Za\u0142o\u017cona w 2009 roku sp\u00f3\u0142ka turboSMTP jest niezale\u017cnym dostawc\u0105 us\u0142ug SMTP obs\u0142uguj\u0105cym ponad 100.000 klient\u00f3w na ca\u0142ym \u015bwiecie.<\/p>\n<p>\u015awiadczone przez nas us\u0142ugi wychodz\u0105 naprzeciw potrzebom wszelkiego rodzaju firm &#8211; od rodzinnych i ma\u0142ych przedsi\u0119biorstw do du\u017cych dostawc\u00f3w us\u0142ug e-mail &#8211; gwarantuj\u0105c najwy\u017csz\u0105 skuteczno\u015b\u0107 dostarczania wiadomo\u015bci na konta odbiorc\u00f3w bez ryzyka zatrzymywania ich przez filtry antyspamowe czy czarne lub szare listy.<\/p>\n<p>Dok\u0142adamy wszelkich stara\u0144, aby spe\u0142nia\u0107 potrzeby naszych klient\u00f3w w zakresie bezpiecznych, niezawodnych us\u0142ug SMTP i fachowego wsparcia technicznego.<\/p>\n<p>&nbsp;<\/p>\n<h3>Edisplay srl<\/h3><p>Via Palmanova 24<br>20132 Milano<\/p><p>Viale del Lavoro 53,<br>08023 Fonni (NU)<\/p>\n","protected":false},"excerpt":{"rendered":"<p>Za\u0142o\u017cona w 2009 roku sp\u00f3\u0142ka turboSMTP jest niezale\u017cnym dostawc\u0105 us\u0142ug SMTP obs\u0142uguj\u0105cym ponad 100.000 klient\u00f3w na ca\u0142ym \u015bwiecie. \u015awiadczone przez nas us\u0142ugi wychodz\u0105 naprzeciw potrzebom wszelkiego rodzaju firm &#8211; od rodzinnych i ma\u0142ych przedsi\u0119biorstw do du\u017cych dostawc\u00f3w us\u0142ug e-mail &#8211; gwarantuj\u0105c najwy\u017csz\u0105 skuteczno\u015b\u0107 dostarczania wiadomo\u015bci na konta odbiorc\u00f3w bez ryzyka zatrzymywania ich przez filtry antyspamowe &#8230; <\/p>\n<p class=\"read-more-container\"><a title=\"O nas\" class=\"read-more button\" href=\"https:\/\/serversmtp.com\/pl\/o-nas\/#more-4939\" aria-label=\"Read more about O nas\">Discover more<\/a><\/p>\n","protected":false},"author":3,"featured_media":0,"parent":0,"menu_order":0,"comment_status":"closed","ping_status":"closed","template":"","meta":{"_eb_attr":"","inline_featured_image":false,"_monsterinsights_skip_tracking":false,"_monsterinsights_sitenote_active":false,"_monsterinsights_sitenote_note":"","_monsterinsights_sitenote_category":0,"footnotes":""},"class_list":["post-4939","page","type-page","status-publish"],"yoast_head":"<!-- This site is optimized with the Yoast SEO plugin v25.3.1 - https:\/\/yoast.com\/wordpress\/plugins\/seo\/ -->\n<title>O nas - smtp mail server - professional SMTP service provider<\/title>\n<meta name=\"robots\" content=\"index, follow, max-snippet:-1, max-image-preview:large, max-video-preview:-1\" \/>\n<link rel=\"canonical\" href=\"https:\/\/serversmtp.com\/pl\/o-nas\/\" \/>\n<meta name=\"twitter:label1\" content=\"Szacowany czas czytania\" \/>\n\t<meta name=\"twitter:data1\" content=\"1 minuta\" \/>\n<!-- \/ Yoast SEO plugin. -->","yoast_head_json":{"title":"O nas - smtp mail server - professional SMTP service provider","robots":{"index":"index","follow":"follow","max-snippet":"max-snippet:-1","max-image-preview":"max-image-preview:large","max-video-preview":"max-video-preview:-1"},"canonical":"https:\/\/serversmtp.com\/pl\/o-nas\/","twitter_misc":{"Szacowany czas czytania":"1 minuta"},"schema":{"@context":"https:\/\/schema.org","@graph":[{"@type":"WebPage","@id":"https:\/\/serversmtp.com\/pl\/o-nas\/","url":"https:\/\/serversmtp.com\/pl\/o-nas\/","name":"O nas - smtp mail server - professional SMTP service provider","isPartOf":{"@id":"https:\/\/serversmtp.com\/fr\/#website"},"datePublished":"2018-04-05T14:15:43+00:00","dateModified":"2026-01-14T12:55:26+00:00","breadcrumb":{"@id":"https:\/\/serversmtp.com\/pl\/o-nas\/#breadcrumb"},"inLanguage":"pl-PL","potentialAction":[{"@type":"ReadAction","target":["https:\/\/serversmtp.com\/pl\/o-nas\/"]}]},{"@type":"BreadcrumbList","@id":"https:\/\/serversmtp.com\/pl\/o-nas\/#breadcrumb","itemListElement":[{"@type":"ListItem","position":1,"name":"Home","item":"https:\/\/serversmtp.com\/pl\/"},{"@type":"ListItem","position":2,"name":"O nas"}]},{"@type":"WebSite","@id":"https:\/\/serversmtp.com\/fr\/#website","url":"https:\/\/serversmtp.com\/fr\/","name":"smtp mail server - professional SMTP service provider","description":"smtp mail server - professional SMTP service provider","publisher":{"@id":"https:\/\/serversmtp.com\/fr\/#organization"},"potentialAction":[{"@type":"SearchAction","target":{"@type":"EntryPoint","urlTemplate":"https:\/\/serversmtp.com\/fr\/?s={search_term_string}"},"query-input":{"@type":"PropertyValueSpecification","valueRequired":true,"valueName":"search_term_string"}}],"inLanguage":"pl-PL"},{"@type":"Organization","@id":"https:\/\/serversmtp.com\/fr\/#organization","name":"Delivery Tech","url":"https:\/\/serversmtp.com\/fr\/","logo":{"@type":"ImageObject","inLanguage":"pl-PL","@id":"https:\/\/serversmtp.com\/fr\/#\/schema\/logo\/image\/","url":"https:\/\/serversmtp.com\/wp-content\/uploads\/2021\/11\/og-image-2.jpg","contentUrl":"https:\/\/serversmtp.com\/wp-content\/uploads\/2021\/11\/og-image-2.jpg","width":1200,"height":1128,"caption":"Delivery Tech"},"image":{"@id":"https:\/\/serversmtp.com\/fr\/#\/schema\/logo\/image\/"}}]}},"_links":{"self":[{"href":"https:\/\/serversmtp.com\/pl\/wp-json\/wp\/v2\/pages\/4939"}],"collection":[{"href":"https:\/\/serversmtp.com\/pl\/wp-json\/wp\/v2\/pages"}],"about":[{"href":"https:\/\/serversmtp.com\/pl\/wp-json\/wp\/v2\/types\/page"}],"author":[{"embeddable":true,"href":"https:\/\/serversmtp.com\/pl\/wp-json\/wp\/v2\/users\/3"}],"replies":[{"embeddable":true,"href":"https:\/\/serversmtp.com\/pl\/wp-json\/wp\/v2\/comments?post=4939"}],"version-history":[{"count":5,"href":"https:\/\/serversmtp.com\/pl\/wp-json\/wp\/v2\/pages\/4939\/revisions"}],"predecessor-version":[{"id":22962,"href":"https:\/\/serversmtp.com\/pl\/wp-json\/wp\/v2\/pages\/4939\/revisions\/22962"}],"wp:attachment":[{"href":"https:\/\/serversmtp.com\/pl\/wp-json\/wp\/v2\/media?parent=4939"}],"curies":[{"name":"wp","href":"https:\/\/api.w.org\/{rel}","templated":true}]}}