{"id":3176,"date":"2018-04-26T15:59:10","date_gmt":"2018-04-26T13:59:10","guid":{"rendered":"https:\/\/dev.serversmtp.com\/?page_id=3176"},"modified":"2018-08-29T17:57:02","modified_gmt":"2018-08-29T15:57:02","slug":"smtp-dystrybutorow-list-wysylkowych","status":"publish","type":"page","link":"https:\/\/serversmtp.com\/pl\/smtp-dystrybutorow-list-wysylkowych\/","title":{"rendered":"Dystrybutorzy List Wysy\u0142kowych"},"content":{"rendered":"<p>turboSMTP reprezentuje <strong>efektywny kosztowo<\/strong> spos\u00f3b dystrybucji twoich list wysy\u0142kowych i\u00a0 newsleter\u00f3w, czy to chcesz wys\u0142a\u0107\u00a0<strong>setki czy miliony wa\u017cnych wiadomo\u015bci<\/strong>.<\/p>\n<p>Kiedy zaczynasz wysy\u0142a\u0107 du\u017c\u0105 liczb\u0119 emaili, mo\u017cesz napotka\u0107 na problemy z wiadomo\u015bciami wychodz\u0105cymi, kt\u00f3re poch\u0142on\u0105 czas i \u015brodki by je usun\u0105\u0107.<\/p>\n<p>Jak tylko zaczniesz korzysta\u0107 z\u00a0turboSMTP w powi\u0105zaniu ze swoj\u0105 aplikacj\u0105 do masowej wysy\u0142ki,<strong> nie b\u0119dziesz si\u0119 musia\u0142 martwi\u0107<\/strong> <strong>czarnymi listami, ograniczeniami ISP<\/strong> oraz s\u0142ab\u0105 <strong>reputacj\u0105 emaila<\/strong>.<\/p>\n<p>Nasze<strong> serwery z bia\u0142ych list<\/strong> wy\u015bl\u0105 twoje emaile i <strong>upewni\u0105 si\u0119 \u017ce faktycznie zosta\u0142y dostarczone<\/strong> &#8211; oszcz\u0119dzaj\u0105c tw\u00f3j czas i daj\u0105c ci <strong>wy\u017cszy wsp\u00f3\u0142czynnik odpowiedzi<\/strong>.<\/p>\n<p>turboSMTP dzia\u0142a z <strong>wszystkimi g\u0142\u00f3wnymi programami pocztowymi<\/strong>, w\u0142\u0105cznie z :<\/p>\n<ul>\n<li>Max Bulk Mailer<\/li>\n<li>G-Lock Easy Mail<\/li>\n<li>SendBlaster<\/li>\n<li>Infacta Group Mail<\/li>\n<\/ul>\n<p>i wieloma innymi.<\/p>\n<h3>Poczuj r\u00f3\u017cnic\u0119<\/h3>\n<p>Oferujemy r\u00f3\u017cne pakiety, tak \u017ce mo\u017cesz wybra\u0107 to co najlepiej pasuje do potrzeb twojej firmy.<\/p>\n<p class=\"startLink\"><a title=\"Zacznij wysy\u0142a\u0107 swoje emaile z turboSMTP w ci\u0105gu kilku minut...\" href=\"\/pl\/order.php\">Zacznij wysy\u0142a\u0107 swoje emaile z\u00a0turboSMTP w ci\u0105gu kilku minut&#8230;<\/a><\/p>\n","protected":false},"excerpt":{"rendered":"<p>turboSMTP reprezentuje efektywny kosztowo spos\u00f3b dystrybucji twoich list wysy\u0142kowych i\u00a0 newsleter\u00f3w, czy to chcesz wys\u0142a\u0107\u00a0setki czy miliony wa\u017cnych wiadomo\u015bci. Kiedy zaczynasz wysy\u0142a\u0107 du\u017c\u0105 liczb\u0119 emaili, mo\u017cesz napotka\u0107 na problemy z wiadomo\u015bciami wychodz\u0105cymi, kt\u00f3re poch\u0142on\u0105 czas i \u015brodki by je usun\u0105\u0107. Jak tylko zaczniesz korzysta\u0107 z\u00a0turboSMTP w powi\u0105zaniu ze swoj\u0105 aplikacj\u0105 do masowej wysy\u0142ki, nie b\u0119dziesz &#8230; <\/p>\n<p class=\"read-more-container\"><a title=\"Dystrybutorzy List Wysy\u0142kowych\" class=\"read-more button\" href=\"https:\/\/serversmtp.com\/pl\/smtp-dystrybutorow-list-wysylkowych\/#more-3176\" aria-label=\"Read more about Dystrybutorzy List Wysy\u0142kowych\">Discover more<\/a><\/p>\n","protected":false},"author":3,"featured_media":0,"parent":0,"menu_order":0,"comment_status":"closed","ping_status":"closed","template":"g1_template_page_sidebar_right.php","meta":{"_eb_attr":"","inline_featured_image":false,"_monsterinsights_skip_tracking":false,"_monsterinsights_sitenote_active":false,"_monsterinsights_sitenote_note":"","_monsterinsights_sitenote_category":0,"footnotes":""},"class_list":["post-3176","page","type-page","status-publish"],"yoast_head":"<!-- This site is optimized with the Yoast SEO plugin v25.3.1 - https:\/\/yoast.com\/wordpress\/plugins\/seo\/ -->\n<title>Dystrybutorzy List Wysy\u0142kowych - smtp mail server - professional SMTP service provider<\/title>\n<meta name=\"robots\" content=\"index, follow, max-snippet:-1, max-image-preview:large, max-video-preview:-1\" \/>\n<link rel=\"canonical\" href=\"https:\/\/serversmtp.com\/pl\/smtp-dystrybutorow-list-wysylkowych\/\" \/>\n<meta name=\"twitter:label1\" content=\"Szacowany czas czytania\" \/>\n\t<meta name=\"twitter:data1\" content=\"1 minuta\" \/>\n<!-- \/ Yoast SEO plugin. -->","yoast_head_json":{"title":"Dystrybutorzy List Wysy\u0142kowych - smtp mail server - professional SMTP service provider","robots":{"index":"index","follow":"follow","max-snippet":"max-snippet:-1","max-image-preview":"max-image-preview:large","max-video-preview":"max-video-preview:-1"},"canonical":"https:\/\/serversmtp.com\/pl\/smtp-dystrybutorow-list-wysylkowych\/","twitter_misc":{"Szacowany czas czytania":"1 minuta"},"schema":{"@context":"https:\/\/schema.org","@graph":[{"@type":"WebPage","@id":"https:\/\/serversmtp.com\/pl\/smtp-dystrybutorow-list-wysylkowych\/","url":"https:\/\/serversmtp.com\/pl\/smtp-dystrybutorow-list-wysylkowych\/","name":"Dystrybutorzy List Wysy\u0142kowych - smtp mail server - professional SMTP service provider","isPartOf":{"@id":"https:\/\/serversmtp.com\/es\/#website"},"datePublished":"2018-04-26T13:59:10+00:00","dateModified":"2018-08-29T15:57:02+00:00","breadcrumb":{"@id":"https:\/\/serversmtp.com\/pl\/smtp-dystrybutorow-list-wysylkowych\/#breadcrumb"},"inLanguage":"pl-PL","potentialAction":[{"@type":"ReadAction","target":["https:\/\/serversmtp.com\/pl\/smtp-dystrybutorow-list-wysylkowych\/"]}]},{"@type":"BreadcrumbList","@id":"https:\/\/serversmtp.com\/pl\/smtp-dystrybutorow-list-wysylkowych\/#breadcrumb","itemListElement":[{"@type":"ListItem","position":1,"name":"Home","item":"https:\/\/serversmtp.com\/pl\/"},{"@type":"ListItem","position":2,"name":"Dystrybutorzy List Wysy\u0142kowych"}]},{"@type":"WebSite","@id":"https:\/\/serversmtp.com\/es\/#website","url":"https:\/\/serversmtp.com\/es\/","name":"smtp mail server - professional SMTP service provider","description":"smtp mail server - professional SMTP service provider","publisher":{"@id":"https:\/\/serversmtp.com\/es\/#organization"},"potentialAction":[{"@type":"SearchAction","target":{"@type":"EntryPoint","urlTemplate":"https:\/\/serversmtp.com\/es\/?s={search_term_string}"},"query-input":{"@type":"PropertyValueSpecification","valueRequired":true,"valueName":"search_term_string"}}],"inLanguage":"pl-PL"},{"@type":"Organization","@id":"https:\/\/serversmtp.com\/es\/#organization","name":"Delivery Tech","url":"https:\/\/serversmtp.com\/es\/","logo":{"@type":"ImageObject","inLanguage":"pl-PL","@id":"https:\/\/serversmtp.com\/es\/#\/schema\/logo\/image\/","url":"https:\/\/serversmtp.com\/wp-content\/uploads\/2021\/11\/og-image-2.jpg","contentUrl":"https:\/\/serversmtp.com\/wp-content\/uploads\/2021\/11\/og-image-2.jpg","width":1200,"height":1128,"caption":"Delivery Tech"},"image":{"@id":"https:\/\/serversmtp.com\/es\/#\/schema\/logo\/image\/"}}]}},"_links":{"self":[{"href":"https:\/\/serversmtp.com\/pl\/wp-json\/wp\/v2\/pages\/3176"}],"collection":[{"href":"https:\/\/serversmtp.com\/pl\/wp-json\/wp\/v2\/pages"}],"about":[{"href":"https:\/\/serversmtp.com\/pl\/wp-json\/wp\/v2\/types\/page"}],"author":[{"embeddable":true,"href":"https:\/\/serversmtp.com\/pl\/wp-json\/wp\/v2\/users\/3"}],"replies":[{"embeddable":true,"href":"https:\/\/serversmtp.com\/pl\/wp-json\/wp\/v2\/comments?post=3176"}],"version-history":[{"count":4,"href":"https:\/\/serversmtp.com\/pl\/wp-json\/wp\/v2\/pages\/3176\/revisions"}],"predecessor-version":[{"id":4922,"href":"https:\/\/serversmtp.com\/pl\/wp-json\/wp\/v2\/pages\/3176\/revisions\/4922"}],"wp:attachment":[{"href":"https:\/\/serversmtp.com\/pl\/wp-json\/wp\/v2\/media?parent=3176"}],"curies":[{"name":"wp","href":"https:\/\/api.w.org\/{rel}","templated":true}]}}