{"id":3172,"date":"2018-04-26T15:52:43","date_gmt":"2018-04-26T13:52:43","guid":{"rendered":"https:\/\/dev.serversmtp.com\/?page_id=3172"},"modified":"2018-08-29T16:36:00","modified_gmt":"2018-08-29T14:36:00","slug":"smtp-administratorow-serwerow-pocztowych","status":"publish","type":"page","link":"https:\/\/serversmtp.com\/pl\/smtp-administratorow-serwerow-pocztowych\/","title":{"rendered":"Administratorzy Serwer\u00f3w Pocztowych"},"content":{"rendered":"<p>Czy znasz <strong>dostarczalno\u015b\u0107<\/strong> i <strong>reputacj\u0119<\/strong> swojego serwera pocztowego?<br \/>\nCzy tw\u00f3j serwer jest na <strong>bia\u0142ej li\u015bcie<\/strong> wszystkich dostawc\u00f3w poczty (Gmail, Hotmail, etc.)?<br \/>\nCzy twoje IP jest na <strong>bia\u0142ej li\u015bcie<\/strong>?<\/p>\n<h3>Dostarczanie powiadomie\u0144 email<\/h3>\n<p>Je\u017celi sprzedajesz us\u0142ugi w sieci lub posiadasz <strong>sklep internetowy<\/strong>, wtedy prawdopodobnie korzystasz z <strong>powiadomie\u0144 email. <\/strong>S\u0105 one najlepszym sposobem na powiadomienie o z\u0142o\u017conym zam\u00f3wieniu lub wys\u0142anych kodach licencji, linkach aktywacyjnych i tak dalej.<\/p>\n<p>turboSMTP pozwala ci osi\u0105gn\u0105\u0107 skrzynk\u0119 odbiorcz\u0105 adresata <strong>unikaj\u0105c filtr\u00f3w anty spamowych lub czarnych\/szarych list<\/strong>.<\/p>\n<p>Nasze doskona\u0142e serwery pocztowe s\u0105 <strong>skalowalne<\/strong> i <strong>super bezpieczne<\/strong>, zaprojektowane do dystrybucji <strong>zmiennych ilo\u015bci wiadomo\u015bci<\/strong> z najszybsz\u0105 mo\u017cliw\u0105 <strong>pr\u0119dko\u015bci\u0105<\/strong> i <strong>wsp\u00f3\u0142czynnikiem dostarczenia<\/strong>.<\/p>\n<p>Jest wiele wspania\u0142ych korzy\u015bci przy wybraniu\u00a0turboSMTP zamiast w\u0142asnego serwera\u00a0SMTP:<\/p>\n<ul>\n<li>Niesamowita <strong>stabilno\u015b\u0107<\/strong><\/li>\n<li>Szybkie <strong>dostarczenie<\/strong><\/li>\n<li>Rozszerzone <strong>bezpiecze\u0144stwo<\/strong><\/li>\n<li><strong>Kooperacja z\u00a0<\/strong>ISP<\/li>\n<li>SPF\/Sender<strong> ID Authentication<\/strong><\/li>\n<li>Dost\u0119p do\u00a0<strong>Plik\u00f3w\u00a0Loga<\/strong> SMTP<\/li>\n<li><strong>Elastyczny cennik<\/strong><\/li>\n<\/ul>\n<p>turboSMTP jest<strong> \u0142atwy w integracji<\/strong> z wszystkimi g\u0142\u00f3wnymi systemami serwerowymi i oprogramowaniem, w\u0142\u0105cznie z\u00a0 <strong>Microsoft Windows Server<\/strong>, <strong>Sendmail<\/strong>, i <strong>Postfix<\/strong>.<\/p>\n<p>Dodatkowo, nasz <strong>do\u015bwiadczony zesp\u00f3\u0142 techniczny<\/strong> b\u0119dzie gotowy\u00a0do pomocy ze \u015bwiatowej klasy <strong>wsparciem\u00a0<\/strong><strong>24\/7\/365<\/strong>.<\/p>\n<h3>Poczuj r\u00f3\u017cnic\u0119<\/h3>\n<p>Oferujemy<strong> r\u00f3\u017cne pakiety<\/strong>, tak \u017ce b\u0119dziesz m\u00f3g\u0142 wybra\u0107 to co najlepiej b\u0119dzie pasowa\u0107 do potrzeb twojej firmy.<\/p>\n<p>Je\u017celi chcesz z\u0142o\u017cy\u0107 <strong>zapytanie ofertowe<\/strong>, prosimy\u00a0<span class=\"startLink\"><a title=\"Wycena us\u0142ugi SMTP \" href=\"\/pl\/contact.php\">o kontakt<\/a>.<\/span><\/p>\n","protected":false},"excerpt":{"rendered":"<p>Czy znasz dostarczalno\u015b\u0107 i reputacj\u0119 swojego serwera pocztowego? Czy tw\u00f3j serwer jest na bia\u0142ej li\u015bcie wszystkich dostawc\u00f3w poczty (Gmail, Hotmail, etc.)? Czy twoje IP jest na bia\u0142ej li\u015bcie? Dostarczanie powiadomie\u0144 email Je\u017celi sprzedajesz us\u0142ugi w sieci lub posiadasz sklep internetowy, wtedy prawdopodobnie korzystasz z powiadomie\u0144 email. S\u0105 one najlepszym sposobem na powiadomienie o z\u0142o\u017conym zam\u00f3wieniu &#8230; <\/p>\n<p class=\"read-more-container\"><a title=\"Administratorzy Serwer\u00f3w Pocztowych\" class=\"read-more button\" href=\"https:\/\/serversmtp.com\/pl\/smtp-administratorow-serwerow-pocztowych\/#more-3172\" aria-label=\"Read more about Administratorzy Serwer\u00f3w Pocztowych\">Discover more<\/a><\/p>\n","protected":false},"author":3,"featured_media":0,"parent":0,"menu_order":0,"comment_status":"closed","ping_status":"closed","template":"g1_template_page_sidebar_right.php","meta":{"_eb_attr":"","inline_featured_image":false,"_monsterinsights_skip_tracking":false,"_monsterinsights_sitenote_active":false,"_monsterinsights_sitenote_note":"","_monsterinsights_sitenote_category":0,"footnotes":""},"class_list":["post-3172","page","type-page","status-publish"],"yoast_head":"<!-- This site is optimized with the Yoast SEO plugin v25.3.1 - https:\/\/yoast.com\/wordpress\/plugins\/seo\/ -->\n<title>Administratorzy Serwer\u00f3w Pocztowych - smtp mail server - professional SMTP service provider<\/title>\n<meta name=\"robots\" content=\"index, follow, max-snippet:-1, max-image-preview:large, max-video-preview:-1\" \/>\n<link rel=\"canonical\" href=\"https:\/\/serversmtp.com\/pl\/smtp-administratorow-serwerow-pocztowych\/\" \/>\n<meta name=\"twitter:label1\" content=\"Szacowany czas czytania\" \/>\n\t<meta name=\"twitter:data1\" content=\"1 minuta\" \/>\n<!-- \/ Yoast SEO plugin. -->","yoast_head_json":{"title":"Administratorzy Serwer\u00f3w Pocztowych - smtp mail server - professional SMTP service provider","robots":{"index":"index","follow":"follow","max-snippet":"max-snippet:-1","max-image-preview":"max-image-preview:large","max-video-preview":"max-video-preview:-1"},"canonical":"https:\/\/serversmtp.com\/pl\/smtp-administratorow-serwerow-pocztowych\/","twitter_misc":{"Szacowany czas czytania":"1 minuta"},"schema":{"@context":"https:\/\/schema.org","@graph":[{"@type":"WebPage","@id":"https:\/\/serversmtp.com\/pl\/smtp-administratorow-serwerow-pocztowych\/","url":"https:\/\/serversmtp.com\/pl\/smtp-administratorow-serwerow-pocztowych\/","name":"Administratorzy Serwer\u00f3w Pocztowych - smtp mail server - professional SMTP service provider","isPartOf":{"@id":"https:\/\/serversmtp.com\/de\/#website"},"datePublished":"2018-04-26T13:52:43+00:00","dateModified":"2018-08-29T14:36:00+00:00","breadcrumb":{"@id":"https:\/\/serversmtp.com\/pl\/smtp-administratorow-serwerow-pocztowych\/#breadcrumb"},"inLanguage":"pl-PL","potentialAction":[{"@type":"ReadAction","target":["https:\/\/serversmtp.com\/pl\/smtp-administratorow-serwerow-pocztowych\/"]}]},{"@type":"BreadcrumbList","@id":"https:\/\/serversmtp.com\/pl\/smtp-administratorow-serwerow-pocztowych\/#breadcrumb","itemListElement":[{"@type":"ListItem","position":1,"name":"Home","item":"https:\/\/serversmtp.com\/pl\/"},{"@type":"ListItem","position":2,"name":"Administratorzy Serwer\u00f3w Pocztowych"}]},{"@type":"WebSite","@id":"https:\/\/serversmtp.com\/de\/#website","url":"https:\/\/serversmtp.com\/de\/","name":"smtp mail server - professional SMTP service provider","description":"smtp mail server - professional SMTP service provider","publisher":{"@id":"https:\/\/serversmtp.com\/de\/#organization"},"potentialAction":[{"@type":"SearchAction","target":{"@type":"EntryPoint","urlTemplate":"https:\/\/serversmtp.com\/de\/?s={search_term_string}"},"query-input":{"@type":"PropertyValueSpecification","valueRequired":true,"valueName":"search_term_string"}}],"inLanguage":"pl-PL"},{"@type":"Organization","@id":"https:\/\/serversmtp.com\/de\/#organization","name":"Delivery Tech","url":"https:\/\/serversmtp.com\/de\/","logo":{"@type":"ImageObject","inLanguage":"pl-PL","@id":"https:\/\/serversmtp.com\/de\/#\/schema\/logo\/image\/","url":"https:\/\/serversmtp.com\/wp-content\/uploads\/2021\/11\/og-image-2.jpg","contentUrl":"https:\/\/serversmtp.com\/wp-content\/uploads\/2021\/11\/og-image-2.jpg","width":1200,"height":1128,"caption":"Delivery Tech"},"image":{"@id":"https:\/\/serversmtp.com\/de\/#\/schema\/logo\/image\/"}}]}},"_links":{"self":[{"href":"https:\/\/serversmtp.com\/pl\/wp-json\/wp\/v2\/pages\/3172"}],"collection":[{"href":"https:\/\/serversmtp.com\/pl\/wp-json\/wp\/v2\/pages"}],"about":[{"href":"https:\/\/serversmtp.com\/pl\/wp-json\/wp\/v2\/types\/page"}],"author":[{"embeddable":true,"href":"https:\/\/serversmtp.com\/pl\/wp-json\/wp\/v2\/users\/3"}],"replies":[{"embeddable":true,"href":"https:\/\/serversmtp.com\/pl\/wp-json\/wp\/v2\/comments?post=3172"}],"version-history":[{"count":3,"href":"https:\/\/serversmtp.com\/pl\/wp-json\/wp\/v2\/pages\/3172\/revisions"}],"predecessor-version":[{"id":4890,"href":"https:\/\/serversmtp.com\/pl\/wp-json\/wp\/v2\/pages\/3172\/revisions\/4890"}],"wp:attachment":[{"href":"https:\/\/serversmtp.com\/pl\/wp-json\/wp\/v2\/media?parent=3172"}],"curies":[{"name":"wp","href":"https:\/\/api.w.org\/{rel}","templated":true}]}}