{"id":3169,"date":"2018-04-26T15:50:49","date_gmt":"2018-04-26T13:50:49","guid":{"rendered":"https:\/\/dev.serversmtp.com\/?page_id=3169"},"modified":"2018-08-29T16:43:07","modified_gmt":"2018-08-29T14:43:07","slug":"smtp-uzytkownikow-domowych-malego-biznesu","status":"publish","type":"page","link":"https:\/\/serversmtp.com\/pl\/smtp-uzytkownikow-domowych-malego-biznesu\/","title":{"rendered":"U\u017cytkownicy Domowi i Ma\u0142y Biznes"},"content":{"rendered":"<p>turboSMTP rozwi\u0105zuje wszystkie codzienne problemy z emailami, pozwalaj\u0105c ci na wysy\u0142anie <strong>swoich prywatnych i\u00a0s\u0142u\u017cbowych emaili z komputera w domu\u00a0i biurze<\/strong>, korzystaj\u0105c z dowolnego adresu, kt\u00f3ry posiadasz.<\/p>\n<p>Tylko <strong>ustaw raz parametry smtp<\/strong>, w swoim laptopie\u00a0lub komputerze, a b\u0119dziesz w stanie wysy\u0142a\u0107 <strong>emaile z dowolnego po\u0142\u0105czenia internetowego<\/strong>, uzyskuj\u0105c <strong>maksymalne wsp\u00f3\u0142czynniki dostarczenia<\/strong>.<\/p>\n<h3>Jedno konto, wiele zalet<\/h3>\n<p>Konto\u00a0turboSMTP daje ci tak wiele <strong>korzy\u015bci<\/strong>:<\/p>\n<ul>\n<li>Wysy\u0142aj emaile z <strong>w\u0142asnej domeny<\/strong><\/li>\n<li>U\u017cywaj <strong>tych samych ustawie\u0144 SMTP <\/strong>na wszystkich komputerach<\/li>\n<li><strong>Nieograniczone\u00a0 <\/strong>adresy<strong> \u2018Od\u2019<\/strong><\/li>\n<li>Wysy\u0142aj <strong>emaile na czas<\/strong>, unikaj\u0105c op\u00f3\u017anie\u0144 serwer\u00f3w pocztowych lub b\u0142\u0119d\u00f3w<\/li>\n<li><strong>Monitoruj<\/strong> wszystkie wychodz\u0105ce wiadomo\u015bci<\/li>\n<\/ul>\n<p>i wiele, wiele wi\u0119cej&#8230;<\/p>\n<p>turboSMTP dzia\u0142a z <strong>wszystkimi klientami poczty<\/strong>, w\u0142\u0105cznie z :<\/p>\n<ul>\n<li>Microsoft Outlook<\/li>\n<li>Microsoft Windows Mail<\/li>\n<li>Mozilla Thunderbird<\/li>\n<li>Apple Mac Mail<\/li>\n<\/ul>\n<h3>Przewodniki<\/h3>\n<p>Nasze\u00a0<strong><a href=\"\/pl\/knowledgebase.php?action=displaycat&amp;catid=1\">przewodniki krok-po-kroku\u00a0<\/a><\/strong> pomog\u0105 ci skonfigurowa\u0107 wszystkie g\u0142\u00f3wne programy pocztowe, z ustawieniami dla\u00a0turboSMTP.<\/p>\n<h3>Poczuj r\u00f3\u017cnic\u0119<\/h3>\n<p>Oferujemy\u00a0<strong>r\u00f3\u017cne pakiety<\/strong>, tak \u017ce mo\u017cesz wybra\u0107 co najlepiej pasuje do twoich potrzeb &#8211; zaczynaj\u0105c ju\u017c od 7 $\u00a0za miesi\u0105c.<\/p>\n<p class=\"startLink\"><a title=\"Zacznij wysy\u0142a\u0107 swoje emaile z turboSMTP w ci\u0105gu kilku minut...\" href=\"\/pl\/order.php\">Zacznij wysy\u0142a\u0107 swoje\u00a0emaile\u00a0z turboSMTP w ci\u0105gu kilku minut&#8230;<\/a><\/p>\n","protected":false},"excerpt":{"rendered":"<p>turboSMTP rozwi\u0105zuje wszystkie codzienne problemy z emailami, pozwalaj\u0105c ci na wysy\u0142anie swoich prywatnych i\u00a0s\u0142u\u017cbowych emaili z komputera w domu\u00a0i biurze, korzystaj\u0105c z dowolnego adresu, kt\u00f3ry posiadasz. Tylko ustaw raz parametry smtp, w swoim laptopie\u00a0lub komputerze, a b\u0119dziesz w stanie wysy\u0142a\u0107 emaile z dowolnego po\u0142\u0105czenia internetowego, uzyskuj\u0105c maksymalne wsp\u00f3\u0142czynniki dostarczenia. Jedno konto, wiele zalet Konto\u00a0turboSMTP daje [&hellip;]<\/p>\n","protected":false},"author":3,"featured_media":0,"parent":0,"menu_order":0,"comment_status":"closed","ping_status":"closed","template":"g1_template_page_sidebar_right.php","meta":[],"yoast_head":"<!-- This site is optimized with the Yoast SEO plugin v16.4 - https:\/\/yoast.com\/wordpress\/plugins\/seo\/ -->\n<meta name=\"robots\" content=\"index, follow, max-snippet:-1, max-image-preview:large, max-video-preview:-1\" \/>\n<link rel=\"canonical\" href=\"https:\/\/serversmtp.com\/pl\/smtp-uzytkownikow-domowych-malego-biznesu\/\" \/>\n<meta property=\"og:locale\" content=\"pl_PL\" \/>\n<meta property=\"og:type\" content=\"article\" \/>\n<meta property=\"og:title\" content=\"U\u017cytkownicy Domowi i Ma\u0142y Biznes - smtp mail server - professional SMTP service provider\" \/>\n<meta property=\"og:description\" content=\"turboSMTP rozwi\u0105zuje wszystkie codzienne problemy z emailami, pozwalaj\u0105c ci na wysy\u0142anie swoich prywatnych i\u00a0s\u0142u\u017cbowych emaili z komputera w domu\u00a0i biurze, korzystaj\u0105c z dowolnego adresu, kt\u00f3ry posiadasz. Tylko ustaw raz parametry smtp, w swoim laptopie\u00a0lub komputerze, a b\u0119dziesz w stanie wysy\u0142a\u0107 emaile z dowolnego po\u0142\u0105czenia internetowego, uzyskuj\u0105c maksymalne wsp\u00f3\u0142czynniki dostarczenia. Jedno konto, wiele zalet Konto\u00a0turboSMTP daje [&hellip;]\" \/>\n<meta property=\"og:url\" content=\"https:\/\/serversmtp.com\/pl\/smtp-uzytkownikow-domowych-malego-biznesu\/\" \/>\n<meta property=\"og:site_name\" content=\"smtp mail server - professional SMTP service provider\" \/>\n<meta property=\"article:modified_time\" content=\"2018-08-29T14:43:07+00:00\" \/>\n<meta name=\"twitter:card\" content=\"summary_large_image\" \/>\n<meta name=\"twitter:label1\" content=\"Szacowany czas czytania\" \/>\n\t<meta name=\"twitter:data1\" content=\"1 minuta\" \/>\n<script type=\"application\/ld+json\" class=\"yoast-schema-graph\">{\"@context\":\"https:\/\/schema.org\",\"@graph\":[{\"@type\":\"WebSite\",\"@id\":\"https:\/\/serversmtp.com\/#website\",\"url\":\"https:\/\/serversmtp.com\/\",\"name\":\"smtp mail server - professional SMTP service provider\",\"description\":\"smtp mail server - professional SMTP service provider \",\"potentialAction\":[{\"@type\":\"SearchAction\",\"target\":\"https:\/\/serversmtp.com\/?s={search_term_string}\",\"query-input\":\"required name=search_term_string\"}],\"inLanguage\":\"pl-PL\"},{\"@type\":\"WebPage\",\"@id\":\"https:\/\/serversmtp.com\/pl\/smtp-uzytkownikow-domowych-malego-biznesu\/#webpage\",\"url\":\"https:\/\/serversmtp.com\/pl\/smtp-uzytkownikow-domowych-malego-biznesu\/\",\"name\":\"U\\u017cytkownicy Domowi i Ma\\u0142y Biznes - smtp mail server - professional SMTP service provider\",\"isPartOf\":{\"@id\":\"https:\/\/serversmtp.com\/#website\"},\"datePublished\":\"2018-04-26T13:50:49+00:00\",\"dateModified\":\"2018-08-29T14:43:07+00:00\",\"breadcrumb\":{\"@id\":\"https:\/\/serversmtp.com\/pl\/smtp-uzytkownikow-domowych-malego-biznesu\/#breadcrumb\"},\"inLanguage\":\"pl-PL\",\"potentialAction\":[{\"@type\":\"ReadAction\",\"target\":[\"https:\/\/serversmtp.com\/pl\/smtp-uzytkownikow-domowych-malego-biznesu\/\"]}]},{\"@type\":\"BreadcrumbList\",\"@id\":\"https:\/\/serversmtp.com\/pl\/smtp-uzytkownikow-domowych-malego-biznesu\/#breadcrumb\",\"itemListElement\":[{\"@type\":\"ListItem\",\"position\":1,\"item\":{\"@type\":\"WebPage\",\"@id\":\"https:\/\/serversmtp.com\/pl\/\",\"url\":\"https:\/\/serversmtp.com\/pl\/\",\"name\":\"Home\"}},{\"@type\":\"ListItem\",\"position\":2,\"item\":{\"@id\":\"https:\/\/serversmtp.com\/pl\/smtp-uzytkownikow-domowych-malego-biznesu\/#webpage\"}}]}]}<\/script>\n<!-- \/ Yoast SEO plugin. -->","_links":{"self":[{"href":"https:\/\/serversmtp.com\/pl\/wp-json\/wp\/v2\/pages\/3169"}],"collection":[{"href":"https:\/\/serversmtp.com\/pl\/wp-json\/wp\/v2\/pages"}],"about":[{"href":"https:\/\/serversmtp.com\/pl\/wp-json\/wp\/v2\/types\/page"}],"author":[{"embeddable":true,"href":"https:\/\/serversmtp.com\/pl\/wp-json\/wp\/v2\/users\/3"}],"replies":[{"embeddable":true,"href":"https:\/\/serversmtp.com\/pl\/wp-json\/wp\/v2\/comments?post=3169"}],"version-history":[{"count":3,"href":"https:\/\/serversmtp.com\/pl\/wp-json\/wp\/v2\/pages\/3169\/revisions"}],"predecessor-version":[{"id":4892,"href":"https:\/\/serversmtp.com\/pl\/wp-json\/wp\/v2\/pages\/3169\/revisions\/4892"}],"wp:attachment":[{"href":"https:\/\/serversmtp.com\/pl\/wp-json\/wp\/v2\/media?parent=3169"}],"curies":[{"name":"wp","href":"https:\/\/api.w.org\/{rel}","templated":true}]}}