{"id":3166,"date":"2018-04-26T15:47:49","date_gmt":"2018-04-26T13:47:49","guid":{"rendered":"https:\/\/dev.serversmtp.com\/?page_id=3166"},"modified":"2018-08-29T17:54:52","modified_gmt":"2018-08-29T15:54:52","slug":"smtp-telefony-komorkowe-pda-uzytkownicy-iphona","status":"publish","type":"page","link":"https:\/\/serversmtp.com\/pl\/smtp-telefony-komorkowe-pda-uzytkownicy-iphona\/","title":{"rendered":"Telefony kom\u00f3rkowe, PDA i u\u017cytkownicy iPhona"},"content":{"rendered":"<p>turboSMTP jest doskona\u0142ym rozwi\u0105zaniem do wysy\u0142ania wiadomo\u015bci\u00a0<strong>kiedy si\u0119 \u015bpieszysz<\/strong> .<\/p>\n<p>Je\u017celi masz smartfona i\/lub\u00a0iPhona b\u0119dziesz w stanie wysy\u0142a\u0107\u00a0emaile <strong>gdziekolwiek jeste\u015b<\/strong> i z <strong>jakimkolwiek po\u0142\u0105czeniem,<\/strong> z kt\u00f3rego aktualnie\u00a0korzystasz.<\/p>\n<p>Wszystko co musisz zrobi\u0107 to <strong>raz skonfigurowa\u0107 swoje ustawienia smtp<\/strong>.<\/p>\n<p>Czy to korzystaj\u0105c z prywatnej sieci\u00a0Wi-Fi, UMTS\/EDGE, publicznego hotspotu Wi-Fi czy innych, turboSMTP dostarczy twoje wiadomo\u015bci szybko i bezpiecznie.<\/p>\n<h3>Utrzymywanie wydajno\u015bci w ruchu.<\/h3>\n<p>Niekt\u00f3rzy ISP mog\u0105 blokowa\u0107 wysy\u0142anie wiadomo\u015bci chroni\u0105c przed\u00a0spamem.\u00a0Dzi\u0119ki prostej konfiguracji swoich ustawie\u0144\u00a0 SMTP w swoim mobilnym kliencie, b\u0119dziesz w stanie wysy\u0142a\u0107 <strong>emaile z dowolnego adresu, z dowolnej lokalizacji<\/strong>.<br \/>\nBez problem\u00f3w.<\/p>\n<p>turboSMTP dzia\u0142a z <strong>wszystkimi g\u0142\u00f3wnymi urz\u0105dzeniami przeno\u015bnymi<\/strong>, maj\u0105cymi dost\u0119p do Internetu, w\u0142\u0105cznie z:<\/p>\n<ul>\n<li>Telefony kom\u00f3rkowe<\/li>\n<li>Smartphony<\/li>\n<li>iPhone, iPod touch<\/li>\n<li>PDA<\/li>\n<li>Netbook<\/li>\n<\/ul>\n<h3>Poczuj r\u00f3znic\u0119.<\/h3>\n<p>Oferujemy<strong> r\u00f3\u017cne pakiety<\/strong>, tak \u017ce mo\u017cesz wybra\u0107 to co najlepiej pasuje do<strong> twoich indywidualnych potrzeb<\/strong>, zaczynaj\u0105c ju\u017c od\u00a07 $\u00a0za miesi\u0105c.<\/p>\n<p class=\"startLink\"><a title=\"Zacznij wysy\u0142a\u0107 swoje emaile z turboSMTP w ci\u0105gu kilku minut...\" href=\"\/pl\/order.php\">Zacznij wysy\u0142a\u0107 swoje emaile z turboSMTP w ci\u0105gu kilku minut&#8230;<\/a><\/p>\n","protected":false},"excerpt":{"rendered":"<p>turboSMTP jest doskona\u0142ym rozwi\u0105zaniem do wysy\u0142ania wiadomo\u015bci\u00a0kiedy si\u0119 \u015bpieszysz . Je\u017celi masz smartfona i\/lub\u00a0iPhona b\u0119dziesz w stanie wysy\u0142a\u0107\u00a0emaile gdziekolwiek jeste\u015b i z jakimkolwiek po\u0142\u0105czeniem, z kt\u00f3rego aktualnie\u00a0korzystasz. Wszystko co musisz zrobi\u0107 to raz skonfigurowa\u0107 swoje ustawienia smtp. Czy to korzystaj\u0105c z prywatnej sieci\u00a0Wi-Fi, UMTS\/EDGE, publicznego hotspotu Wi-Fi czy innych, turboSMTP dostarczy twoje wiadomo\u015bci szybko i [&hellip;]<\/p>\n","protected":false},"author":3,"featured_media":0,"parent":0,"menu_order":0,"comment_status":"closed","ping_status":"closed","template":"g1_template_page_sidebar_right.php","meta":[],"yoast_head":"<!-- This site is optimized with the Yoast SEO plugin v16.4 - https:\/\/yoast.com\/wordpress\/plugins\/seo\/ -->\n<meta name=\"robots\" content=\"index, follow, max-snippet:-1, max-image-preview:large, max-video-preview:-1\" \/>\n<link rel=\"canonical\" href=\"https:\/\/serversmtp.com\/pl\/smtp-telefony-komorkowe-pda-uzytkownicy-iphona\/\" \/>\n<meta property=\"og:locale\" content=\"pl_PL\" \/>\n<meta property=\"og:type\" content=\"article\" \/>\n<meta property=\"og:title\" content=\"Telefony kom\u00f3rkowe, PDA i u\u017cytkownicy iPhona - smtp mail server - professional SMTP service provider\" \/>\n<meta property=\"og:description\" content=\"turboSMTP jest doskona\u0142ym rozwi\u0105zaniem do wysy\u0142ania wiadomo\u015bci\u00a0kiedy si\u0119 \u015bpieszysz . Je\u017celi masz smartfona i\/lub\u00a0iPhona b\u0119dziesz w stanie wysy\u0142a\u0107\u00a0emaile gdziekolwiek jeste\u015b i z jakimkolwiek po\u0142\u0105czeniem, z kt\u00f3rego aktualnie\u00a0korzystasz. Wszystko co musisz zrobi\u0107 to raz skonfigurowa\u0107 swoje ustawienia smtp. Czy to korzystaj\u0105c z prywatnej sieci\u00a0Wi-Fi, UMTS\/EDGE, publicznego hotspotu Wi-Fi czy innych, turboSMTP dostarczy twoje wiadomo\u015bci szybko i [&hellip;]\" \/>\n<meta property=\"og:url\" content=\"https:\/\/serversmtp.com\/pl\/smtp-telefony-komorkowe-pda-uzytkownicy-iphona\/\" \/>\n<meta property=\"og:site_name\" content=\"smtp mail server - professional SMTP service provider\" \/>\n<meta property=\"article:modified_time\" content=\"2018-08-29T15:54:52+00:00\" \/>\n<meta name=\"twitter:card\" content=\"summary_large_image\" \/>\n<meta name=\"twitter:label1\" content=\"Szacowany czas czytania\" \/>\n\t<meta name=\"twitter:data1\" content=\"1 minuta\" \/>\n<script type=\"application\/ld+json\" class=\"yoast-schema-graph\">{\"@context\":\"https:\/\/schema.org\",\"@graph\":[{\"@type\":\"WebSite\",\"@id\":\"http:\/\/serversmtp.com\/#website\",\"url\":\"http:\/\/serversmtp.com\/\",\"name\":\"smtp mail server - professional SMTP service provider\",\"description\":\"smtp mail server - professional SMTP service provider \",\"potentialAction\":[{\"@type\":\"SearchAction\",\"target\":\"http:\/\/serversmtp.com\/?s={search_term_string}\",\"query-input\":\"required name=search_term_string\"}],\"inLanguage\":\"pl-PL\"},{\"@type\":\"WebPage\",\"@id\":\"https:\/\/serversmtp.com\/pl\/smtp-telefony-komorkowe-pda-uzytkownicy-iphona\/#webpage\",\"url\":\"https:\/\/serversmtp.com\/pl\/smtp-telefony-komorkowe-pda-uzytkownicy-iphona\/\",\"name\":\"Telefony kom\\u00f3rkowe, PDA i u\\u017cytkownicy iPhona - smtp mail server - professional SMTP service provider\",\"isPartOf\":{\"@id\":\"http:\/\/serversmtp.com\/#website\"},\"datePublished\":\"2018-04-26T13:47:49+00:00\",\"dateModified\":\"2018-08-29T15:54:52+00:00\",\"breadcrumb\":{\"@id\":\"https:\/\/serversmtp.com\/pl\/smtp-telefony-komorkowe-pda-uzytkownicy-iphona\/#breadcrumb\"},\"inLanguage\":\"pl-PL\",\"potentialAction\":[{\"@type\":\"ReadAction\",\"target\":[\"https:\/\/serversmtp.com\/pl\/smtp-telefony-komorkowe-pda-uzytkownicy-iphona\/\"]}]},{\"@type\":\"BreadcrumbList\",\"@id\":\"https:\/\/serversmtp.com\/pl\/smtp-telefony-komorkowe-pda-uzytkownicy-iphona\/#breadcrumb\",\"itemListElement\":[{\"@type\":\"ListItem\",\"position\":1,\"item\":{\"@type\":\"WebPage\",\"@id\":\"https:\/\/staging.serversmtp.com\/pl\/home\/\",\"url\":\"https:\/\/staging.serversmtp.com\/pl\/home\/\",\"name\":\"Home\"}},{\"@type\":\"ListItem\",\"position\":2,\"item\":{\"@id\":\"https:\/\/serversmtp.com\/pl\/smtp-telefony-komorkowe-pda-uzytkownicy-iphona\/#webpage\"}}]}]}<\/script>\n<!-- \/ Yoast SEO plugin. -->","_links":{"self":[{"href":"https:\/\/serversmtp.com\/pl\/wp-json\/wp\/v2\/pages\/3166"}],"collection":[{"href":"https:\/\/serversmtp.com\/pl\/wp-json\/wp\/v2\/pages"}],"about":[{"href":"https:\/\/serversmtp.com\/pl\/wp-json\/wp\/v2\/types\/page"}],"author":[{"embeddable":true,"href":"https:\/\/serversmtp.com\/pl\/wp-json\/wp\/v2\/users\/3"}],"replies":[{"embeddable":true,"href":"https:\/\/serversmtp.com\/pl\/wp-json\/wp\/v2\/comments?post=3166"}],"version-history":[{"count":3,"href":"https:\/\/serversmtp.com\/pl\/wp-json\/wp\/v2\/pages\/3166\/revisions"}],"predecessor-version":[{"id":4919,"href":"https:\/\/serversmtp.com\/pl\/wp-json\/wp\/v2\/pages\/3166\/revisions\/4919"}],"wp:attachment":[{"href":"https:\/\/serversmtp.com\/pl\/wp-json\/wp\/v2\/media?parent=3166"}],"curies":[{"name":"wp","href":"https:\/\/api.w.org\/{rel}","templated":true}]}}