{"id":3163,"date":"2018-04-26T15:45:40","date_gmt":"2018-04-26T13:45:40","guid":{"rendered":"https:\/\/dev.serversmtp.com\/?page_id=3163"},"modified":"2025-10-23T11:00:33","modified_gmt":"2025-10-23T09:00:33","slug":"mozliwosci","status":"publish","type":"page","link":"https:\/\/serversmtp.com\/pl\/mozliwosci\/","title":{"rendered":"Mo\u017cliwo\u015bci"},"content":{"rendered":"<p>turboSMTP jest doskona\u0142y dla ka\u017cdego kto szuka mo\u017cliwo\u015bci bardziej efektywnego wysy\u0142ania emaili i z lepszymi rezultatami .<\/p>\n<ul class=\"featuresBoxes featuresBoxes-pl\">\n<li class=\"doubleli-box\"><a title=\"NAPRAWD\u0118  NIEZAWODNE SERWERY\"><span class=\"features-rev2018-title\">NAPRAWD\u0118  NIEZAWODNE SERWERY<\/span><br \/>\n<span class=\"features-rev2018-description\"><img decoding=\"async\" class=\"wp-image-2509\" src=\"\/wp-content\/uploads\/2018\/04\/server1.png\" alt=\"NAPRAWD\u0118  NIEZAWODNE SERWERY\" width=\"50\" height=\"50\" srcset=\"https:\/\/serversmtp.com\/wp-content\/uploads\/2018\/04\/server1.png 64w, https:\/\/serversmtp.com\/wp-content\/uploads\/2018\/04\/server1-55x55.png 55w\" sizes=\"(max-width: 50px) 100vw, 50px\" \/>Nasze zaufane serwery z bia\u0142ych list przy\u015bpiesz\u0105 twoje wsp\u00f3\u0142czynniki dostarczenia dzi\u0119ki unikaniu wci\u0105gni\u0119cia na czarn\u0105 list\u0119 oraz redukcji odfiltrowanych wiadomo\u015bci<\/span><br \/>\n \t<\/a><\/li>\n<li class=\"half-leftli-box\"><a title=\"RELACJE Z ISP\"><span class=\"features-rev2018-title\">RELACJE Z ISP<\/span><br \/>\n<span class=\"features-rev2018-description\"><img decoding=\"async\" class=\"wp-image-1713\" src=\"\/wp-content\/uploads\/2018\/03\/reliable-servers-ISP-relationships.png\" alt=\"RELACJE Z ISP\" width=\"50\" height=\"50\" \/>Prowadzimy blisk\u0105 komunikacj\u0119 z g\u0142\u00f3wnymi ISP i zbieramy opinie w celu maksymalizacji \ufeff dostarczonych emaili.<\/span><br \/>\n<\/a><\/li>\n<li class=\"half-rightli-box\"><a title=\"\u0141ATWA I SZYBKA INSTALACJA\"><span class=\"features-rev2018-title\">\u0141ATWA I SZYBKA INSTALACJA<\/span><br \/>\n<span class=\"features-rev2018-description\"><img decoding=\"async\" class=\"wp-image-1716\" src=\"\/wp-content\/uploads\/2018\/03\/step-by-step-tutorials.png\" alt=\"\u0141ATWA I SZYBKA INSTALACJA\" width=\"50\" height=\"50\" \/>\u017badnej instalacji oprogramowania. Po prostu uwierzytelnij swojego klienta poczty, wprowadzaj\u0105c \u2018turbo-smtp.com\u2019 i korzystaj\u0105c z API Keys (Consumer Key i Consumer Secret) w twoich ustawieniach SMTP. Ustaw raz i z g\u0142owy!<\/span><br \/>\n<\/a><\/li>\n<li class=\"half-leftli-box\"><a title=\"ELASTYCZNE PLANY US\u0141UG\" ><span class=\"features-rev2018-title\">ELASTYCZNE PLANY US\u0141UG<\/span><br \/>\n<span class=\"features-rev2018-description\"><img decoding=\"async\" class=\"wp-image-1695\" src=\"\/wp-content\/uploads\/2018\/03\/flexible-service-plans.png\" alt=\"ELASTYCZNE PLANY US\u0141UG\" width=\"50\" height=\"50\" \/>Nasze pakiety s\u0105 dostosowane do potrzeb r\u00f3\u017cnych klient\u00f3w w\u0142\u0105cznie z u\u017cytkownikami telefon\u00f3w kom\u00f3rkowych, u\u017cytkownik\u00f3w domowych i ma\u0142ego biznesu oraz administrator\u00f3w serwer\u00f3w poczty.<\/span><br \/>\n<\/a><\/li>\n<li class=\"half-rightli-box\"><a title=\"KOMPATYBILNY Z DOWOLN\u0104 US\u0141UG\u0104 INTERNETOW\u0104\" ><span class=\"features-rev2018-title\">KOMPATYBILNY Z DOWOLN\u0104 US\u0141UG\u0104 INTERNETOW\u0104<\/span><br \/>\n<span class=\"features-rev2018-description\"><img decoding=\"async\" class=\"alignnone size-full wp-image-2502\" src=\"\/wp-content\/uploads\/2018\/04\/network.png\" alt=\"KOMPATYBILNY Z DOWOLN\u0104 US\u0141UG\u0104 INTERNETOW\u0104\" width=\"50\" height=\"50\" srcset=\"https:\/\/serversmtp.com\/wp-content\/uploads\/2018\/04\/network.png 64w, https:\/\/serversmtp.com\/wp-content\/uploads\/2018\/04\/network-55x55.png 55w\" sizes=\"(max-width: 50px) 100vw, 50px\" \/>turboSMTP dzia\u0142a z dowolnym dostawc\u0105 Internetu na \u015bwiecie, w\u0142\u0105cznie z g\u0142\u00f3wnymi sieciami szerokopasmowymi oraz publicznymi punktami dost\u0119powymi wi-fi.<\/span><br \/>\n<\/a><\/li>\n<li class=\"half-leftli-box\"><a title=\"KOMPATYBILNE Z WSZYSTKIMI G\u0141\u00d3WNYMI KLIENTAMI POCZTY\" href=\"\/en\/compatible-with-all-major-clients\"><span class=\"features-rev2018-title\">KOMPATYBILNE Z WSZYSTKIMI G\u0141\u00d3WNYMI KLIENTAMI POCZTY<\/span><br \/>\n<span class=\"features-rev2018-description\"><img decoding=\"async\" class=\"wp-image-1692\" src=\"\/wp-content\/uploads\/2018\/03\/compatible-with-all-major-clients.png\" alt=\"KOMPATYBILNE Z WSZYSTKIMI G\u0141\u00d3WNYMI KLIENTAMI POCZTY\" width=\"50\" height=\"50\" \/>Wszystkie g\u0142\u00f3wne programy pocztowe s\u0105 kompatybilne z us\u0142ug\u0105 turboSMTP, w\u0142\u0105cznie z wszystkimi wersjami  Microsoft Outlook, Microsoft Vista Mail, Microsoft Outlook Express, Mozilla Thunderbird, Opera Mail, Netscape Mail, Apple iPhone, i wiele innych.<\/span><br \/>\n<\/a><\/li>\n<li class=\"half-rightli-box\"><a title=\"\u015aLEDZENIE EMAILI I RAPORTOWANIE\" href=\"\/en\/compatible-with-all-major-clients\"><span class=\"features-rev2018-title\">\u015aLEDZENIE EMAILI I RAPORTOWANIE<\/span><br \/>\n<span class=\"features-rev2018-description\"><img decoding=\"async\" class=\"alignnone size-full wp-image-2486\" src=\"\/wp-content\/uploads\/2018\/04\/ethereal.png\" alt=\"\u015aLEDZENIE EMAILI I RAPORTOWANIE\" width=\"50\" height=\"50\" srcset=\"https:\/\/serversmtp.com\/wp-content\/uploads\/2018\/04\/ethereal.png 64w, https:\/\/serversmtp.com\/wp-content\/uploads\/2018\/04\/ethereal-55x55.png 55w\" sizes=\"(max-width: 50px) 100vw, 50px\" \/>\u015aled\u017a wszystkie swoje wychodz\u0105ce wiadomo\u015bci ze szczeg\u00f3\u0142owymi statystykami i grafik\u0105 na twoim koncie, w obszarze zarz\u0105dzania oraz pobieraj szczeg\u00f3\u0142owe raporty z dostarczenia wiadomo\u015bci w formacie pliku  (csv), w celu lepszej analizy.<\/span><br \/>\n<\/a><\/li>\n<li class=\"half-leftli-box\"><a title=\"ZARZ\u0104DZANIE ZWROTAMI\" href=\"\/en\/compatible-with-all-major-clients\"><span class=\"features-rev2018-title\">ZARZ\u0104DZANIE ZWROTAMI<\/span><br \/>\n<span class=\"features-rev2018-description\"><img decoding=\"async\" class=\"wp-image-2493\" src=\"\/wp-content\/uploads\/2018\/04\/mail_message2.png\" alt=\"ZARZ\u0104DZANIE ZWROTAMI\" width=\"50\" height=\"50\" srcset=\"https:\/\/serversmtp.com\/wp-content\/uploads\/2018\/04\/mail_message2.png 64w, https:\/\/serversmtp.com\/wp-content\/uploads\/2018\/04\/mail_message2-55x55.png 55w\" sizes=\"(max-width: 50px) 100vw, 50px\" \/>Sprawdzaj poszczeg\u00f3lne zwr\u00f3cone wiadomo\u015bci i dowiedz si\u0119 dlaczego wr\u00f3ci\u0142y od ich zaplanowanych odbiorc\u00f3w.<\/span><br \/>\n<\/a><\/li>\n<li class=\"half-rightli-box\"><a title=\"PRZEWODNIK KROK-po-KROKU\" href=\"\/en\/compatible-with-all-major-clients\"><span class=\"features-rev2018-title\">PRZEWODNIK KROK-po-KROKU<\/span><br \/>\n<span class=\"features-rev2018-description\"><img decoding=\"async\" class=\"wp-image-2505\" src=\"\/wp-content\/uploads\/2018\/04\/package_education.png\" alt=\"PRZEWODNIK KROK-po-KROKU\" width=\"50\" height=\"50\" srcset=\"https:\/\/serversmtp.com\/wp-content\/uploads\/2018\/04\/package_education.png 64w, https:\/\/serversmtp.com\/wp-content\/uploads\/2018\/04\/package_education-55x55.png 55w\" sizes=\"(max-width: 50px) 100vw, 50px\" \/>Stworzyli\u015bmy kilka szczeg\u00f3\u0142owych przewodnik\u00f3w, kt\u00f3re pomog\u0105 ci skonfigurowa\u0107 najbardziej popularnych klient\u00f3w email do pracy z twoim kontem turboSMTP.\ufeff<\/span><br \/>\n<\/a><\/li>\n<li class=\"half-leftli-box\"><a title=\"DOSKONA\u0141A OBS\u0141UGA KLIENTA\" href=\"\/en\/multilanguage-customer-support\"><span class=\"features-rev2018-title\">DOSKONA\u0141A OBS\u0141UGA KLIENTA<\/span><br \/>\n<span class=\"features-rev2018-description\"><img decoding=\"async\" class=\"wp-image-1704\" src=\"\/wp-content\/uploads\/2018\/03\/multilanguage-customer-support.png\" alt=\"DOSKONA\u0141A OBS\u0141UGA KLIENTA\" width=\"50\" height=\"50\" \/>Dedykowany zesp\u00f3\u0142 profesjonalist\u00f3w jest gotowy aby ci pom\u00f3c z dowolnym problemem technicznym, jak r\u00f3wnie\u017c innym zapytaniem przez e-mail: 24 godziny dziennie, 7 dni w tygodniu, 365 dni w roku.<\/span><br \/>\n<\/a><\/li>\n<li class=\"half-rightli-box\"><a title=\"100% GWARANCJA ZWROTU PIENI\u0118DZY\" href=\"\/en\/money-back-guarantee\"><span class=\"features-rev2018-title\">100% GWARANCJA ZWROTU PIENI\u0118DZY<\/span><br \/>\n<span class=\"features-rev2018-description\"><img decoding=\"async\" class=\"wp-image-1701\" src=\"\/wp-content\/uploads\/2018\/03\/money-back-guarantee.png\" alt=\"100% GWARANCJA ZWROTU PIENI\u0118DZY\" width=\"50\" height=\"50\" \/>Us\u0142ugi turboSMTP daj\u0105 gwarancj\u0119 zadowolenia przez 15 dni dla wszystkich nowych klient\u00f3w turboSMTP.<br \/>\nPe\u0142ny zwrot jest gwarantowany dla wszystkich nowych kont turboSMTP anulowanych w ci\u0105gu pierwszych 15 dni lub te\u017c do chwili wys\u0142ania przez u\u017cytkownika 100 wiadomo\u015bci (co mo\u017ce by\u0107 szybsze).<\/span><\/a><\/li>\n<\/ul>\n","protected":false},"excerpt":{"rendered":"<p>turboSMTP jest doskona\u0142y dla ka\u017cdego kto szuka mo\u017cliwo\u015bci bardziej efektywnego wysy\u0142ania emaili i z lepszymi rezultatami . NAPRAWD\u0118 NIEZAWODNE SERWERY Nasze zaufane serwery z bia\u0142ych list przy\u015bpiesz\u0105 twoje wsp\u00f3\u0142czynniki dostarczenia dzi\u0119ki unikaniu wci\u0105gni\u0119cia na czarn\u0105 list\u0119 oraz redukcji odfiltrowanych wiadomo\u015bci RELACJE Z ISP Prowadzimy blisk\u0105 komunikacj\u0119 z g\u0142\u00f3wnymi ISP i zbieramy opinie w celu maksymalizacji &#8230; <\/p>\n<p class=\"read-more-container\"><a title=\"Mo\u017cliwo\u015bci\" class=\"read-more button\" href=\"https:\/\/serversmtp.com\/pl\/mozliwosci\/#more-3163\" aria-label=\"Read more about Mo\u017cliwo\u015bci\">Discover more<\/a><\/p>\n","protected":false},"author":3,"featured_media":0,"parent":0,"menu_order":0,"comment_status":"closed","ping_status":"closed","template":"","meta":{"_eb_attr":"","inline_featured_image":false,"_monsterinsights_skip_tracking":false,"_monsterinsights_sitenote_active":false,"_monsterinsights_sitenote_note":"","_monsterinsights_sitenote_category":0,"footnotes":""},"class_list":["post-3163","page","type-page","status-publish"],"yoast_head":"<!-- This site is optimized with the Yoast SEO plugin v25.3.1 - https:\/\/yoast.com\/wordpress\/plugins\/seo\/ -->\n<title>Mo\u017cliwo\u015bci - smtp mail server - professional SMTP service provider<\/title>\n<meta name=\"robots\" content=\"index, follow, max-snippet:-1, max-image-preview:large, max-video-preview:-1\" \/>\n<link rel=\"canonical\" href=\"https:\/\/serversmtp.com\/pl\/mozliwosci\/\" \/>\n<meta name=\"twitter:label1\" content=\"Szacowany czas czytania\" \/>\n\t<meta name=\"twitter:data1\" content=\"4 minuty\" \/>\n<!-- \/ Yoast SEO plugin. -->","yoast_head_json":{"title":"Mo\u017cliwo\u015bci - smtp mail server - professional SMTP service provider","robots":{"index":"index","follow":"follow","max-snippet":"max-snippet:-1","max-image-preview":"max-image-preview:large","max-video-preview":"max-video-preview:-1"},"canonical":"https:\/\/serversmtp.com\/pl\/mozliwosci\/","twitter_misc":{"Szacowany czas czytania":"4 minuty"},"schema":{"@context":"https:\/\/schema.org","@graph":[{"@type":"WebPage","@id":"https:\/\/serversmtp.com\/pl\/mozliwosci\/","url":"https:\/\/serversmtp.com\/pl\/mozliwosci\/","name":"Mo\u017cliwo\u015bci - smtp mail server - professional SMTP service provider","isPartOf":{"@id":"https:\/\/serversmtp.com\/es\/#website"},"datePublished":"2018-04-26T13:45:40+00:00","dateModified":"2025-10-23T09:00:33+00:00","breadcrumb":{"@id":"https:\/\/serversmtp.com\/pl\/mozliwosci\/#breadcrumb"},"inLanguage":"pl-PL","potentialAction":[{"@type":"ReadAction","target":["https:\/\/serversmtp.com\/pl\/mozliwosci\/"]}]},{"@type":"BreadcrumbList","@id":"https:\/\/serversmtp.com\/pl\/mozliwosci\/#breadcrumb","itemListElement":[{"@type":"ListItem","position":1,"name":"Home","item":"https:\/\/serversmtp.com\/pl\/"},{"@type":"ListItem","position":2,"name":"Mo\u017cliwo\u015bci"}]},{"@type":"WebSite","@id":"https:\/\/serversmtp.com\/es\/#website","url":"https:\/\/serversmtp.com\/es\/","name":"smtp mail server - professional SMTP service provider","description":"smtp mail server - professional SMTP service provider","publisher":{"@id":"https:\/\/serversmtp.com\/es\/#organization"},"potentialAction":[{"@type":"SearchAction","target":{"@type":"EntryPoint","urlTemplate":"https:\/\/serversmtp.com\/es\/?s={search_term_string}"},"query-input":{"@type":"PropertyValueSpecification","valueRequired":true,"valueName":"search_term_string"}}],"inLanguage":"pl-PL"},{"@type":"Organization","@id":"https:\/\/serversmtp.com\/es\/#organization","name":"Delivery Tech","url":"https:\/\/serversmtp.com\/es\/","logo":{"@type":"ImageObject","inLanguage":"pl-PL","@id":"https:\/\/serversmtp.com\/es\/#\/schema\/logo\/image\/","url":"https:\/\/serversmtp.com\/wp-content\/uploads\/2021\/11\/og-image-2.jpg","contentUrl":"https:\/\/serversmtp.com\/wp-content\/uploads\/2021\/11\/og-image-2.jpg","width":1200,"height":1128,"caption":"Delivery Tech"},"image":{"@id":"https:\/\/serversmtp.com\/es\/#\/schema\/logo\/image\/"}}]}},"_links":{"self":[{"href":"https:\/\/serversmtp.com\/pl\/wp-json\/wp\/v2\/pages\/3163"}],"collection":[{"href":"https:\/\/serversmtp.com\/pl\/wp-json\/wp\/v2\/pages"}],"about":[{"href":"https:\/\/serversmtp.com\/pl\/wp-json\/wp\/v2\/types\/page"}],"author":[{"embeddable":true,"href":"https:\/\/serversmtp.com\/pl\/wp-json\/wp\/v2\/users\/3"}],"replies":[{"embeddable":true,"href":"https:\/\/serversmtp.com\/pl\/wp-json\/wp\/v2\/comments?post=3163"}],"version-history":[{"count":8,"href":"https:\/\/serversmtp.com\/pl\/wp-json\/wp\/v2\/pages\/3163\/revisions"}],"predecessor-version":[{"id":22635,"href":"https:\/\/serversmtp.com\/pl\/wp-json\/wp\/v2\/pages\/3163\/revisions\/22635"}],"wp:attachment":[{"href":"https:\/\/serversmtp.com\/pl\/wp-json\/wp\/v2\/media?parent=3163"}],"curies":[{"name":"wp","href":"https:\/\/api.w.org\/{rel}","templated":true}]}}