{"id":3160,"date":"2018-04-26T15:43:04","date_gmt":"2018-04-26T13:43:04","guid":{"rendered":"https:\/\/dev.serversmtp.com\/?page_id=3160"},"modified":"2018-04-26T15:43:16","modified_gmt":"2018-04-26T13:43:16","slug":"dlaczego-turbosmtp","status":"publish","type":"page","link":"https:\/\/serversmtp.com\/pl\/dlaczego-turbosmtp\/","title":{"rendered":"Dlaczego turboSMTP"},"content":{"rendered":"<p>Jest wiele bardzo&nbsp;<strong>wa\u017cnych powod\u00f3w<\/strong>&nbsp; aby korzysta\u0107 z profesjonalnego serwera&nbsp;SMTP: w przesz\u0142o\u015bci (przed er\u0105 spamu) wysy\u0142anie maili nie by\u0142o problemem, gdy teraz jest szalenie wa\u017cnym aby sprosta\u0107&nbsp; <strong>wymaganiom<\/strong> wszystkich&nbsp;<strong>serwer\u00f3w poczty,<\/strong> tak aby&nbsp;unikn\u0105\u0107 wyl\u0105dowania wiadomo\u015bci w&nbsp;<strong>folderach ze spamem&nbsp;<\/strong>lub&nbsp;nawet&nbsp;<strong>skasowania przez serwery email<\/strong>.<\/p>\n<p>R\u00f3\u017cne serwery poczty traktuj\u0105 emaile w r\u00f3\u017cny spos\u00f3b, w zale\u017cno\u015bci od <strong>reputacji serwer\u00f3w SMTP<\/strong>, <strong>bia\u0142ych list&nbsp;<\/strong>i <strong>czarnych list<\/strong>.<\/p>\n<p>Serwery SMTP dostarczone przez&nbsp;<strong>zwyk\u0142ego ISPs<\/strong> (Dostawca Internetu&nbsp;\u2013 internetowego&nbsp;\u0142\u0105cza DSL)&nbsp;nie <strong>s\u0105 zawsze niezawodne<\/strong>: korzystaj\u0105 ze zmiennych adres\u00f3w IP i okazjonalnie jeden lub wi\u0119cej z nich pojawia si\u0119 na czarnej li\u015bcie, co mo\u017ce skutkowa\u0107&nbsp;<strong>problemami w trakcie wysy\u0142anie emaili <\/strong>.<\/p>\n<p><strong>Najgorsza<\/strong> rzecz to to, \u017ce&nbsp;<strong>nie b\u0119dziesz \u015bwiadomy&nbsp;<\/strong>tych problem\u00f3w: po prostu b\u0119dziesz wysy\u0142a\u0142 emaile i nie b\u0119dziesz wiedzia\u0142 czy zosta\u0142y dostarczone czy nie.<\/p>\n<p>Dodatkowo, <strong>je\u017celi podr\u00f3\u017cujesz <\/strong>i korzystasz z r\u00f3\u017cnych rodzaj\u00f3w po\u0142\u0105cze\u0144 internetowych&nbsp;jak Wi-fi, UMTS\/EDGE&nbsp; i tak dalej, to musisz <strong>zmienia\u0107 swoje ustawienia SMTP za ka\u017cdym razem<\/strong>.<\/p>\n<h3>&#8230;i co teraz?<\/h3>\n<p>Dostarczamy <strong>solidn\u0105<\/strong> i <strong>efektywn\u0105 kosztowo us\u0142ug\u0119 SMTP<\/strong>. Stale monitorujemy czarne listy i skupiamy si\u0119 na&nbsp;zarz\u0105dzaniu relacjami z g\u0142\u00f3wnymi dostawcami email, tak aby utrzyma\u0107 nasze serwery na bia\u0142ych listach. Oznacza to, \u017ce <strong>wszystkie serwery poczty rozpoznaj\u0105 twoj\u0105 wiadomo\u015b\u0107 jako bezpieczn\u0105<\/strong> i wszystkie twoje <strong>wiadomo\u015bci zostan\u0105 dostarczone<\/strong>.&nbsp;<\/p>\n<h3>Jaka jest prawdziwa r\u00f3\u017cnica pomi\u0119dzy zwyk\u0142ym serwerem SMTP, a&nbsp; turboSMTP?<\/h3>\n<ol class=\"boxes\">\n<li>\n<h2>Poprawiona dostarczalno\u015b\u0107 emaili, zredukowane filtrowanie<\/h2>\n<p>Aktywnie pracujemy nad tym,&nbsp;aby nasze serwery by\u0142y na bia\u0142ych listach g\u0142\u00f3wnych dostawc\u00f3w email&nbsp;&nbsp;i \u015bci\u015ble trzymamy si\u0119 najlepszych praktyk i&nbsp;wytycznych dla wysy\u0142aj\u0105cych emaile.<\/p>\n<\/li>\n<li>\n<h2>Wysy\u0142aj email&nbsp;z&nbsp;dowolnego miejsca, w dowolnej chwili<\/h2>\n<p><strong>Ustawiasz swoje opcje SMTP tylko jeden raz<\/strong>, w swoim kliencie email lub programie pocztowym i nigdy <strong>nie b\u0119dziesz musia\u0142 ich zmienia\u0107<\/strong> ponownie.<br \/>Jakkolwiek jeste\u015b po\u0142\u0105czony z Internetem, z&nbsp;<strong>laptopa<\/strong>, <strong>iPhona<\/strong>&nbsp;czy <strong>PC<\/strong>, b\u0119dziesz gotowy do wys\u0142ania wiadomo\u015bci, z dowolnego swojego adresu pocztowego, <strong>niezale\u017cnie od po\u0142\u0105czenia internetowego czy swojej obecnej&nbsp;lokalizacji <\/strong>.<\/p>\n<\/li>\n<li>\n<h2>Omi\u0144 restrykcje ISP<\/h2>\n<p><strong>Uniknij<\/strong> wszystkich <strong>limit\u00f3w wykorzystania<\/strong>, kt\u00f3re tw\u00f3j&nbsp; ISP nak\u0142ada na us\u0142ugi wiadomo\u015bci wychodz\u0105cych.<br \/>Obecnie, aby unikn\u0105\u0107 spamowania ISP s\u0105 zmuszeni do stosowania agresywnych filtr\u00f3w&nbsp;antyspamowych, kt\u00f3re mog\u0105 odm\u00f3wi\u0107 wys\u0142ania twoich wiadomo\u015bci lub&nbsp;nawet zablokowa\u0107 je, informuj\u0105c lub nie o tym wysy\u0142aj\u0105cego.<br \/><strong>Wybieraj\u0105c&nbsp;TurboSMTP<\/strong>, b\u0119dziesz m\u00f3g\u0142 si\u0119 cieszy\u0107&nbsp;<strong>wysokim wsp\u00f3\u0142czynnikiem dostarczenia wiadomo\u015bci&nbsp;<\/strong>i poprawionym wsp\u00f3\u0142czynnikiem trafienia do<strong> skrzynki odbiorczej<\/strong>.<\/p>\n<\/li>\n<li>\n<h2>Ciesz si\u0119 super, wysok\u0105 pr\u0119dko\u015bci\u0105 dostarczenia<\/h2>\n<p>Standardowe serwery&nbsp;SMTP maj\u0105 tendencj\u0119 do bycia prze\u0142adowanymi, co powoduje cz\u0119ste op\u00f3\u017anienia i\/lub b\u0142\u0119dy w dostarczaniu wiadomo\u015bci. Nasza doskona\u0142a technologia daje ci mo\u017cliwo\u015b\u0107 dostarczenia wiadomo\u015bci szybko i pewnie, gwarantuj\u0105c ten sam profesjonalny poziom us\u0142ugi, zawsze.<\/p>\n<\/li>\n<li>\n<h2>\u015aled\u017a swoje wiadomo\u015bci<\/h2>\n<p>Sprawdzaj w czasie rzeczywistym wykresy i statystyki dostarczenia dost\u0119pne w obszarze zarz\u0105dzania twoim kontem. Nasz system poka\u017ce ci jakie wiadomo\u015bci zosta\u0142y pomy\u015blnie dostarczone, a dodatkowo otrzymasz dok\u0142adn\u0105 informacj\u0119, jakie wiadomo\u015bci nie trafi\u0142y do celu.<\/p>\n<\/li>\n<\/ol>\n<h3>Pytaniem jest&#8230;<\/h3>\n<p><strong>Jak serwery poczty traktuj\u0105 tw\u00f3j serwer SMTP? Wiarygodny czy nie? <\/strong><\/p>\n<p>Je\u017celi twoje serwery nie s\u0105 traktowane jako wiarygodne, prawie <strong>wszystkie standardowe serwery<\/strong> b\u0119d\u0105 <strong>op\u00f3\u017ania\u0107 twoje wiadomo\u015bci<\/strong> i w najlepszym razie zostan\u0105 przes\u0142ane na szare listy, lub do folder\u00f3w ze spamem, a w najgorszym przypadku <strong>serwer je odrzuci<\/strong>.<\/p>\n<p>Obecnie serwery poczty jak&nbsp;Hotmail, Gmail, Comcast i wiele innych&nbsp;(to si\u0119 zmienia codziennie) stosuje <strong>bardzo&nbsp;restrykcyjne<\/strong> zasady dla zachowa\u0144 spamowych u\u017cytkownik\u00f3w, co jest przyczyn\u0105, \u017ce wiele zwyk\u0142ych wiadomo\u015bci ko\u0144czy w folderach spamu.<\/p>\n<p><strong>Je\u017celi emaile s\u0105 dla ciebie cenne<\/strong>, stanowczo sugerujemy <strong>skorzystanie z&nbsp;turboSMTP,<\/strong> aby zosta\u0107 rozpoznanym jako <strong>wiarygodny<\/strong> przez wszystkie serwery poczty oraz aby <strong>przy\u015bpieszy\u0107<\/strong> swoj\u0105 dostarczalno\u015b\u0107 wiadomo\u015bci.<\/p>\n<p>&nbsp;<\/p>\n<p style=\"font-size: 10px;\"><em>Prosz\u0119 zwr\u00f3ci\u0107 uwag\u0119, \u017ce&nbsp;turboSMTP to us\u0142uga wysy\u0142ania wiadomo\u015bci maj\u0105ca na celu pomoc w uwiarygodnieniu wysy\u0142aj\u0105cych emaile, a nie spamer\u00f3w. Klienci, kt\u00f3rzy narusz\u0105 nasz\u0105&nbsp;<a class=\"fancyLink\" href=\"knowledgebase.php?action=displayarticle&amp;id=15\" target=\"_blank\">Polityk\u0119 Anty-Spamow\u0105<\/a> b\u0119d\u0105 mieli zawieszone lub usuni\u0119te swoje konta.<\/em><\/p>\n","protected":false},"excerpt":{"rendered":"<p>Jest wiele bardzo&nbsp;wa\u017cnych powod\u00f3w&nbsp; aby korzysta\u0107 z profesjonalnego serwera&nbsp;SMTP: w przesz\u0142o\u015bci (przed er\u0105 spamu) wysy\u0142anie maili nie by\u0142o problemem, gdy teraz jest szalenie wa\u017cnym aby sprosta\u0107&nbsp; wymaganiom wszystkich&nbsp;serwer\u00f3w poczty, tak aby&nbsp;unikn\u0105\u0107 wyl\u0105dowania wiadomo\u015bci w&nbsp;folderach ze spamem&nbsp;lub&nbsp;nawet&nbsp;skasowania przez serwery email. R\u00f3\u017cne serwery poczty traktuj\u0105 emaile w r\u00f3\u017cny spos\u00f3b, w zale\u017cno\u015bci od reputacji serwer\u00f3w SMTP, bia\u0142ych list&nbsp;i &#8230; <\/p>\n<p class=\"read-more-container\"><a title=\"Dlaczego turboSMTP\" class=\"read-more button\" href=\"https:\/\/serversmtp.com\/pl\/dlaczego-turbosmtp\/#more-3160\" aria-label=\"Read more about Dlaczego turboSMTP\">Discover more<\/a><\/p>\n","protected":false},"author":3,"featured_media":0,"parent":0,"menu_order":0,"comment_status":"closed","ping_status":"closed","template":"g1_template_page_sidebar_right.php","meta":{"_eb_attr":"","inline_featured_image":false,"_monsterinsights_skip_tracking":false,"_monsterinsights_sitenote_active":false,"_monsterinsights_sitenote_note":"","_monsterinsights_sitenote_category":0,"footnotes":""},"class_list":["post-3160","page","type-page","status-publish"],"yoast_head":"<!-- This site is optimized with the Yoast SEO plugin v25.3.1 - https:\/\/yoast.com\/wordpress\/plugins\/seo\/ -->\n<title>Dlaczego turboSMTP - smtp mail server - professional SMTP service provider<\/title>\n<meta name=\"robots\" content=\"index, follow, max-snippet:-1, max-image-preview:large, max-video-preview:-1\" \/>\n<link rel=\"canonical\" href=\"https:\/\/serversmtp.com\/pl\/dlaczego-turbosmtp\/\" \/>\n<meta name=\"twitter:label1\" content=\"Szacowany czas czytania\" \/>\n\t<meta name=\"twitter:data1\" content=\"4 minuty\" \/>\n<!-- \/ Yoast SEO plugin. -->","yoast_head_json":{"title":"Dlaczego turboSMTP - smtp mail server - professional SMTP service provider","robots":{"index":"index","follow":"follow","max-snippet":"max-snippet:-1","max-image-preview":"max-image-preview:large","max-video-preview":"max-video-preview:-1"},"canonical":"https:\/\/serversmtp.com\/pl\/dlaczego-turbosmtp\/","twitter_misc":{"Szacowany czas czytania":"4 minuty"},"schema":{"@context":"https:\/\/schema.org","@graph":[{"@type":"WebPage","@id":"https:\/\/serversmtp.com\/pl\/dlaczego-turbosmtp\/","url":"https:\/\/serversmtp.com\/pl\/dlaczego-turbosmtp\/","name":"Dlaczego turboSMTP - smtp mail server - professional SMTP service provider","isPartOf":{"@id":"https:\/\/serversmtp.com\/es\/#website"},"datePublished":"2018-04-26T13:43:04+00:00","dateModified":"2018-04-26T13:43:16+00:00","breadcrumb":{"@id":"https:\/\/serversmtp.com\/pl\/dlaczego-turbosmtp\/#breadcrumb"},"inLanguage":"pl-PL","potentialAction":[{"@type":"ReadAction","target":["https:\/\/serversmtp.com\/pl\/dlaczego-turbosmtp\/"]}]},{"@type":"BreadcrumbList","@id":"https:\/\/serversmtp.com\/pl\/dlaczego-turbosmtp\/#breadcrumb","itemListElement":[{"@type":"ListItem","position":1,"name":"Home","item":"https:\/\/serversmtp.com\/pl\/"},{"@type":"ListItem","position":2,"name":"Dlaczego turboSMTP"}]},{"@type":"WebSite","@id":"https:\/\/serversmtp.com\/es\/#website","url":"https:\/\/serversmtp.com\/es\/","name":"smtp mail server - professional SMTP service provider","description":"smtp mail server - professional SMTP service provider","publisher":{"@id":"https:\/\/serversmtp.com\/es\/#organization"},"potentialAction":[{"@type":"SearchAction","target":{"@type":"EntryPoint","urlTemplate":"https:\/\/serversmtp.com\/es\/?s={search_term_string}"},"query-input":{"@type":"PropertyValueSpecification","valueRequired":true,"valueName":"search_term_string"}}],"inLanguage":"pl-PL"},{"@type":"Organization","@id":"https:\/\/serversmtp.com\/es\/#organization","name":"Delivery Tech","url":"https:\/\/serversmtp.com\/es\/","logo":{"@type":"ImageObject","inLanguage":"pl-PL","@id":"https:\/\/serversmtp.com\/es\/#\/schema\/logo\/image\/","url":"https:\/\/serversmtp.com\/wp-content\/uploads\/2021\/11\/og-image-2.jpg","contentUrl":"https:\/\/serversmtp.com\/wp-content\/uploads\/2021\/11\/og-image-2.jpg","width":1200,"height":1128,"caption":"Delivery Tech"},"image":{"@id":"https:\/\/serversmtp.com\/es\/#\/schema\/logo\/image\/"}}]}},"_links":{"self":[{"href":"https:\/\/serversmtp.com\/pl\/wp-json\/wp\/v2\/pages\/3160"}],"collection":[{"href":"https:\/\/serversmtp.com\/pl\/wp-json\/wp\/v2\/pages"}],"about":[{"href":"https:\/\/serversmtp.com\/pl\/wp-json\/wp\/v2\/types\/page"}],"author":[{"embeddable":true,"href":"https:\/\/serversmtp.com\/pl\/wp-json\/wp\/v2\/users\/3"}],"replies":[{"embeddable":true,"href":"https:\/\/serversmtp.com\/pl\/wp-json\/wp\/v2\/comments?post=3160"}],"version-history":[{"count":2,"href":"https:\/\/serversmtp.com\/pl\/wp-json\/wp\/v2\/pages\/3160\/revisions"}],"predecessor-version":[{"id":3162,"href":"https:\/\/serversmtp.com\/pl\/wp-json\/wp\/v2\/pages\/3160\/revisions\/3162"}],"wp:attachment":[{"href":"https:\/\/serversmtp.com\/pl\/wp-json\/wp\/v2\/media?parent=3160"}],"curies":[{"name":"wp","href":"https:\/\/api.w.org\/{rel}","templated":true}]}}