{"id":9738,"date":"2020-07-28T15:49:47","date_gmt":"2020-07-28T13:49:47","guid":{"rendered":"https:\/\/serversmtp.com\/?page_id=9738"},"modified":"2025-10-22T08:57:50","modified_gmt":"2025-10-22T06:57:50","slug":"zimbra-smtp-smart-host-relay-it","status":"publish","type":"page","link":"https:\/\/serversmtp.com\/it\/zimbra-smtp-smart-host-relay-it\/","title":{"rendered":"Zimbra smtp smart host relay"},"content":{"rendered":"<style type=\"text\/css\">\n#content p, #content li {\n    font-size: 16px;\n    color: #000000;\n}\nh1, h2, h3, h4 {\n    font-weight: 600;\n}\n#get-it-free.g1-button {\n    color: #ffffff;\n    background-color: #93ba19;\n    border-color: #93ba19;\n    font-weight: 600;\n}\n.spaced li {\n    margin-bottom: 15px;\n}\n<\/style>\n<p>Per configurare <strong>turboSMTP <\/strong>come <strong>smart host relay<\/strong> per l&#8217;invio di email in uscita se usi <strong>Zimbra <\/strong>(versione 8 o successive) segui le nostre istruzioni. \u00c8 una procedura cos\u00ec semplice che ti permetter\u00e0 di migliorare sia la tua deliverability che la sicurezza del tuo dominio!<\/p>\n<div id=\"\" class=\"g1-message g1-message--info \" ><div class=\"g1-inner\">Per gli utenti Europei: sostituisci <em>pro.turbo-smtp.com<\/em> con <em>pro.eu.turbo-smtp.com<\/em><\/div><\/div>\n<ol class=\"spaced\">\n<li>Esegui il comando seguente:\n<pre>postmap \/opt\/zimbra\/conf\/relay_password<\/pre>\n<\/li>\n<li>Esegui il comando seguente per modificare l&#8217;host di invio e il numero della porta\n<pre>zmprov ms `zmhostname` zimbraMtaRelayHost pro.turbo-smtp.com:587<\/pre>\n<\/li>\n<li>Imposta le tue credenziali creando un file di testo come quello qui sotto. Sostituisci <strong>USERNAME <\/strong>e <strong>PASSWORD <\/strong>rispettivamente con la tua Consumer Key e la tua Consumer Secret (scopri <a href=\"https:\/\/serversmtp.com\/it\/cosa-sono-le-api-key-e-come-crearle-con-turbosmtp-una-guida-completa\/#how-to\" title=\"Come generare le API Key su turboSMTP\" target=\"_blank\" rel=\"noopener\">come generare le tue API Key<\/a>)\n<pre>echo pro.turbo-smtp.com USERNAME:PASSWORD > \/opt\/zimbra\/conf\/relay_password<\/pre>\n<\/li>\n<li>Crea una tabella di ricerca postfix come segue:\n<pre>postmap \/opt\/zimbra\/conf\/relay_password<\/pre>\n<\/li>\n<li>Per verificare se la tabella creata \u00e8 corretta, avvia il comando di seguito. Dovrebbe restituire il codice USERNAME: PASSWORD\n<pre>postmap -q pro.turbo-smtp.com \/opt\/zimbra\/conf\/relay_password<\/pre>\n<\/li>\n<li>Configura postfix per utilizzare la nuova mappa delle password, l&#8217;autenticazione SSL e il nome del server in uscita avviando i tre comandi seguenti:\n<pre>zmprov ms `zmhostname` zimbraMtaSmtpSaslPasswordMaps lmdb:\/opt\/zimbra\/conf\/relay_password<\/pre>\n<pre>zmprov ms `zmhostname` zimbraMtaSmtpSaslAuthEnable yes<\/pre>\n<pre>zmprov ms `zmhostname` zimbraMtaSmtpCnameOverridesServername no<\/pre>\n<\/li>\n<li>Autorizza <strong>TLS <\/strong>e l&#8217;autenticazione <strong>Plaintext<\/strong>\n<pre>zmprov ms `zmhostname` zimbraMtaSmtpSaslSecurityOptions noanonymous<\/pre>\n<pre>zmprov ms `zmhostname` zimbraMtaSmtpSaslSecurityOptions noanonymous<\/pre>\n<\/li>\n<\/ol>\n<div class=\"g1-space\" style=\"height: 20px;\"><\/div>\n<div  class=\"g1-divider g1-divider--none g1-divider--noicon \"><\/div>\n<h2 style=\"text-align: center; font-size: 3.1em; margin-bottom: 0.6em;\">Se vuoi vedere gli effetti di un <strong>servizio smart host relay<\/strong>, prova il nostro <strong>turboSMTP<\/strong>.<\/h2>\n<h3 style=\"text-align: center; font-weight: normal;\">Ogni azienda ha bisogno di uno Smart host smtp relay sia per la comunicazione esterna che per quella interna. Uno Smart host relay ti garantisce una migliore reputazione e una miglior deliverability, protegge il tuo dominio (nessuno potr\u00e0 fingere di essere te o uno della tua azienda) e ti consente di tracciare il viaggio delle tue e-mail e le azioni degli utenti.<\/h3>\n<p style=\"text-align: center; margin-top: 2.3em;\"><a id=\"get-it-free\" class=\"g1-button g1-button--big g1-button--solid g1-button--standard button-landing-green\" href=\"https:\/\/serversmtp.com\/it\/tsmtpregistration1.php\" title=\"Prova ora turboSMTP\"> &nbsp; &nbsp; &nbsp; &nbsp; PROVALO ORA &nbsp; &nbsp; &nbsp; &nbsp; <\/a><\/p>\n<p style=\"text-align: center; margin-top: 2.3em;\"><a href=\"https:\/\/serversmtp.com\/it\/smart-host-smtp-relay-cosa-e\/\" title=\"Servizio Smart host smtp relay\"> Scopri di pi\u00f9 sul nostro Servizio Smart Host Smtp Relay<\/a><\/p>\n","protected":false},"excerpt":{"rendered":"<p>Per configurare turboSMTP come smart host relay per l&#8217;invio di email in uscita se usi Zimbra (versione 8 o successive) segui le nostre istruzioni. \u00c8 una procedura cos\u00ec semplice che ti permetter\u00e0 di migliorare sia la tua deliverability che la sicurezza del tuo dominio! Esegui il comando seguente: postmap \/opt\/zimbra\/conf\/relay_password Esegui il comando seguente per &#8230; <\/p>\n<p class=\"read-more-container\"><a title=\"Zimbra smtp smart host relay\" class=\"read-more button\" href=\"https:\/\/serversmtp.com\/it\/zimbra-smtp-smart-host-relay-it\/#more-9738\" aria-label=\"Per saperne di pi\u00f9 su Zimbra smtp smart host relay\">Discover more<\/a><\/p>\n","protected":false},"author":18,"featured_media":0,"parent":0,"menu_order":0,"comment_status":"closed","ping_status":"closed","template":"","meta":{"_eb_attr":"","inline_featured_image":false,"_monsterinsights_skip_tracking":false,"_monsterinsights_sitenote_active":false,"_monsterinsights_sitenote_note":"","_monsterinsights_sitenote_category":0,"footnotes":""},"class_list":["post-9738","page","type-page","status-publish"],"yoast_head":"<!-- This site is optimized with the Yoast SEO plugin v25.3.1 - https:\/\/yoast.com\/wordpress\/plugins\/seo\/ -->\n<title>Zimbra smtp smart host relay - turboSMTP<\/title>\n<meta name=\"description\" content=\"Se utilizzi Zimbra come server di posta elettronica, \u00e8 possibile configurare turboSMTP come smart host per migliorare il tasso di consegna delle mail.\" \/>\n<meta name=\"robots\" content=\"index, follow, max-snippet:-1, max-image-preview:large, max-video-preview:-1\" \/>\n<link rel=\"canonical\" href=\"https:\/\/serversmtp.com\/it\/zimbra-smtp-smart-host-relay-it\/\" \/>\n<meta name=\"twitter:label1\" content=\"Tempo di lettura stimato\" \/>\n\t<meta name=\"twitter:data1\" content=\"2 minuti\" \/>\n<!-- \/ Yoast SEO plugin. -->","yoast_head_json":{"title":"Zimbra smtp smart host relay - turboSMTP","description":"Se utilizzi Zimbra come server di posta elettronica, \u00e8 possibile configurare turboSMTP come smart host per migliorare il tasso di consegna delle mail.","robots":{"index":"index","follow":"follow","max-snippet":"max-snippet:-1","max-image-preview":"max-image-preview:large","max-video-preview":"max-video-preview:-1"},"canonical":"https:\/\/serversmtp.com\/it\/zimbra-smtp-smart-host-relay-it\/","twitter_misc":{"Tempo di lettura stimato":"2 minuti"},"schema":{"@context":"https:\/\/schema.org","@graph":[{"@type":"WebPage","@id":"https:\/\/serversmtp.com\/it\/zimbra-smtp-smart-host-relay-it\/","url":"https:\/\/serversmtp.com\/it\/zimbra-smtp-smart-host-relay-it\/","name":"Zimbra smtp smart host relay - turboSMTP","isPartOf":{"@id":"https:\/\/serversmtp.com\/de\/#website"},"datePublished":"2020-07-28T13:49:47+00:00","dateModified":"2025-10-22T06:57:50+00:00","description":"Se utilizzi Zimbra come server di posta elettronica, \u00e8 possibile configurare turboSMTP come smart host per migliorare il tasso di consegna delle mail.","breadcrumb":{"@id":"https:\/\/serversmtp.com\/it\/zimbra-smtp-smart-host-relay-it\/#breadcrumb"},"inLanguage":"it-IT","potentialAction":[{"@type":"ReadAction","target":["https:\/\/serversmtp.com\/it\/zimbra-smtp-smart-host-relay-it\/"]}]},{"@type":"BreadcrumbList","@id":"https:\/\/serversmtp.com\/it\/zimbra-smtp-smart-host-relay-it\/#breadcrumb","itemListElement":[{"@type":"ListItem","position":1,"name":"Home","item":"https:\/\/serversmtp.com\/it\/"},{"@type":"ListItem","position":2,"name":"Zimbra smtp smart host relay"}]},{"@type":"WebSite","@id":"https:\/\/serversmtp.com\/de\/#website","url":"https:\/\/serversmtp.com\/de\/","name":"Server Mail SMTP - Provider di servizi SMTP professionali","description":"Server Mail SMTP - Provider di servizi SMTP professionali","publisher":{"@id":"https:\/\/serversmtp.com\/de\/#organization"},"potentialAction":[{"@type":"SearchAction","target":{"@type":"EntryPoint","urlTemplate":"https:\/\/serversmtp.com\/de\/?s={search_term_string}"},"query-input":{"@type":"PropertyValueSpecification","valueRequired":true,"valueName":"search_term_string"}}],"inLanguage":"it-IT"},{"@type":"Organization","@id":"https:\/\/serversmtp.com\/de\/#organization","name":"Delivery Tech","url":"https:\/\/serversmtp.com\/de\/","logo":{"@type":"ImageObject","inLanguage":"it-IT","@id":"https:\/\/serversmtp.com\/de\/#\/schema\/logo\/image\/","url":"https:\/\/serversmtp.com\/wp-content\/uploads\/2021\/11\/og-image-2.jpg","contentUrl":"https:\/\/serversmtp.com\/wp-content\/uploads\/2021\/11\/og-image-2.jpg","width":1200,"height":1128,"caption":"Delivery Tech"},"image":{"@id":"https:\/\/serversmtp.com\/de\/#\/schema\/logo\/image\/"}}]}},"_links":{"self":[{"href":"https:\/\/serversmtp.com\/it\/wp-json\/wp\/v2\/pages\/9738"}],"collection":[{"href":"https:\/\/serversmtp.com\/it\/wp-json\/wp\/v2\/pages"}],"about":[{"href":"https:\/\/serversmtp.com\/it\/wp-json\/wp\/v2\/types\/page"}],"author":[{"embeddable":true,"href":"https:\/\/serversmtp.com\/it\/wp-json\/wp\/v2\/users\/18"}],"replies":[{"embeddable":true,"href":"https:\/\/serversmtp.com\/it\/wp-json\/wp\/v2\/comments?post=9738"}],"version-history":[{"count":6,"href":"https:\/\/serversmtp.com\/it\/wp-json\/wp\/v2\/pages\/9738\/revisions"}],"predecessor-version":[{"id":22457,"href":"https:\/\/serversmtp.com\/it\/wp-json\/wp\/v2\/pages\/9738\/revisions\/22457"}],"wp:attachment":[{"href":"https:\/\/serversmtp.com\/it\/wp-json\/wp\/v2\/media?parent=9738"}],"curies":[{"name":"wp","href":"https:\/\/api.w.org\/{rel}","templated":true}]}}