{"id":6088,"date":"2020-04-15T15:41:21","date_gmt":"2020-04-15T13:41:21","guid":{"rendered":"https:\/\/serversmtp.com\/?page_id=6088"},"modified":"2020-04-15T16:10:23","modified_gmt":"2020-04-15T14:10:23","slug":"covid-19-le-e-mail-dei-medici-non-arrivano","status":"publish","type":"page","link":"https:\/\/serversmtp.com\/it\/covid-19-le-e-mail-dei-medici-non-arrivano\/","title":{"rendered":"Covid-19, le e-mail dei medici non arrivano"},"content":{"rendered":"<style type=\"text\/css\">\nnav#g1-primary-nav {\n    display: none;\n}\n.login_div_wp {\n    display: none;\n}\n#g1-id .site-title {\n    margin-bottom: 10px;\n}\n.div-lingue {\n    display: none;\n}\n#get-it-free.g1-button {\n    color: #ffffff;\n    background-color: #93ba19;\n    border-color: #93ba19;\n    font-weight: 600;\n}\n<\/style>\n<p style=\"font-size: 1.6em; line-height: 1.4em; font-weight: 300;\">Mai come ora le email devono arrivare a destinazione, specie se contengono informazioni importanti sul Corona Virus. Ecco come aumentare la deliverability con <strong>TurboSMTP<\/strong><\/p>\n<p style=\"text-align: center; margin-top: 30px; margin-bottom: 10px;\"><img decoding=\"async\" width=\"1033\" height=\"271\" src=\"https:\/\/serversmtp.com\/wp-content\/uploads\/2020\/04\/covid-19-email-medici-non-arrivano-a-destinazione.png\" alt=\"Covid-19, le e-mail dei medici non arrivano\" \/><\/p>\n<div class=\"g1-space\" style=\"height: 20px;\"><\/div>\n<h2 style=\"font-weight: 600;\">Corona Virus ed e-Mail di medici di famiglia che non arrivano a destinazione<\/h2>\n<p>In un periodo come questo \u00e8 ancora pi\u00f9 importante che le e-mail arrivino nella casella di posta del destinatario. Ecco come potenziare la deliverability e tenere traccia degli invii.<\/p>\n<p> \u201c<strong>Perse email medici famiglia, Regione indaga<\/strong>\u201d: \u00e8 questo il titolo del lancio Ansa di stamattina, 14 aprile 2020, ripreso in tempo zero da numerose testate web, radio e tv. Ma cosa \u00e8 successo esattamente con le e-mail dei medici di base di Torino? In sintesi, molte comunicazioni dei medici di famiglia dell\u2019Asl Citt\u00e0 di Torino indirizzate ai Servizi di igiene non sono mai arrivate. Si tratta di email relative a pazienti con sintomi riconducibili al Corona Virus e contenenti quindi la relativa richiesta di test diagnostico specifico. <strong>Nonostante fosse importantissimo che queste e-mail arrivassero a destinazione<\/strong>, i messaggi sono andati persi. Non sono mai arrivati.<br \/>\nIl problema risiederebbe, sempre stando alla notizia diramata dall\u2019Ansa, nello \u201cstraordinario flusso di e-mail\u201d. In altre parole, la casella e-mail del destinatario ha rivelato una capienza insufficiente e di conseguenza ha rifiutato le comunicazioni in entrata in eccesso rispetto alle sue capacit\u00e0. La soluzione adottata al momento consiste nella suddivisione su pi\u00f9 caselle e-mail dei messaggi destinati all\u2019indirizzo dalla capienza insufficiente. Questo per\u00f2 \u00e8 un <strong>intervento \u201ctampone\u201d e non esclude che si ripeta la stessa situazione di e-mail importantissime mai arrivate a destinazione<\/strong>.<\/p>\n<p>Abbiamo preso in analisi il caso di Torino perch\u00e9 la notizia \u00e8 di oggi. Ma <strong>in questo periodo di pandemia di Covid-19 \u00e8 pi\u00f9 importante che mai che le e-mail arrivino rapidamente a destinazione<\/strong>. Tanto pi\u00f9 se contengono informazioni significative come la richiesta di test diagnostici per persone portatrici di sintomi assimilabili al Corona Virus.<\/p>\n<div class=\"g1-space\" style=\"height: 20px;\"><\/div>\n<h2 style=\"font-weight: 600;\">Deliverabilty e server SMTP: l\u2019arte delle e-mail che arrivano a destinazione<\/h2>\n<p>Il recapito delle e-mail nelle caselle di posta prende il nome di <a href=\"https:\/\/serversmtp.com\/it\/come-migliorare-email-deliverability-consigli-e-servizi\/\" title=\"Come migliorare l\u2019Email deliverability\"><strong>deliverability<\/strong><\/a>, letteralmente \u201crecapitabilit\u00e0\u201d, e fa riferimento al fatto che le e-mail raggiungano effettivamente la posta in arrivo del destinatario, senza incontrare ostacoli da parte di filtri e blocchi impostati tanto da provider e <strong>filtri antispam<\/strong>, quanto dai singoli utenti.<br \/>\nOltre a non arrivare del tutto, infatti, le e-mail potrebbero finire nello spam o essere rifiutate dai server a causa di un mancato riconoscimento dell\u2019SMTP.  Questo accade perch\u00e9 i server SMTP forniti dai provider standard non sono considerati attendibili in quanto si rifanno a IP casuali che in alcuni casi sono addirittura blacklistati (inseriti cio\u00e8 in una \u201clista nera\u201d perch\u00e9 considerati non sicuri). E non \u00e8 tutto.<br \/>\nLe impostazioni SMTP \u2013 quelle relative alla posta in uscita \u2013 possono cambiare quando si utilizzano connessioni differenti come Wi-fi, Umts\/Edge ecc. La cosa peggiore \u00e8 che con un servizio di posta elettronica tradizionale non potremo mai sapere se i nostri messaggi in uscita hanno incontrato qualche problema nella consegna e, in caso, quale problema.<\/p>\n<div class=\"g1-space\" style=\"height: 20px;\"><\/div>\n<h2 style=\"font-weight: 600;\">Un server professionale per aumentare la deliverability<\/h2>\n<p>Una soluzione definitiva a problemi come questi \u00e8 l\u2019adozione di un <strong>server professionale<\/strong> come <strong>TurboSMTP<\/strong>.  Grazie a server sicuri e affidabili localizzati in Italia e in Unione Europa, TurboSMTP migliora da subito la <strong>deliverability<\/strong> delle e-email. Inoltre il servizio offre una <strong>reportistica dettagliata in tempo reale<\/strong> per monitorare quali e-mail siano giunte effettivamente a destinazione e quali invece abbiano registrato un bounce, sono state cio\u00e8 rifiutate dal server di posta del destinatario per diversi motivi. <\/p>\n<p>Negli anni abbiamo instaurato rapporti solidi con i provider di posta e monitoriamo costantemente le black-list per fare in modo che i nostri server siano sempre puliti e sicuri. Questo fa s\u00ec che tutti gli altri server riconoscano come sicure le nostre e-mail recapitandole direttamente nella posta in arrivo del destinatario.<br \/>\nUn ulteriore vantaggio di un servizio professionale come TurboSMTP \u00e8 che <strong>i parametri devono essere impostati una sola volta nel client o nel programma di posta elettronica<\/strong>. Da l\u00ec in avanti i parametri restano validi per qualsiasi connessione a cui ci appoggiamo e per qualsiasi dispositivo utilizzato per inviare le e-mail, che sia il nostro pc fisso o lo smartphone. <\/p>\n<p>Come accaduto a Torino, <strong>succede di frequente che i server SMTP standard risultino sovraccarichi<\/strong>. Questo causa ritardi o errori nel recapito delle e-mail.<br \/>\nUn servizio professionale come <strong>TurboSMTP consente di consegnare le mail velocemente e permette inoltre di tenere traccia degli invi<\/strong>i. Con la reportistica in tempo reale \u00e8 possibile sapere quali messaggi sono stati recapitati correttamente e quali no; in quest\u2019ultimo caso \u00e8 possibile conoscere la causa esatta del mancato recapito delle e-mail. <\/p>\n<style type=\"text\/css\" scoped=\"scoped\">#get-it-free {color: #ffffff !important; background-color: #93ba19; border-color: #93ba19;}<\/style>\n<p style=\"text-align: center; margin-top: 2.3em;\"><a id=\"get-it-free\" class=\"g1-button g1-button--big g1-button--solid g1-button--standard button-landing-green\" href=\"\/it\/tsmtpregistration1.php\" title=\"Prova gratis TurboSMTP\"><strong>PROVALO SUBITO GRATIS<\/strong><\/a><\/p>\n","protected":false},"excerpt":{"rendered":"<p>Mai come ora le email devono arrivare a destinazione, specie se contengono informazioni importanti sul Corona Virus. Ecco come aumentare la deliverability con TurboSMTP Corona Virus ed e-Mail di medici di famiglia che non arrivano a destinazione In un periodo come questo \u00e8 ancora pi\u00f9 importante che le e-mail arrivino nella casella di posta del &#8230; <\/p>\n<p class=\"read-more-container\"><a title=\"Covid-19, le e-mail dei medici non arrivano\" class=\"read-more button\" href=\"https:\/\/serversmtp.com\/it\/covid-19-le-e-mail-dei-medici-non-arrivano\/#more-6088\" aria-label=\"Per saperne di pi\u00f9 su Covid-19, le e-mail dei medici non arrivano\">Discover more<\/a><\/p>\n","protected":false},"author":8,"featured_media":0,"parent":0,"menu_order":0,"comment_status":"closed","ping_status":"closed","template":"","meta":{"_eb_attr":"","inline_featured_image":false,"_monsterinsights_skip_tracking":false,"_monsterinsights_sitenote_active":false,"_monsterinsights_sitenote_note":"","_monsterinsights_sitenote_category":0,"footnotes":""},"class_list":["post-6088","page","type-page","status-publish"],"yoast_head":"<!-- This site is optimized with the Yoast SEO plugin v25.3.1 - https:\/\/yoast.com\/wordpress\/plugins\/seo\/ -->\n<title>Covid-19, le e-mail dei medici non arrivano | TurboSMTP<\/title>\n<meta name=\"description\" content=\"Mai come ora le email devono arrivare a destinazione, specie se contengono informazioni importanti sul Corona Virus. Ecco come aumentare la deliverability con TurboSMTP\" \/>\n<meta name=\"robots\" content=\"index, follow, max-snippet:-1, max-image-preview:large, max-video-preview:-1\" \/>\n<link rel=\"canonical\" href=\"https:\/\/serversmtp.com\/it\/covid-19-le-e-mail-dei-medici-non-arrivano\/\" \/>\n<meta name=\"twitter:label1\" content=\"Tempo di lettura stimato\" \/>\n\t<meta name=\"twitter:data1\" content=\"4 minuti\" \/>\n<!-- \/ Yoast SEO plugin. -->","yoast_head_json":{"title":"Covid-19, le e-mail dei medici non arrivano | TurboSMTP","description":"Mai come ora le email devono arrivare a destinazione, specie se contengono informazioni importanti sul Corona Virus. Ecco come aumentare la deliverability con TurboSMTP","robots":{"index":"index","follow":"follow","max-snippet":"max-snippet:-1","max-image-preview":"max-image-preview:large","max-video-preview":"max-video-preview:-1"},"canonical":"https:\/\/serversmtp.com\/it\/covid-19-le-e-mail-dei-medici-non-arrivano\/","twitter_misc":{"Tempo di lettura stimato":"4 minuti"},"schema":{"@context":"https:\/\/schema.org","@graph":[{"@type":"WebPage","@id":"https:\/\/serversmtp.com\/it\/covid-19-le-e-mail-dei-medici-non-arrivano\/","url":"https:\/\/serversmtp.com\/it\/covid-19-le-e-mail-dei-medici-non-arrivano\/","name":"Covid-19, le e-mail dei medici non arrivano | TurboSMTP","isPartOf":{"@id":"https:\/\/serversmtp.com\/fr\/#website"},"primaryImageOfPage":{"@id":"https:\/\/serversmtp.com\/it\/covid-19-le-e-mail-dei-medici-non-arrivano\/#primaryimage"},"image":{"@id":"https:\/\/serversmtp.com\/it\/covid-19-le-e-mail-dei-medici-non-arrivano\/#primaryimage"},"thumbnailUrl":"https:\/\/serversmtp.com\/wp-content\/uploads\/2020\/04\/covid-19-email-medici-non-arrivano-a-destinazione.png","datePublished":"2020-04-15T13:41:21+00:00","dateModified":"2020-04-15T14:10:23+00:00","description":"Mai come ora le email devono arrivare a destinazione, specie se contengono informazioni importanti sul Corona Virus. Ecco come aumentare la deliverability con TurboSMTP","breadcrumb":{"@id":"https:\/\/serversmtp.com\/it\/covid-19-le-e-mail-dei-medici-non-arrivano\/#breadcrumb"},"inLanguage":"it-IT","potentialAction":[{"@type":"ReadAction","target":["https:\/\/serversmtp.com\/it\/covid-19-le-e-mail-dei-medici-non-arrivano\/"]}]},{"@type":"ImageObject","inLanguage":"it-IT","@id":"https:\/\/serversmtp.com\/it\/covid-19-le-e-mail-dei-medici-non-arrivano\/#primaryimage","url":"https:\/\/serversmtp.com\/wp-content\/uploads\/2020\/04\/covid-19-email-medici-non-arrivano-a-destinazione.png","contentUrl":"https:\/\/serversmtp.com\/wp-content\/uploads\/2020\/04\/covid-19-email-medici-non-arrivano-a-destinazione.png"},{"@type":"BreadcrumbList","@id":"https:\/\/serversmtp.com\/it\/covid-19-le-e-mail-dei-medici-non-arrivano\/#breadcrumb","itemListElement":[{"@type":"ListItem","position":1,"name":"Home","item":"https:\/\/serversmtp.com\/it\/"},{"@type":"ListItem","position":2,"name":"Covid-19, le e-mail dei medici non arrivano"}]},{"@type":"WebSite","@id":"https:\/\/serversmtp.com\/fr\/#website","url":"https:\/\/serversmtp.com\/fr\/","name":"Server Mail SMTP - Provider di servizi SMTP professionali","description":"Server Mail SMTP - Provider di servizi SMTP professionali","publisher":{"@id":"https:\/\/serversmtp.com\/fr\/#organization"},"potentialAction":[{"@type":"SearchAction","target":{"@type":"EntryPoint","urlTemplate":"https:\/\/serversmtp.com\/fr\/?s={search_term_string}"},"query-input":{"@type":"PropertyValueSpecification","valueRequired":true,"valueName":"search_term_string"}}],"inLanguage":"it-IT"},{"@type":"Organization","@id":"https:\/\/serversmtp.com\/fr\/#organization","name":"Delivery Tech","url":"https:\/\/serversmtp.com\/fr\/","logo":{"@type":"ImageObject","inLanguage":"it-IT","@id":"https:\/\/serversmtp.com\/fr\/#\/schema\/logo\/image\/","url":"https:\/\/serversmtp.com\/wp-content\/uploads\/2021\/11\/og-image-2.jpg","contentUrl":"https:\/\/serversmtp.com\/wp-content\/uploads\/2021\/11\/og-image-2.jpg","width":1200,"height":1128,"caption":"Delivery Tech"},"image":{"@id":"https:\/\/serversmtp.com\/fr\/#\/schema\/logo\/image\/"}}]}},"_links":{"self":[{"href":"https:\/\/serversmtp.com\/it\/wp-json\/wp\/v2\/pages\/6088"}],"collection":[{"href":"https:\/\/serversmtp.com\/it\/wp-json\/wp\/v2\/pages"}],"about":[{"href":"https:\/\/serversmtp.com\/it\/wp-json\/wp\/v2\/types\/page"}],"author":[{"embeddable":true,"href":"https:\/\/serversmtp.com\/it\/wp-json\/wp\/v2\/users\/8"}],"replies":[{"embeddable":true,"href":"https:\/\/serversmtp.com\/it\/wp-json\/wp\/v2\/comments?post=6088"}],"version-history":[{"count":4,"href":"https:\/\/serversmtp.com\/it\/wp-json\/wp\/v2\/pages\/6088\/revisions"}],"predecessor-version":[{"id":6118,"href":"https:\/\/serversmtp.com\/it\/wp-json\/wp\/v2\/pages\/6088\/revisions\/6118"}],"wp:attachment":[{"href":"https:\/\/serversmtp.com\/it\/wp-json\/wp\/v2\/media?parent=6088"}],"curies":[{"name":"wp","href":"https:\/\/api.w.org\/{rel}","templated":true}]}}