{"id":6051,"date":"2020-04-08T10:09:54","date_gmt":"2020-04-08T08:09:54","guid":{"rendered":"https:\/\/serversmtp.com\/?page_id=6051"},"modified":"2020-04-08T11:46:07","modified_gmt":"2020-04-08T09:46:07","slug":"come-migliorare-email-deliverability-consigli-e-servizi","status":"publish","type":"page","link":"https:\/\/serversmtp.com\/it\/come-migliorare-email-deliverability-consigli-e-servizi\/","title":{"rendered":"Come migliorare l\u2019Email deliverability \u2013 Consigli e servizi"},"content":{"rendered":"<p style=\"font-size: 1.6em; line-height: 1.4em; font-weight: 300;\">Inviare un messaggio non significa che sia arrivato a destinazione. Se hai necessit\u00e0 di inviare <strong>email transazionali o commerciali<\/strong> sai sicuramente quanto \u00e8 importante che queste arrivino a destinazione affinch\u00e9 tu possa mantenere un rapporto di fiducia con i tuoi clienti. Le tue email non sempre raggiungono le caselle di posta dei destinatari? Non preoccuparti, ecco che viene in tuo soccorso il servizio di <strong>deliverability<\/strong>.<\/p>\n<p style=\"text-align: center; margin-top: 30px; margin-bottom: 10px;\"><img width=\"1033\" height=\"271\" src=\"https:\/\/serversmtp.com\/wp-content\/uploads\/2020\/04\/come-migliorare-email-deliverability.png\" alt=\"Come migliorare l\u2019Email deliverability \u2013 Consigli e servizi\" \/><\/p>\n<span id=\"g1-space-1\" class=\"g1-space \" style=\"height:20px;\"><\/span>\n<h2 style=\"font-weight: 600;\">Deliverability \u2013 Significato<\/h2>\n<p>Il significato del termine inglese <strong>deliverability<\/strong> \u00e8 \u201crecapitabilit\u00e0\u201d. Sembra un concetto complesso ma in verit\u00e0 non lo \u00e8: si tratta molto semplicemente del tasso di consegna delle tue email, ovvero il numero delle email che effettivamente raggiungono l\u2019inbox dei tuoi clienti acquisiti o potenziali, inseriti all\u2019interno delle tue liste contatti. <\/p>\n<span id=\"g1-space-2\" class=\"g1-space \" style=\"height:20px;\"><\/span>\n<h2 style=\"font-weight: 600;\">Come non finire in spam e raggiungere la casella di posta dei tuoi contatti<\/h2>\n<p>Se hai necessit\u00e0 di inviare <strong>email transazionali<\/strong> in maniera corretta, la deliverability non \u00e8 un servizio da sottovalutare, anzi, pu\u00f2 veramente fare la differenza. Se le tue performance di invio, infatti, assumono un trend particolarmente negativo \u00e8 probabile che i tuoi contatti non aprano le tue mail semplicemente perch\u00e9 non le hanno ricevute. \u00c8 per questo che noi di <strong>TurboSMTP<\/strong> abbiamo pensato di garantirti un servizio deliverability studiato apposta per te che ti permetta di ottenere il massimo tasso di consegna delle email. <\/p>\n<span id=\"g1-space-3\" class=\"g1-space \" style=\"height:20px;\"><\/span>\n<h2 style=\"font-weight: 600;\">Cerchi lo strumento di email marketing con la migliore deliverability?<\/h2>\n<p>Forse non \u00e8 la giusta domanda da farsi. Infatti la deliverability varia a seconda del tipo di cliente, della sua attivit\u00e0 delle sue liste contatti. Questo vuol dire che due aziende che utilizzino uno stesso <strong>software di email marketing<\/strong> potrebbero riscontrare tassi di consegna delle mail profondamente diversi. <\/p>\n<span id=\"g1-space-4\" class=\"g1-space \" style=\"height:20px;\"><\/span>\n<h2 style=\"font-weight: 600;\">Il servizio deliverability \u00e8 offerto da tutti i software? Se no, da quali?<\/h2>\n<p>Anche in questo caso la risposta non \u00e8 univoca. Potrebbero prospettarsi davanti a te tre scenari:<\/p>\n<ol>\n<li style=\"margin-bottom: 15px;\">Potresti scegliere di accontentarti di programmi per l\u2019email marketing come Mailchimp, che offrono una Deliverability media, senza assistenza e personalizzazione <\/li>\n<li style=\"margin-bottom: 15px;\">Potresti decidere di affiancare a Mailchimp o al software di email marketing che hai scelto tool professionali come Return Path, utili per monitorare la deliverability, e poi rivolgerti un esperto per analizzare i dati raccolti<\/li>\n<li style=\"margin-bottom: 15px;\">Potresti scegliere un servizio completo, che garantisca una deliverability studiata ad hoc sul tuo caso in modo da ottenere il massimo dalle tua strategia email <\/li>\n<\/ol>\n<p>TurboSMTP ti offre il <strong>miglior servizio deliverability personalizzato<\/strong>, mettendo a disposizione una squadra di esperti pronta a comunicare con i client di posta per risolvere eventuali problemi e a garantirti il miglior rendimento in termini di tasso di consegna e apertura.<\/p>\n<span id=\"g1-space-5\" class=\"g1-space \" style=\"height:20px;\"><\/span>\n<div id=\"g1-message-1\" class=\"g1-message g1-message--info \" ><div class=\"g1-inner\">\n<h4 style=\"font-weight: 600;color: #fff; margin-top: -5px; margin-bottom: 10px;\">I vantaggi di un IP dedicato<\/h4>\n<p style=\"margin-bottom: 0px;\">Un IP dedicato ed europeo &#8211; disponibile con i nostri piani Premium &#8211; ti assicura un\u2019<strong>ottima reputazione d\u2019invio<\/strong> oltre che una migliore deliverability rispetto agli IP localizzati negli USA. Le tue mail verranno cos\u00ec consegnate al destinatario e non finiranno nelle black list dei principali client di posta (come Gmail e Outlook), evitando lo spam.<\/p>\n<\/div><\/div>\n<span id=\"g1-space-6\" class=\"g1-space \" style=\"height:20px;\"><\/span>\n<h2 style=\"font-weight: 600;\">Associazioni antispam e gestione dei Feedback loops<\/h2>\n<p>Ci preoccupiamo della sicurezza delle tue campagne marketing: aderiamo alle organizzazioni antispam nazionali e internazionali e gestiamo per te i feedback loops. Gli ISPS come Gmail, Hotmail ecc. sono in contatto con noi e ci inviano eventuali segnalazioni di spam fatte dai contatti delle vostre liste. In questo modo possiamo notificare i reclami nel tuo account e rimuovere automaticamente gli utenti che hanno fatto segnalazioni e che non desiderano poi ricevere i tuoi messaggi di posta.<\/p>\n<p>Abbiamo feedback loops attivati con i seguenti ISP:<\/p>\n<ul class=\"g1-grid\"><li class=\"g1-column g1-one-half g1-valign-top\">\n\n<ul id=\"g1-list-1\" class=\"g1-list--icon g1-list--simple \">\n<li><i class=\"fa fa-check-square-o g1-list__icon\"><\/i>AOL<\/li>\n<li><i class=\"fa fa-check-square-o g1-list__icon\"><\/i>Alice<\/li>\n<li><i class=\"fa fa-check-square-o g1-list__icon\"><\/i>Tiscali<\/li>\n<li><i class=\"fa fa-check-square-o g1-list__icon\"><\/i>Virgilio<\/li>\n<li><i class=\"fa fa-check-square-o g1-list__icon\"><\/i>Libero<\/li>\n<li><i class=\"fa fa-check-square-o g1-list__icon\"><\/i>Hotmail\/Outlook<\/li>\n<li><i class=\"fa fa-check-square-o g1-list__icon\"><\/i>Yahoo<\/li>\n<li><i class=\"fa fa-check-square-o g1-list__icon\"><\/i>comcast.net<\/li>\n<li><i class=\"fa fa-check-square-o g1-list__icon\"><\/i>Road Runner &#8211; rr.com (not working since 2017)<\/li>\n<li><i class=\"fa fa-check-square-o g1-list__icon\"><\/i>usa.net<\/li>\n<li><i class=\"fa fa-check-square-o g1-list__icon\"><\/i>excite.com<\/li>\n<li><i class=\"fa fa-check-square-o g1-list__icon\"><\/i>United Online \/ netzero.com \/ juno.combaesystems<\/li>\n<li><i class=\"fa fa-check-square-o g1-list__icon\"><\/i>earthlink.net<\/li>\n<li><i class=\"fa fa-check-square-o g1-list__icon\"><\/i>mindsprint.com<\/li>\n<li><i class=\"fa fa-check-square-o g1-list__icon\"><\/i>onemain.com<\/li>\n<li><i class=\"fa fa-check-square-o g1-list__icon\"><\/i>BlueTie<\/li>\n<li><i class=\"fa fa-check-square-o g1-list__icon\"><\/i>Comcast<\/li>\n<li><i class=\"fa fa-check-square-o g1-list__icon\"><\/i>Cox<\/li>\n<\/ul>\n\n<\/li><!-- -->\n<li class=\"g1-column g1-one-half g1-valign-top\">\n\n<ul id=\"g1-list-2\" class=\"g1-list--icon g1-list--simple \">\n<li><i class=\"fa fa-check-square-o g1-list__icon\"><\/i>Fastmail<\/li>\n<li><i class=\"fa fa-check-square-o g1-list__icon\"><\/i>Italiaonline<\/li>\n<li><i class=\"fa fa-check-square-o g1-list__icon\"><\/i>Laposte<\/li>\n<li><i class=\"fa fa-check-square-o g1-list__icon\"><\/i>Locaweb<\/li>\n<li><i class=\"fa fa-check-square-o g1-list__icon\"><\/i>MailRu<\/li>\n<li><i class=\"fa fa-check-square-o g1-list__icon\"><\/i>Rackspace<\/li>\n<li><i class=\"fa fa-check-square-o g1-list__icon\"><\/i>Synacor<\/li>\n<li><i class=\"fa fa-check-square-o g1-list__icon\"><\/i>Telenor<\/li>\n<li><i class=\"fa fa-check-square-o g1-list__icon\"><\/i>Terra<\/li>\n<li><i class=\"fa fa-check-square-o g1-list__icon\"><\/i>xs4all<\/li>\n<li><i class=\"fa fa-check-square-o g1-list__icon\"><\/i>Yandex<\/li>\n<li><i class=\"fa fa-check-square-o g1-list__icon\"><\/i>UOL<\/li>\n<li><i class=\"fa fa-check-square-o g1-list__icon\"><\/i>Opensrs<\/li>\n<li><i class=\"fa fa-check-square-o g1-list__icon\"><\/i>Seznm<\/li>\n<li><i class=\"fa fa-check-square-o g1-list__icon\"><\/i>Telstra<\/li>\n<li><i class=\"fa fa-check-square-o g1-list__icon\"><\/i>Liberty<\/li>\n<li><i class=\"fa fa-check-square-o g1-list__icon\"><\/i>Tencent<\/li>\n<li><i class=\"fa fa-check-square-o g1-list__icon\"><\/i>Zoho<\/li>\n<\/ul>\n\n<\/li><!-- --><\/ul>\n<span id=\"g1-space-7\" class=\"g1-space \" style=\"height:20px;\"><\/span>\n<h2 style=\"font-weight: 600;\">Assistenza, monitoraggio e gestione degli errori<\/h2>\n<p>Noi di TurboSMTP monitoriamo per te la deliverability. Siamo a tua disposizione per risolvere problemi e segnalazioni e fornirti i migliori consigli personalizzati per migliorare i tassi di consegna, apertura e clic delle tue email transazionali. Oltre ai feedback loops gestiamo per te anche i <strong>bounce<\/strong> e gli altri errori di mancato recapito.<\/p>\n<p>Ricorda: il nostro team fornisce <strong>assistenza in italiano<\/strong> e lavora per te in maniera personalizzata, permettendoti di usufruire di una piattaforma che si adatti sempre alle tue esigenze. <\/p>\n<style type=\"text\/css\" scoped=\"scoped\">#get-it-free {color: #ffffff !important; background-color: #93ba19; border-color: #93ba19;}<\/style>\n<p style=\"text-align: center; margin-top: 2.3em;\"><a id=\"get-it-free\" class=\"g1-button g1-button--big g1-button--solid g1-button--standard button-landing-green\" href=\"\/it\/tsmtpregistration1.php\" title=\"get it free\"><strong>ATTIVA LA PROVA GRATUITA<\/strong><small>Invia gratis 6.000 email al mese<\/small><\/a><\/p>\n","protected":false},"excerpt":{"rendered":"<p>Inviare un messaggio non significa che sia arrivato a destinazione. Se hai necessit\u00e0 di inviare email transazionali o commerciali sai sicuramente quanto \u00e8 importante che queste arrivino a destinazione affinch\u00e9 tu possa mantenere un rapporto di fiducia con i tuoi clienti. Le tue email non sempre raggiungono le caselle di posta dei destinatari? Non preoccuparti, [&hellip;]<\/p>\n","protected":false},"author":8,"featured_media":0,"parent":0,"menu_order":0,"comment_status":"closed","ping_status":"closed","template":"","meta":[],"yoast_head":"<!-- This site is optimized with the Yoast SEO plugin v16.4 - https:\/\/yoast.com\/wordpress\/plugins\/seo\/ -->\n<meta name=\"description\" content=\"Come non finire in spam ottimizzando il tasso di consegna delle tue email, consegnare le email con IP e servizio personalizzato\" \/>\n<meta name=\"robots\" content=\"index, follow, max-snippet:-1, max-image-preview:large, max-video-preview:-1\" \/>\n<link rel=\"canonical\" href=\"https:\/\/serversmtp.com\/it\/come-migliorare-email-deliverability-consigli-e-servizi\/\" \/>\n<meta property=\"og:locale\" content=\"it_IT\" \/>\n<meta property=\"og:type\" content=\"article\" \/>\n<meta property=\"og:title\" content=\"Come migliorare l\u2019Email deliverability \u2013 Consigli e servizi\" \/>\n<meta property=\"og:description\" content=\"Come non finire in spam ottimizzando il tasso di consegna delle tue email, consegnare le email con IP e servizio personalizzato\" \/>\n<meta property=\"og:url\" content=\"https:\/\/serversmtp.com\/it\/come-migliorare-email-deliverability-consigli-e-servizi\/\" \/>\n<meta property=\"og:site_name\" content=\"Server Mail SMTP - Provider di servizi SMTP professionali\" \/>\n<meta property=\"article:modified_time\" content=\"2020-04-08T09:46:07+00:00\" \/>\n<meta property=\"og:image\" content=\"https:\/\/serversmtp.com\/wp-content\/uploads\/2020\/04\/come-migliorare-email-deliverability.png\" \/>\n<meta name=\"twitter:card\" content=\"summary_large_image\" \/>\n<meta name=\"twitter:label1\" content=\"Tempo di lettura stimato\" \/>\n\t<meta name=\"twitter:data1\" content=\"4 minuti\" \/>\n<script type=\"application\/ld+json\" class=\"yoast-schema-graph\">{\"@context\":\"https:\/\/schema.org\",\"@graph\":[{\"@type\":\"WebSite\",\"@id\":\"https:\/\/serversmtp.com\/pl\/#website\",\"url\":\"https:\/\/serversmtp.com\/pl\/\",\"name\":\"Server Mail SMTP - Provider di servizi SMTP professionali\",\"description\":\"Server Mail SMTP - Provider di servizi SMTP professionali\",\"potentialAction\":[{\"@type\":\"SearchAction\",\"target\":\"https:\/\/serversmtp.com\/pl\/?s={search_term_string}\",\"query-input\":\"required name=search_term_string\"}],\"inLanguage\":\"it-IT\"},{\"@type\":\"ImageObject\",\"@id\":\"https:\/\/serversmtp.com\/it\/come-migliorare-email-deliverability-consigli-e-servizi\/#primaryimage\",\"inLanguage\":\"it-IT\",\"url\":\"https:\/\/serversmtp.com\/wp-content\/uploads\/2020\/04\/come-migliorare-email-deliverability.png\",\"contentUrl\":\"https:\/\/serversmtp.com\/wp-content\/uploads\/2020\/04\/come-migliorare-email-deliverability.png\",\"width\":1033,\"height\":271,\"caption\":\"Come migliorare l\\u2019Email deliverability \\u2013 Consigli e servizi\"},{\"@type\":\"WebPage\",\"@id\":\"https:\/\/serversmtp.com\/it\/come-migliorare-email-deliverability-consigli-e-servizi\/#webpage\",\"url\":\"https:\/\/serversmtp.com\/it\/come-migliorare-email-deliverability-consigli-e-servizi\/\",\"name\":\"Come migliorare l\\u2019Email deliverability \\u2013 Consigli e servizi\",\"isPartOf\":{\"@id\":\"https:\/\/serversmtp.com\/pl\/#website\"},\"primaryImageOfPage\":{\"@id\":\"https:\/\/serversmtp.com\/it\/come-migliorare-email-deliverability-consigli-e-servizi\/#primaryimage\"},\"datePublished\":\"2020-04-08T08:09:54+00:00\",\"dateModified\":\"2020-04-08T09:46:07+00:00\",\"description\":\"Come non finire in spam ottimizzando il tasso di consegna delle tue email, consegnare le email con IP e servizio personalizzato\",\"breadcrumb\":{\"@id\":\"https:\/\/serversmtp.com\/it\/come-migliorare-email-deliverability-consigli-e-servizi\/#breadcrumb\"},\"inLanguage\":\"it-IT\",\"potentialAction\":[{\"@type\":\"ReadAction\",\"target\":[\"https:\/\/serversmtp.com\/it\/come-migliorare-email-deliverability-consigli-e-servizi\/\"]}]},{\"@type\":\"BreadcrumbList\",\"@id\":\"https:\/\/serversmtp.com\/it\/come-migliorare-email-deliverability-consigli-e-servizi\/#breadcrumb\",\"itemListElement\":[{\"@type\":\"ListItem\",\"position\":1,\"item\":{\"@type\":\"WebPage\",\"@id\":\"https:\/\/serversmtp.com\/it\/\",\"url\":\"https:\/\/serversmtp.com\/it\/\",\"name\":\"Home\"}},{\"@type\":\"ListItem\",\"position\":2,\"item\":{\"@id\":\"https:\/\/serversmtp.com\/it\/come-migliorare-email-deliverability-consigli-e-servizi\/#webpage\"}}]}]}<\/script>\n<!-- \/ Yoast SEO plugin. -->","_links":{"self":[{"href":"https:\/\/serversmtp.com\/it\/wp-json\/wp\/v2\/pages\/6051"}],"collection":[{"href":"https:\/\/serversmtp.com\/it\/wp-json\/wp\/v2\/pages"}],"about":[{"href":"https:\/\/serversmtp.com\/it\/wp-json\/wp\/v2\/types\/page"}],"author":[{"embeddable":true,"href":"https:\/\/serversmtp.com\/it\/wp-json\/wp\/v2\/users\/8"}],"replies":[{"embeddable":true,"href":"https:\/\/serversmtp.com\/it\/wp-json\/wp\/v2\/comments?post=6051"}],"version-history":[{"count":13,"href":"https:\/\/serversmtp.com\/it\/wp-json\/wp\/v2\/pages\/6051\/revisions"}],"predecessor-version":[{"id":6085,"href":"https:\/\/serversmtp.com\/it\/wp-json\/wp\/v2\/pages\/6051\/revisions\/6085"}],"wp:attachment":[{"href":"https:\/\/serversmtp.com\/it\/wp-json\/wp\/v2\/media?parent=6051"}],"curies":[{"name":"wp","href":"https:\/\/api.w.org\/{rel}","templated":true}]}}