{"id":5682,"date":"2019-11-28T15:44:16","date_gmt":"2019-11-28T14:44:16","guid":{"rendered":"https:\/\/serversmtp.com\/?page_id=5682"},"modified":"2022-02-11T09:31:07","modified_gmt":"2022-02-11T08:31:07","slug":"ricevi-i-report-del-tuo-account-via-email","status":"publish","type":"page","link":"https:\/\/serversmtp.com\/it\/ricevi-i-report-del-tuo-account-via-email\/","title":{"rendered":"Ricevi i report del tuo account via email"},"content":{"rendered":"<h4><em>Quando usi turboSMTP puoi sempre controllare il <a href=\"https:\/\/dashboard.serversmtp.com\">pannello avanzato<\/a> che fornisce statistiche accurate e in tempo reale su clic e aperture. In questo modo saprai sempre chi e quando ha interagito con le tue email.<\/em><\/h4>\n<p>Ma c&#8217;\u00e8 di pi\u00f9.<\/p>\n<p>Puoi ricevere <strong>report puntuali delle attivit\u00e0 del tuo account<\/strong> direttamente nella tua casella di posta. Il rapporto include<strong> tutti i dati relativi alla performance della tua email<\/strong>, in particolare il volume dei messaggi inviati, recapitati, aperti, i clic sui link, il tasso di bounce, le disiscrizioni e le segnalazioni di spam.<\/p>\n<p><strong>Puoi scaricare il rapporto<\/strong> in formato CSV o controllare direttamente gli elenchi dei destinatari che hanno interagito con le tue email. Tutto questo lo visualizzerai attraverso una tabella chiara e ordinata:<\/p>\n<p><a href=\"https:\/\/serversmtp.com\/wp-content\/uploads\/2019\/11\/reports-ita.jpg\"><img decoding=\"async\" class=\"aligncenter wp-image-5660 size-full\" src=\"https:\/\/serversmtp.com\/wp-content\/uploads\/2019\/11\/reports-ita.jpg\" alt=\"\" width=\"900\" height=\"649\" srcset=\"https:\/\/serversmtp.com\/wp-content\/uploads\/2019\/11\/reports-ita.jpg 900w, https:\/\/serversmtp.com\/wp-content\/uploads\/2019\/11\/reports-ita-300x216.jpg 300w, https:\/\/serversmtp.com\/wp-content\/uploads\/2019\/11\/reports-ita-768x554.jpg 768w, https:\/\/serversmtp.com\/wp-content\/uploads\/2019\/11\/reports-ita-636x459.jpg 636w, https:\/\/serversmtp.com\/wp-content\/uploads\/2019\/11\/reports-ita-320x231.jpg 320w, https:\/\/serversmtp.com\/wp-content\/uploads\/2019\/11\/reports-ita-239x172.jpg 239w\" sizes=\"(max-width: 900px) 100vw, 900px\" \/><\/a><\/p>\n<p>Cerca nel menu &#8220;Strumenti&#8221; per attivare questa funzione. <strong>\u00c8 possibile impostare la data di inizio<\/strong> a partire dalla quale si desidera l\u2019invio dei report . Puoi scegliere di riceverli <strong>ogni giorno, una volta a settimana oppure mensilmente<\/strong>.<\/p>\n<h3><em>Tenere sotto controllo i risultati delle tue campagne email non \u00e8 mai stato cos\u00ec facile!<\/em><\/h3>\n<p><iframe title=\"Regular activities\u2019 report\" width=\"1200\" height=\"675\" src=\"https:\/\/www.youtube.com\/embed\/5KFA_yzsuxE?feature=oembed\" frameborder=\"0\" allow=\"accelerometer; autoplay; clipboard-write; encrypted-media; gyroscope; picture-in-picture\" allowfullscreen><\/iframe><\/p>\n","protected":false},"excerpt":{"rendered":"<p>Quando usi turboSMTP puoi sempre controllare il pannello avanzato che fornisce statistiche accurate e in tempo reale su clic e aperture. In questo modo saprai sempre chi e quando ha interagito con le tue email. Ma c&#8217;\u00e8 di pi\u00f9. Puoi ricevere report puntuali delle attivit\u00e0 del tuo account direttamente nella tua casella di posta. Il &#8230; <\/p>\n<p class=\"read-more-container\"><a title=\"Ricevi i report del tuo account via email\" class=\"read-more button\" href=\"https:\/\/serversmtp.com\/it\/ricevi-i-report-del-tuo-account-via-email\/#more-5682\" aria-label=\"Per saperne di pi\u00f9 su Ricevi i report del tuo account via email\">Discover more<\/a><\/p>\n","protected":false},"author":2,"featured_media":0,"parent":0,"menu_order":0,"comment_status":"closed","ping_status":"closed","template":"","meta":{"_eb_attr":"","inline_featured_image":false,"_monsterinsights_skip_tracking":false,"_monsterinsights_sitenote_active":false,"_monsterinsights_sitenote_note":"","_monsterinsights_sitenote_category":0,"footnotes":""},"class_list":["post-5682","page","type-page","status-publish"],"yoast_head":"<!-- This site is optimized with the Yoast SEO plugin v25.3.1 - https:\/\/yoast.com\/wordpress\/plugins\/seo\/ -->\n<title>Ricevi i report del tuo account via email - Server Mail SMTP - Provider di servizi SMTP professionali<\/title>\n<meta name=\"robots\" content=\"index, follow, max-snippet:-1, max-image-preview:large, max-video-preview:-1\" \/>\n<link rel=\"canonical\" href=\"https:\/\/serversmtp.com\/it\/ricevi-i-report-del-tuo-account-via-email\/\" \/>\n<meta name=\"twitter:label1\" content=\"Tempo di lettura stimato\" \/>\n\t<meta name=\"twitter:data1\" content=\"1 minuto\" \/>\n<!-- \/ Yoast SEO plugin. -->","yoast_head_json":{"title":"Ricevi i report del tuo account via email - Server Mail SMTP - Provider di servizi SMTP professionali","robots":{"index":"index","follow":"follow","max-snippet":"max-snippet:-1","max-image-preview":"max-image-preview:large","max-video-preview":"max-video-preview:-1"},"canonical":"https:\/\/serversmtp.com\/it\/ricevi-i-report-del-tuo-account-via-email\/","twitter_misc":{"Tempo di lettura stimato":"1 minuto"},"schema":{"@context":"https:\/\/schema.org","@graph":[{"@type":"WebPage","@id":"https:\/\/serversmtp.com\/it\/ricevi-i-report-del-tuo-account-via-email\/","url":"https:\/\/serversmtp.com\/it\/ricevi-i-report-del-tuo-account-via-email\/","name":"Ricevi i report del tuo account via email - Server Mail SMTP - Provider di servizi SMTP professionali","isPartOf":{"@id":"https:\/\/serversmtp.com\/it\/#website"},"primaryImageOfPage":{"@id":"https:\/\/serversmtp.com\/it\/ricevi-i-report-del-tuo-account-via-email\/#primaryimage"},"image":{"@id":"https:\/\/serversmtp.com\/it\/ricevi-i-report-del-tuo-account-via-email\/#primaryimage"},"thumbnailUrl":"https:\/\/serversmtp.com\/wp-content\/uploads\/2019\/11\/reports-ita.jpg","datePublished":"2019-11-28T14:44:16+00:00","dateModified":"2022-02-11T08:31:07+00:00","breadcrumb":{"@id":"https:\/\/serversmtp.com\/it\/ricevi-i-report-del-tuo-account-via-email\/#breadcrumb"},"inLanguage":"it-IT","potentialAction":[{"@type":"ReadAction","target":["https:\/\/serversmtp.com\/it\/ricevi-i-report-del-tuo-account-via-email\/"]}]},{"@type":"ImageObject","inLanguage":"it-IT","@id":"https:\/\/serversmtp.com\/it\/ricevi-i-report-del-tuo-account-via-email\/#primaryimage","url":"https:\/\/serversmtp.com\/wp-content\/uploads\/2019\/11\/reports-ita.jpg","contentUrl":"https:\/\/serversmtp.com\/wp-content\/uploads\/2019\/11\/reports-ita.jpg"},{"@type":"BreadcrumbList","@id":"https:\/\/serversmtp.com\/it\/ricevi-i-report-del-tuo-account-via-email\/#breadcrumb","itemListElement":[{"@type":"ListItem","position":1,"name":"Home","item":"https:\/\/serversmtp.com\/it\/"},{"@type":"ListItem","position":2,"name":"Ricevi i report del tuo account via email"}]},{"@type":"WebSite","@id":"https:\/\/serversmtp.com\/it\/#website","url":"https:\/\/serversmtp.com\/it\/","name":"Server Mail SMTP - Provider di servizi SMTP professionali","description":"Server Mail SMTP - Provider di servizi SMTP professionali","publisher":{"@id":"https:\/\/serversmtp.com\/it\/#organization"},"potentialAction":[{"@type":"SearchAction","target":{"@type":"EntryPoint","urlTemplate":"https:\/\/serversmtp.com\/it\/?s={search_term_string}"},"query-input":{"@type":"PropertyValueSpecification","valueRequired":true,"valueName":"search_term_string"}}],"inLanguage":"it-IT"},{"@type":"Organization","@id":"https:\/\/serversmtp.com\/it\/#organization","name":"Delivery Tech","url":"https:\/\/serversmtp.com\/it\/","logo":{"@type":"ImageObject","inLanguage":"it-IT","@id":"https:\/\/serversmtp.com\/it\/#\/schema\/logo\/image\/","url":"https:\/\/serversmtp.com\/wp-content\/uploads\/2021\/11\/og-image-2.jpg","contentUrl":"https:\/\/serversmtp.com\/wp-content\/uploads\/2021\/11\/og-image-2.jpg","width":1200,"height":1128,"caption":"Delivery Tech"},"image":{"@id":"https:\/\/serversmtp.com\/it\/#\/schema\/logo\/image\/"}}]}},"_links":{"self":[{"href":"https:\/\/serversmtp.com\/it\/wp-json\/wp\/v2\/pages\/5682"}],"collection":[{"href":"https:\/\/serversmtp.com\/it\/wp-json\/wp\/v2\/pages"}],"about":[{"href":"https:\/\/serversmtp.com\/it\/wp-json\/wp\/v2\/types\/page"}],"author":[{"embeddable":true,"href":"https:\/\/serversmtp.com\/it\/wp-json\/wp\/v2\/users\/2"}],"replies":[{"embeddable":true,"href":"https:\/\/serversmtp.com\/it\/wp-json\/wp\/v2\/comments?post=5682"}],"version-history":[{"count":8,"href":"https:\/\/serversmtp.com\/it\/wp-json\/wp\/v2\/pages\/5682\/revisions"}],"predecessor-version":[{"id":5738,"href":"https:\/\/serversmtp.com\/it\/wp-json\/wp\/v2\/pages\/5682\/revisions\/5738"}],"wp:attachment":[{"href":"https:\/\/serversmtp.com\/it\/wp-json\/wp\/v2\/media?parent=5682"}],"curies":[{"name":"wp","href":"https:\/\/api.w.org\/{rel}","templated":true}]}}