{"id":5551,"date":"2019-11-14T11:00:28","date_gmt":"2019-11-14T10:00:28","guid":{"rendered":"https:\/\/serversmtp.com\/?page_id=5551"},"modified":"2025-10-22T09:57:43","modified_gmt":"2025-10-22T07:57:43","slug":"turbosmtp-per-sendblaster","status":"publish","type":"page","link":"https:\/\/serversmtp.com\/it\/turbosmtp-per-sendblaster\/","title":{"rendered":"turboSMTP per SendBlaster"},"content":{"rendered":"<h2><strong>Vuoi inviare le tue email con SendBlaster in modo davvero rapido, affidabile e conveniente?<\/strong><\/h2>\n<h3>Utilizzando turboSMTP in combinazione con il software SendBlaster, sarai in grado di inviare <strong>elevate quantit\u00e0 di messaggi<\/strong> senza che questi vengano bloccati dai server dei destinatari, o che finiscano nella trappola dei filtri anti-spam<\/h3>\n<p><img decoding=\"async\" class=\"alignright size-full wp-image-5554\" src=\"https:\/\/serversmtp.com\/wp-content\/uploads\/2019\/11\/sendblaster-approved.jpg\" alt=\"\" width=\"247\" height=\"265\" srcset=\"https:\/\/serversmtp.com\/wp-content\/uploads\/2019\/11\/sendblaster-approved.jpg 247w, https:\/\/serversmtp.com\/wp-content\/uploads\/2019\/11\/sendblaster-approved-239x256.jpg 239w\" sizes=\"(max-width: 247px) 100vw, 247px\" \/>SendBlaster supporta tutti i server SMTP e tutti i metodi di autenticazione. Ad esempio, \u00e8 possibile scegliere di inviare i propri mailing, tramite il server SMTP offerto dal provider della connessione internet (ISP), dalla societ\u00e0 hosting o dal gestore di posta personale.<\/p>\n<p>Il problema &#8211; sempre pi\u00f9 diffuso &#8211; \u00e8 per\u00f2 trovare un<strong> servizio SMTP<\/strong> che sia realmente <strong>affidabile e sicuro<\/strong>, specialmente se si vuole fare <strong>email marketing in modo serio e professionale<\/strong>.<\/p>\n<p>Se devi gestire grandi liste di indirizzi di posta elettronica, dovrai affrontare prima o poi alcuni problemi comuni legati al server di invio. I servizi <strong>SMTP &#8220;standard&#8221;<\/strong> tendono infatti a imporre <strong>limiti di velocit\u00e0<\/strong> e a <strong>limitare il numero delle email<\/strong> che possono essere inviate nell&#8217;arco di un&#8217;ora o di un giorno. Inoltre, i servizi SMTP standard spesso sono costretti ad utilizzare <strong>filtri anti-spam piuttosto aggressivi<\/strong> e a rifiutare l&#8217;invio di determinati messaggi, indipendentemente dalla legittimit\u00e0 del mittente e del contenuto.<\/p>\n<h3><strong>Tutti questi problemi possono essere facilmente risolti scegliendo il servizio professionale SMTP di turboSMTP.<\/strong><\/h3>\n<p>Potrai continuare ad utilizzare SendBlaster allo stesso modo con cui lo stai facendo ora, ma in pi\u00f9 avrai numerosi vantaggi immediati:<\/p>\n\n<ul id=\"\" class=\"g1-list g1-list--icon g1-list-- \">\n<li><i class=\"fa fa-arrow-circle-right g1-list__icon\"><\/i>Potrai inviare le tue email <strong>senza restrizioni e alla massima velocit\u00e0<\/strong>, utilizzando fino a <strong>10 connessioni simultanee<\/strong><\/li>\n<li><i class=\"fa fa-arrow-circle-right g1-list__icon\"><\/i><strong>Migliorerai i tassi di consegna<\/strong> delle email e ridurrai il numero di messaggi filtrati per errore<\/li>\n<li><i class=\"fa fa-arrow-circle-right g1-list__icon\"><\/i>Avrai l&#8217;opportunit\u00e0 di<strong> consultare le statistiche<\/strong> delle email inviate e consegnate, anche con grafici e report, <strong>in tempo reale<\/strong>.<\/li>\n<\/ul>\n\n<p>Se desideri inviare le tue newsletter attraverso i nostri server <strong>SMTP professionali<\/strong>, e a ottimizzare la tua deliverability, acquista subito uno dei nostri piani mensili o a consumo.<\/p>\n<h3>Ad esempio con soli <strong>14,95\u00a0Euro <\/strong>potrai inviare fino a <strong>50.000\u00a0email al mese<\/strong>!<\/h3>\n<ul class=\"g1-grid\"><li class=\"g1-column g1-one-half g1-valign-top\">\n<p style=\"text-align: center;\"><a id=\"\" class=\"g1-button g1-button--big g1-button--solid g1-button--standard \" href=\"\/it\/cart.php\" title=\"Consulta il nostro listino prezzi\">Consulta il nostro listino prezzi<\/a><\/p>\n<\/li><!-- -->\n<li class=\"g1-column g1-one-half g1-valign-top\">\n\n<ul id=\"\" class=\"g1-list g1-list--icon g1-list-- \">\n<li><i class=\"fa fa-arrow-circle-right g1-list__icon\"><\/i><strong>Nessun costo di attivazione<\/strong><\/li>\n<li><i class=\"fa fa-arrow-circle-right g1-list__icon\"><\/i><strong>Nessun costo di connessione<\/strong><\/li>\n<\/ul>\n\n<\/li><!-- --><\/ul>\n<h2><strong>Configurare turboSMTP in SendBlaster \u00e8 facilissimo!<\/strong><\/h2>\n<p>In sintesi, seleziona &#8220;Invia&#8221; dal menu principale e compila i campi con i seguenti parametri:<\/p>\n<ul class=\"g1-grid\"><li class=\"g1-column g1-one-half g1-valign-top\">\n<p><a class=\"fancybox\" href=\"https:\/\/serversmtp.com\/wp-content\/uploads\/2019\/11\/sendblaster-turboSMTP-it.png\" rel=\"noopener noreferrer\"><img decoding=\"async\" class=\"aligncenter wp-image-5578 size-large\" src=\"https:\/\/serversmtp.com\/wp-content\/uploads\/2019\/11\/sendblaster-turboSMTP-it-1024x651.png\" alt=\"\" width=\"686\" height=\"436\" srcset=\"https:\/\/serversmtp.com\/wp-content\/uploads\/2019\/11\/sendblaster-turboSMTP-it-1024x651.png 1024w, https:\/\/serversmtp.com\/wp-content\/uploads\/2019\/11\/sendblaster-turboSMTP-it-300x191.png 300w, https:\/\/serversmtp.com\/wp-content\/uploads\/2019\/11\/sendblaster-turboSMTP-it-768x488.png 768w, https:\/\/serversmtp.com\/wp-content\/uploads\/2019\/11\/sendblaster-turboSMTP-it-968x615.png 968w, https:\/\/serversmtp.com\/wp-content\/uploads\/2019\/11\/sendblaster-turboSMTP-it-636x404.png 636w, https:\/\/serversmtp.com\/wp-content\/uploads\/2019\/11\/sendblaster-turboSMTP-it-320x203.png 320w, https:\/\/serversmtp.com\/wp-content\/uploads\/2019\/11\/sendblaster-turboSMTP-it-239x152.png 239w, https:\/\/serversmtp.com\/wp-content\/uploads\/2019\/11\/sendblaster-turboSMTP-it.png 1314w\" sizes=\"(max-width: 686px) 100vw, 686px\" \/><\/a><\/p>\n<\/li><!-- -->\n<li class=\"g1-column g1-one-half g1-valign-top\">\n\n<ul id=\"\" class=\"g1-list g1-list--icon g1-list-- \">\n<li><i class=\"fa fa-arrow-circle-right g1-list__icon\"><\/i><strong>SMTP server<\/strong>: inserisci <em>pro.eu.turbo-smtp.com<\/em> se sei un cliente della Comunit\u00e0 Europea, oppure <em>pro.turbo-smtp.com<\/em>\u00a0se non lo sei (in entrambi i casi, senza le virgolette)<\/li>\n<li><i class=\"fa fa-arrow-circle-right g1-list__icon\"><\/i><strong>porta<\/strong>: <em>25<\/em> (<em>465<\/em> con SSL spuntato)<\/li>\n<li><i class=\"fa fa-arrow-circle-right g1-list__icon\"><\/i><strong>SSL<\/strong> (opzionale): questa opzione consente di attivare il protocollo SSL. Se vuoi utilizzarlo, spuntalo ed inserisci il numero di porta <em>465 <\/em>nell&#8217;apposito campo<\/li>\n<li><i class=\"fa fa-arrow-circle-right g1-list__icon\"><\/i><strong>Autenticazione richiesta<\/strong>: spunta la casella<\/li>\n<li><i class=\"fa fa-arrow-circle-right g1-list__icon\"><\/i><strong>Nome utente<\/strong>: inserisci la Consumer Key (scopri <a href=\"https:\/\/serversmtp.com\/it\/cosa-sono-le-api-key-e-come-crearle-con-turbosmtp-una-guida-completa\/#how-to\" title=\"Come generare le API Key su turboSMTP\" target=\"_blank\" rel=\"noopener\">come generare le tue API Key<\/a>)<\/li>\n<li><i class=\"fa fa-arrow-circle-right g1-list__icon\"><\/i><strong>Password<\/strong>: inserisci la Consumer Secret (scopri <a href=\"https:\/\/serversmtp.com\/it\/cosa-sono-le-api-key-e-come-crearle-con-turbosmtp-una-guida-completa\/#how-to\" title=\"Come generare le API Key su turboSMTP\" target=\"_blank\" rel=\"noopener\">come generare le tue API Key<\/a>)<\/li>\n<li><i class=\"fa fa-arrow-circle-right g1-list__icon\"><\/i>Infine, clicca sul pulsante &#8220;Test connessione&#8221; per verificare la corretta configurazione del server<\/li>\n<\/ul>\n\n<p>&nbsp;<\/p>\n<\/li><!-- --><\/ul>\n","protected":false},"excerpt":{"rendered":"<p>Vuoi inviare le tue email con SendBlaster in modo davvero rapido, affidabile e conveniente? Utilizzando turboSMTP in combinazione con il software SendBlaster, sarai in grado di inviare elevate quantit\u00e0 di messaggi senza che questi vengano bloccati dai server dei destinatari, o che finiscano nella trappola dei filtri anti-spam SendBlaster supporta tutti i server SMTP e &#8230; <\/p>\n<p class=\"read-more-container\"><a title=\"turboSMTP per SendBlaster\" class=\"read-more button\" href=\"https:\/\/serversmtp.com\/it\/turbosmtp-per-sendblaster\/#more-5551\" aria-label=\"Per saperne di pi\u00f9 su turboSMTP per SendBlaster\">Discover more<\/a><\/p>\n","protected":false},"author":2,"featured_media":0,"parent":0,"menu_order":0,"comment_status":"closed","ping_status":"closed","template":"","meta":{"_eb_attr":"","inline_featured_image":false,"_monsterinsights_skip_tracking":false,"_monsterinsights_sitenote_active":false,"_monsterinsights_sitenote_note":"","_monsterinsights_sitenote_category":0,"footnotes":""},"class_list":["post-5551","page","type-page","status-publish"],"yoast_head":"<!-- This site is optimized with the Yoast SEO plugin v25.3.1 - https:\/\/yoast.com\/wordpress\/plugins\/seo\/ -->\n<title>turboSMTP per SendBlaster - Server Mail SMTP - Provider di servizi SMTP professionali<\/title>\n<meta name=\"robots\" content=\"index, follow, max-snippet:-1, max-image-preview:large, max-video-preview:-1\" \/>\n<link rel=\"canonical\" href=\"https:\/\/serversmtp.com\/it\/turbosmtp-per-sendblaster\/\" \/>\n<meta name=\"twitter:label1\" content=\"Tempo di lettura stimato\" \/>\n\t<meta name=\"twitter:data1\" content=\"3 minuti\" \/>\n<!-- \/ Yoast SEO plugin. -->","yoast_head_json":{"title":"turboSMTP per SendBlaster - Server Mail SMTP - Provider di servizi SMTP professionali","robots":{"index":"index","follow":"follow","max-snippet":"max-snippet:-1","max-image-preview":"max-image-preview:large","max-video-preview":"max-video-preview:-1"},"canonical":"https:\/\/serversmtp.com\/it\/turbosmtp-per-sendblaster\/","twitter_misc":{"Tempo di lettura stimato":"3 minuti"},"schema":{"@context":"https:\/\/schema.org","@graph":[{"@type":"WebPage","@id":"https:\/\/serversmtp.com\/it\/turbosmtp-per-sendblaster\/","url":"https:\/\/serversmtp.com\/it\/turbosmtp-per-sendblaster\/","name":"turboSMTP per SendBlaster - Server Mail SMTP - Provider di servizi SMTP professionali","isPartOf":{"@id":"https:\/\/serversmtp.com\/#website"},"primaryImageOfPage":{"@id":"https:\/\/serversmtp.com\/it\/turbosmtp-per-sendblaster\/#primaryimage"},"image":{"@id":"https:\/\/serversmtp.com\/it\/turbosmtp-per-sendblaster\/#primaryimage"},"thumbnailUrl":"https:\/\/serversmtp.com\/wp-content\/uploads\/2019\/11\/sendblaster-approved.jpg","datePublished":"2019-11-14T10:00:28+00:00","dateModified":"2025-10-22T07:57:43+00:00","breadcrumb":{"@id":"https:\/\/serversmtp.com\/it\/turbosmtp-per-sendblaster\/#breadcrumb"},"inLanguage":"it-IT","potentialAction":[{"@type":"ReadAction","target":["https:\/\/serversmtp.com\/it\/turbosmtp-per-sendblaster\/"]}]},{"@type":"ImageObject","inLanguage":"it-IT","@id":"https:\/\/serversmtp.com\/it\/turbosmtp-per-sendblaster\/#primaryimage","url":"https:\/\/serversmtp.com\/wp-content\/uploads\/2019\/11\/sendblaster-approved.jpg","contentUrl":"https:\/\/serversmtp.com\/wp-content\/uploads\/2019\/11\/sendblaster-approved.jpg"},{"@type":"BreadcrumbList","@id":"https:\/\/serversmtp.com\/it\/turbosmtp-per-sendblaster\/#breadcrumb","itemListElement":[{"@type":"ListItem","position":1,"name":"Home","item":"https:\/\/serversmtp.com\/it\/"},{"@type":"ListItem","position":2,"name":"turboSMTP per SendBlaster"}]},{"@type":"WebSite","@id":"https:\/\/serversmtp.com\/#website","url":"https:\/\/serversmtp.com\/","name":"Server Mail SMTP - Provider di servizi SMTP professionali","description":"Server Mail SMTP - Provider di servizi SMTP professionali","publisher":{"@id":"https:\/\/serversmtp.com\/#organization"},"potentialAction":[{"@type":"SearchAction","target":{"@type":"EntryPoint","urlTemplate":"https:\/\/serversmtp.com\/?s={search_term_string}"},"query-input":{"@type":"PropertyValueSpecification","valueRequired":true,"valueName":"search_term_string"}}],"inLanguage":"it-IT"},{"@type":"Organization","@id":"https:\/\/serversmtp.com\/#organization","name":"Delivery Tech","url":"https:\/\/serversmtp.com\/","logo":{"@type":"ImageObject","inLanguage":"it-IT","@id":"https:\/\/serversmtp.com\/#\/schema\/logo\/image\/","url":"https:\/\/serversmtp.com\/wp-content\/uploads\/2021\/11\/og-image-2.jpg","contentUrl":"https:\/\/serversmtp.com\/wp-content\/uploads\/2021\/11\/og-image-2.jpg","width":1200,"height":1128,"caption":"Delivery Tech"},"image":{"@id":"https:\/\/serversmtp.com\/#\/schema\/logo\/image\/"}}]}},"_links":{"self":[{"href":"https:\/\/serversmtp.com\/it\/wp-json\/wp\/v2\/pages\/5551"}],"collection":[{"href":"https:\/\/serversmtp.com\/it\/wp-json\/wp\/v2\/pages"}],"about":[{"href":"https:\/\/serversmtp.com\/it\/wp-json\/wp\/v2\/types\/page"}],"author":[{"embeddable":true,"href":"https:\/\/serversmtp.com\/it\/wp-json\/wp\/v2\/users\/2"}],"replies":[{"embeddable":true,"href":"https:\/\/serversmtp.com\/it\/wp-json\/wp\/v2\/comments?post=5551"}],"version-history":[{"count":25,"href":"https:\/\/serversmtp.com\/it\/wp-json\/wp\/v2\/pages\/5551\/revisions"}],"predecessor-version":[{"id":22487,"href":"https:\/\/serversmtp.com\/it\/wp-json\/wp\/v2\/pages\/5551\/revisions\/22487"}],"wp:attachment":[{"href":"https:\/\/serversmtp.com\/it\/wp-json\/wp\/v2\/media?parent=5551"}],"curies":[{"name":"wp","href":"https:\/\/api.w.org\/{rel}","templated":true}]}}