{"id":552,"date":"2018-03-02T18:28:20","date_gmt":"2018-03-02T17:28:20","guid":{"rendered":"https:\/\/dev.serversmtp.com\/?page_id=552"},"modified":"2022-02-10T16:00:55","modified_gmt":"2022-02-10T15:00:55","slug":"sistemi-sub-account","status":"publish","type":"page","link":"https:\/\/serversmtp.com\/it\/sistemi-sub-account\/","title":{"rendered":"Sistemi sub account"},"content":{"rendered":"<p>Desidarate comprare un certo numero di email e <strong>rivenderle al prezzo che volete<\/strong>, offrendo al cliente il servizio turboSMTP completamente personalizzato con il vostro marchio, completo di statistiche e strumenti avanzati?<\/p>\n<p>Potete cominciare subito acquistando<strong> uno dei 3 piani mensili PRO<\/strong>, creando dei <strong>sub account<\/strong> e assegnando loro il numero di email che avete venduto. Ogni cliente avr\u00e0 accesso ad una pagina personale e potr\u00e0 utilizzare il nostro servizio, mentre voi sarete sempre in grado di tenere traccia delle loro attivit\u00e0 e avere un <strong>controllo completo della situazione<\/strong>.<\/p>\n<p><img decoding=\"async\" class=\"aligncenter size-full wp-image-557\" src=\"https:\/\/serversmtp.com\/wp-content\/uploads\/2018\/03\/sub-account-sample-turbosmtp.png\" alt=\"\" width=\"580\" height=\"265\" srcset=\"https:\/\/serversmtp.com\/wp-content\/uploads\/2018\/03\/sub-account-sample-turbosmtp.png 580w, https:\/\/serversmtp.com\/wp-content\/uploads\/2018\/03\/sub-account-sample-turbosmtp-300x137.png 300w, https:\/\/serversmtp.com\/wp-content\/uploads\/2018\/03\/sub-account-sample-turbosmtp-320x146.png 320w, https:\/\/serversmtp.com\/wp-content\/uploads\/2018\/03\/sub-account-sample-turbosmtp-239x109.png 239w\" sizes=\"(max-width: 580px) 100vw, 580px\" \/><\/p>\n<p>Inoltre, la creazione di sub account pu\u00f2 essere un modo semplice per <strong>suddividere tra colleghi<\/strong> l&#8217;intero gruppo di email che avete acquistato.<\/p>\n<p>Ad esempio, potete comprare un piano mensile da 100.000 messaggi e darne 10.000 per ciascuno dei vostri impiegati. In questo modo potete anche monitorarli facilmente: per sapere ad esempio se dovete comprarne di pi\u00f9 o di meno, come vengono utilizzati, e cos\u00ec via.<\/p>\n","protected":false},"excerpt":{"rendered":"<p>Desidarate comprare un certo numero di email e rivenderle al prezzo che volete, offrendo al cliente il servizio turboSMTP completamente personalizzato con il vostro marchio, completo di statistiche e strumenti avanzati? Potete cominciare subito acquistando uno dei 3 piani mensili PRO, creando dei sub account e assegnando loro il numero di email che avete venduto. &#8230; <\/p>\n<p class=\"read-more-container\"><a title=\"Sistemi sub account\" class=\"read-more button\" href=\"https:\/\/serversmtp.com\/it\/sistemi-sub-account\/#more-552\" aria-label=\"Per saperne di pi\u00f9 su Sistemi sub account\">Discover more<\/a><\/p>\n","protected":false},"author":1,"featured_media":0,"parent":0,"menu_order":0,"comment_status":"closed","ping_status":"closed","template":"","meta":{"_eb_attr":"","inline_featured_image":false,"_monsterinsights_skip_tracking":false,"_monsterinsights_sitenote_active":false,"_monsterinsights_sitenote_note":"","_monsterinsights_sitenote_category":0,"footnotes":""},"class_list":["post-552","page","type-page","status-publish"],"yoast_head":"<!-- This site is optimized with the Yoast SEO plugin v25.3.1 - https:\/\/yoast.com\/wordpress\/plugins\/seo\/ -->\n<title>Sistemi sub account - Server Mail SMTP - Provider di servizi SMTP professionali<\/title>\n<meta name=\"robots\" content=\"index, follow, max-snippet:-1, max-image-preview:large, max-video-preview:-1\" \/>\n<link rel=\"canonical\" href=\"https:\/\/serversmtp.com\/it\/sistemi-sub-account\/\" \/>\n<meta name=\"twitter:label1\" content=\"Tempo di lettura stimato\" \/>\n\t<meta name=\"twitter:data1\" content=\"1 minuto\" \/>\n<!-- \/ Yoast SEO plugin. -->","yoast_head_json":{"title":"Sistemi sub account - Server Mail SMTP - Provider di servizi SMTP professionali","robots":{"index":"index","follow":"follow","max-snippet":"max-snippet:-1","max-image-preview":"max-image-preview:large","max-video-preview":"max-video-preview:-1"},"canonical":"https:\/\/serversmtp.com\/it\/sistemi-sub-account\/","twitter_misc":{"Tempo di lettura stimato":"1 minuto"},"schema":{"@context":"https:\/\/schema.org","@graph":[{"@type":"WebPage","@id":"https:\/\/serversmtp.com\/it\/sistemi-sub-account\/","url":"https:\/\/serversmtp.com\/it\/sistemi-sub-account\/","name":"Sistemi sub account - Server Mail SMTP - Provider di servizi SMTP professionali","isPartOf":{"@id":"https:\/\/serversmtp.com\/de\/#website"},"primaryImageOfPage":{"@id":"https:\/\/serversmtp.com\/it\/sistemi-sub-account\/#primaryimage"},"image":{"@id":"https:\/\/serversmtp.com\/it\/sistemi-sub-account\/#primaryimage"},"thumbnailUrl":"https:\/\/serversmtp.com\/wp-content\/uploads\/2018\/03\/sub-account-sample-turbosmtp.png","datePublished":"2018-03-02T17:28:20+00:00","dateModified":"2022-02-10T15:00:55+00:00","breadcrumb":{"@id":"https:\/\/serversmtp.com\/it\/sistemi-sub-account\/#breadcrumb"},"inLanguage":"it-IT","potentialAction":[{"@type":"ReadAction","target":["https:\/\/serversmtp.com\/it\/sistemi-sub-account\/"]}]},{"@type":"ImageObject","inLanguage":"it-IT","@id":"https:\/\/serversmtp.com\/it\/sistemi-sub-account\/#primaryimage","url":"https:\/\/serversmtp.com\/wp-content\/uploads\/2018\/03\/sub-account-sample-turbosmtp.png","contentUrl":"https:\/\/serversmtp.com\/wp-content\/uploads\/2018\/03\/sub-account-sample-turbosmtp.png"},{"@type":"BreadcrumbList","@id":"https:\/\/serversmtp.com\/it\/sistemi-sub-account\/#breadcrumb","itemListElement":[{"@type":"ListItem","position":1,"name":"Home","item":"https:\/\/serversmtp.com\/it\/"},{"@type":"ListItem","position":2,"name":"Sistemi sub account"}]},{"@type":"WebSite","@id":"https:\/\/serversmtp.com\/de\/#website","url":"https:\/\/serversmtp.com\/de\/","name":"Server Mail SMTP - Provider di servizi SMTP professionali","description":"Server Mail SMTP - Provider di servizi SMTP professionali","publisher":{"@id":"https:\/\/serversmtp.com\/de\/#organization"},"potentialAction":[{"@type":"SearchAction","target":{"@type":"EntryPoint","urlTemplate":"https:\/\/serversmtp.com\/de\/?s={search_term_string}"},"query-input":{"@type":"PropertyValueSpecification","valueRequired":true,"valueName":"search_term_string"}}],"inLanguage":"it-IT"},{"@type":"Organization","@id":"https:\/\/serversmtp.com\/de\/#organization","name":"Delivery Tech","url":"https:\/\/serversmtp.com\/de\/","logo":{"@type":"ImageObject","inLanguage":"it-IT","@id":"https:\/\/serversmtp.com\/de\/#\/schema\/logo\/image\/","url":"https:\/\/serversmtp.com\/wp-content\/uploads\/2021\/11\/og-image-2.jpg","contentUrl":"https:\/\/serversmtp.com\/wp-content\/uploads\/2021\/11\/og-image-2.jpg","width":1200,"height":1128,"caption":"Delivery Tech"},"image":{"@id":"https:\/\/serversmtp.com\/de\/#\/schema\/logo\/image\/"}}]}},"_links":{"self":[{"href":"https:\/\/serversmtp.com\/it\/wp-json\/wp\/v2\/pages\/552"}],"collection":[{"href":"https:\/\/serversmtp.com\/it\/wp-json\/wp\/v2\/pages"}],"about":[{"href":"https:\/\/serversmtp.com\/it\/wp-json\/wp\/v2\/types\/page"}],"author":[{"embeddable":true,"href":"https:\/\/serversmtp.com\/it\/wp-json\/wp\/v2\/users\/1"}],"replies":[{"embeddable":true,"href":"https:\/\/serversmtp.com\/it\/wp-json\/wp\/v2\/comments?post=552"}],"version-history":[{"count":5,"href":"https:\/\/serversmtp.com\/it\/wp-json\/wp\/v2\/pages\/552\/revisions"}],"predecessor-version":[{"id":5523,"href":"https:\/\/serversmtp.com\/it\/wp-json\/wp\/v2\/pages\/552\/revisions\/5523"}],"wp:attachment":[{"href":"https:\/\/serversmtp.com\/it\/wp-json\/wp\/v2\/media?parent=552"}],"curies":[{"name":"wp","href":"https:\/\/api.w.org\/{rel}","templated":true}]}}