{"id":528,"date":"2018-03-02T17:52:32","date_gmt":"2018-03-02T16:52:32","guid":{"rendered":"https:\/\/dev.serversmtp.com\/?page_id=528"},"modified":"2022-02-10T15:58:02","modified_gmt":"2022-02-10T14:58:02","slug":"consegna-rapida-ovunque-sempre","status":"publish","type":"page","link":"https:\/\/serversmtp.com\/it\/consegna-rapida-ovunque-sempre\/","title":{"rendered":"Consegna rapida, ovunque e in ogni momento\ufeff"},"content":{"rendered":"<p><img decoding=\"async\" class=\"aligncenter size-full wp-image-529\" src=\"https:\/\/serversmtp.com\/wp-content\/uploads\/2018\/03\/turboSMTP-high-speed-delivery.jpg\" alt=\"\" width=\"580\" height=\"148\" srcset=\"https:\/\/serversmtp.com\/wp-content\/uploads\/2018\/03\/turboSMTP-high-speed-delivery.jpg 580w, https:\/\/serversmtp.com\/wp-content\/uploads\/2018\/03\/turboSMTP-high-speed-delivery-300x77.jpg 300w, https:\/\/serversmtp.com\/wp-content\/uploads\/2018\/03\/turboSMTP-high-speed-delivery-320x82.jpg 320w, https:\/\/serversmtp.com\/wp-content\/uploads\/2018\/03\/turboSMTP-high-speed-delivery-239x61.jpg 239w\" sizes=\"(max-width: 580px) 100vw, 580px\" \/><\/p>\n<p>Se dovete inviare delle newsletter o altri tipi di <strong>mailing in massa<\/strong>, i normali server SMTP non\u00a0sono strutturati per questo compito &#8211; e in generale impiegano moltissimo tempo per svolgerlo.<\/p>\n<p>Il nostro <a title=\"turboSMTP\" href=\"\/it\/tsmtpregistration1.php\">servizio professionale<\/a>, invece, garantisce una <strong>consegna ad alta velocit\u00e0 <\/strong>che render\u00e0 l&#8217;intero processo estremamente pi\u00f9 snello e rapido.<\/p>\n<p>Inoltre, turboSMTP <strong>funziona con qualsiasi Internet Service Provider<\/strong>, incluse tutte le reti broadband e i wi-fi pubblici: pertanto, se avete bisogno di inviare delle email in viaggio, non c&#8217;\u00e8 alcun problema: non dovrete cambiare i vostri parametri SMTP e la consegna sar\u00e0 sempre assicurata.<\/p>\n<p>&nbsp;<\/p>\n","protected":false},"excerpt":{"rendered":"<p>Se dovete inviare delle newsletter o altri tipi di mailing in massa, i normali server SMTP non\u00a0sono strutturati per questo compito &#8211; e in generale impiegano moltissimo tempo per svolgerlo. Il nostro servizio professionale, invece, garantisce una consegna ad alta velocit\u00e0 che render\u00e0 l&#8217;intero processo estremamente pi\u00f9 snello e rapido. Inoltre, turboSMTP funziona con qualsiasi &#8230; <\/p>\n<p class=\"read-more-container\"><a title=\"Consegna rapida, ovunque e in ogni momento\ufeff\" class=\"read-more button\" href=\"https:\/\/serversmtp.com\/it\/consegna-rapida-ovunque-sempre\/#more-528\" aria-label=\"Per saperne di pi\u00f9 su Consegna rapida, ovunque e in ogni momento\ufeff\">Discover more<\/a><\/p>\n","protected":false},"author":1,"featured_media":0,"parent":0,"menu_order":0,"comment_status":"closed","ping_status":"closed","template":"","meta":{"_eb_attr":"","inline_featured_image":false,"_monsterinsights_skip_tracking":false,"_monsterinsights_sitenote_active":false,"_monsterinsights_sitenote_note":"","_monsterinsights_sitenote_category":0,"footnotes":""},"class_list":["post-528","page","type-page","status-publish"],"yoast_head":"<!-- This site is optimized with the Yoast SEO plugin v25.3.1 - https:\/\/yoast.com\/wordpress\/plugins\/seo\/ -->\n<title>Consegna rapida, ovunque e in ogni momento\ufeff - Server Mail SMTP - Provider di servizi SMTP professionali<\/title>\n<meta name=\"robots\" content=\"index, follow, max-snippet:-1, max-image-preview:large, max-video-preview:-1\" \/>\n<link rel=\"canonical\" href=\"https:\/\/serversmtp.com\/it\/consegna-rapida-ovunque-sempre\/\" \/>\n<!-- \/ Yoast SEO plugin. -->","yoast_head_json":{"title":"Consegna rapida, ovunque e in ogni momento\ufeff - Server Mail SMTP - Provider di servizi SMTP professionali","robots":{"index":"index","follow":"follow","max-snippet":"max-snippet:-1","max-image-preview":"max-image-preview:large","max-video-preview":"max-video-preview:-1"},"canonical":"https:\/\/serversmtp.com\/it\/consegna-rapida-ovunque-sempre\/","schema":{"@context":"https:\/\/schema.org","@graph":[{"@type":"WebPage","@id":"https:\/\/serversmtp.com\/it\/consegna-rapida-ovunque-sempre\/","url":"https:\/\/serversmtp.com\/it\/consegna-rapida-ovunque-sempre\/","name":"Consegna rapida, ovunque e in ogni momento\ufeff - Server Mail SMTP - Provider di servizi SMTP professionali","isPartOf":{"@id":"https:\/\/serversmtp.com\/#website"},"primaryImageOfPage":{"@id":"https:\/\/serversmtp.com\/it\/consegna-rapida-ovunque-sempre\/#primaryimage"},"image":{"@id":"https:\/\/serversmtp.com\/it\/consegna-rapida-ovunque-sempre\/#primaryimage"},"thumbnailUrl":"https:\/\/serversmtp.com\/wp-content\/uploads\/2018\/03\/turboSMTP-high-speed-delivery.jpg","datePublished":"2018-03-02T16:52:32+00:00","dateModified":"2022-02-10T14:58:02+00:00","breadcrumb":{"@id":"https:\/\/serversmtp.com\/it\/consegna-rapida-ovunque-sempre\/#breadcrumb"},"inLanguage":"it-IT","potentialAction":[{"@type":"ReadAction","target":["https:\/\/serversmtp.com\/it\/consegna-rapida-ovunque-sempre\/"]}]},{"@type":"ImageObject","inLanguage":"it-IT","@id":"https:\/\/serversmtp.com\/it\/consegna-rapida-ovunque-sempre\/#primaryimage","url":"https:\/\/serversmtp.com\/wp-content\/uploads\/2018\/03\/turboSMTP-high-speed-delivery.jpg","contentUrl":"https:\/\/serversmtp.com\/wp-content\/uploads\/2018\/03\/turboSMTP-high-speed-delivery.jpg"},{"@type":"BreadcrumbList","@id":"https:\/\/serversmtp.com\/it\/consegna-rapida-ovunque-sempre\/#breadcrumb","itemListElement":[{"@type":"ListItem","position":1,"name":"Home","item":"https:\/\/serversmtp.com\/it\/"},{"@type":"ListItem","position":2,"name":"Consegna rapida, ovunque e in ogni momento\ufeff"}]},{"@type":"WebSite","@id":"https:\/\/serversmtp.com\/#website","url":"https:\/\/serversmtp.com\/","name":"Server Mail SMTP - Provider di servizi SMTP professionali","description":"Server Mail SMTP - Provider di servizi SMTP professionali","publisher":{"@id":"https:\/\/serversmtp.com\/#organization"},"potentialAction":[{"@type":"SearchAction","target":{"@type":"EntryPoint","urlTemplate":"https:\/\/serversmtp.com\/?s={search_term_string}"},"query-input":{"@type":"PropertyValueSpecification","valueRequired":true,"valueName":"search_term_string"}}],"inLanguage":"it-IT"},{"@type":"Organization","@id":"https:\/\/serversmtp.com\/#organization","name":"Delivery Tech","url":"https:\/\/serversmtp.com\/","logo":{"@type":"ImageObject","inLanguage":"it-IT","@id":"https:\/\/serversmtp.com\/#\/schema\/logo\/image\/","url":"https:\/\/serversmtp.com\/wp-content\/uploads\/2021\/11\/og-image-2.jpg","contentUrl":"https:\/\/serversmtp.com\/wp-content\/uploads\/2021\/11\/og-image-2.jpg","width":1200,"height":1128,"caption":"Delivery Tech"},"image":{"@id":"https:\/\/serversmtp.com\/#\/schema\/logo\/image\/"}}]}},"_links":{"self":[{"href":"https:\/\/serversmtp.com\/it\/wp-json\/wp\/v2\/pages\/528"}],"collection":[{"href":"https:\/\/serversmtp.com\/it\/wp-json\/wp\/v2\/pages"}],"about":[{"href":"https:\/\/serversmtp.com\/it\/wp-json\/wp\/v2\/types\/page"}],"author":[{"embeddable":true,"href":"https:\/\/serversmtp.com\/it\/wp-json\/wp\/v2\/users\/1"}],"replies":[{"embeddable":true,"href":"https:\/\/serversmtp.com\/it\/wp-json\/wp\/v2\/comments?post=528"}],"version-history":[{"count":3,"href":"https:\/\/serversmtp.com\/it\/wp-json\/wp\/v2\/pages\/528\/revisions"}],"predecessor-version":[{"id":2471,"href":"https:\/\/serversmtp.com\/it\/wp-json\/wp\/v2\/pages\/528\/revisions\/2471"}],"wp:attachment":[{"href":"https:\/\/serversmtp.com\/it\/wp-json\/wp\/v2\/media?parent=528"}],"curies":[{"name":"wp","href":"https:\/\/api.w.org\/{rel}","templated":true}]}}