{"id":496,"date":"2018-03-01T10:49:41","date_gmt":"2018-03-01T09:49:41","guid":{"rendered":"https:\/\/dev.serversmtp.com\/?page_id=496"},"modified":"2022-02-10T15:48:35","modified_gmt":"2022-02-10T14:48:35","slug":"click-open-tracking-tempo-reale","status":"publish","type":"page","link":"https:\/\/serversmtp.com\/it\/click-open-tracking-tempo-reale\/","title":{"rendered":"Click e open tracking in tempo reale"},"content":{"rendered":"<p>Il <strong>click e open tracking<\/strong> (detto anche email track) \u00e8 la risposta alla classica domanda: <a href=\"https:\/\/serversmtp.com\/it\/email-tracking-come-sapere-se-email-e-stata-letta\/\">come posso sapere se la mia email \u00e8 stata letta?<\/a><\/p>\n<p>Quando si gestisce una campagna di email marketing, \u00e8 estremamente importante avere il <strong>controllo completo <\/strong>delle\u00a0interazioni effettuate da ogni utente con i vostri messaggi, in modo da verificare l&#8217;efficacia dell&#8217;intera strategia.<\/p>\n<p>Per questo motivo il pannello avanzato di turboSMTP fornisce delle <strong>statistiche precise e in tempo reale dei click e delle aperture\u00a0<\/strong>\u2013 dandovi sia le metriche generali che lo status di ogni singolo destinatario, e permettendovi cos\u00ec di sapere in ogni momento chi e come ha interagito con la vostra newsletter:<\/p>\n<p><img decoding=\"async\" class=\"aligncenter size-full wp-image-499\" title=\"feed tempo reale\" src=\"https:\/\/serversmtp.com\/wp-content\/uploads\/2018\/03\/feed-tempo-reale-turbosmtp.png\" alt=\"feed tempo reale\" width=\"580\" height=\"313\" srcset=\"https:\/\/serversmtp.com\/wp-content\/uploads\/2018\/03\/feed-tempo-reale-turbosmtp.png 563w, https:\/\/serversmtp.com\/wp-content\/uploads\/2018\/03\/feed-tempo-reale-turbosmtp-300x162.png 300w, https:\/\/serversmtp.com\/wp-content\/uploads\/2018\/03\/feed-tempo-reale-turbosmtp-320x173.png 320w, https:\/\/serversmtp.com\/wp-content\/uploads\/2018\/03\/feed-tempo-reale-turbosmtp-239x129.png 239w\" sizes=\"(max-width: 580px) 100vw, 580px\" \/><\/p>\n<p style=\"text-align: left;\">Si tratta di uno strumento molto utile se spedite<\/p>\n<ul style=\"text-align: left;\">\n<li><strong>Email transazionali<\/strong>: \u00e8 fondamentale tenere traccia dimessaggi automatici come le email di conferma, di checkout, di benvenuto e cos\u00ec via.<\/li>\n<li><strong>DEM e newsletter<\/strong>: l&#8217;efficacia della vostra campagna di email dipende dall&#8217;ottenimento di una conferma che tutti i messaggi sono stati consegnati e che gli utenti li abbiano letti.<\/li>\n<li><strong>Email personali<\/strong>: ogni adolescente lo sa bene: sarebbe bellissimo sapere se una lettera d&#8217;amore \u00e8 stata consegnata e aperta&#8230;<\/li>\n<li><strong>Email di lavoro<\/strong>: qualsiasi email legata al business (un&#8217;offerta, un cv, una lamentela): tenerne traccia vi pu\u00f2 aiutare, per esempio, a capire perch\u00e9 non avete ancora ricevuto una risposta.<\/li>\n<\/ul>\n<p>Ovviamente, il nostro sistema di tracking e analisi <strong>funziona con ogni client di posta elettronica<\/strong>: dovete solo\u00a0<a title=\"turboSMTP\" href=\"\/it\/tsmtpregistration1.php\" target=\"_blank\" rel=\"noopener noreferrer\">iscrivervi<\/a>, iniziare a usare turboSMTP e avrete subito accesso al nostro pannello avanzato.<br \/>\n<img decoding=\"async\" class=\"aligncenter size-full wp-image-505\" title=\"statistiche turbosmtp\" src=\"https:\/\/serversmtp.com\/wp-content\/uploads\/2018\/03\/statistiche-generali.png\" alt=\"statistiche turbosmtp\" width=\"580\" height=\"319\" srcset=\"https:\/\/serversmtp.com\/wp-content\/uploads\/2018\/03\/statistiche-generali.png 1178w, https:\/\/serversmtp.com\/wp-content\/uploads\/2018\/03\/statistiche-generali-300x165.png 300w, https:\/\/serversmtp.com\/wp-content\/uploads\/2018\/03\/statistiche-generali-768x422.png 768w, https:\/\/serversmtp.com\/wp-content\/uploads\/2018\/03\/statistiche-generali-1024x562.png 1024w, https:\/\/serversmtp.com\/wp-content\/uploads\/2018\/03\/statistiche-generali-968x532.png 968w, https:\/\/serversmtp.com\/wp-content\/uploads\/2018\/03\/statistiche-generali-636x349.png 636w, https:\/\/serversmtp.com\/wp-content\/uploads\/2018\/03\/statistiche-generali-320x176.png 320w, https:\/\/serversmtp.com\/wp-content\/uploads\/2018\/03\/statistiche-generali-239x131.png 239w\" sizes=\"(max-width: 580px) 100vw, 580px\" \/><\/p>\n","protected":false},"excerpt":{"rendered":"<p>Il click e open tracking (detto anche email track) \u00e8 la risposta alla classica domanda: come posso sapere se la mia email \u00e8 stata letta? Quando si gestisce una campagna di email marketing, \u00e8 estremamente importante avere il controllo completo delle\u00a0interazioni effettuate da ogni utente con i vostri messaggi, in modo da verificare l&#8217;efficacia dell&#8217;intera &#8230; <\/p>\n<p class=\"read-more-container\"><a title=\"Click e open tracking in tempo reale\" class=\"read-more button\" href=\"https:\/\/serversmtp.com\/it\/click-open-tracking-tempo-reale\/#more-496\" aria-label=\"Per saperne di pi\u00f9 su Click e open tracking in tempo reale\">Discover more<\/a><\/p>\n","protected":false},"author":1,"featured_media":0,"parent":0,"menu_order":0,"comment_status":"closed","ping_status":"closed","template":"","meta":{"_eb_attr":"","inline_featured_image":false,"_monsterinsights_skip_tracking":false,"_monsterinsights_sitenote_active":false,"_monsterinsights_sitenote_note":"","_monsterinsights_sitenote_category":0,"footnotes":""},"class_list":["post-496","page","type-page","status-publish"],"yoast_head":"<!-- This site is optimized with the Yoast SEO plugin v25.3.1 - https:\/\/yoast.com\/wordpress\/plugins\/seo\/ -->\n<title>Click e open tracking in tempo reale - Server Mail SMTP<\/title>\n<meta name=\"description\" content=\"Il click e open tracking (o email track) \u00e8 la risposta alla classica domanda: come posso sapere se la mia email \u00e8 stata letta?\" \/>\n<meta name=\"robots\" content=\"index, follow, max-snippet:-1, max-image-preview:large, max-video-preview:-1\" \/>\n<link rel=\"canonical\" href=\"https:\/\/serversmtp.com\/it\/click-open-tracking-tempo-reale\/\" \/>\n<meta name=\"twitter:label1\" content=\"Tempo di lettura stimato\" \/>\n\t<meta name=\"twitter:data1\" content=\"1 minuto\" \/>\n<!-- \/ Yoast SEO plugin. -->","yoast_head_json":{"title":"Click e open tracking in tempo reale - Server Mail SMTP","description":"Il click e open tracking (o email track) \u00e8 la risposta alla classica domanda: come posso sapere se la mia email \u00e8 stata letta?","robots":{"index":"index","follow":"follow","max-snippet":"max-snippet:-1","max-image-preview":"max-image-preview:large","max-video-preview":"max-video-preview:-1"},"canonical":"https:\/\/serversmtp.com\/it\/click-open-tracking-tempo-reale\/","twitter_misc":{"Tempo di lettura stimato":"1 minuto"},"schema":{"@context":"https:\/\/schema.org","@graph":[{"@type":"WebPage","@id":"https:\/\/serversmtp.com\/it\/click-open-tracking-tempo-reale\/","url":"https:\/\/serversmtp.com\/it\/click-open-tracking-tempo-reale\/","name":"Click e open tracking in tempo reale - Server Mail SMTP","isPartOf":{"@id":"https:\/\/serversmtp.com\/sv\/#website"},"primaryImageOfPage":{"@id":"https:\/\/serversmtp.com\/it\/click-open-tracking-tempo-reale\/#primaryimage"},"image":{"@id":"https:\/\/serversmtp.com\/it\/click-open-tracking-tempo-reale\/#primaryimage"},"thumbnailUrl":"https:\/\/serversmtp.com\/wp-content\/uploads\/2018\/03\/feed-tempo-reale-turbosmtp.png","datePublished":"2018-03-01T09:49:41+00:00","dateModified":"2022-02-10T14:48:35+00:00","description":"Il click e open tracking (o email track) \u00e8 la risposta alla classica domanda: come posso sapere se la mia email \u00e8 stata letta?","breadcrumb":{"@id":"https:\/\/serversmtp.com\/it\/click-open-tracking-tempo-reale\/#breadcrumb"},"inLanguage":"it-IT","potentialAction":[{"@type":"ReadAction","target":["https:\/\/serversmtp.com\/it\/click-open-tracking-tempo-reale\/"]}]},{"@type":"ImageObject","inLanguage":"it-IT","@id":"https:\/\/serversmtp.com\/it\/click-open-tracking-tempo-reale\/#primaryimage","url":"https:\/\/serversmtp.com\/wp-content\/uploads\/2018\/03\/feed-tempo-reale-turbosmtp.png","contentUrl":"https:\/\/serversmtp.com\/wp-content\/uploads\/2018\/03\/feed-tempo-reale-turbosmtp.png"},{"@type":"BreadcrumbList","@id":"https:\/\/serversmtp.com\/it\/click-open-tracking-tempo-reale\/#breadcrumb","itemListElement":[{"@type":"ListItem","position":1,"name":"Home","item":"https:\/\/serversmtp.com\/it\/"},{"@type":"ListItem","position":2,"name":"Click e open tracking in tempo reale"}]},{"@type":"WebSite","@id":"https:\/\/serversmtp.com\/sv\/#website","url":"https:\/\/serversmtp.com\/sv\/","name":"Server Mail SMTP - Provider di servizi SMTP professionali","description":"Server Mail SMTP - Provider di servizi SMTP professionali","publisher":{"@id":"https:\/\/serversmtp.com\/sv\/#organization"},"potentialAction":[{"@type":"SearchAction","target":{"@type":"EntryPoint","urlTemplate":"https:\/\/serversmtp.com\/sv\/?s={search_term_string}"},"query-input":{"@type":"PropertyValueSpecification","valueRequired":true,"valueName":"search_term_string"}}],"inLanguage":"it-IT"},{"@type":"Organization","@id":"https:\/\/serversmtp.com\/sv\/#organization","name":"Delivery Tech","url":"https:\/\/serversmtp.com\/sv\/","logo":{"@type":"ImageObject","inLanguage":"it-IT","@id":"https:\/\/serversmtp.com\/sv\/#\/schema\/logo\/image\/","url":"https:\/\/serversmtp.com\/wp-content\/uploads\/2021\/11\/og-image-2.jpg","contentUrl":"https:\/\/serversmtp.com\/wp-content\/uploads\/2021\/11\/og-image-2.jpg","width":1200,"height":1128,"caption":"Delivery Tech"},"image":{"@id":"https:\/\/serversmtp.com\/sv\/#\/schema\/logo\/image\/"}}]}},"_links":{"self":[{"href":"https:\/\/serversmtp.com\/it\/wp-json\/wp\/v2\/pages\/496"}],"collection":[{"href":"https:\/\/serversmtp.com\/it\/wp-json\/wp\/v2\/pages"}],"about":[{"href":"https:\/\/serversmtp.com\/it\/wp-json\/wp\/v2\/types\/page"}],"author":[{"embeddable":true,"href":"https:\/\/serversmtp.com\/it\/wp-json\/wp\/v2\/users\/1"}],"replies":[{"embeddable":true,"href":"https:\/\/serversmtp.com\/it\/wp-json\/wp\/v2\/comments?post=496"}],"version-history":[{"count":10,"href":"https:\/\/serversmtp.com\/it\/wp-json\/wp\/v2\/pages\/496\/revisions"}],"predecessor-version":[{"id":5352,"href":"https:\/\/serversmtp.com\/it\/wp-json\/wp\/v2\/pages\/496\/revisions\/5352"}],"wp:attachment":[{"href":"https:\/\/serversmtp.com\/it\/wp-json\/wp\/v2\/media?parent=496"}],"curies":[{"name":"wp","href":"https:\/\/api.w.org\/{rel}","templated":true}]}}