{"id":4953,"date":"2018-08-30T12:06:11","date_gmt":"2018-08-30T10:06:11","guid":{"rendered":"https:\/\/serversmtp.com\/?page_id=4953"},"modified":"2018-08-30T12:08:50","modified_gmt":"2018-08-30T10:08:50","slug":"problemi-invio-email-aruba","status":"publish","type":"page","link":"https:\/\/serversmtp.com\/it\/problemi-invio-email-aruba\/","title":{"rendered":"Problemi di invio email con Aruba"},"content":{"rendered":"<p><img decoding=\"async\" class=\"aligncenter size-full wp-image-4954\" src=\"https:\/\/serversmtp.com\/wp-content\/uploads\/2018\/08\/aruba-server-email.jpg\" alt=\"\" width=\"1181\" height=\"354\" srcset=\"https:\/\/serversmtp.com\/wp-content\/uploads\/2018\/08\/aruba-server-email.jpg 1181w, https:\/\/serversmtp.com\/wp-content\/uploads\/2018\/08\/aruba-server-email-300x90.jpg 300w, https:\/\/serversmtp.com\/wp-content\/uploads\/2018\/08\/aruba-server-email-768x230.jpg 768w, https:\/\/serversmtp.com\/wp-content\/uploads\/2018\/08\/aruba-server-email-1024x307.jpg 1024w, https:\/\/serversmtp.com\/wp-content\/uploads\/2018\/08\/aruba-server-email-968x290.jpg 968w, https:\/\/serversmtp.com\/wp-content\/uploads\/2018\/08\/aruba-server-email-636x191.jpg 636w, https:\/\/serversmtp.com\/wp-content\/uploads\/2018\/08\/aruba-server-email-320x96.jpg 320w, https:\/\/serversmtp.com\/wp-content\/uploads\/2018\/08\/aruba-server-email-239x72.jpg 239w\" sizes=\"(max-width: 1181px) 100vw, 1181px\" \/><\/p>\n<p>La gestione email di Aruba pu\u00f2 comportare alcuni problemi di consegna: infatti, uno dei difetti pi\u00f9 notevoli e meno conosciuti di Aruba \u00e8 l&#8217;impossibilit\u00e0 di settare il DKIM del sito ospitato sul server e con cui si spediscono le email.<\/p>\n<p>Il DKIM (acronimo per Domain Keys Identification Mail) \u00e8 una firma digitale usata per impedire alle persone di creare identit\u00e0 fittizie di posta elettronica. Vi sar\u00e0 spesso capitato di ricevere una newsletter da un ente che si spacciava per la vostra banca o le Poste Italiane, e invece era phishing: una piaga che i server in entrata delle caselle di posta cercano di bloccare con filtri sempre pi\u00f9 severi.<\/p>\n<p>Impostando un DKIM, invece, la parte del dominio dell&#8217;indirizzo da cui si spediscono le email (quella che segue l&#8217;@), si consente ai server riceventi di verificarne la provenienza e legittimarne la ricezione. In sostanza, \u00e8 un servizio di autenticazione delle email.<\/p>\n<p>La grossa mancanza di Aruba, come detto, \u00e8 che non \u00e8 possibile inserire una firma DKIM nel proprio dominio ospitato sulla farm. Se dunque si utilizza il server SMTP di Aruba per spedire email (in particolare email di massa come newsletter e DEM), il rischio \u00e8 quello di cadere pi\u00f9 facilmente nello spam e diminuire il tasso di consegna. Se avete avuto dei problemi del genere e i vostri utenti non hanno ricevuto alcuni dei messaggi spediti, ora sapete perch\u00e9.<\/p>\n<p>La soluzione?<\/p>\n<p>1. Innanzitutto cegliere un servizio SMTP dedicato come <a href=\"\/it\/signup\"><strong>turboSMTP<\/strong><\/a>, che offre un&#8217;autenticazione di default attraverso i propri server, e un&#8217;ampia gamma di strumenti di analisi e controllo che vi permetteranno di avere la piena comprensione dell&#8217;andamento delle vostre campagne.<\/p>\n<p>2. In secondo luogo, potete acquistare un dominio differente (ma dal nome simile) da cui inviare le email tramite il nostro partner iSpeed.<\/p>\n<p>Cliccando su <a href=\"http:\/\/store.ispeed.it\/cart.php?a=add&amp;pid=168\" target=\"_blank\" rel=\"noopener\">questo link<\/a> otterrete un dominio iSpeed gi\u00e0 configurato con turboSMTP: potete scegliere il nome libero che preferite: ma come detto, consigliamo di usare un&#8217;estensione simile al nome del vostro sito originale. (Ad esempio, acquistare Questoeilmiosito.it, se avete Questoeilmiosito.com su Aruba).<\/p>\n<p>Naturalmente, ricordate che per essere attivati come clienti di turboSMTP, tale dominio deve avere del contenuto: deve in sostanza essere un vero e proprio sito web. (Per ulteriori informazioni, consultate la pagina su come farsi accettare da turboSMTP).<\/p>\n<p>3. In seguito potrete creare una casella di posta su tale sito che funzioner\u00e0 come nuovo mittente per le newsletter \u2014 con la garanzia che verranno tutte recapitate, grazie al nostro server SMTP.<\/p>\n<p>Bisogna comunque ricordare che tale dominio, non appena creato, non ha ancora una reputazione presso i server dei destinatari: pertanto potrebbero esserci, con alcuni provider, delle difficolt\u00e0 di ricezione durante i primi invii.<\/p>\n","protected":false},"excerpt":{"rendered":"<p>La gestione email di Aruba pu\u00f2 comportare alcuni problemi di consegna: infatti, uno dei difetti pi\u00f9 notevoli e meno conosciuti di Aruba \u00e8 l&#8217;impossibilit\u00e0 di settare il DKIM del sito ospitato sul server e con cui si spediscono le email. Il DKIM (acronimo per Domain Keys Identification Mail) \u00e8 una firma digitale usata per impedire &#8230; <\/p>\n<p class=\"read-more-container\"><a title=\"Problemi di invio email con Aruba\" class=\"read-more button\" href=\"https:\/\/serversmtp.com\/it\/problemi-invio-email-aruba\/#more-4953\" aria-label=\"Per saperne di pi\u00f9 su Problemi di invio email con Aruba\">Discover more<\/a><\/p>\n","protected":false},"author":2,"featured_media":0,"parent":0,"menu_order":0,"comment_status":"closed","ping_status":"closed","template":"g1_template_page_sidebar_right.php","meta":{"_eb_attr":"","inline_featured_image":false,"_monsterinsights_skip_tracking":false,"_monsterinsights_sitenote_active":false,"_monsterinsights_sitenote_note":"","_monsterinsights_sitenote_category":0,"footnotes":""},"class_list":["post-4953","page","type-page","status-publish"],"yoast_head":"<!-- This site is optimized with the Yoast SEO plugin v25.3.1 - https:\/\/yoast.com\/wordpress\/plugins\/seo\/ -->\n<title>Problemi di invio email con Aruba - Server Mail SMTP - Provider di servizi SMTP professionali<\/title>\n<meta name=\"robots\" content=\"index, follow, max-snippet:-1, max-image-preview:large, max-video-preview:-1\" \/>\n<link rel=\"canonical\" href=\"https:\/\/serversmtp.com\/it\/problemi-invio-email-aruba\/\" \/>\n<meta name=\"twitter:label1\" content=\"Tempo di lettura stimato\" \/>\n\t<meta name=\"twitter:data1\" content=\"2 minuti\" \/>\n<!-- \/ Yoast SEO plugin. -->","yoast_head_json":{"title":"Problemi di invio email con Aruba - Server Mail SMTP - Provider di servizi SMTP professionali","robots":{"index":"index","follow":"follow","max-snippet":"max-snippet:-1","max-image-preview":"max-image-preview:large","max-video-preview":"max-video-preview:-1"},"canonical":"https:\/\/serversmtp.com\/it\/problemi-invio-email-aruba\/","twitter_misc":{"Tempo di lettura stimato":"2 minuti"},"schema":{"@context":"https:\/\/schema.org","@graph":[{"@type":"WebPage","@id":"https:\/\/serversmtp.com\/it\/problemi-invio-email-aruba\/","url":"https:\/\/serversmtp.com\/it\/problemi-invio-email-aruba\/","name":"Problemi di invio email con Aruba - Server Mail SMTP - Provider di servizi SMTP professionali","isPartOf":{"@id":"https:\/\/serversmtp.com\/it\/#website"},"primaryImageOfPage":{"@id":"https:\/\/serversmtp.com\/it\/problemi-invio-email-aruba\/#primaryimage"},"image":{"@id":"https:\/\/serversmtp.com\/it\/problemi-invio-email-aruba\/#primaryimage"},"thumbnailUrl":"https:\/\/serversmtp.com\/wp-content\/uploads\/2018\/08\/aruba-server-email.jpg","datePublished":"2018-08-30T10:06:11+00:00","dateModified":"2018-08-30T10:08:50+00:00","breadcrumb":{"@id":"https:\/\/serversmtp.com\/it\/problemi-invio-email-aruba\/#breadcrumb"},"inLanguage":"it-IT","potentialAction":[{"@type":"ReadAction","target":["https:\/\/serversmtp.com\/it\/problemi-invio-email-aruba\/"]}]},{"@type":"ImageObject","inLanguage":"it-IT","@id":"https:\/\/serversmtp.com\/it\/problemi-invio-email-aruba\/#primaryimage","url":"https:\/\/serversmtp.com\/wp-content\/uploads\/2018\/08\/aruba-server-email.jpg","contentUrl":"https:\/\/serversmtp.com\/wp-content\/uploads\/2018\/08\/aruba-server-email.jpg"},{"@type":"BreadcrumbList","@id":"https:\/\/serversmtp.com\/it\/problemi-invio-email-aruba\/#breadcrumb","itemListElement":[{"@type":"ListItem","position":1,"name":"Home","item":"https:\/\/serversmtp.com\/it\/"},{"@type":"ListItem","position":2,"name":"Problemi di invio email con Aruba"}]},{"@type":"WebSite","@id":"https:\/\/serversmtp.com\/it\/#website","url":"https:\/\/serversmtp.com\/it\/","name":"Server Mail SMTP - Provider di servizi SMTP professionali","description":"Server Mail SMTP - Provider di servizi SMTP professionali","publisher":{"@id":"https:\/\/serversmtp.com\/it\/#organization"},"potentialAction":[{"@type":"SearchAction","target":{"@type":"EntryPoint","urlTemplate":"https:\/\/serversmtp.com\/it\/?s={search_term_string}"},"query-input":{"@type":"PropertyValueSpecification","valueRequired":true,"valueName":"search_term_string"}}],"inLanguage":"it-IT"},{"@type":"Organization","@id":"https:\/\/serversmtp.com\/it\/#organization","name":"Delivery Tech","url":"https:\/\/serversmtp.com\/it\/","logo":{"@type":"ImageObject","inLanguage":"it-IT","@id":"https:\/\/serversmtp.com\/it\/#\/schema\/logo\/image\/","url":"https:\/\/serversmtp.com\/wp-content\/uploads\/2021\/11\/og-image-2.jpg","contentUrl":"https:\/\/serversmtp.com\/wp-content\/uploads\/2021\/11\/og-image-2.jpg","width":1200,"height":1128,"caption":"Delivery Tech"},"image":{"@id":"https:\/\/serversmtp.com\/it\/#\/schema\/logo\/image\/"}}]}},"_links":{"self":[{"href":"https:\/\/serversmtp.com\/it\/wp-json\/wp\/v2\/pages\/4953"}],"collection":[{"href":"https:\/\/serversmtp.com\/it\/wp-json\/wp\/v2\/pages"}],"about":[{"href":"https:\/\/serversmtp.com\/it\/wp-json\/wp\/v2\/types\/page"}],"author":[{"embeddable":true,"href":"https:\/\/serversmtp.com\/it\/wp-json\/wp\/v2\/users\/2"}],"replies":[{"embeddable":true,"href":"https:\/\/serversmtp.com\/it\/wp-json\/wp\/v2\/comments?post=4953"}],"version-history":[{"count":3,"href":"https:\/\/serversmtp.com\/it\/wp-json\/wp\/v2\/pages\/4953\/revisions"}],"predecessor-version":[{"id":4969,"href":"https:\/\/serversmtp.com\/it\/wp-json\/wp\/v2\/pages\/4953\/revisions\/4969"}],"wp:attachment":[{"href":"https:\/\/serversmtp.com\/it\/wp-json\/wp\/v2\/media?parent=4953"}],"curies":[{"name":"wp","href":"https:\/\/api.w.org\/{rel}","templated":true}]}}