{"id":4951,"date":"2018-08-30T11:57:36","date_gmt":"2018-08-30T09:57:36","guid":{"rendered":"https:\/\/serversmtp.com\/?page_id=4951"},"modified":"2018-10-01T15:28:17","modified_gmt":"2018-10-01T13:28:17","slug":"turbosmtp-servizio-smtp","status":"publish","type":"page","link":"https:\/\/serversmtp.com\/it\/turbosmtp-servizio-smtp\/","title":{"rendered":"turboSMTP &#8211; Il miglior servizio SMTP professionale\ufeff"},"content":{"rendered":"<p><img decoding=\"async\" class=\"aligncenter size-full wp-image-5107\" src=\"https:\/\/serversmtp.com\/wp-content\/uploads\/2018\/10\/turboSMTP-server.png\" alt=\"\" width=\"580\" height=\"99\" srcset=\"https:\/\/serversmtp.com\/wp-content\/uploads\/2018\/10\/turboSMTP-server.png 580w, https:\/\/serversmtp.com\/wp-content\/uploads\/2018\/10\/turboSMTP-server-300x51.png 300w, https:\/\/serversmtp.com\/wp-content\/uploads\/2018\/10\/turboSMTP-server-320x55.png 320w, https:\/\/serversmtp.com\/wp-content\/uploads\/2018\/10\/turboSMTP-server-239x41.png 239w\" sizes=\"(max-width: 580px) 100vw, 580px\" \/><\/p>\n<p>&nbsp;<\/p>\n<p><strong>turboSMTP<\/strong> \u00e8 un servizio SMTP potente e affidabile, ideale per l&#8217;email marketing e l&#8217;invio newsletter e messaggi transazionali. Con turboSMTP sarete in grado di massimizzare la <strong>deliverability<\/strong> di tutte le vostre email, assicurando che arrivino sempre nelle caselle di posta dei destinatari.<\/p>\n<p>Infatti, un server SMTP comune come quelli associati ai provider di posta elettronica gratuiti (Gmail, Yahoo ecc.) non \u00e8 in grado di supportare invii di massa. Il pericolo di essere filtrati dagli ISP \u00e8 molto alto, e di solito c&#8217;\u00e8 un <strong>limite<\/strong> al numero di destinatari che \u00e8 possibile gestire per ogni singolo messaggio (al fine di scoraggiare gli spammer).<\/p>\n<p>turboSMTP risolve questi problemi una volta per tutte, garantendo sia la possibilit\u00e0 di <strong>inviare email illimitate<\/strong> che il <strong>pi\u00f9 alto tasso di consegna<\/strong> per le vostre email.<\/p>\n<p>Inoltre, turboSMTP \u00e8 <strong>estremamente facile da configurare<\/strong> e fornisce un set completo di <strong>strumenti di analisi<\/strong> per valutare la vostra campagna di email e ricevere informazioni in tempo reale circa il tasso di apertura, il tasso di click -through e altri parametri cruciali.<\/p>\n<p>turboSMTP offre una vasta gamma di <a href=\"\/it\/order.php\">crediti prepagati e abbonamenti mensili<\/a>. \u00c8 possibile iniziare immediatamente con <a href=\"\/it\/signup\"><strong>6.000 email\/mese gratis per un anno<\/strong><\/a>, e quindi scegliere il piano che meglio si adatta alle vostre esigenze.<\/p>\n","protected":false},"excerpt":{"rendered":"<p>&nbsp; turboSMTP \u00e8 un servizio SMTP potente e affidabile, ideale per l&#8217;email marketing e l&#8217;invio newsletter e messaggi transazionali. Con turboSMTP sarete in grado di massimizzare la deliverability di tutte le vostre email, assicurando che arrivino sempre nelle caselle di posta dei destinatari. Infatti, un server SMTP comune come quelli associati ai provider di posta &#8230; <\/p>\n<p class=\"read-more-container\"><a title=\"turboSMTP &#8211; Il miglior servizio SMTP professionale\ufeff\" class=\"read-more button\" href=\"https:\/\/serversmtp.com\/it\/turbosmtp-servizio-smtp\/#more-4951\" aria-label=\"Per saperne di pi\u00f9 su turboSMTP &#8211; Il miglior servizio SMTP professionale\ufeff\">Discover more<\/a><\/p>\n","protected":false},"author":2,"featured_media":0,"parent":0,"menu_order":0,"comment_status":"closed","ping_status":"closed","template":"g1_template_page_sidebar_right.php","meta":{"_eb_attr":"","inline_featured_image":false,"_monsterinsights_skip_tracking":false,"_monsterinsights_sitenote_active":false,"_monsterinsights_sitenote_note":"","_monsterinsights_sitenote_category":0,"footnotes":""},"class_list":["post-4951","page","type-page","status-publish"],"yoast_head":"<!-- This site is optimized with the Yoast SEO plugin v25.3.1 - https:\/\/yoast.com\/wordpress\/plugins\/seo\/ -->\n<title>turboSMTP - Il miglior servizio SMTP professionale\ufeff - Server Mail SMTP - Provider di servizi SMTP professionali<\/title>\n<meta name=\"robots\" content=\"index, follow, max-snippet:-1, max-image-preview:large, max-video-preview:-1\" \/>\n<link rel=\"canonical\" href=\"https:\/\/serversmtp.com\/it\/turbosmtp-servizio-smtp\/\" \/>\n<meta name=\"twitter:label1\" content=\"Tempo di lettura stimato\" \/>\n\t<meta name=\"twitter:data1\" content=\"1 minuto\" \/>\n<!-- \/ Yoast SEO plugin. -->","yoast_head_json":{"title":"turboSMTP - Il miglior servizio SMTP professionale\ufeff - Server Mail SMTP - Provider di servizi SMTP professionali","robots":{"index":"index","follow":"follow","max-snippet":"max-snippet:-1","max-image-preview":"max-image-preview:large","max-video-preview":"max-video-preview:-1"},"canonical":"https:\/\/serversmtp.com\/it\/turbosmtp-servizio-smtp\/","twitter_misc":{"Tempo di lettura stimato":"1 minuto"},"schema":{"@context":"https:\/\/schema.org","@graph":[{"@type":"WebPage","@id":"https:\/\/serversmtp.com\/it\/turbosmtp-servizio-smtp\/","url":"https:\/\/serversmtp.com\/it\/turbosmtp-servizio-smtp\/","name":"turboSMTP - Il miglior servizio SMTP professionale\ufeff - Server Mail SMTP - Provider di servizi SMTP professionali","isPartOf":{"@id":"https:\/\/serversmtp.com\/de\/#website"},"primaryImageOfPage":{"@id":"https:\/\/serversmtp.com\/it\/turbosmtp-servizio-smtp\/#primaryimage"},"image":{"@id":"https:\/\/serversmtp.com\/it\/turbosmtp-servizio-smtp\/#primaryimage"},"thumbnailUrl":"https:\/\/serversmtp.com\/wp-content\/uploads\/2018\/10\/turboSMTP-server.png","datePublished":"2018-08-30T09:57:36+00:00","dateModified":"2018-10-01T13:28:17+00:00","breadcrumb":{"@id":"https:\/\/serversmtp.com\/it\/turbosmtp-servizio-smtp\/#breadcrumb"},"inLanguage":"it-IT","potentialAction":[{"@type":"ReadAction","target":["https:\/\/serversmtp.com\/it\/turbosmtp-servizio-smtp\/"]}]},{"@type":"ImageObject","inLanguage":"it-IT","@id":"https:\/\/serversmtp.com\/it\/turbosmtp-servizio-smtp\/#primaryimage","url":"https:\/\/serversmtp.com\/wp-content\/uploads\/2018\/10\/turboSMTP-server.png","contentUrl":"https:\/\/serversmtp.com\/wp-content\/uploads\/2018\/10\/turboSMTP-server.png"},{"@type":"BreadcrumbList","@id":"https:\/\/serversmtp.com\/it\/turbosmtp-servizio-smtp\/#breadcrumb","itemListElement":[{"@type":"ListItem","position":1,"name":"Home","item":"https:\/\/serversmtp.com\/it\/"},{"@type":"ListItem","position":2,"name":"turboSMTP &#8211; Il miglior servizio SMTP professionale\ufeff"}]},{"@type":"WebSite","@id":"https:\/\/serversmtp.com\/de\/#website","url":"https:\/\/serversmtp.com\/de\/","name":"Server Mail SMTP - Provider di servizi SMTP professionali","description":"Server Mail SMTP - Provider di servizi SMTP professionali","publisher":{"@id":"https:\/\/serversmtp.com\/de\/#organization"},"potentialAction":[{"@type":"SearchAction","target":{"@type":"EntryPoint","urlTemplate":"https:\/\/serversmtp.com\/de\/?s={search_term_string}"},"query-input":{"@type":"PropertyValueSpecification","valueRequired":true,"valueName":"search_term_string"}}],"inLanguage":"it-IT"},{"@type":"Organization","@id":"https:\/\/serversmtp.com\/de\/#organization","name":"Delivery Tech","url":"https:\/\/serversmtp.com\/de\/","logo":{"@type":"ImageObject","inLanguage":"it-IT","@id":"https:\/\/serversmtp.com\/de\/#\/schema\/logo\/image\/","url":"https:\/\/serversmtp.com\/wp-content\/uploads\/2021\/11\/og-image-2.jpg","contentUrl":"https:\/\/serversmtp.com\/wp-content\/uploads\/2021\/11\/og-image-2.jpg","width":1200,"height":1128,"caption":"Delivery Tech"},"image":{"@id":"https:\/\/serversmtp.com\/de\/#\/schema\/logo\/image\/"}}]}},"_links":{"self":[{"href":"https:\/\/serversmtp.com\/it\/wp-json\/wp\/v2\/pages\/4951"}],"collection":[{"href":"https:\/\/serversmtp.com\/it\/wp-json\/wp\/v2\/pages"}],"about":[{"href":"https:\/\/serversmtp.com\/it\/wp-json\/wp\/v2\/types\/page"}],"author":[{"embeddable":true,"href":"https:\/\/serversmtp.com\/it\/wp-json\/wp\/v2\/users\/2"}],"replies":[{"embeddable":true,"href":"https:\/\/serversmtp.com\/it\/wp-json\/wp\/v2\/comments?post=4951"}],"version-history":[{"count":2,"href":"https:\/\/serversmtp.com\/it\/wp-json\/wp\/v2\/pages\/4951\/revisions"}],"predecessor-version":[{"id":5120,"href":"https:\/\/serversmtp.com\/it\/wp-json\/wp\/v2\/pages\/4951\/revisions\/5120"}],"wp:attachment":[{"href":"https:\/\/serversmtp.com\/it\/wp-json\/wp\/v2\/media?parent=4951"}],"curies":[{"name":"wp","href":"https:\/\/api.w.org\/{rel}","templated":true}]}}