{"id":486,"date":"2018-03-01T10:11:44","date_gmt":"2018-03-01T09:11:44","guid":{"rendered":"https:\/\/dev.serversmtp.com\/?page_id=486"},"modified":"2021-05-27T12:17:33","modified_gmt":"2021-05-27T10:17:33","slug":"perche-turbosmtp","status":"publish","type":"page","link":"https:\/\/serversmtp.com\/it\/perche-turbosmtp\/","title":{"rendered":"Perch\u00e9 turboSMTP\ufeff"},"content":{"rendered":"<p>Ci sono <strong>importanti ragioni<\/strong> per usare un servizio SMTP professionale: in passato (prima dell&#8217;era spam), inviare email non \u00e8 mai stato particolarmente problematico, mentre al giorno d&#8217;oggi \u00e8 estremamente importante seguire le <strong>regole<\/strong> di tutti i <strong>server email<\/strong> al fine di evitare che i messaggi finiscano in <strong>cartelle di spam<\/strong> o che <strong>vengano cancellati dai server di posta elettronica<\/strong>.<\/p>\n<p>E-mail server differenti trattano le email in modi diversi, in funzione della <strong>reputazione del server SMTP<\/strong>, <strong>white-lists<\/strong> e <strong>black-lists<\/strong>.<\/p>\n<p>I server SMTP forniti dagli <strong>ISP standard<\/strong> (turbo Internet Provider &#8211; collegamento internet ADSL) <strong>non sono sempre attendibili<\/strong>: usano indirizzi IP casuali e talvolta uno o pi\u00f9 di questi IP sono su black-lists, causando spesso <strong>problemi durante l&#8217;invio di messaggi di posta elettronica<\/strong>.<\/p>\n<p>La cosa <strong>peggiore \u00e8<\/strong> che <strong>non sarai a conoscenza<\/strong> di questi problemi: potrai solo inviare e-mail senza sapere con certezza se saranno effettivamente consegnate.<\/p>\n<p>Inoltre, <strong>se si \u00e8 in viaggio<\/strong> e si utilizzano connessioni ad internet differenti, come Wi-Fi, UMTS \/ EDGE e cos\u00ec via, \u00e8 necessario <strong>modificare le impostazioni smtp ogni volta<\/strong>.<\/p>\n<div class=\"g1-space\" style=\"height: 30px;\"><\/div>\n<h2 style=\"font-weight: 600;\">&#8230;E quindi?<\/h2>\n<p>turboSMTP fornisce un <strong>servizio SMTP conveniente ed affidabile<\/strong>. Monitoriamo costantemente le black-lists e coltiviamo relazioni con i principali provider di posta elettronica per mantenere i nostri server nelle whitelist. Questo significa che <strong>tutti i server email riconosceranno i tuoi messaggi come sicuri<\/strong> e tutti i messaggi verranno recapitati.<\/p>\n<div class=\"g1-space\" style=\"height: 30px;\"><\/div>\n<h2 style=\"font-weight: 600;\">Servizio SMTP Smarthost Professionale<\/h2>\n<p>Sul web esistono hosting che propongono <strong>servizi SMTP a basso costo<\/strong>, offrendo l\u2019uso di un server dedicato o VPS per l\u2019invio delle email. Questi servizi non sono completi, in quanto si limitano alla semplice spedizione delle email, senza occuparsi del recapito, della reputazione e delle comunicazioni con i client di posta \u201cFeedback loops\u201d. Gli invii mal gestiti possono intaccare irrimediabilmente l\u2019indirizzo IP, il mittente email e addirittura il dominio aziendale: ecco perch\u00e9 bisogna fare attenzione e <strong>affidarsi a uno Smarthost<\/strong> (<a href=\"https:\/\/serversmtp.com\/it\/smart-host-cosa-e\/\" title=\"Cos\u2019\u00e8 uno Smart host\">scopri cos\u2019\u00e8 uno Smart host<\/a>). <\/p>\n<p>L\u2019infrastruttura di uno Smarthost \u00e8 molto pi\u00f9 complessa di quanto possa apparire, infatti, la maggior parte delle aziende (anche IT) si rivolge a servizi esterni. Non a caso, persino un colosso come Booking.com &#8211; che ha una infrastruttura IT tra le migliori al mondo &#8211; utilizza uno <strong>Smarthost esterno per l\u2019invio delle sue email<\/strong>. <\/p>\n<p>TurboSMTP \u00e8 l\u2019unico <strong>Smarthost italiano<\/strong> per la gestione sicura delle email a disposizione delle aziende e <strong>a norma di GDPR<\/strong>. <\/p>\n<h4 style=\"text-align: center;\">Approfitta della prova gratuita<br \/>e scopri cosa puoi ottenere con uno Smarthost<\/h4>\n<p style=\"margin-bottom: 0.4em; text-align: center;\"><a class=\"g1-button g1-button--medium g1-button--solid\" style=\"color: #ffffff; background-color: #93ba19; border-color: #93ba19; margin: 0.5em; padding: 1em 2em;\" href=\"https:\/\/serversmtp.com\/it\/signup\" title=\"Prova gratis turboSMTP\">PROVA TURBOSMTP ORA<\/a><\/p>\n<div class=\"g1-space\" style=\"height: 30px;\"><\/div>\n<p>Se invece vuoi creare una tua infrastruttura per l&#8217;invio e la consegna dei tuoi messaggi di posta, consulta il nostro documento dedicato.<\/p>\n<p><h4 style=\"text-align: center;\">Come creare la propria infrastruttura SMTP<\/h4>\n<p style=\"margin-bottom: 0.4em; text-align: center;\"><a class=\"g1-button g1-button--medium g1-button--solid\" style=\"color: #ffffff; background-color: #999; border-color: #999; margin: 0.5em; padding: 1em 2em;\" href=\"https:\/\/serversmtp.com\/wp-content\/uploads\/2020\/11\/TurboSMTP-Deliverability.pdf\" target=\"_blank\" title=\"Scarica il pdf: COME CREARE LA PROPRIA INFRASTRUTTURA SMTP\" rel=\"noopener noreferrer\">SCARICA IL PDF<\/a><\/p>\n<div class=\"g1-space\" style=\"height: 30px;\"><\/div>\n<h2 style=\"font-weight: 600;\">Quali sono i vantaggi di un provider di servizi SMTP professionale?<\/h2>\n<ol class=\"boxes\">\n<li>\n<h3 style=\"color: #005293; font-weight: 500;\">Massimizzare le email consegnate, ridurre quelle &#8220;filtrate&#8221;<\/h3>\n<p>Ci impegniamo attivamente per mantenere i nostri server fuori dalle black-list dei principali provider di posta elettronica, e seguiamo rigorosamente le linee guida e le &#8220;good practices&#8221; per l&#8217;invio dei messaggi di posta.<\/li>\n<li>\n<h3 style=\"color: #005293; font-weight: 500;\">Inviare email da qualsiasi luogo e in ogni momento<\/h3>\n<p><strong>Imposti i parametri SMTP una sola volta,<\/strong> nel tuo client di posta elettronica o in un programma di posta, e <strong>non hai pi\u00f9 bisogno di cambiarli<\/strong>.<br \/>\nOgni volta che ti connetti a Internet, da <strong>computer portatile, PC<\/strong> o <strong>iPhone,<\/strong> sei subito pronto per inviare email, da tutti i tuoi indirizzi di posta elettronica, <strong>indipendentemente dalla connessione Internet o posizione corrente.<\/strong><\/li>\n<li>\n<h3 style=\"color: #005293; font-weight: 500;\">Bypassare le restrizioni degli ISP<\/h3>\n<p><strong>Evitare<\/strong> tutti quei <strong>limiti di utilizzo<\/strong> che gli ISP impongono sui propri servizi di posta in uscita.<br \/>\nOggi, al fine di evitare &#8216;spamming&#8217;, gli ISP sono costretti ad impiegare aggressivi filtri anti-spam che possono rifiutare di inviare alcuni messaggi o addirittura bloccarli, indipendentemente dal fatto che il mittente sia legittimo o meno.<br \/>\n<strong>Scegliendo turboSMTP,<\/strong> potrete godere di <strong>livelli pi\u00f9 elevati di deliverability<\/strong> e aumentare il vostro livello di <strong>inbox placement.<\/strong><\/li>\n<li>\n<h3 style=\"color: #005293; font-weight: 500;\">Approfittare della consegna ad alta velocit\u00e0<\/h3>\n<p>I server SMTP standard tendono spesso a sovraccaricarsi, causando frequenti ritardi e \/ o errori nella consegna della posta. Le nostre tecnologie all&#8217;avanguardia ci permettono di <strong>consegnare la tua posta elettronica in modo rapido e affidabile<\/strong>, garantendo l&#8217;elevato livello di affidabilit\u00e0 proprio di un servizio professionale, sempre.<\/li>\n<li>\n<h3 style=\"color: #005293; font-weight: 500;\">Tenere traccia delle tue email<\/h3>\n<p>Scopri <strong>i grafici in tempo reale e le statistiche di consegna<\/strong> disponibili nella tua area personale di gestione degli account. Il nostro sistema di <strong><a href=\"https:\/\/serversmtp.com\/it\/email-tracking-come-sapere-se-email-e-stata-letta\/\">email tracking<\/a><\/strong> ti mostrer\u00e0 quali messaggi sono stati recapitati correttamente e, inoltre, ti consentir\u00e0 di sapere esattamente <strong>perch\u00e9 un&#8217;e-mail non ha raggiunto la sua destinazione<\/strong>.<\/li>\n<\/ol>\n<div class=\"g1-space\" style=\"height: 30px;\"><\/div>\n<h2 style=\"font-weight: 600;\">La domanda \u00e8&#8230;<\/h2>\n<p><strong>Com&#8217;\u00e8 considerato il tuo server di posta SMTP dai server email? Attendibile o no? \u00a0 <\/strong><\/p>\n<p>Se il server SMTP non \u00e8 considerato attendibile, quasi tutti i <strong>server e-mail standard ritarderanno la consegna dei vostri messaggi<\/strong>, che nella migliore delle ipotesi saranno inviati ad una gray-list o inseriti nella cartella di spam, o nel peggiore dei casi il server <strong>li rifiuter\u00e0<\/strong>.<\/p>\n<p>Al giorno d&#8217;oggi email server come Hotmail, Gmail, Comcast e molti altri (cambiano ogni giorno) utilizzano <strong>regole molto rigorose<\/strong> per via della grande quantit\u00e0 di spam inviato agli utenti, pertanto accade molto spesso che normali messaggi di posta finiscano erroneamente nelle cartelle di spam o vengano proprio respinti.<\/p>\n<p><strong>Se tenete alle vostre e-mail<\/strong>, consigliamo vivamente di <strong>utilizzare turboSMTP<\/strong> al fine di essere riconosciuti come <strong>affidabili<\/strong> da tutti i server email e per <strong>aumentare notevolmente la vostra e-mail deliverability<\/strong>.<\/p>\n<div class=\"g1-space\" style=\"height: 30px;\"><\/div>\n<p style=\"font-size: 10px;\"><em>Si prega di notare che turboSMTP \u00e8 un servizio di posta in uscita destinato a facilitare i mittenti legittimi, non gli spammer. I clienti che violano la nostra\u00a0 <a class=\"fancyLink\" href=\"knowledgebase.php?action=displayarticle&amp;id=15\" target=\"_blank\" rel=\"noopener noreferrer\">Politica anti-spam<\/a> avranno il loro account sospeso o chiuso.<br \/>\n<\/em><\/p>\n","protected":false},"excerpt":{"rendered":"<p>Ci sono importanti ragioni per usare un servizio SMTP professionale: in passato (prima dell&#8217;era spam), inviare email non \u00e8 mai stato particolarmente problematico, mentre al giorno d&#8217;oggi \u00e8 estremamente importante seguire le regole di tutti i server email al fine di evitare che i messaggi finiscano in cartelle di spam o che vengano cancellati dai &#8230; <\/p>\n<p class=\"read-more-container\"><a title=\"Perch\u00e9 turboSMTP\ufeff\" class=\"read-more button\" href=\"https:\/\/serversmtp.com\/it\/perche-turbosmtp\/#more-486\" aria-label=\"Per saperne di pi\u00f9 su Perch\u00e9 turboSMTP\ufeff\">Discover more<\/a><\/p>\n","protected":false},"author":1,"featured_media":0,"parent":0,"menu_order":0,"comment_status":"closed","ping_status":"closed","template":"g1_template_page_sidebar_right.php","meta":{"_eb_attr":"","inline_featured_image":false,"_monsterinsights_skip_tracking":false,"_monsterinsights_sitenote_active":false,"_monsterinsights_sitenote_note":"","_monsterinsights_sitenote_category":0,"footnotes":""},"class_list":["post-486","page","type-page","status-publish"],"yoast_head":"<!-- This site is optimized with the Yoast SEO plugin v25.3.1 - https:\/\/yoast.com\/wordpress\/plugins\/seo\/ -->\n<title>Perch\u00e9 turboSMTP - Provider di servizi SMTP professionali<\/title>\n<meta name=\"description\" content=\"Scopri i vantaggi di usare turboSMTP e non un normale servizio SMTP. Ci appoggiamo solo a server in white list e garantiamo un email tracking efficiente.\" \/>\n<meta name=\"robots\" content=\"index, follow, max-snippet:-1, max-image-preview:large, max-video-preview:-1\" \/>\n<link rel=\"canonical\" href=\"https:\/\/serversmtp.com\/it\/perche-turbosmtp\/\" \/>\n<meta name=\"twitter:label1\" content=\"Tempo di lettura stimato\" \/>\n\t<meta name=\"twitter:data1\" content=\"5 minuti\" \/>\n<!-- \/ Yoast SEO plugin. -->","yoast_head_json":{"title":"Perch\u00e9 turboSMTP - Provider di servizi SMTP professionali","description":"Scopri i vantaggi di usare turboSMTP e non un normale servizio SMTP. Ci appoggiamo solo a server in white list e garantiamo un email tracking efficiente.","robots":{"index":"index","follow":"follow","max-snippet":"max-snippet:-1","max-image-preview":"max-image-preview:large","max-video-preview":"max-video-preview:-1"},"canonical":"https:\/\/serversmtp.com\/it\/perche-turbosmtp\/","twitter_misc":{"Tempo di lettura stimato":"5 minuti"},"schema":{"@context":"https:\/\/schema.org","@graph":[{"@type":"WebPage","@id":"https:\/\/serversmtp.com\/it\/perche-turbosmtp\/","url":"https:\/\/serversmtp.com\/it\/perche-turbosmtp\/","name":"Perch\u00e9 turboSMTP - Provider di servizi SMTP professionali","isPartOf":{"@id":"https:\/\/serversmtp.com\/it\/#website"},"datePublished":"2018-03-01T09:11:44+00:00","dateModified":"2021-05-27T10:17:33+00:00","description":"Scopri i vantaggi di usare turboSMTP e non un normale servizio SMTP. Ci appoggiamo solo a server in white list e garantiamo un email tracking efficiente.","breadcrumb":{"@id":"https:\/\/serversmtp.com\/it\/perche-turbosmtp\/#breadcrumb"},"inLanguage":"it-IT","potentialAction":[{"@type":"ReadAction","target":["https:\/\/serversmtp.com\/it\/perche-turbosmtp\/"]}]},{"@type":"BreadcrumbList","@id":"https:\/\/serversmtp.com\/it\/perche-turbosmtp\/#breadcrumb","itemListElement":[{"@type":"ListItem","position":1,"name":"Home","item":"https:\/\/serversmtp.com\/it\/"},{"@type":"ListItem","position":2,"name":"Perch\u00e9 turboSMTP\ufeff"}]},{"@type":"WebSite","@id":"https:\/\/serversmtp.com\/it\/#website","url":"https:\/\/serversmtp.com\/it\/","name":"Server Mail SMTP - Provider di servizi SMTP professionali","description":"Server Mail SMTP - Provider di servizi SMTP professionali","publisher":{"@id":"https:\/\/serversmtp.com\/it\/#organization"},"potentialAction":[{"@type":"SearchAction","target":{"@type":"EntryPoint","urlTemplate":"https:\/\/serversmtp.com\/it\/?s={search_term_string}"},"query-input":{"@type":"PropertyValueSpecification","valueRequired":true,"valueName":"search_term_string"}}],"inLanguage":"it-IT"},{"@type":"Organization","@id":"https:\/\/serversmtp.com\/it\/#organization","name":"Delivery Tech","url":"https:\/\/serversmtp.com\/it\/","logo":{"@type":"ImageObject","inLanguage":"it-IT","@id":"https:\/\/serversmtp.com\/it\/#\/schema\/logo\/image\/","url":"https:\/\/serversmtp.com\/wp-content\/uploads\/2021\/11\/og-image-2.jpg","contentUrl":"https:\/\/serversmtp.com\/wp-content\/uploads\/2021\/11\/og-image-2.jpg","width":1200,"height":1128,"caption":"Delivery Tech"},"image":{"@id":"https:\/\/serversmtp.com\/it\/#\/schema\/logo\/image\/"}}]}},"_links":{"self":[{"href":"https:\/\/serversmtp.com\/it\/wp-json\/wp\/v2\/pages\/486"}],"collection":[{"href":"https:\/\/serversmtp.com\/it\/wp-json\/wp\/v2\/pages"}],"about":[{"href":"https:\/\/serversmtp.com\/it\/wp-json\/wp\/v2\/types\/page"}],"author":[{"embeddable":true,"href":"https:\/\/serversmtp.com\/it\/wp-json\/wp\/v2\/users\/1"}],"replies":[{"embeddable":true,"href":"https:\/\/serversmtp.com\/it\/wp-json\/wp\/v2\/comments?post=486"}],"version-history":[{"count":12,"href":"https:\/\/serversmtp.com\/it\/wp-json\/wp\/v2\/pages\/486\/revisions"}],"predecessor-version":[{"id":11799,"href":"https:\/\/serversmtp.com\/it\/wp-json\/wp\/v2\/pages\/486\/revisions\/11799"}],"wp:attachment":[{"href":"https:\/\/serversmtp.com\/it\/wp-json\/wp\/v2\/media?parent=486"}],"curies":[{"name":"wp","href":"https:\/\/api.w.org\/{rel}","templated":true}]}}