{"id":4154,"date":"2018-06-26T16:42:00","date_gmt":"2018-06-26T14:42:00","guid":{"rendered":"https:\/\/serversmtp.com\/?page_id=4154"},"modified":"2022-02-14T16:56:47","modified_gmt":"2022-02-14T15:56:47","slug":"come-edisplay-raccoglie-i-dati","status":"publish","type":"page","link":"https:\/\/serversmtp.com\/it\/norme-sulla-privacy-regolamento-ue-2016-79-gdpr\/come-edisplay-raccoglie-i-dati\/","title":{"rendered":"Come eDisplay raccoglie i dati"},"content":{"rendered":"<p><img decoding=\"async\" class=\"aligncenter size-full wp-image-4048\" src=\"https:\/\/serversmtp.com\/wp-content\/uploads\/2018\/06\/GDPR-raccolta.png\" alt=\"\" width=\"1280\" height=\"700\" srcset=\"https:\/\/serversmtp.com\/wp-content\/uploads\/2018\/06\/GDPR-raccolta.png 1280w, https:\/\/serversmtp.com\/wp-content\/uploads\/2018\/06\/GDPR-raccolta-300x164.png 300w, https:\/\/serversmtp.com\/wp-content\/uploads\/2018\/06\/GDPR-raccolta-768x420.png 768w, https:\/\/serversmtp.com\/wp-content\/uploads\/2018\/06\/GDPR-raccolta-1024x560.png 1024w, https:\/\/serversmtp.com\/wp-content\/uploads\/2018\/06\/GDPR-raccolta-968x529.png 968w, https:\/\/serversmtp.com\/wp-content\/uploads\/2018\/06\/GDPR-raccolta-636x348.png 636w, https:\/\/serversmtp.com\/wp-content\/uploads\/2018\/06\/GDPR-raccolta-320x175.png 320w, https:\/\/serversmtp.com\/wp-content\/uploads\/2018\/06\/GDPR-raccolta-239x131.png 239w\" sizes=\"(max-width: 1280px) 100vw, 1280px\" \/><\/p>\n<ul class=\"g1-grid\"><li class=\"g1-column g1-one-fourth g1-valign-top\">\n<h4>Dati raccolti dalle nostre applicazioni automaticamente durante le tue attivit\u00e0 sul sito e mentre utilizzi i nostri servizi<\/h4>\n<\/li><!-- -->\n<li class=\"g1-column g1-three-fourth g1-valign-top\">\n<p>Quando utilizzi i nostri servizi o navighi su uno dei nostri siti web, tramite file di log del sistema potremmo raccogliere informazioni su di te, come:<\/p>\n\n<ul id=\"\" class=\"g1-list g1-list--upper-alpha g1-list--none \">\n<li>il tuo indirizzo IP;<\/li>\n<li>il tuo sistema operativo;<\/li>\n<li>il tuo ID e il tuo tipo di browser;<\/li>\n<li>le tue coordinate gps.<\/li>\n<\/ul>\n\n<p>Anche la tua attivit\u00e0 di navigazione sul nostro sito pu\u00f2 essere rintracciabile, tramite:<\/p>\n\n<ul id=\"\" class=\"g1-list g1-list--upper-alpha g1-list--none \">\n<li>tecnologie di tracciamento (come Google Analytics) o simili sul nostro sito web, utilizzate per la gestione, analizzare le tendenze, tracciare gli utenti per capire come utilizzano il sito e proporre pubblicit\u00e0 mirate;<\/li>\n<li>cookie, per ottimizzare le tue preferenze di navigazione.<\/li>\n<\/ul>\n\n<p>Quando inviamo un\u2019email ai sottoscrittori di un servizio o di una lista di contatti, possiamo tracciare i alcuni comportamenti: ci\u00f2 avviene grazie a web beacon o pixel tag, delle tecnologie proprietarie di tracciamento contenute nelle nostre email, che ci consentono di misurare le prestazioni delle campagne email e di migliorare le funzionalit\u00e0 offerte per specifici segmenti di utenti.<br \/>\nI web beacon permettono di raccogliere informazioni su quando apri l&#8217;email, sul tuo indirizzo IP, sul tuo browser, sul tipo di client di posta elettronica e altri dettagli simili. Includiamo anche Web Beacon nelle email che non sono oggetto di invio massivo.<br \/>\nI dati raccolti vengono poi utilizzati per fornirti dei report su come la tua campagna email \u00e8 stata eseguita, consegnata e quali azioni hanno intrapreso gli iscritti della tua lista di contatti.<\/p>\n<p>Quando ci contatti e interagisci attivamente con noi raccogliamo anche i dati che hai condiviso con l\u2019assistenza tecnica o customer care, mentre utilizzi i nostri sistemi elettronici (chat online, forum, telefono). Queste informazioni sono raccolte come:<\/p>\n\n<ul id=\"\" class=\"g1-list g1-list--upper-alpha g1-list--none \">\n<li>parte dei file di registro;<\/li>\n<li>database di terze parti dei fornitori.<\/li>\n<\/ul>\n\n<p>Per tua tranquillit\u00e0 precisiamo che questi dati non sono accompagnati da alcuna informazione personale aggiuntiva e vengono utilizzati per:<\/p>\n\n<ul id=\"\" class=\"g1-list g1-list--upper-alpha g1-list--none \">\n<li>ricavare informazioni statistiche anonime;<\/li>\n<li>esigenze di controllo delle modalit\u00e0 di utilizzo dello stesso;<\/li>\n<li>l\u2019accertamento di responsabilit\u00e0 in caso di ipotetici reati informatici;<\/li>\n<li>avere traccia delle tue richieste di assistenza per essere veloci ed esaustivi nel risolvere i problemi;<\/li>\n<li>informazioni su come e quando utilizzi i nostri servizi, applicazioni e software al fine di migliorarli, sia per te che per tutti i nostri utenti.<\/li>\n<\/ul>\n\n<\/li><!-- --><\/ul>\n<div  class=\"g1-divider g1-divider--none g1-divider--noicon \"><\/div>\n<ul class=\"g1-grid\"><li class=\"g1-column g1-one-fourth g1-valign-top\">\n<h4>Dati forniti volontariamente per l\u2019utilizzo dei servizi<\/h4>\n<\/li><!-- -->\n<li class=\"g1-column g1-three-fourth g1-valign-top\">\n<p>In molti casi tu ci fornisci volontariamente delle informazioni che noi raccogliamo, in modo da fornirti quanto ci richiedi, nello specifico quando:<\/p>\n\n<ul id=\"\" class=\"g1-list g1-list--upper-alpha g1-list--none \">\n<li>ti iscrivi e utilizzi i nostri servizi, applicazioni e software;<\/li>\n<li>richiedi supporto al nostro team di assistenza clienti;<\/li>\n<li>ci invii una comunicazione tramite email;<\/li>\n<li>compili un modulo (o form) di contatto;<\/li>\n<li>integri i servizi con un altro sito o servizio web;<\/li>\n<li>comunichi con noi in qualsiasi modo (anche telefonicamente).<\/li>\n<\/ul>\n\n<p>Tali informazioni possono includere il tuo nome e cognome e di un tuo cliente, l&#8217;indirizzo fisico, l&#8217;indirizzo email, il numero di telefono, nonch\u00e9 i dettagli di sesso, occupazione, ubicazione, cronologia degli acquisti e altre informazioni demografiche.<br \/>\nFornendoci queste informazioni, acconsenti al fatto che vengano raccolte, utilizzate, trasferite negli Stati Uniti e archiviate da noi, come descritto nelle nostre DPA e in questa Informativa sulla privacy.<\/p>\n<\/li><!-- --><\/ul>\n<div  class=\"g1-divider g1-divider--none g1-divider--noicon \"><\/div>\n<ul class=\"g1-grid\"><li class=\"g1-column g1-one-fourth g1-valign-top\">\n<h4>Consenso al trattamento dei dati<\/h4>\n<\/li><!-- -->\n<li class=\"g1-column g1-three-fourth g1-valign-top\">\n<p><strong>Abbiamo previsto una dichiarazione di consenso al trattamento dei dati<\/strong>, predisposta in una forma comprensibile e facilmente accessibile, senza clausole vessatorie. Potrai sempre operare una scelta autenticamente libera.<br \/>\nNell\u2019esprimere o negare il consenso devi tener conto:<\/p>\n\n<ul id=\"\" class=\"g1-list g1-list--upper-alpha g1-list--none \">\n<li>della necessit\u00e0 di rispettare l\u2019obbligo legale al quale anche eDisplay \u00e8 soggetta come titolare del trattamento;<\/li>\n<li>della necessit\u00e0 di esecuzione di un contratto per erogare un servizio di cui sei interessato;<\/li>\n<li>delle possibili misure precontrattuali, per dare esecuzioni a richieste di preventivi o all\u2019utilizzo di versioni dimostrative.<\/li>\n<\/ul>\n\n<p>Avrai sempre la possibilit\u00e0 di prestare il tuo consenso mediante un atto positivo e inequivocabile, con il quale manifestare l\u2019intenzione libera, specifica e informata nell\u2019accettare il trattamento dei dati personali che ti riguardano.<br \/>\nA seconda dei casi, per \u201catto positivo e inequivocabile\u201d si intende:<\/p>\n\n<ul id=\"\" class=\"g1-list g1-list--upper-alpha g1-list--none \">\n<li>una dichiarazione scritta cartacea;<\/li>\n<li>una comunicazione attraverso mezzi elettronici (ad esempio dei moduli da compilare online) o cartacei;<\/li>\n<li>una comunicazione orale con procedura registrata.<\/li>\n<\/ul>\n\n<p>Se la comunicazione avviene tramite un modulo (o form) del sito web da compilare, dovrai attivamente selezionare un\u2019apposita casella: con tale scelta indichi chiaramente che hai accettato intenzionalmente il trattamento proposto.<br \/>\nIn altri casi dovrai barrare una casella stampata su un modulo cartaceo, oppure durante una comunicazione orale dovrai dichiarare espressamente la parola \u201cS\u00cc\u201d alla domanda dell\u2019incaricato al consenso del trattamento dei tuoi dati: l\u2019azione verr\u00e0 registrata e sar\u00e0 la prova del tuo consenso.<br \/>\nPotrai in qualunque momento decidere di sottrarti al trattamento dei dati, in base alle regole del GDPR e alle condizioni di opportunit\u00e0.<\/p>\n<\/li><!-- --><\/ul>\n<div  class=\"g1-divider g1-divider--none g1-divider--noicon \"><\/div>\n<ul class=\"g1-grid\"><li class=\"g1-column g1-one-fourth g1-valign-top\">\n<h4>Conservazione dei dati &#8211; Tempi e modi del trattamento<\/h4>\n<\/li><!-- -->\n<li class=\"g1-column g1-three-fourth g1-valign-top\">\n<p>Noi di eDisplay Srl facciamo del nostro meglio per mantenere i tuoi dati accurati e aggiornati, limitatamente alle informazioni da te fornite. Conserveremo le tue informazioni per tutto il tempo in cui il tuo account \u00e8 attivo o per il tempo necessario a fornirti i nostri servizi.<br \/>\nPotremmo inoltre conservare e utilizzare le tue informazioni per rispettare i nostri obblighi legali, risolvere controversie, prevenire abusi e far rispettare i nostri accordi.<br \/>\nI dati che raccogliamo per soddisfare le esigenze di esecuzione degli obblighi contrattuali e le informazioni su come e quando utilizzi i nostri servizi li conserviamo in database attivi, file di registro o altri tipi di sistemi di stoccaggio dei dati debitamente protetti e crittografati.<br \/>\nIn particolare:<\/p>\n\n<ul id=\"\" class=\"g1-list g1-list--upper-alpha g1-list--none \">\n<li><strong>i dati a carattere personale per adempiere alle condizioni contrattuali<\/strong> saranno conservati in <strong>database<\/strong> gestionali protetti sui nostri server, per tutto il <strong>periodo previsto dall\u2019accordo<\/strong>;<\/li>\n<li><strong>i dati a carattere personale raccolti e relativi a obblighi contrattuali e di fatturazione<\/strong> vengono conservati tramite <strong>backup<\/strong> protetto sui nostri server, per un <strong>periodo di 5 anni<\/strong> dopo la cessazione del rapporto contrattuale: per cessazione del rapporto contrattuale si intende la risoluzione esplicita del contratto da parte dell&#8217;utente, di eDisplay Srl o il mancato utilizzo dei servizi per un periodo definito nel DPA;<\/li>\n<li><strong>i dati a carattere personale raccolti per accedere ai nostri servizi, applicazioni e software<\/strong>, sia in acquisto che in demo e consultabile, con accesso tramite username e password del singolo account, saranno conservati sui nostri server tramite <strong>database accessibile da account attivo<\/strong> e, successivamente, per mezzo di <strong>backup<\/strong> protetto sui nostri server p<strong>er tutto il tempo dell\u2019utilizzo del servizio<\/strong>, oppure archiviati e conservati per <strong>12 mesi in caso di disdetta<\/strong>.<\/li>\n<\/ul>\n\n<p>eDisplay Srl non \u00e8 tenuta a memorizzare tutti i tuoi dati per sempre: potrai accedere ad alcuni di essi finch\u00e9 avrai un contratto attivo, sia a pagamento che gratuito, e per un periodo che varia a seconda del tipo di dati in questione e del piano sottoscritto. Le informazioni da noi archiviate potrebbero essere statistiche sul vostro account, contenuto delle vostre email, liste di contatti, etc.<\/p>\n<p><strong>I dati ricevuti per un contatto lavorativo<\/strong>, come i Curriculum Vitae, verranno archiviati e debitamente <strong>protetti su Pc<\/strong> nelle cartelle dedicate del personale delle Risorse Umane, <strong>per il periodo di tempo necessario a completare le operazioni di selezione del personale<\/strong>.<br \/>\n<strong>I dati ricevuti dai form di contatto per informazioni generiche<\/strong> saranno trattati nei modi e tempi previsti per dare riscontro alla tipologia del contatto, nel contempo saranno<strong> conservati e accessibili solo ed esclusivamente al personale<\/strong>.<\/p>\n<\/li><!-- --><\/ul>\n<div  class=\"g1-divider g1-divider--none g1-divider--noicon \"><\/div>\n<ul class=\"g1-grid\"><li class=\"g1-column g1-one-fourth g1-valign-top\">\n<h4>Dati presenti nelle liste di contatti dei nostri clienti<\/h4>\n<\/li><!-- -->\n<li class=\"g1-column g1-three-fourth g1-valign-top\">\n<p>Quando tu utilizzi i nostri servizi, noi abbiamo accesso alle informazioni contenute nelle liste di contatti email del tuo account, nonch\u00e9 all&#8217;oggetto e al contenuto delle email che invii.<br \/>\nQuesti dati vengono memorizzati su server sicuri e solo un numero limitato di persone \u00e8 autorizzato ad accedervi, nello specifico per fornire servizi di supporto.<br \/>\nPuoi facilmente recuperare le tue liste di contatti dai tuoi account in qualsiasi momento, utilizzando la procedura di esportazione. \u00c8 inoltre possibile modificare e\/o eliminare i contatti in qualsiasi momento dai tuoi account.<br \/>\nIn nessun caso eDisplay Srl vender\u00e0, condivider\u00e0 o affitter\u00e0 le tue liste di contatti a terzi, n\u00e9 le utilizzer\u00e0 per scopi diversi da quelli stabiliti in questa informativa sulla nostra policy. Utilizzeremo le informazioni delle tue liste di contatti solo per esigenze legali, per le fatturazioni ed eventualmente per formulare statistiche aggregate e non sistematiche, al fine di fornirti i servizi migliori.<br \/>\nRicorda che sei tu il creatore delle tue liste di contatti e delle campagne email associate, dunque sei considerato il titolare del trattamento dei dati ai sensi del GDPR e eDisplay Srl agisce solo come un responsabile del trattamento.<a name=\"cookies\"><\/a><\/p>\n<\/li><!-- --><\/ul>\n<div  class=\"g1-divider g1-divider--none g1-divider--noicon \"><\/div>\n<ul class=\"g1-grid\"><li class=\"g1-column g1-one-fourth g1-valign-top\">\n<h4>Cookies<\/h4>\n<\/li><!-- -->\n<li class=\"g1-column g1-three-fourth g1-valign-top\">\n<p>Alcune delle nostre pagine web utilizzano &#8220;cookie&#8221; e altre tecnologie di tracking. Un &#8220;cookie&#8221; \u00e8 un piccolo file di testo che pu\u00f2 essere utilizzato, ad esempio, per raccogliere informazioni sulle attivit\u00e0 del sito web. Alcuni cookie e altre tecnologie simili possono servire per richiamare i dati personali precedentemente indicati da un utente web. La maggior parte dei browser consente all&#8217;utente di controllare i cookie, compresa l&#8217;opzione di accettarli o meno, e di rimuoverli.<\/p>\n<p>\u00c8 possibile impostare la maggior parte dei browser in modo da avere una notifica se ricevete un cookie, oppure si pu\u00f2 scegliere di bloccare i cookie direttamente con il browser. Tuttavia, \u00e8 importante notare che se si sceglie di cancellare o bloccare i cookie, sar\u00e0 necessario inserire nuovamente il proprio nome utente e password per accedere ad alcune parti del sito web.<\/p>\n<p>Le tecnologie di tracking possono registrare informazioni quali il dominio internet e i nomi degli host, l&#8217;indirizzo IP, il tipo di browser e del sistema operativo in uso, i percorsi dei click, e le date e gli orari in cui si accede al nostro sito. L&#8217;uso di cookie e di altre tecnologie di tracking ci consente di migliorare il nostro sito web e la vostra esperienza di navigazione. Potremmo inoltre analizzare informazioni che non contengono dati personali per questioni statistiche.<\/p>\n<\/li><!-- --><\/ul>\n","protected":false},"excerpt":{"rendered":"","protected":false},"author":2,"featured_media":0,"parent":4146,"menu_order":2,"comment_status":"closed","ping_status":"closed","template":"","meta":{"_eb_attr":"","inline_featured_image":false,"_monsterinsights_skip_tracking":false,"_monsterinsights_sitenote_active":false,"_monsterinsights_sitenote_note":"","_monsterinsights_sitenote_category":0,"footnotes":""},"class_list":["post-4154","page","type-page","status-publish"],"yoast_head":"<!-- This site is optimized with the Yoast SEO plugin v25.3.1 - https:\/\/yoast.com\/wordpress\/plugins\/seo\/ -->\n<title>Come eDisplay raccoglie i dati - Server Mail SMTP - Provider di servizi SMTP professionali<\/title>\n<meta name=\"robots\" content=\"index, follow, max-snippet:-1, max-image-preview:large, max-video-preview:-1\" \/>\n<link rel=\"canonical\" href=\"https:\/\/serversmtp.com\/it\/norme-sulla-privacy-regolamento-ue-2016-79-gdpr\/come-edisplay-raccoglie-i-dati\/\" \/>\n<meta name=\"twitter:label1\" content=\"Tempo di lettura stimato\" \/>\n\t<meta name=\"twitter:data1\" content=\"9 minuti\" \/>\n<!-- \/ Yoast SEO plugin. -->","yoast_head_json":{"title":"Come eDisplay raccoglie i dati - Server Mail SMTP - Provider di servizi SMTP professionali","robots":{"index":"index","follow":"follow","max-snippet":"max-snippet:-1","max-image-preview":"max-image-preview:large","max-video-preview":"max-video-preview:-1"},"canonical":"https:\/\/serversmtp.com\/it\/norme-sulla-privacy-regolamento-ue-2016-79-gdpr\/come-edisplay-raccoglie-i-dati\/","twitter_misc":{"Tempo di lettura stimato":"9 minuti"},"schema":{"@context":"https:\/\/schema.org","@graph":[{"@type":"WebPage","@id":"https:\/\/serversmtp.com\/it\/norme-sulla-privacy-regolamento-ue-2016-79-gdpr\/come-edisplay-raccoglie-i-dati\/","url":"https:\/\/serversmtp.com\/it\/norme-sulla-privacy-regolamento-ue-2016-79-gdpr\/come-edisplay-raccoglie-i-dati\/","name":"Come eDisplay raccoglie i dati - Server Mail SMTP - Provider di servizi SMTP professionali","isPartOf":{"@id":"https:\/\/serversmtp.com\/sv\/#website"},"primaryImageOfPage":{"@id":"https:\/\/serversmtp.com\/it\/norme-sulla-privacy-regolamento-ue-2016-79-gdpr\/come-edisplay-raccoglie-i-dati\/#primaryimage"},"image":{"@id":"https:\/\/serversmtp.com\/it\/norme-sulla-privacy-regolamento-ue-2016-79-gdpr\/come-edisplay-raccoglie-i-dati\/#primaryimage"},"thumbnailUrl":"https:\/\/serversmtp.com\/wp-content\/uploads\/2018\/06\/GDPR-raccolta.png","datePublished":"2018-06-26T14:42:00+00:00","dateModified":"2022-02-14T15:56:47+00:00","breadcrumb":{"@id":"https:\/\/serversmtp.com\/it\/norme-sulla-privacy-regolamento-ue-2016-79-gdpr\/come-edisplay-raccoglie-i-dati\/#breadcrumb"},"inLanguage":"it-IT","potentialAction":[{"@type":"ReadAction","target":["https:\/\/serversmtp.com\/it\/norme-sulla-privacy-regolamento-ue-2016-79-gdpr\/come-edisplay-raccoglie-i-dati\/"]}]},{"@type":"ImageObject","inLanguage":"it-IT","@id":"https:\/\/serversmtp.com\/it\/norme-sulla-privacy-regolamento-ue-2016-79-gdpr\/come-edisplay-raccoglie-i-dati\/#primaryimage","url":"https:\/\/serversmtp.com\/wp-content\/uploads\/2018\/06\/GDPR-raccolta.png","contentUrl":"https:\/\/serversmtp.com\/wp-content\/uploads\/2018\/06\/GDPR-raccolta.png"},{"@type":"BreadcrumbList","@id":"https:\/\/serversmtp.com\/it\/norme-sulla-privacy-regolamento-ue-2016-79-gdpr\/come-edisplay-raccoglie-i-dati\/#breadcrumb","itemListElement":[{"@type":"ListItem","position":1,"name":"Home","item":"https:\/\/serversmtp.com\/it\/"},{"@type":"ListItem","position":2,"name":"GDPR \u2013 Introduzione e obiettivi perseguiti","item":"https:\/\/serversmtp.com\/it\/norme-sulla-privacy-regolamento-ue-2016-79-gdpr\/"},{"@type":"ListItem","position":3,"name":"Come eDisplay raccoglie i dati"}]},{"@type":"WebSite","@id":"https:\/\/serversmtp.com\/sv\/#website","url":"https:\/\/serversmtp.com\/sv\/","name":"Server Mail SMTP - Provider di servizi SMTP professionali","description":"Server Mail SMTP - Provider di servizi SMTP professionali","publisher":{"@id":"https:\/\/serversmtp.com\/sv\/#organization"},"potentialAction":[{"@type":"SearchAction","target":{"@type":"EntryPoint","urlTemplate":"https:\/\/serversmtp.com\/sv\/?s={search_term_string}"},"query-input":{"@type":"PropertyValueSpecification","valueRequired":true,"valueName":"search_term_string"}}],"inLanguage":"it-IT"},{"@type":"Organization","@id":"https:\/\/serversmtp.com\/sv\/#organization","name":"Delivery Tech","url":"https:\/\/serversmtp.com\/sv\/","logo":{"@type":"ImageObject","inLanguage":"it-IT","@id":"https:\/\/serversmtp.com\/sv\/#\/schema\/logo\/image\/","url":"https:\/\/serversmtp.com\/wp-content\/uploads\/2021\/11\/og-image-2.jpg","contentUrl":"https:\/\/serversmtp.com\/wp-content\/uploads\/2021\/11\/og-image-2.jpg","width":1200,"height":1128,"caption":"Delivery Tech"},"image":{"@id":"https:\/\/serversmtp.com\/sv\/#\/schema\/logo\/image\/"}}]}},"_links":{"self":[{"href":"https:\/\/serversmtp.com\/it\/wp-json\/wp\/v2\/pages\/4154"}],"collection":[{"href":"https:\/\/serversmtp.com\/it\/wp-json\/wp\/v2\/pages"}],"about":[{"href":"https:\/\/serversmtp.com\/it\/wp-json\/wp\/v2\/types\/page"}],"author":[{"embeddable":true,"href":"https:\/\/serversmtp.com\/it\/wp-json\/wp\/v2\/users\/2"}],"replies":[{"embeddable":true,"href":"https:\/\/serversmtp.com\/it\/wp-json\/wp\/v2\/comments?post=4154"}],"version-history":[{"count":8,"href":"https:\/\/serversmtp.com\/it\/wp-json\/wp\/v2\/pages\/4154\/revisions"}],"predecessor-version":[{"id":12655,"href":"https:\/\/serversmtp.com\/it\/wp-json\/wp\/v2\/pages\/4154\/revisions\/12655"}],"up":[{"embeddable":true,"href":"https:\/\/serversmtp.com\/it\/wp-json\/wp\/v2\/pages\/4146"}],"wp:attachment":[{"href":"https:\/\/serversmtp.com\/it\/wp-json\/wp\/v2\/media?parent=4154"}],"curies":[{"name":"wp","href":"https:\/\/api.w.org\/{rel}","templated":true}]}}