{"id":4150,"date":"2018-06-26T16:40:47","date_gmt":"2018-06-26T14:40:47","guid":{"rendered":"https:\/\/serversmtp.com\/?page_id=4150"},"modified":"2026-05-09T22:28:24","modified_gmt":"2026-05-09T20:28:24","slug":"informazioni-di-base","status":"publish","type":"page","link":"https:\/\/serversmtp.com\/it\/norme-sulla-privacy-regolamento-ue-2016-79-gdpr\/informazioni-di-base\/","title":{"rendered":"Informazioni di base"},"content":{"rendered":"<p>&nbsp;<\/p>\n<p><img loading=\"lazy\" class=\"aligncenter size-full wp-image-4049\" src=\"https:\/\/serversmtp.com\/wp-content\/uploads\/2018\/06\/gdpr-base.png\" alt=\"\" width=\"1280\" height=\"700\" srcset=\"https:\/\/serversmtp.com\/wp-content\/uploads\/2018\/06\/gdpr-base.png 1280w, https:\/\/serversmtp.com\/wp-content\/uploads\/2018\/06\/gdpr-base-300x164.png 300w, https:\/\/serversmtp.com\/wp-content\/uploads\/2018\/06\/gdpr-base-768x420.png 768w, https:\/\/serversmtp.com\/wp-content\/uploads\/2018\/06\/gdpr-base-1024x560.png 1024w, https:\/\/serversmtp.com\/wp-content\/uploads\/2018\/06\/gdpr-base-968x529.png 968w, https:\/\/serversmtp.com\/wp-content\/uploads\/2018\/06\/gdpr-base-636x348.png 636w, https:\/\/serversmtp.com\/wp-content\/uploads\/2018\/06\/gdpr-base-320x175.png 320w, https:\/\/serversmtp.com\/wp-content\/uploads\/2018\/06\/gdpr-base-239x131.png 239w\" sizes=\"(max-width: 1280px) 100vw, 1280px\" \/><\/p>\n<ul class=\"g1-grid\"><li class=\"g1-column g1-one-fourth g1-valign-top\">\n<h4>Chi siamo<\/h4>\n<\/li><!-- -->\n<li class=\"g1-column g1-three-fourth g1-valign-top\">\n<p>Edisplay Srl \u00e8 un&#8217;azienda con sede in Italia che offre servizi a livello globale. Troverete riferimenti a Edisplay Srl in tutti i nostri siti come unico punto di riferimento per i nostri clienti.<\/p>\n\n<ul id=\"g1-list-1\" class=\"g1-list--icon g1-list--simple \">\n<li><i class=\"fa fa-arrow-circle-right g1-list__icon\"><\/i><strong>Edisplay Srl, Viale del lavoro 53, 08023, Fonni (NU) &#8211; Italy<\/strong><\/li>\n<\/ul>\n\n<\/li><!-- --><\/ul>\n<div id=\"g1-divider-1\" class=\"g1-divider g1-divider--none g1-divider--noicon \"><\/div>\n<ul class=\"g1-grid\"><li class=\"g1-column g1-one-fourth g1-valign-top\">\n<h4>Ambito di conformit\u00e0 alle normative sulla privacy e sicurezza \u2013 requisiti europei<\/h4>\n<\/li><!-- -->\n<li class=\"g1-column g1-three-fourth g1-valign-top\">\n<p>Edisplay Srl \u00e8 pienamente conforme alle normative europee in materia di privacy e sicurezza dei dati.<br \/>\n<strong>Il presente Avviso si applica esclusivamente nel caso in cui Edisplay Srl tratti informazioni di clienti con liste di contatti contenenti dati personali di soggetti dell&#8217;UE. Per tutti gli altri clienti, si applicano le leggi sulla privacy del paese in cui vengono utilizzate le informazioni raccolte.<\/strong><br \/>\nSiamo sempre molto attenti alla sicurezza e alla privacy dei nostri clienti in tutto il mondo, e per questo abbiamo adottato le misure necessarie per garantire il servizio pi\u00f9 trasparente e sicuro possibile. Ci\u00f2 include la piena conformit\u00e0 alla normativa sulla privacy 2016\/679 UE, in vigore dal 25 maggio.<br \/>\nUtilizzando i nostri siti web e i nostri servizi, l&#8217;utente comprende e acconsente alla raccolta, conservazione e trattamento delle proprie informazioni secondo i termini e le modalit\u00e0 descritti nella presente dichiarazione.<br \/>\nPer proteggere le informazioni dei cittadini europei inserite nei nostri sistemi dai nostri utenti, adottiamo un modello di Accordo sul Trattamento dei Dati (DPA). Indichiamo le modalit\u00e0 di trattamento, cooperazione e le condizioni di servizio che abbiamo adottato.<br \/>\nGli utenti registrati dell&#8217;UE (abbonati o utenti delle nostre versioni gratuite) che utilizzano Edisplay Srl per scopi commerciali devono aderire al nostro DPR per continuare a utilizzare le nostre applicazioni.<\/p>\n<\/li><!-- --><\/ul>\n<div id=\"g1-divider-2\" class=\"g1-divider g1-divider--none g1-divider--noicon \"><\/div>\n<ul class=\"g1-grid\"><li class=\"g1-column g1-one-fourth g1-valign-top\">\n<h4>Titolare del trattamento<\/h4>\n<\/li><!-- -->\n<li class=\"g1-column g1-three-fourth g1-valign-top\">\n<p>In Edisplay Srl agiamo anche come titolari del trattamento, ma solo quando raccogliamo le vostre informazioni personali per uso proprio nell&#8217;ambito della fornitura dei servizi acquistati. In quel momento si instaura un rapporto diretto tra voi e noi.<br \/>\nIn qualit\u00e0 di titolari del trattamento, garantiamo la conformit\u00e0 alle norme relative alla protezione dei dati personali. Forniamo tutte le informazioni necessarie riguardo al trattamento dei dati, sia quelle comunicate in modo diretto e volontario, sia quelle raccolte dal nostro sistema durante la navigazione del sito web e l&#8217;utilizzo dei nostri servizi.<br \/>\nIn particolare, il responsabile del trattamento per Edisplay Srl \u00e8 il nostro amministratore, designato dal Responsabile della Protezione dei Dati (DPO), il quale garantisce il rispetto delle norme imposte dal GDPR.<br \/>\nIl responsabile del trattamento pu\u00f2 essere contattato in qualsiasi momento al seguente indirizzo e-mail: <a href=\"mailto:privacy@edisplay.it\" target=\"_blank\" rel=\"noopener\">privacy@edisplay.it<\/a>.<\/p>\n<\/li><!-- --><\/ul>\n<div id=\"g1-divider-3\" class=\"g1-divider g1-divider--none g1-divider--noicon \"><\/div>\n<ul class=\"g1-grid\"><li class=\"g1-column g1-one-fourth g1-valign-top\">\n<h4>Responsabile del trattamento<\/h4>\n<\/li><!-- -->\n<li class=\"g1-column g1-three-fourth g1-valign-top\">\n<p>Quando utilizza i nostri servizi, pu\u00f2 importare informazioni nel sistema unitamente ai dati personali raccolti dai suoi iscritti o da altre persone. In tal caso, non esistendo un rapporto diretto con i nostri membri o con soggetti diversi dall&#8217;utente, quest&#8217;ultimo diventa il titolare del trattamento. Sar\u00e0 sua responsabilit\u00e0 assicurarsi di disporre delle autorizzazioni appropriate per raccogliere e trattare le informazioni relative ai vari soggetti interessati.<br \/>\nCoerentemente con l&#8217;utilizzo dei dati personali trattati, l&#8217;utente accede al nostro Accordo sulla Politica della Privacy (DPR) con Edisplay Srl in qualit\u00e0 di fornitore di servizi per i propri iscritti tramite le nostre piattaforme. L&#8217;accordo garantisce il corretto utilizzo delle informazioni con le rispettive garanzie che forniamo come responsabili del trattamento.<br \/>\nIn tal caso conserviamo i dati personali, trattati per conto dei nostri utenti, per tutto il tempo necessario a:<\/p>\n\n<ul id=\"g1-list-2\" class=\"g1-list--upper-alpha g1-list--none \">\n<li>fornire i nostri servizi;<\/li>\n<li>adempiere ai nostri obblighi legali;<\/li>\n<li>risolvere controversie;<\/li>\n<li>prevenire abusi;<\/li>\n<li>garantire i nostri accordi.<\/li>\n<\/ul>\n\n<\/li><!-- --><\/ul>\n","protected":false},"excerpt":{"rendered":"<p>&nbsp;<\/p>\n","protected":false},"author":2,"featured_media":0,"parent":4146,"menu_order":1,"comment_status":"closed","ping_status":"closed","template":"g1_template_page_nav_left.php","meta":[],"yoast_head":"<!-- This site is optimized with the Yoast SEO plugin v16.4 - https:\/\/yoast.com\/wordpress\/plugins\/seo\/ -->\n<meta name=\"robots\" content=\"index, follow, max-snippet:-1, max-image-preview:large, max-video-preview:-1\" \/>\n<link rel=\"canonical\" href=\"https:\/\/serversmtp.com\/it\/norme-sulla-privacy-regolamento-ue-2016-79-gdpr\/informazioni-di-base\/\" \/>\n<meta property=\"og:locale\" content=\"it_IT\" \/>\n<meta property=\"og:type\" content=\"article\" \/>\n<meta property=\"og:title\" content=\"Informazioni di base - Server Mail SMTP - Provider di servizi SMTP professionali\" \/>\n<meta property=\"og:description\" content=\"&nbsp;\" \/>\n<meta property=\"og:url\" content=\"https:\/\/serversmtp.com\/it\/norme-sulla-privacy-regolamento-ue-2016-79-gdpr\/informazioni-di-base\/\" \/>\n<meta property=\"og:site_name\" content=\"Server Mail SMTP - Provider di servizi SMTP professionali\" \/>\n<meta property=\"article:modified_time\" content=\"2026-05-09T20:28:24+00:00\" \/>\n<meta property=\"og:image\" content=\"https:\/\/serversmtp.com\/wp-content\/uploads\/2018\/06\/gdpr-base.png\" \/>\n<meta name=\"twitter:card\" content=\"summary_large_image\" \/>\n<meta name=\"twitter:label1\" content=\"Tempo di lettura stimato\" \/>\n\t<meta name=\"twitter:data1\" content=\"3 minuti\" \/>\n<script type=\"application\/ld+json\" class=\"yoast-schema-graph\">{\"@context\":\"https:\/\/schema.org\",\"@graph\":[{\"@type\":\"WebSite\",\"@id\":\"http:\/\/serversmtp.com\/#website\",\"url\":\"http:\/\/serversmtp.com\/\",\"name\":\"Server Mail SMTP - Provider di servizi SMTP professionali\",\"description\":\"Server Mail SMTP - Provider di servizi SMTP professionali\",\"potentialAction\":[{\"@type\":\"SearchAction\",\"target\":\"http:\/\/serversmtp.com\/?s={search_term_string}\",\"query-input\":\"required name=search_term_string\"}],\"inLanguage\":\"it-IT\"},{\"@type\":\"ImageObject\",\"@id\":\"https:\/\/serversmtp.com\/it\/norme-sulla-privacy-regolamento-ue-2016-79-gdpr\/informazioni-di-base\/#primaryimage\",\"inLanguage\":\"it-IT\",\"url\":\"https:\/\/serversmtp.com\/wp-content\/uploads\/2018\/06\/gdpr-base.png\",\"contentUrl\":\"https:\/\/serversmtp.com\/wp-content\/uploads\/2018\/06\/gdpr-base.png\",\"width\":1280,\"height\":700},{\"@type\":\"WebPage\",\"@id\":\"https:\/\/serversmtp.com\/it\/norme-sulla-privacy-regolamento-ue-2016-79-gdpr\/informazioni-di-base\/#webpage\",\"url\":\"https:\/\/serversmtp.com\/it\/norme-sulla-privacy-regolamento-ue-2016-79-gdpr\/informazioni-di-base\/\",\"name\":\"Informazioni di base - Server Mail SMTP - Provider di servizi SMTP professionali\",\"isPartOf\":{\"@id\":\"http:\/\/serversmtp.com\/#website\"},\"primaryImageOfPage\":{\"@id\":\"https:\/\/serversmtp.com\/it\/norme-sulla-privacy-regolamento-ue-2016-79-gdpr\/informazioni-di-base\/#primaryimage\"},\"datePublished\":\"2018-06-26T14:40:47+00:00\",\"dateModified\":\"2026-05-09T20:28:24+00:00\",\"breadcrumb\":{\"@id\":\"https:\/\/serversmtp.com\/it\/norme-sulla-privacy-regolamento-ue-2016-79-gdpr\/informazioni-di-base\/#breadcrumb\"},\"inLanguage\":\"it-IT\",\"potentialAction\":[{\"@type\":\"ReadAction\",\"target\":[\"https:\/\/serversmtp.com\/it\/norme-sulla-privacy-regolamento-ue-2016-79-gdpr\/informazioni-di-base\/\"]}]},{\"@type\":\"BreadcrumbList\",\"@id\":\"https:\/\/serversmtp.com\/it\/norme-sulla-privacy-regolamento-ue-2016-79-gdpr\/informazioni-di-base\/#breadcrumb\",\"itemListElement\":[{\"@type\":\"ListItem\",\"position\":1,\"item\":{\"@type\":\"WebPage\",\"@id\":\"https:\/\/serversmtp.com\/it\/\",\"url\":\"https:\/\/serversmtp.com\/it\/\",\"name\":\"Home\"}},{\"@type\":\"ListItem\",\"position\":2,\"item\":{\"@type\":\"WebPage\",\"@id\":\"https:\/\/staging.serversmtp.com\/it\/norme-sulla-privacy-regolamento-ue-2016-79-gdpr\/\",\"url\":\"https:\/\/staging.serversmtp.com\/it\/norme-sulla-privacy-regolamento-ue-2016-79-gdpr\/\",\"name\":\"GDPR \\u2013 Introduzione e obiettivi perseguiti\"}},{\"@type\":\"ListItem\",\"position\":3,\"item\":{\"@id\":\"https:\/\/serversmtp.com\/it\/norme-sulla-privacy-regolamento-ue-2016-79-gdpr\/informazioni-di-base\/#webpage\"}}]}]}<\/script>\n<!-- \/ Yoast SEO plugin. -->","_links":{"self":[{"href":"https:\/\/serversmtp.com\/it\/wp-json\/wp\/v2\/pages\/4150"}],"collection":[{"href":"https:\/\/serversmtp.com\/it\/wp-json\/wp\/v2\/pages"}],"about":[{"href":"https:\/\/serversmtp.com\/it\/wp-json\/wp\/v2\/types\/page"}],"author":[{"embeddable":true,"href":"https:\/\/serversmtp.com\/it\/wp-json\/wp\/v2\/users\/2"}],"replies":[{"embeddable":true,"href":"https:\/\/serversmtp.com\/it\/wp-json\/wp\/v2\/comments?post=4150"}],"version-history":[{"count":8,"href":"https:\/\/serversmtp.com\/it\/wp-json\/wp\/v2\/pages\/4150\/revisions"}],"predecessor-version":[{"id":10026,"href":"https:\/\/serversmtp.com\/it\/wp-json\/wp\/v2\/pages\/4150\/revisions\/10026"}],"up":[{"embeddable":true,"href":"https:\/\/serversmtp.com\/it\/wp-json\/wp\/v2\/pages\/4146"}],"wp:attachment":[{"href":"https:\/\/serversmtp.com\/it\/wp-json\/wp\/v2\/media?parent=4150"}],"curies":[{"name":"wp","href":"https:\/\/api.w.org\/{rel}","templated":true}]}}