{"id":2190,"date":"2018-04-11T15:38:29","date_gmt":"2018-04-11T13:38:29","guid":{"rendered":"https:\/\/dev.serversmtp.com\/?page_id=2190"},"modified":"2018-04-11T15:38:29","modified_gmt":"2018-04-11T13:38:29","slug":"news-aggiornamenti","status":"publish","type":"page","link":"https:\/\/serversmtp.com\/it\/news-aggiornamenti\/","title":{"rendered":"News &#038; aggiornamenti"},"content":{"rendered":"<p><strong style=\"font-size: 1.2em; line-height: 20.1599998474121px;\">23 giugno 2015, 11h30<\/strong><span style=\"color: #fff; font-size: 10px; background: green; border: 4px solid green; margin-left: 10px; letter-spacing: 1px;\">risolto!<\/span><\/p>\n<p>Il monitoraggio dei click \u00e8 di nuovo utilizzabile. I link relativi alle email gi\u00e0 inviate verranno tracciati correttamente a partire dalle prossime ore.<\/p>\n<p><strong>22 giugno 2015, 12h34<\/strong><br \/>\nStiamo riscontrando dei problemi con il sistema di monitoraggio dei click. Se dovete spedire una newsletter nelle prossime ore, ricordatevi di disabilitare gli strumenti di monitoraggio dalla vostra Dashboard avanzata (sezione Strumenti):<\/p>\n<p><img decoding=\"async\" class=\"aligncenter wp-image-2188 size-full\" src=\"https:\/\/serversmtp.com\/wp-content\/uploads\/2018\/04\/disable-click-tracking.png\" alt=\"\" width=\"529\" height=\"119\" srcset=\"https:\/\/serversmtp.com\/wp-content\/uploads\/2018\/04\/disable-click-tracking.png 529w, https:\/\/serversmtp.com\/wp-content\/uploads\/2018\/04\/disable-click-tracking-300x67.png 300w, https:\/\/serversmtp.com\/wp-content\/uploads\/2018\/04\/disable-click-tracking-320x72.png 320w, https:\/\/serversmtp.com\/wp-content\/uploads\/2018\/04\/disable-click-tracking-239x54.png 239w\" sizes=\"(max-width: 529px) 100vw, 529px\" \/><\/p>\n<p>Il problema \u00e8 limitato a Chrome. Se i link vengono aperti in un altro browser, tutto funziona a dovere.<\/p>\n<p><strong>22 maggio 2015, 15h30<\/strong><span style=\"color: #fff; font-size: 10px; background: green; border: 4px solid green; margin-left: 10px; letter-spacing: 1px;\">risolto!<\/span><br \/>\nIl sistema processer\u00e0 automaticamente le email. Non \u00e8 pi\u00f9 necessario segnalare caso per caso i malfunzionamenti.<\/p>\n<p><strong>21 maggio 2015, 18h00<\/strong><\/p>\n<p>Stiamo verificando ciascun problema non appena ci viene segnalato. Assicuratevi di aver contattato l&#8217;assistenza clienti perch\u00e9 il vostro caso venga preso in considerazione.<\/p>\n<p><strong>21 maggio 2015, 11h45<\/strong><\/p>\n<p>L&#8217;elaborazione delle code sta continuando con successo. Se nel frattempo riscontrate dei problemi, potete risolverli re-inviando la vostra newsletter in coda.<\/p>\n<p><strong>21 maggio 2015, 10h<\/strong><\/p>\n<p>Alcuni account sono gi\u00e0 stati riportati al normale funzionamento; proseguiamo nel lavoro di elaborazione di tutte le code.<\/p>\n<p><strong>21 maggio 2015, 9h45<\/strong><\/p>\n<p>Tutto il team sta lavorando per riportare gradualmente turboSMTP al suo normale funzionamento, processando ogni coda. Grazie per la pazienza.<\/p>\n<p><strong>20 maggio 2015<\/strong><\/p>\n<p>Alcuni account potrebbero riscontrare un rallentamento nelle code di invio delle email. \u00c8 un problema di cui siamo a conoscenza e che stiamo risolvendo. Il problema verr\u00e0 risolto nelle prossime ore.<\/p>\n<p><strong>16 aprile 2015<\/strong><\/p>\n<p>Da oggi non sar\u00e0 pi\u00f9 possibile utilizzare il server &#8220;turbo-smtp.com&#8221; per inviare le email con turboSMTP, ma soltanto il nome server &#8220;pro.turbo-smtp.com&#8221;. Il server precedente \u00e8 infatti in fase di dismissione per motivi di sicurezza. Vi invitiamo a modificare le impostazioni nel vostro client o software di email marketing.<\/p>\n<p><strong>26 marzo 2015<\/strong><span style=\"color: #fff; font-size: 10px; background: green; border: 4px solid green; margin-left: 10px; letter-spacing: 1px;\">risolto!<\/span><br \/>\nSe notate la presenza di alcune email in coda nel vostro account, non vi preoccupate: \u00e8 un problema temporaneo che stiamo risolvendo. Tutte le vostre email saranno consegnate, bench\u00e9 con un breve ritardo. Grazie per la vostra comprensione.<\/p>\n<p><strong>23 marzo 2015<\/strong><span style=\"color: #fff; font-size: 10px; background: green; border: 4px solid green; margin-left: 10px; letter-spacing: 1px;\">risolto!<\/span><br \/>\nPer ragioni di sicurezza, abbiamo resettato la password di alcuni account. Dunque, se ricevete una notifica di cambio password, non preoccupatevi; \u00e8 stata inviata automaticamente per garantire la sicurezza del servizio.<\/p>\n<p><strong>29 gennaio 2015<\/strong><span style=\"color: #fff; font-size: 10px; background: green; border: 4px solid green; margin-left: 10px; letter-spacing: 1px;\">risolto!<\/span><br \/>\nAl momento abbiamo alcuni problemi con delle email in coda, ma stiamo lavorando attivamente per risolvere la questione. Alcuni account potrebbero essere influenzati, ma il problema non \u00e8 esteso all&#8217;intero servizio. Ci scusiamo per gli eventuali rallentamenti.<\/p>\n<p><strong>22 dicembre 2014<\/strong><span style=\"color: #fff; font-size: 10px; background: green; border: 4px solid green; margin-left: 10px; letter-spacing: 1px;\">risolto!<\/span><br \/>\nDal 24 dicembre al 4 gennaio il supporto italiano vocale e chat potrebbe essere discontinuo. Consigliamo l&#8217;utilizzo dei ticket di assistenza.<br \/>\nPer le richieste pi\u00f9 urgenti, il supporto inglese sar\u00e0 sempre e comunque a disposizione.<br \/>\nGrazie e buone feste!<\/p>\n","protected":false},"excerpt":{"rendered":"<p>23 giugno 2015, 11h30risolto! Il monitoraggio dei click \u00e8 di nuovo utilizzabile. I link relativi alle email gi\u00e0 inviate verranno tracciati correttamente a partire dalle prossime ore. 22 giugno 2015, 12h34 Stiamo riscontrando dei problemi con il sistema di monitoraggio dei click. Se dovete spedire una newsletter nelle prossime ore, ricordatevi di disabilitare gli strumenti &#8230; <\/p>\n<p class=\"read-more-container\"><a title=\"News &#038; aggiornamenti\" class=\"read-more button\" href=\"https:\/\/serversmtp.com\/it\/news-aggiornamenti\/#more-2190\" aria-label=\"Per saperne di pi\u00f9 su News &#038; aggiornamenti\">Discover more<\/a><\/p>\n","protected":false},"author":3,"featured_media":0,"parent":0,"menu_order":0,"comment_status":"closed","ping_status":"closed","template":"","meta":{"_eb_attr":"","inline_featured_image":false,"_monsterinsights_skip_tracking":false,"_monsterinsights_sitenote_active":false,"_monsterinsights_sitenote_note":"","_monsterinsights_sitenote_category":0,"footnotes":""},"class_list":["post-2190","page","type-page","status-publish"],"yoast_head":"<!-- This site is optimized with the Yoast SEO plugin v25.3.1 - https:\/\/yoast.com\/wordpress\/plugins\/seo\/ -->\n<title>News &amp; aggiornamenti - Server Mail SMTP - Provider di servizi SMTP professionali<\/title>\n<meta name=\"robots\" content=\"index, follow, max-snippet:-1, max-image-preview:large, max-video-preview:-1\" \/>\n<link rel=\"canonical\" href=\"https:\/\/serversmtp.com\/it\/news-aggiornamenti\/\" \/>\n<meta name=\"twitter:label1\" content=\"Tempo di lettura stimato\" \/>\n\t<meta name=\"twitter:data1\" content=\"2 minuti\" \/>\n<!-- \/ Yoast SEO plugin. -->","yoast_head_json":{"title":"News & aggiornamenti - Server Mail SMTP - Provider di servizi SMTP professionali","robots":{"index":"index","follow":"follow","max-snippet":"max-snippet:-1","max-image-preview":"max-image-preview:large","max-video-preview":"max-video-preview:-1"},"canonical":"https:\/\/serversmtp.com\/it\/news-aggiornamenti\/","twitter_misc":{"Tempo di lettura stimato":"2 minuti"},"schema":{"@context":"https:\/\/schema.org","@graph":[{"@type":"WebPage","@id":"https:\/\/serversmtp.com\/it\/news-aggiornamenti\/","url":"https:\/\/serversmtp.com\/it\/news-aggiornamenti\/","name":"News & aggiornamenti - Server Mail SMTP - Provider di servizi SMTP professionali","isPartOf":{"@id":"https:\/\/serversmtp.com\/fr\/#website"},"primaryImageOfPage":{"@id":"https:\/\/serversmtp.com\/it\/news-aggiornamenti\/#primaryimage"},"image":{"@id":"https:\/\/serversmtp.com\/it\/news-aggiornamenti\/#primaryimage"},"thumbnailUrl":"https:\/\/serversmtp.com\/wp-content\/uploads\/2018\/04\/disable-click-tracking.png","datePublished":"2018-04-11T13:38:29+00:00","breadcrumb":{"@id":"https:\/\/serversmtp.com\/it\/news-aggiornamenti\/#breadcrumb"},"inLanguage":"it-IT","potentialAction":[{"@type":"ReadAction","target":["https:\/\/serversmtp.com\/it\/news-aggiornamenti\/"]}]},{"@type":"ImageObject","inLanguage":"it-IT","@id":"https:\/\/serversmtp.com\/it\/news-aggiornamenti\/#primaryimage","url":"https:\/\/serversmtp.com\/wp-content\/uploads\/2018\/04\/disable-click-tracking.png","contentUrl":"https:\/\/serversmtp.com\/wp-content\/uploads\/2018\/04\/disable-click-tracking.png"},{"@type":"BreadcrumbList","@id":"https:\/\/serversmtp.com\/it\/news-aggiornamenti\/#breadcrumb","itemListElement":[{"@type":"ListItem","position":1,"name":"Home","item":"https:\/\/serversmtp.com\/it\/"},{"@type":"ListItem","position":2,"name":"News &#038; aggiornamenti"}]},{"@type":"WebSite","@id":"https:\/\/serversmtp.com\/fr\/#website","url":"https:\/\/serversmtp.com\/fr\/","name":"Server Mail SMTP - Provider di servizi SMTP professionali","description":"Server Mail SMTP - Provider di servizi SMTP professionali","publisher":{"@id":"https:\/\/serversmtp.com\/fr\/#organization"},"potentialAction":[{"@type":"SearchAction","target":{"@type":"EntryPoint","urlTemplate":"https:\/\/serversmtp.com\/fr\/?s={search_term_string}"},"query-input":{"@type":"PropertyValueSpecification","valueRequired":true,"valueName":"search_term_string"}}],"inLanguage":"it-IT"},{"@type":"Organization","@id":"https:\/\/serversmtp.com\/fr\/#organization","name":"Delivery Tech","url":"https:\/\/serversmtp.com\/fr\/","logo":{"@type":"ImageObject","inLanguage":"it-IT","@id":"https:\/\/serversmtp.com\/fr\/#\/schema\/logo\/image\/","url":"https:\/\/serversmtp.com\/wp-content\/uploads\/2021\/11\/og-image-2.jpg","contentUrl":"https:\/\/serversmtp.com\/wp-content\/uploads\/2021\/11\/og-image-2.jpg","width":1200,"height":1128,"caption":"Delivery Tech"},"image":{"@id":"https:\/\/serversmtp.com\/fr\/#\/schema\/logo\/image\/"}}]}},"_links":{"self":[{"href":"https:\/\/serversmtp.com\/it\/wp-json\/wp\/v2\/pages\/2190"}],"collection":[{"href":"https:\/\/serversmtp.com\/it\/wp-json\/wp\/v2\/pages"}],"about":[{"href":"https:\/\/serversmtp.com\/it\/wp-json\/wp\/v2\/types\/page"}],"author":[{"embeddable":true,"href":"https:\/\/serversmtp.com\/it\/wp-json\/wp\/v2\/users\/3"}],"replies":[{"embeddable":true,"href":"https:\/\/serversmtp.com\/it\/wp-json\/wp\/v2\/comments?post=2190"}],"version-history":[{"count":3,"href":"https:\/\/serversmtp.com\/it\/wp-json\/wp\/v2\/pages\/2190\/revisions"}],"predecessor-version":[{"id":2193,"href":"https:\/\/serversmtp.com\/it\/wp-json\/wp\/v2\/pages\/2190\/revisions\/2193"}],"wp:attachment":[{"href":"https:\/\/serversmtp.com\/it\/wp-json\/wp\/v2\/media?parent=2190"}],"curies":[{"name":"wp","href":"https:\/\/api.w.org\/{rel}","templated":true}]}}