{"id":20842,"date":"2024-10-23T17:03:43","date_gmt":"2024-10-23T15:03:43","guid":{"rendered":"https:\/\/serversmtp.com\/?page_id=20842"},"modified":"2024-10-23T17:30:24","modified_gmt":"2024-10-23T15:30:24","slug":"come-configurare-un-smtp-su-wordpress-e-risolvere-i-problemi-di-consegna-delle-email","status":"publish","type":"page","link":"https:\/\/serversmtp.com\/it\/come-configurare-un-smtp-su-wordpress-e-risolvere-i-problemi-di-consegna-delle-email\/","title":{"rendered":"Plugin gratuito WP per SMTP: come configurare un SMTP su WordPress (e risolvere i problemi di consegna delle email)."},"content":{"rendered":"\n<style>\r\n.info-label {\r\n    position: absolute;\r\n    right: 0;\r\n    top: 0;\r\n}\r\nol.spaced-list li, ul.spaced-list li {\r\n    margin-bottom: 15px;\r\n}\r\n.saswp-faq-block-section ol {\r\n    margin-left: 0px;\r\n}\r\n.saswp-faq-block-section ol li {\r\n    border-bottom: dotted 2px #ccc;\r\n    margin-bottom: 46px;\r\n    padding-bottom: 20px;\r\n}\r\n.saswp-faq-block-section ol li:last-child {\r\n    border-bottom: none;\r\n    margin-bottom: 26px;\r\n}\r\n<\/style>\n\n\n<div class=\"gb-container gb-container-86e163db\">\n\n<figure class=\"gb-block-image gb-block-image-9103c934\"><img decoding=\"async\" width=\"1071\" height=\"504\" class=\"gb-image gb-image-9103c934\" src=\"https:\/\/serversmtp.com\/wp-content\/uploads\/2024\/10\/come-configurare-un-smtp-su-wordPress-e-risolvere-i-problemi-di-consegna-delle-email.jpg\" alt=\"Come configurare un SMTP su WordPress\" title=\"Come configurare un SMTP su WordPress\" srcset=\"https:\/\/serversmtp.com\/wp-content\/uploads\/2024\/10\/come-configurare-un-smtp-su-wordPress-e-risolvere-i-problemi-di-consegna-delle-email.jpg 1071w, https:\/\/serversmtp.com\/wp-content\/uploads\/2024\/10\/come-configurare-un-smtp-su-wordPress-e-risolvere-i-problemi-di-consegna-delle-email-300x141.jpg 300w, https:\/\/serversmtp.com\/wp-content\/uploads\/2024\/10\/come-configurare-un-smtp-su-wordPress-e-risolvere-i-problemi-di-consegna-delle-email-1024x482.jpg 1024w, https:\/\/serversmtp.com\/wp-content\/uploads\/2024\/10\/come-configurare-un-smtp-su-wordPress-e-risolvere-i-problemi-di-consegna-delle-email-768x361.jpg 768w\" sizes=\"(max-width: 1071px) 100vw, 1071px\" \/><\/figure>\n\n<\/div>\n\n<div class=\"gb-container gb-container-c2369287\" id=\"introduction\">\n\n<h2 class=\"gb-headline gb-headline-c6d0a555 gb-headline-text\"><em>Migliora i risultati del tuo email marketing e risolvi i problemi di consegna con WordPress grazie al plugin SMTP gratuito di TurboSMTP.<\/em><\/h2>\n\n\n\n<p>WordPress non recapita le tue email a destinazione?<\/p>\n\n\n\n<p>Si tratta di un problema molto comune.<\/p>\n\n\n\n<p>Infatti, utilizzare le impostazioni email predefinite di WordPress pu\u00f2 causare problemi, specialmente con moduli di contatto, notifiche o email di WooCommerce.<\/p>\n\n\n\n<p>Ma esiste una soluzione semplice: <strong>configurare le impostazioni SMTP di WordPress<\/strong>.<\/p>\n\n\n\n<p>Che tu stia utilizzando Gmail, Office 365 o un altro provider, impostare un SMTP garantisce che le tue email arrivino direttamente nella casella di posta dei tuoi destinatari, migliorandone l&#8217;affidabilit\u00e0 e la consegna.<\/p>\n\n\n<div class=\"gb-container gb-container-f88c64d6\">\n\n<h3 class=\"gb-headline gb-headline-88307e27 gb-headline-text\"><strong>Scarica gratuitamente il plugin WordPress di TurboSMTP!<\/strong><\/h3>\n\n\n\n<p class=\"gb-headline gb-headline-a73220df gb-headline-text\">Con il plugin gratuito di TurboSMTP per WordPress, <strong>ottieni una consegna email affidabile senza abbonamenti o limitazioni<\/strong>.<\/p>\n\n\n\n<a class=\"gb-button gb-button-e42a2b01 gb-button-text\" href=\"https:\/\/it.wordpress.org\/plugins\/turbosmtp\/\" target=\"_blank\" rel=\"nofollow noopener noreferrer\">Scarica il plugin WordPress di TurboSMTP<\/a>\n\n<\/div>\n<\/div>\n\n<div class=\"gb-container gb-container-1fd1eed5\" id=\"chapter-1\">\n\n<h2 class=\"gb-headline gb-headline-b95f2857 gb-headline-text\">La migliore alternativa gratuita: TurboSMTP per WordPress.<\/h2>\n\n\n\n<p>Con il <a href=\"https:\/\/it.wordpress.org\/plugins\/turbosmtp\/\">plugin SMTP di TurboSMTP per WordPress<\/a>, non dovrai pi\u00f9 preoccuparti dei costi di abbonamento o funzionalit\u00e0 limitate. Mentre molti plugin SMTP richiedono pagamenti per l\u2019accesso alle funzionalit\u00e0 premium, TurboSMTP ti offre tutto ci\u00f2 di cui hai bisogno per inviare email senza problemi (e gratis!).<\/p>\n\n\n\n<p>Con TurboSMTP, non otterrai solo un plugin SMTP gratuito e completamente funzionale, ma potrai anche creare un <a href=\"https:\/\/serversmtp.com\/it\/tsmtpregistration1.php\">account gratuito che ti permette di inviare fino a 6.000 email al mese<\/a>.Che tu stia usando Hostinger, WPForms o qualsiasi altro strumento WordPress, TurboSMTP garantisce una <strong>configurazione semplice e una consegna affidabile delle email<\/strong>.<\/p>\n\n<\/div>\n\n<div class=\"gb-container gb-container-63efb42f\" id=\"chapter-1.1\">\n\n<h3 class=\"gb-headline gb-headline-8ace5b2b gb-headline-text\">Ecco perch\u00e9 TurboSMTP \u00e8 la migliore alternativa gratuita a WP Mail SMTP:<\/h3>\n\n\n\n<ul class=\"wp-block-list spaced-list\">\n<li><strong>Account gratuito<\/strong>: invia fino a 6.000 email mensili senza costi nascosti.<\/li>\n\n\n\n<li><strong>Consegna di qualit\u00e0<\/strong>: TurboSMTP garantisce che le tue email arrivino nella casella di posta e non nello spam.<\/li>\n\n\n\n<li><strong>Configurazione semplice<\/strong>: nessuna configurazione complessa. Ti baster\u00e0 solo installare il plugin.<\/li>\n\n\n\n<li><strong>Compatibilit\u00e0 con WPForms e altri plugin<\/strong>: che tu stia usando WPForms, Hostinger o altri strumenti, TurboSMTP si integra perfettamente e senza difficolt\u00e0.<\/li>\n<\/ul>\n\n<\/div>\n\n<div class=\"gb-container gb-container-488792af\" id=\"chapter-1.2\">\n\n<h3 class=\"gb-headline gb-headline-d030c8a1 gb-headline-text\">Come configurare WP Mail SMTP con TurboSMTP.<\/h3>\n\n\n\n<p>Impostare WP Mail SMTP con TurboSMTP \u00e8 semplice. Segui questi passaggi per configurare il plugin SMTP di WordPress:<\/p>\n\n\n\n<ol class=\"wp-block-list spaced-list\">\n<li><strong>Accedi al tuo account WordPress<\/strong>: naviga su <em>Plugin<\/em> nella dashboard di WordPress e fai clic su <em>Aggiungi nuovo plugin<\/em>;<\/li>\n\n\n\n<li><strong>Digita <\/strong><strong><em>TurboSMTP<\/em><\/strong><strong> nella barra di ricerca<\/strong>, installa e attiva il plugin;<\/li>\n\n\n\n<li><strong>Configura le impostazioni SMTP<\/strong> e invia una email di prova per confermare che tutto funzioni correttamente.<\/li>\n<\/ol>\n\n\n\n<h4 class=\"gb-headline gb-headline-310e679f gb-headline-text\">Cerchi un tutorial video per guidarti passo dopo passo nell&#8217;installazione del plugin?<\/h4>\n\n\n\n<p>Qui sotto ne trovi uno perfetto per te.<\/p>\n\n\n\n<iframe width=\"100%\" height=\"400px\" src=\"https:\/\/www.youtube.com\/embed\/L3Bdo9V9HDI\" title=\"YouTube video player\" frameborder=\"0\" allow=\"accelerometer; autoplay; clipboard-write; encrypted-media; gyroscope; picture-in-picture; web-share\" referrerpolicy=\"strict-origin-when-cross-origin\" allowfullscreen><\/iframe>\n\n\n<div class=\"gb-container gb-container-f3ca7447\">\n\n<h3 class=\"gb-headline gb-headline-a9989ce3 gb-headline-text\"><strong>TurboSMTP: la migliore soluzione gratuita per le email di WordPress.<\/strong><\/h3>\n\n\n\n<p class=\"gb-headline gb-headline-d48d7e05 gb-headline-text\">TurboSMTP offre l\u2019affidabilit\u00e0 dei plugin SMTP a pagamento \u2026 <strong>ma completamente gratis!<\/strong><br>Con una configurazione semplice, un&#8217;ottima deliverability e piena compatibilit\u00e0, \u00e8 la soluzione perfetta per configurare il tuo SMTP in WordPress.<\/p>\n\n\n\n<a class=\"gb-button gb-button-2515b465 gb-button-text\" href=\"https:\/\/it.wordpress.org\/plugins\/turbosmtp\/\" target=\"_blank\" rel=\"nofollow noopener noreferrer\">SCARICA IL PLUGIN TURBOSMTP PER WP<\/a>\n\n<\/div>\n<\/div>\n\n<div class=\"gb-container gb-container-bf62e5fc\" id=\"chapter-3\">\n\n<h2 class=\"gb-headline gb-headline-3e3295f6 gb-headline-text\">Domande frequenti sui plugin SMTP di WordPress.<\/h2>\n\n\n<div class=\"saswp-faq-block-section\"><ol style=\"list-style-type:none\"><li style=\"list-style-type: none\"><h5 class=\"saswp-faq-question-title \">Perch\u00e9 WordPress non invia email?<\/h5><p class=\"saswp-faq-answer-text\">WordPress utilizza PHP mail di default, che non \u00e8 affidabile per l&#8217;invio delle email. Molti provider di hosting bloccano o limitano PHP mail a causa di problemi di spam, causando problemi di consegna per le notifiche, i moduli di contatto o le email di WooCommerce. Configurare SMTP aiuta a migliorare la deliverability autenticando le email attraverso un server di posta dedicato.<\/p><li style=\"list-style-type: none\"><h5 class=\"saswp-faq-question-title \">Cos\u2019\u00e8 SMTP e perch\u00e9 \u00e8 necessario per WordPress?<\/h5><p class=\"saswp-faq-answer-text\">SMTP (Simple Mail Transfer Protocol) \u00e8 un protocollo per l&#8217;invio di email su Internet. Usare SMTP con WordPress garantisce che le tue email siano autenticate e inviate attraverso un server affidabile, aumentando le probabilit\u00e0 che arrivino nelle caselle di posta dei destinatari e non vengano contrassegnate come spam.<\/p><li style=\"list-style-type: none\"><h5 class=\"saswp-faq-question-title \">Come posso configurare SMTP su WordPress?<\/h5><p class=\"saswp-faq-answer-text\">Per configurare il tuo SMTP:<br>&#8211; Installa un plugin SMTP, come TurboSMTP, nella dashboard di WordPress.<br>&#8211; Configura il plugin inserendo i dettagli del tuo server SMTP (ad esempio, Gmail, Office 365 o il tuo provider email).<br>&#8211; Testa la configurazione per assicurarti che le email vengano inviate correttamente.<\/p><li style=\"list-style-type: none\"><h5 class=\"saswp-faq-question-title \">Posso usare un plugin SMTP gratuito per WordPress?<\/h5><p class=\"saswp-faq-answer-text\">S\u00ec, TurboSMTP offre un plugin SMTP gratuito per WordPress che permette di inviare fino a 6.000 email mensili senza abbonamenti. Questa opzione \u00e8 ideale per chi cerca una consegna email affidabile senza dover pagare per plugin premium.<\/p><li style=\"list-style-type: none\"><h5 class=\"saswp-faq-question-title \">Perch\u00e9 le email di WordPress vengono contrassegnate come spam?<\/h5><p class=\"saswp-faq-answer-text\">Le email possono essere segnalate come spam per vari motivi, come l&#8217;uso di un IP condiviso con una cattiva reputazione, la mancanza di autenticazione (record SPF o DKIM), o contenuti che attivano i filtri antispam.<\/p><li style=\"list-style-type: none\"><h5 class=\"saswp-faq-question-title \">Come posso testare se le impostazioni SMTP di WordPress funzionano?<\/h5><p class=\"saswp-faq-answer-text\">Dopo aver configurato il plugin SMTP, invia una email di prova utilizzando la funzione di test integrata nel plugin. Questo confermer\u00e0 che le email vengono inviate correttamente e raggiungono la casella di posta del destinatario.<\/p><li style=\"list-style-type: none\"><h5 class=\"saswp-faq-question-title \">Devo pagare per un plugin SMTP di WP Mail per risolvere i problemi con le email?<\/h5><p class=\"saswp-faq-answer-text\">Non necessariamente. Mentre alcuni plugin SMTP richiedono pagamenti per funzionalit\u00e0 premium, TurboSMTP offre un plugin WordPress gratuito che garantisce l&#8217;invio affidabile delle email senza costi. Include tutte le funzionalit\u00e0 necessarie per migliorare la deliverability delle email.<\/p><li style=\"list-style-type: none\"><h5 class=\"saswp-faq-question-title \">L&#8217;SMTP pu\u00f2 aiutare a migliorare la consegna delle email di WooCommerce?<\/h5><p class=\"saswp-faq-answer-text\">S\u00ec, configurare il tuo SMTP garantisce che le email transazionali di WooCommerce (ad esempio, conferme d&#8217;ordine e aggiornamenti di spedizione) vengano consegnate in modo affidabile. Inviando queste email tramite un server SMTP autenticato, riduci le possibilit\u00e0 che vengano contrassegnate come spam.<\/p><li style=\"list-style-type: none\"><h5 class=\"saswp-faq-question-title \">Quali sono i punti di forza di TurboSMTP rispetto ad altri plugin SMTP?<\/h5><p class=\"saswp-faq-answer-text\">TurboSMTP \u00e8 un&#8217;alternativa gratuita a molti plugin SMTP premium, offrendo fino a 6.000 invii mensili senza costi di abbonamento. Fornisce una configurazione semplice, alta deliverability e compatibilit\u00e0 con vari strumenti WordPress come WPForms e WooCommerce.<\/p><\/ul><\/div>\n<\/div>\n\n\n<p><\/p>\n","protected":false},"excerpt":{"rendered":"<p>Migliora i risultati del tuo email marketing e risolvi i problemi di consegna con WordPress grazie al plugin SMTP gratuito di TurboSMTP. WordPress non recapita le tue email a destinazione? Si tratta di un problema molto comune. Infatti, utilizzare le impostazioni email predefinite di WordPress pu\u00f2 causare problemi, specialmente con moduli di contatto, notifiche o &#8230; <\/p>\n<p class=\"read-more-container\"><a title=\"Plugin gratuito WP per SMTP: come configurare un SMTP su WordPress (e risolvere i problemi di consegna delle email).\" class=\"read-more button\" href=\"https:\/\/serversmtp.com\/it\/come-configurare-un-smtp-su-wordpress-e-risolvere-i-problemi-di-consegna-delle-email\/#more-20842\" aria-label=\"Per saperne di pi\u00f9 su Plugin gratuito WP per SMTP: come configurare un SMTP su WordPress (e risolvere i problemi di consegna delle email).\">Discover more<\/a><\/p>\n","protected":false},"author":8,"featured_media":0,"parent":0,"menu_order":0,"comment_status":"closed","ping_status":"closed","template":"","meta":{"_eb_attr":"","inline_featured_image":false,"_monsterinsights_skip_tracking":false,"_monsterinsights_sitenote_active":false,"_monsterinsights_sitenote_note":"","_monsterinsights_sitenote_category":0,"footnotes":""},"class_list":["post-20842","page","type-page","status-publish"],"yoast_head":"<!-- This site is optimized with the Yoast SEO plugin v25.3.1 - https:\/\/yoast.com\/wordpress\/plugins\/seo\/ -->\n<title>Configurare SMTP WordPress con plugin gratuito TurboSMTP<\/title>\n<meta name=\"description\" content=\"Risolvere Problemi di Consegna Email di WordPress con il Plugin Gratuito di TurboSMTP. Configurare SMTP per un Invio Affidabile con WP &gt;&gt; Scarica ora il plugin!\" \/>\n<meta name=\"robots\" content=\"index, follow, max-snippet:-1, max-image-preview:large, max-video-preview:-1\" \/>\n<link rel=\"canonical\" href=\"https:\/\/serversmtp.com\/it\/come-configurare-un-smtp-su-wordpress-e-risolvere-i-problemi-di-consegna-delle-email\/\" \/>\n<meta name=\"twitter:label1\" content=\"Tempo di lettura stimato\" \/>\n\t<meta name=\"twitter:data1\" content=\"3 minuti\" \/>\n<!-- \/ Yoast SEO plugin. -->","yoast_head_json":{"title":"Configurare SMTP WordPress con plugin gratuito TurboSMTP","description":"Risolvere Problemi di Consegna Email di WordPress con il Plugin Gratuito di TurboSMTP. Configurare SMTP per un Invio Affidabile con WP >> Scarica ora il plugin!","robots":{"index":"index","follow":"follow","max-snippet":"max-snippet:-1","max-image-preview":"max-image-preview:large","max-video-preview":"max-video-preview:-1"},"canonical":"https:\/\/serversmtp.com\/it\/come-configurare-un-smtp-su-wordpress-e-risolvere-i-problemi-di-consegna-delle-email\/","twitter_misc":{"Tempo di lettura stimato":"3 minuti"},"schema":{"@context":"https:\/\/schema.org","@graph":[{"@type":"WebPage","@id":"https:\/\/serversmtp.com\/it\/come-configurare-un-smtp-su-wordpress-e-risolvere-i-problemi-di-consegna-delle-email\/","url":"https:\/\/serversmtp.com\/it\/come-configurare-un-smtp-su-wordpress-e-risolvere-i-problemi-di-consegna-delle-email\/","name":"Configurare SMTP WordPress con plugin gratuito TurboSMTP","isPartOf":{"@id":"https:\/\/serversmtp.com\/tr\/#website"},"primaryImageOfPage":{"@id":"https:\/\/serversmtp.com\/it\/come-configurare-un-smtp-su-wordpress-e-risolvere-i-problemi-di-consegna-delle-email\/#primaryimage"},"image":{"@id":"https:\/\/serversmtp.com\/it\/come-configurare-un-smtp-su-wordpress-e-risolvere-i-problemi-di-consegna-delle-email\/#primaryimage"},"thumbnailUrl":"https:\/\/serversmtp.com\/wp-content\/uploads\/2024\/10\/come-configurare-un-smtp-su-wordPress-e-risolvere-i-problemi-di-consegna-delle-email.jpg","datePublished":"2024-10-23T15:03:43+00:00","dateModified":"2024-10-23T15:30:24+00:00","description":"Risolvere Problemi di Consegna Email di WordPress con il Plugin Gratuito di TurboSMTP. Configurare SMTP per un Invio Affidabile con WP >> Scarica ora il plugin!","breadcrumb":{"@id":"https:\/\/serversmtp.com\/it\/come-configurare-un-smtp-su-wordpress-e-risolvere-i-problemi-di-consegna-delle-email\/#breadcrumb"},"inLanguage":"it-IT","potentialAction":[{"@type":"ReadAction","target":["https:\/\/serversmtp.com\/it\/come-configurare-un-smtp-su-wordpress-e-risolvere-i-problemi-di-consegna-delle-email\/"]}]},{"@type":"ImageObject","inLanguage":"it-IT","@id":"https:\/\/serversmtp.com\/it\/come-configurare-un-smtp-su-wordpress-e-risolvere-i-problemi-di-consegna-delle-email\/#primaryimage","url":"https:\/\/serversmtp.com\/wp-content\/uploads\/2024\/10\/come-configurare-un-smtp-su-wordPress-e-risolvere-i-problemi-di-consegna-delle-email.jpg","contentUrl":"https:\/\/serversmtp.com\/wp-content\/uploads\/2024\/10\/come-configurare-un-smtp-su-wordPress-e-risolvere-i-problemi-di-consegna-delle-email.jpg"},{"@type":"BreadcrumbList","@id":"https:\/\/serversmtp.com\/it\/come-configurare-un-smtp-su-wordpress-e-risolvere-i-problemi-di-consegna-delle-email\/#breadcrumb","itemListElement":[{"@type":"ListItem","position":1,"name":"Home","item":"https:\/\/serversmtp.com\/it\/"},{"@type":"ListItem","position":2,"name":"Plugin gratuito WP per SMTP: come configurare un SMTP su WordPress (e risolvere i problemi di consegna delle email)."}]},{"@type":"WebSite","@id":"https:\/\/serversmtp.com\/tr\/#website","url":"https:\/\/serversmtp.com\/tr\/","name":"Server Mail SMTP - Provider di servizi SMTP professionali","description":"Server Mail SMTP - Provider di servizi SMTP professionali","publisher":{"@id":"https:\/\/serversmtp.com\/tr\/#organization"},"potentialAction":[{"@type":"SearchAction","target":{"@type":"EntryPoint","urlTemplate":"https:\/\/serversmtp.com\/tr\/?s={search_term_string}"},"query-input":{"@type":"PropertyValueSpecification","valueRequired":true,"valueName":"search_term_string"}}],"inLanguage":"it-IT"},{"@type":"Organization","@id":"https:\/\/serversmtp.com\/tr\/#organization","name":"Delivery Tech","url":"https:\/\/serversmtp.com\/tr\/","logo":{"@type":"ImageObject","inLanguage":"it-IT","@id":"https:\/\/serversmtp.com\/tr\/#\/schema\/logo\/image\/","url":"https:\/\/serversmtp.com\/wp-content\/uploads\/2021\/11\/og-image-2.jpg","contentUrl":"https:\/\/serversmtp.com\/wp-content\/uploads\/2021\/11\/og-image-2.jpg","width":1200,"height":1128,"caption":"Delivery Tech"},"image":{"@id":"https:\/\/serversmtp.com\/tr\/#\/schema\/logo\/image\/"}}]}},"_links":{"self":[{"href":"https:\/\/serversmtp.com\/it\/wp-json\/wp\/v2\/pages\/20842"}],"collection":[{"href":"https:\/\/serversmtp.com\/it\/wp-json\/wp\/v2\/pages"}],"about":[{"href":"https:\/\/serversmtp.com\/it\/wp-json\/wp\/v2\/types\/page"}],"author":[{"embeddable":true,"href":"https:\/\/serversmtp.com\/it\/wp-json\/wp\/v2\/users\/8"}],"replies":[{"embeddable":true,"href":"https:\/\/serversmtp.com\/it\/wp-json\/wp\/v2\/comments?post=20842"}],"version-history":[{"count":3,"href":"https:\/\/serversmtp.com\/it\/wp-json\/wp\/v2\/pages\/20842\/revisions"}],"predecessor-version":[{"id":20902,"href":"https:\/\/serversmtp.com\/it\/wp-json\/wp\/v2\/pages\/20842\/revisions\/20902"}],"wp:attachment":[{"href":"https:\/\/serversmtp.com\/it\/wp-json\/wp\/v2\/media?parent=20842"}],"curies":[{"name":"wp","href":"https:\/\/api.w.org\/{rel}","templated":true}]}}