{"id":20723,"date":"2024-09-26T10:51:23","date_gmt":"2024-09-26T08:51:23","guid":{"rendered":"https:\/\/serversmtp.com\/?page_id=20723"},"modified":"2024-09-26T10:51:24","modified_gmt":"2024-09-26T08:51:24","slug":"server-smtp-dedicato-per-linvio-massivo-di-email","status":"publish","type":"page","link":"https:\/\/serversmtp.com\/it\/server-smtp-dedicato-per-linvio-massivo-di-email\/","title":{"rendered":"Server SMTP dedicato per l\u2019invio massivo di email"},"content":{"rendered":"\n<style>\r\n.saswp-faq-block-section ol {\r\n    margin-left: 0px;\r\n}\r\n.saswp-faq-block-section ol li {\r\n    border-bottom: dotted 2px #ccc;\r\n    margin-bottom: 46px;\r\n    padding-bottom: 20px;\r\n}\r\n.saswp-faq-block-section ol li:last-child {\r\n    border-bottom: none;\r\n    margin-bottom: 26px;\r\n}\r\n<\/style>\n\n\n<div class=\"gb-container gb-container-05f4b905\">\n<div class=\"gb-container gb-container-3bd3b6d8\">\n\n<h1 class=\"gb-headline gb-headline-80a0e6dc gb-headline-text\"><strong>TurboSMTP: il server SMTP dedicato per l\u2019invio massivo di email.<\/strong><\/h1>\n\n\n\n<h2 class=\"gb-headline gb-headline-1238f619 gb-headline-text\">Inizia a inviare grandi volumi di email in modo efficiente e con la migliore deliverability sul mercato.<\/h2>\n\n\n\n<a class=\"gb-button gb-button-e42a2b01 gb-button-text\" href=\"https:\/\/serversmtp.com\/it\/signup\">PROVA TURBOSMTP GRATIS<\/a>\n\n<\/div>\n<div class=\"gb-shapes\"><div class=\"gb-shape gb-shape-1\"><svg xmlns=\"http:\/\/www.w3.org\/2000\/svg\" viewBox=\"0 0 1200 230\" preserveAspectRatio=\"none\"><path d=\"M1200 230H0V0l600 207.2L1200 0z\"\/><\/svg><\/div><\/div><\/div>\n\n<div class=\"gb-container gb-container-367640b2\">\n<div class=\"gb-container gb-container-f641ef13\">\n\n<h2 class=\"gb-headline gb-headline-01ff8773 gb-headline-text\">Servizio email standard VS<br><strong>server SMTP dedicato per invio massivo<\/strong><\/h2>\n\n\n\n<div class=\"gb-headline gb-headline-de2afcb8 gb-headline-text\">Per l&#8217;invio di email in massa, che si tratti di campagne marketing o messaggi transazionali, <strong>disporre della giusta infrastruttura \u00e8 essenziale<\/strong>.\u00a0I limiti dei servizi email standard, infatti, emergono rapidamente quando si inviano grandi volumi di messaggi.<br><\/div>\n\n\n<div class=\"gb-container gb-container-566681d4\">\n<div class=\"gb-grid-wrapper gb-grid-wrapper-a8ab1467\">\n<div class=\"gb-grid-column gb-grid-column-17d5c32f\"><div class=\"gb-container gb-container-17d5c32f\">\n\n<h3 class=\"gb-headline gb-headline-8e34e99a\"><span class=\"gb-icon\"><svg viewBox=\"0 0 512 512\" xmlns=\"http:\/\/www.w3.org\/2000\/svg\"><path d=\"M256 48a208 208 0 1 1 0 416 208 208 0 1 1 0-416zm0 464a256 256 0 1 0 0-512 256 256 0 1 0 0 512zm-81-337c-9.4 9.4-9.4 24.6 0 33.9l47 47-47 47c-9.4 9.4-9.4 24.6 0 33.9s24.6 9.4 33.9 0l47-47 47 47c9.4 9.4 24.6 9.4 33.9 0s9.4-24.6 0-33.9l-47-47 47-47c9.4-9.4 9.4-24.6 0-33.9s-24.6-9.4-33.9 0l-47 47-47-47c-9.4-9.4-24.6-9.4-33.9 0z\"><\/path><\/svg><\/span><\/h3>\n\n\n\n<h3 class=\"gb-headline gb-headline-bae81829 gb-headline-text\"><strong>Servizi email standard<\/strong><\/h3>\n\n\n\n<p class=\"has-text-align-center\">Limiti di invio, con alto rischio che le email vengano segnalate per spam.<\/p>\n\n<\/div><\/div>\n\n<div class=\"gb-grid-column gb-grid-column-654958e4\"><div class=\"gb-container gb-container-654958e4\">\n\n<h3 class=\"gb-headline gb-headline-4aa8db8d\"><span class=\"gb-icon\"><svg viewBox=\"0 0 512 512\" xmlns=\"http:\/\/www.w3.org\/2000\/svg\"><path d=\"M256 48a208 208 0 1 1 0 416 208 208 0 1 1 0-416zm0 464a256 256 0 1 0 0-512 256 256 0 1 0 0 512zm113-303c9.4-9.4 9.4-24.6 0-33.9s-24.6-9.4-33.9 0l-111 111-47-47c-9.4-9.4-24.6-9.4-33.9 0s-9.4 24.6 0 33.9l64 64c9.4 9.4 24.6 9.4 33.9 0L369 209z\"><\/path><\/svg><\/span><\/h3>\n\n\n\n<h3 class=\"gb-headline gb-headline-0e540be3 gb-headline-text\"><strong>Server SMTP dedicati<\/strong><\/h3>\n\n\n\n<p class=\"has-text-align-center\">Permettono di inviare grandi quantit\u00e0 di email in modo efficiente.<\/p>\n\n<\/div><\/div>\n<\/div>\n<\/div>\n<\/div>\n<\/div>\n\n<div class=\"gb-container gb-container-4d0ddaa8\">\n<div class=\"gb-container gb-container-1a7dbdef\">\n\n<h2 class=\"gb-headline gb-headline-b0b37e1f gb-headline-text\">Cos&#8217;\u00e8 un server SMTP per invio massivo?<\/h2>\n\n\n\n<p class=\"gb-headline gb-headline-dbad829a gb-headline-text\">Un server SMTP dedicato per l\u2019invio massivo \u00e8 uno strumento essenziale per spedire grandi quantit\u00e0 di email.\u00a0<br>A differenza dei server email standard come Gmail o Yahoo, che prevedono un limite degli invii giornalieri, un server SMTP dedicato <strong>permette di inviare campagne massive<\/strong> con un&#8217;elevata deliverability.<\/p>\n\n<\/div>\n<\/div>\n\n<div class=\"gb-container gb-container-8a37d80e\">\n<div class=\"gb-container gb-container-0643eca5\">\n<div class=\"gb-container gb-container-06a706dd\">\n\n<h3 class=\"gb-headline gb-headline-db122663 gb-headline-text\"><strong>Consegna le email a destinazione ed evita lo spam<\/strong><\/h3>\n\n\n\n<p class=\"gb-headline gb-headline-6988be7b gb-headline-text\">TurboSMTP offre <strong>un potente server SMTP dedicato per invii massivi<\/strong>, garantendo che le tue email raggiungano la destinazione, indipendentemente dalla quantit\u00e0 dei tuoi invii.<\/p>\n\n\n\n<a class=\"gb-button gb-button-2bbda6e5 gb-button-text\" href=\"https:\/\/serversmtp.com\/it\/signup\">INIZIA A INVIARE ORA<\/a>\n\n<\/div>\n<\/div>\n<\/div>\n\n<div class=\"gb-container gb-container-8d2fdc0a\">\n<div class=\"gb-container gb-container-e7a79736\">\n\n<h2 class=\"gb-headline gb-headline-8bc2097a gb-headline-text\">I principali vantaggi di un server SMTP dedicato per l\u2019invio massivo.<\/h2>\n\n\n<div class=\"gb-container gb-container-01661071\">\n\n<p class=\"gb-headline gb-headline-3843956a\"><span class=\"gb-icon\"><svg xmlns=\"http:\/\/www.w3.org\/2000\/svg\" viewBox=\"0 0 512 512\"><path d=\"M256 48a208 208 0 1 1 0 416 208 208 0 1 1 0-416zm0 464a256 256 0 1 0 0-512 256 256 0 1 0 0 512zm-81-337c-9.4 9.4-9.4 24.6 0 33.9l47 47-47 47c-9.4 9.4-9.4 24.6 0 33.9s24.6 9.4 33.9 0l47-47 47 47c9.4 9.4 24.6 9.4 33.9 0s9.4-24.6 0-33.9l-47-47 47-47c9.4-9.4 9.4-24.6 0-33.9s-24.6-9.4-33.9 0l-47 47-47-47c-9.4-9.4-24.6-9.4-33.9 0z\"><\/path><\/svg><\/span><span class=\"gb-headline-text\">I<strong> server di posta standard<\/strong> non sono pensati per gestire un invio massivo di email. Prevedono infatti dei limiti stringenti, rendendo difficile, se non impossibile, gestire una strategia di email marketing efficace o inviare email transazionali in modo efficiente.<\/span><\/p>\n\n\n\n<p class=\"gb-headline gb-headline-af7540df\"><span class=\"gb-icon\"><svg xmlns=\"http:\/\/www.w3.org\/2000\/svg\" viewBox=\"0 0 512 512\"><path d=\"M256 48a208 208 0 1 1 0 416 208 208 0 1 1 0-416zm0 464a256 256 0 1 0 0-512 256 256 0 1 0 0 512zm113-303c9.4-9.4 9.4-24.6 0-33.9s-24.6-9.4-33.9 0l-111 111-47-47c-9.4-9.4-24.6-9.4-33.9 0s-9.4 24.6 0 33.9l64 64c9.4 9.4 24.6 9.4 33.9 0L369 209z\"><\/path><\/svg><\/span><span class=\"gb-headline-text\">Con un <strong>server SMTP dedicato per l\u2019invio massivo<\/strong>, eviti questi limiti e garantisci una deliverability molto pi\u00f9 elevata per le tue campagne.<br>Un server SMTP dedicato per invii massivi garantisce:<\/span><\/p>\n\n\n<div class=\"gb-container gb-container-b6afaeed\">\n\n<ul class=\"wp-block-list\">\n<li>invii efficienti e senza limiti;<\/li>\n\n\n\n<li>un alto tasso di consegna;<\/li>\n\n\n\n<li>prestazioni elevate.<\/li>\n<\/ul>\n\n<\/div>\n<\/div>\n<\/div>\n<\/div>\n\n<div class=\"gb-container gb-container-43e871b9\">\n<div class=\"gb-container gb-container-6c49d50f\">\n\n<h2 class=\"gb-headline gb-headline-a51bf759 gb-headline-text\">I vantaggi di turboSMTP per i tuoi invii massivi.<\/h2>\n\n\n\n<div class=\"gb-headline gb-headline-540aff9d gb-headline-text\">La nostra piattaforma \u00e8 progettata per offrire un supporto a 360\u00b0 a <strong>imprese di ogni dimensione<\/strong>, con strumenti per monitorare e migliorare le tue campagne.<br>Ma eccoti alcuni dei motivi per scegliere turboSMTP:<br><\/div>\n\n\n<div class=\"gb-container gb-container-277ab316\">\n<div class=\"gb-grid-wrapper gb-grid-wrapper-dde37266\">\n<div class=\"gb-grid-column gb-grid-column-9152a6b8\"><div class=\"gb-container gb-container-9152a6b8\">\n\n<h3 class=\"gb-headline gb-headline-e72f9650\"><span class=\"gb-icon\"><svg viewBox=\"0 0 320 512\" xmlns=\"http:\/\/www.w3.org\/2000\/svg\"><path d=\"M182.6 9.4c-12.5-12.5-32.8-12.5-45.3 0l-96 96c-12.5 12.5-12.5 32.8 0 45.3s32.8 12.5 45.3 0l41.4-41.4v293.5l-41.4-41.4c-12.5-12.5-32.8-12.5-45.3 0s-12.5 32.8 0 45.3l96 96c12.5 12.5 32.8 12.5 45.3 0l96-96c12.5-12.5 12.5-32.8 0-45.3s-32.8-12.5-45.3 0L192 402.7V109.2l41.4 41.4c12.5 12.5 32.8 12.5 45.3 0s12.5-32.8 0-45.3l-96-96z\"><\/path><\/svg><\/span><\/h3>\n\n\n\n<h3 class=\"gb-headline gb-headline-1b83c713 gb-headline-text\"><strong>Soluzioni scalabili<\/strong><\/h3>\n\n\n\n<p class=\"has-text-align-center\">turboSMTP nasce per adattarsi alle tue esigenze. Che tu stia inviando campagne di piccole dimensioni o grandi volumi di email, potrai trovare il piano pi\u00f9 adatto alle tue necessit\u00e0 e modularlo nel corso del tempo.<\/p>\n\n<\/div><\/div>\n\n<div class=\"gb-grid-column gb-grid-column-1c298745\"><div class=\"gb-container gb-container-1c298745\">\n\n<h3 class=\"gb-headline gb-headline-724ccd7d\"><span class=\"gb-icon\"><svg viewBox=\"0 0 512 512\" xmlns=\"http:\/\/www.w3.org\/2000\/svg\"><path d=\"M16.1 260.2c-22.6 12.9-20.5 47.3 3.6 57.3L160 376v103.3c0 18.1 14.6 32.7 32.7 32.7 9.7 0 18.9-4.3 25.1-11.8l62-74.3 123.9 51.6c18.9 7.9 40.8-4.5 43.9-24.7l64-416c1.9-12.1-3.4-24.3-13.5-31.2s-23.3-7.5-34-1.4l-448 256zm52.1 25.5L409.7 90.6 190.1 336l1.2 1-123.1-51.3zm335.1 139.7-166.6-69.5 214.1-239.3-47.5 308.8z\"><\/path><\/svg><\/span><\/h3>\n\n\n\n<h3 class=\"gb-headline gb-headline-657b36a9 gb-headline-text\"><strong>Alta deliverability<\/strong><\/h3>\n\n\n\n<p class=\"has-text-align-center\">L&#8217;utilizzo di un server SMTP dedicato garantisce che le tue email superino i filtri antispam e arrivino direttamente nella casella di posta dei destinatari.<\/p>\n\n<\/div><\/div>\n\n<div class=\"gb-grid-column gb-grid-column-21a82ca9\"><div class=\"gb-container gb-container-21a82ca9\">\n\n<h3 class=\"gb-headline gb-headline-83baba61\"><span class=\"gb-icon\"><svg viewBox=\"0 0 512 512\" xmlns=\"http:\/\/www.w3.org\/2000\/svg\"><path d=\"M64 64c0-17.7-14.3-32-32-32S0 46.3 0 64v336c0 44.2 35.8 80 80 80h400c17.7 0 32-14.3 32-32s-14.3-32-32-32H80c-8.8 0-16-7.2-16-16V64zm406.6 86.6c12.5-12.5 12.5-32.8 0-45.3s-32.8-12.5-45.3 0L320 210.7l-57.4-57.4c-12.5-12.5-32.8-12.5-45.3 0l-112 112c-12.5 12.5-12.5 32.8 0 45.3s32.8 12.5 45.3 0l89.4-89.3 57.4 57.4c12.5 12.5 32.8 12.5 45.3 0l128-128z\"><\/path><\/svg><\/span><\/h3>\n\n\n\n<h3 class=\"gb-headline gb-headline-6a29a3d1 gb-headline-text\"><strong>Strumenti di monitoraggio avanzati<\/strong><\/h3>\n\n\n\n<p class=\"has-text-align-center\">Offriamo analisi dettagliate e strumenti di tracking per monitorare le performance delle tue campagne, aiutandoti a individuare aree di miglioramento e ottimizzare gli invii futuri.<\/p>\n\n<\/div><\/div>\n\n<div class=\"gb-grid-column gb-grid-column-4bf5e668\"><div class=\"gb-container gb-container-4bf5e668\">\n\n<h3 class=\"gb-headline gb-headline-a35be1ee\"><span class=\"gb-icon\"><svg viewBox=\"0 0 512 512\" xmlns=\"http:\/\/www.w3.org\/2000\/svg\"><path d=\"m345 39.1 127.8 129.3c52.4 53 52.4 138.2 0 191.2l-112 113.3c-9.3 9.4-24.5 9.5-33.9.2s-9.5-24.5-.2-33.9l111.9-113.3c33.9-34.3 33.9-89.4 0-123.7L310.9 72.9c-9.3-9.4-9.2-24.6.2-33.9s24.6-9.2 33.9.2zM0 229.5V80c0-26.5 21.5-48 48-48h149.5c17 0 33.3 6.7 45.3 18.7l168 168c25 25 25 65.5 0 90.5L277.3 442.7c-25 25-65.5 25-90.5 0l-168-168C6.7 262.7 0 246.5 0 229.5zM144 144a32 32 0 1 0-64 0 32 32 0 1 0 64 0z\"><\/path><\/svg><\/span><\/h3>\n\n\n\n<h3 class=\"gb-headline gb-headline-8e8264a8 gb-headline-text\"><strong>Piano gratuito<\/strong><\/h3>\n\n\n\n<p class=\"has-text-align-center\">turboSMTP offre una soluzione gratuita che ti permette di inviare fino a 6000 email al mese per sempre.<\/p>\n\n<\/div><\/div>\n<\/div>\n<\/div>\n<\/div>\n<\/div>\n\n<div class=\"gb-container gb-container-41d23342\">\n<div class=\"gb-container gb-container-889e6eb7\">\n\n<h2 class=\"gb-headline gb-headline-880eb43f gb-headline-text\">Inizia a inviare email massive con turboSMTP.<\/h2>\n\n\n\n<p class=\"gb-headline gb-headline-3cdc9dcf gb-headline-text\">TurboSMTP non ti fornisce solo un\u2019infrastruttura efficiente, ma ti offre anche gli strumenti necessari per<strong> il successo delle tue campagne<\/strong>. Che tu stia inviando email di marketing o transazionali, inizia a sfruttare ora tutti i vantaggi di un potente server SMTP dedicato.<br><\/p>\n\n<\/div>\n<\/div>\n\n<div class=\"gb-container gb-container-3f5dbb2a\">\n<div class=\"gb-container gb-container-d46343ce\">\n<div class=\"gb-container gb-container-691e0d35\">\n\n<h3 class=\"gb-headline gb-headline-ae85f513 gb-headline-text\"><strong>Inizia a inviare ora!<\/strong><\/h3>\n\n\n\n<h4 class=\"gb-headline gb-headline-4ef8f24c gb-headline-text\">Iscriviti oggi e spedisci fino a 6000 email gratuite al mese per sempre.<\/h4>\n\n\n\n<p class=\"gb-headline gb-headline-2c89998d gb-headline-text\">Inizia con il piano gratuito e modula le tue esigenze di invio con il nostro server SMTP dedicato.<br>Porta la tua strategia di email marketing al livello successivo!<\/p>\n\n\n\n<a class=\"gb-button gb-button-406bfb4c gb-button-text\" href=\"https:\/\/serversmtp.com\/it\/signup\">INIZIA CON TURBOSMTP ORA<\/a>\n\n<\/div>\n<\/div>\n<\/div>\n\n<div class=\"gb-container gb-container-e5e81420\">\n<div class=\"gb-container gb-container-31433663\">\n\n<h2 class=\"gb-headline gb-headline-d7fae2ae gb-headline-text\">FAQ sui server SMTP per invii massivi.<\/h2>\n\n\n<div class=\"gb-container gb-container-f8b591f6\">\n<div class=\"saswp-faq-block-section\"><ol style=\"list-style-type:none\"><li style=\"list-style-type: none\"><h4 class=\"\">Cos&#8217;\u00e8 un server SMTP per invio massivo e come funziona?<\/h4><p class=\"saswp-faq-answer-text\">Un server SMTP dedicato \u00e8 progettato per inviare grandi volumi di email in modo efficiente e affidabile. Garantisce che le email vengano consegnate senza attivare i filtri antispam, rendendolo ideale per campagne di marketing, newsletter e comunicazioni di massa.<\/p><li style=\"list-style-type: none\"><h4 class=\"\">Come posso scegliere il miglior server SMTP per il mio business?<\/h4><p class=\"saswp-faq-answer-text\">Quando scegli un server SMTP, considera fattori come il tasso di consegna delle email, la scalabilit\u00e0 per la crescita futura, il rapporto qualit\u00e0-prezzo e l\u2019assistenza clienti. Un server SMTP scalabile ti consente di gestire volumi crescenti di email senza problemi di performance.<\/p><li style=\"list-style-type: none\"><h4 class=\"\">Cos&#8217;\u00e8 un server SMTP scalabile?<\/h4><p class=\"saswp-faq-answer-text\">Un server SMTP scalabile \u00e8 concepito per adattarsi ai cambiamenti delle esigenze di invio, permettendoti di aumentare i volumi man mano che la tua azienda si espande senza compromettere le prestazioni o la deliverability.<\/p><li style=\"list-style-type: none\"><h4 class=\"\">Perch\u00e9 dovrei usare un server SMTP dedicato per invio massivo?<\/h4><p class=\"saswp-faq-answer-text\">Un server SMTP dedicato per l&#8217;invio massivo garantisce tassi di consegna pi\u00f9 elevati, una migliore gestione delle email e la capacit\u00e0 di gestire grandi volumi di traffico email.<\/p><li style=\"list-style-type: none\"><h4 class=\"\">Come posso inviare email massive in modo affidabile ed evitare i filtri antispam?<\/h4><p class=\"saswp-faq-answer-text\">Puoi evitare i filtri antispam utilizzando un server SMTP affidabile con metodi di autenticazione come SPF, DKIM e DMARC. \u00c8 inoltre essenziale seguire <a href=\"https:\/\/serversmtp.com\/it\/knowledgebase\/3847\/Best-practice-per-la-mailing-list.html\" target=\"_blank\" rel=\"noreferrer noopener\">le best practice dell\u2019email marketing<\/a> e <a href=\"https:\/\/serversmtp.com\/it\/strumento-di-pulizia-delle-liste\/?doing_wp_cron=1726236713.6512649059295654296875\">mantenere una lista di email pulita<\/a>.<\/p><li style=\"list-style-type: none\"><h4 class=\"\">Quali sono i vantaggi di un server SMTP scalabile per invio massivo?<\/h4><p class=\"saswp-faq-answer-text\">Il vantaggio principale di un server SMTP scalabile \u00e8 la sua capacit\u00e0 di crescere insieme alla tua attivit\u00e0. Garantisce un&#8217;alta deliverability, consente campagne di email massive e gestisce picchi improvvisi di volume email senza interruzioni.<\/p><li style=\"list-style-type: none\"><h4 class=\"\">Posso usare un server SMTP per inviare email illimitate?<\/h4><p class=\"saswp-faq-answer-text\">S\u00ec, molti provider di servizi SMTP offrono <a href=\"https:\/\/serversmtp.com\/it\/cart.php?carttpl=2clic\">piani che includono l&#8217;invio illimitato di email<\/a>. Tuttavia, \u00e8 importante verificare i termini e le condizioni per assicurarsi che non ci siano limiti nascosti o restrizioni.<\/p><li style=\"list-style-type: none\"><h4 class=\"\">Qual \u00e8 la differenza tra un server per email massive e un server email standard?<\/h4><p class=\"saswp-faq-answer-text\">Un server per email massive \u00e8 progettato per gestire grandi volumi di email in modo efficiente, mentre un server email standard \u00e8 ottimizzato per comunicazioni individuali o per piccoli gruppi. I server per email massive sono dotati di funzionalit\u00e0 per gestire volumi elevati, tracciare campagne e garantire una migliore consegna.<\/p><li style=\"list-style-type: none\"><h4 class=\"\">Come posso configurare un server SMTP per le mie campagne di marketing?<\/h4><p class=\"saswp-faq-answer-text\">Configurare un server SMTP richiede la selezione di un provider SMTP affidabile, la configurazione del server con i protocolli di autenticazione corretti e l&#8217;integrazione con il tuo software di email marketing. Assicurati che il server sia scalabile per gestire volumi crescenti di email.<\/p><li style=\"list-style-type: none\"><h4 class=\"\">Cos&#8217;\u00e8 un server SMTP scalabile e perch\u00e9 ne ho bisogno?<\/h4><p class=\"saswp-faq-answer-text\">Un server SMTP scalabile \u00e8 progettato per gestire traffico email crescente man mano che le tue campagne crescono. \u00c8 essenziale per le aziende che desiderano espandere i propri sforzi di email marketing senza sacrificare le prestazioni o la deliverability.<\/p><\/ul><\/div>\n<\/div>\n<\/div>\n<\/div>","protected":false},"excerpt":{"rendered":"<p>TurboSMTP: il server SMTP dedicato per l\u2019invio massivo di email. Inizia a inviare grandi volumi di email in modo efficiente e con la migliore deliverability sul mercato. Servizio email standard VSserver SMTP dedicato per invio massivo Per l&#8217;invio di email in massa, che si tratti di campagne marketing o messaggi transazionali, disporre della giusta infrastruttura &#8230; <\/p>\n<p class=\"read-more-container\"><a title=\"Server SMTP dedicato per l\u2019invio massivo di email\" class=\"read-more button\" href=\"https:\/\/serversmtp.com\/it\/server-smtp-dedicato-per-linvio-massivo-di-email\/#more-20723\" aria-label=\"Per saperne di pi\u00f9 su Server SMTP dedicato per l\u2019invio massivo di email\">Discover more<\/a><\/p>\n","protected":false},"author":8,"featured_media":0,"parent":0,"menu_order":0,"comment_status":"closed","ping_status":"closed","template":"","meta":{"_eb_attr":"","inline_featured_image":false,"_monsterinsights_skip_tracking":false,"_monsterinsights_sitenote_active":false,"_monsterinsights_sitenote_note":"","_monsterinsights_sitenote_category":0,"footnotes":""},"class_list":["post-20723","page","type-page","status-publish"],"yoast_head":"<!-- This site is optimized with the Yoast SEO plugin v25.3.1 - https:\/\/yoast.com\/wordpress\/plugins\/seo\/ -->\n<title>TurboSMTP: il server SMTP per l\u2019invio massivo di email<\/title>\n<meta name=\"description\" content=\"Inviare Email Massive con Server SMTP Dedicato. Miglior Server SMTP Gratis per Invio Massivo. Evitare Filtri Spam con Server SMTP Dedicato &gt;&gt; Scopri turboSMTP!\" \/>\n<meta name=\"robots\" content=\"index, follow, max-snippet:-1, max-image-preview:large, max-video-preview:-1\" \/>\n<link rel=\"canonical\" href=\"https:\/\/serversmtp.com\/it\/server-smtp-dedicato-per-linvio-massivo-di-email\/\" \/>\n<meta name=\"twitter:label1\" content=\"Tempo di lettura stimato\" \/>\n\t<meta name=\"twitter:data1\" content=\"3 minuti\" \/>\n<!-- \/ Yoast SEO plugin. -->","yoast_head_json":{"title":"TurboSMTP: il server SMTP per l\u2019invio massivo di email","description":"Inviare Email Massive con Server SMTP Dedicato. Miglior Server SMTP Gratis per Invio Massivo. Evitare Filtri Spam con Server SMTP Dedicato >> Scopri turboSMTP!","robots":{"index":"index","follow":"follow","max-snippet":"max-snippet:-1","max-image-preview":"max-image-preview:large","max-video-preview":"max-video-preview:-1"},"canonical":"https:\/\/serversmtp.com\/it\/server-smtp-dedicato-per-linvio-massivo-di-email\/","twitter_misc":{"Tempo di lettura stimato":"3 minuti"},"schema":{"@context":"https:\/\/schema.org","@graph":[{"@type":"WebPage","@id":"https:\/\/serversmtp.com\/it\/server-smtp-dedicato-per-linvio-massivo-di-email\/","url":"https:\/\/serversmtp.com\/it\/server-smtp-dedicato-per-linvio-massivo-di-email\/","name":"TurboSMTP: il server SMTP per l\u2019invio massivo di email","isPartOf":{"@id":"https:\/\/serversmtp.com\/de\/#website"},"datePublished":"2024-09-26T08:51:23+00:00","dateModified":"2024-09-26T08:51:24+00:00","description":"Inviare Email Massive con Server SMTP Dedicato. Miglior Server SMTP Gratis per Invio Massivo. Evitare Filtri Spam con Server SMTP Dedicato >> Scopri turboSMTP!","breadcrumb":{"@id":"https:\/\/serversmtp.com\/it\/server-smtp-dedicato-per-linvio-massivo-di-email\/#breadcrumb"},"inLanguage":"it-IT","potentialAction":[{"@type":"ReadAction","target":["https:\/\/serversmtp.com\/it\/server-smtp-dedicato-per-linvio-massivo-di-email\/"]}]},{"@type":"BreadcrumbList","@id":"https:\/\/serversmtp.com\/it\/server-smtp-dedicato-per-linvio-massivo-di-email\/#breadcrumb","itemListElement":[{"@type":"ListItem","position":1,"name":"Home","item":"https:\/\/serversmtp.com\/it\/"},{"@type":"ListItem","position":2,"name":"Server SMTP dedicato per l\u2019invio massivo di email"}]},{"@type":"WebSite","@id":"https:\/\/serversmtp.com\/de\/#website","url":"https:\/\/serversmtp.com\/de\/","name":"Server Mail SMTP - Provider di servizi SMTP professionali","description":"Server Mail SMTP - Provider di servizi SMTP professionali","publisher":{"@id":"https:\/\/serversmtp.com\/de\/#organization"},"potentialAction":[{"@type":"SearchAction","target":{"@type":"EntryPoint","urlTemplate":"https:\/\/serversmtp.com\/de\/?s={search_term_string}"},"query-input":{"@type":"PropertyValueSpecification","valueRequired":true,"valueName":"search_term_string"}}],"inLanguage":"it-IT"},{"@type":"Organization","@id":"https:\/\/serversmtp.com\/de\/#organization","name":"Delivery Tech","url":"https:\/\/serversmtp.com\/de\/","logo":{"@type":"ImageObject","inLanguage":"it-IT","@id":"https:\/\/serversmtp.com\/de\/#\/schema\/logo\/image\/","url":"https:\/\/serversmtp.com\/wp-content\/uploads\/2021\/11\/og-image-2.jpg","contentUrl":"https:\/\/serversmtp.com\/wp-content\/uploads\/2021\/11\/og-image-2.jpg","width":1200,"height":1128,"caption":"Delivery Tech"},"image":{"@id":"https:\/\/serversmtp.com\/de\/#\/schema\/logo\/image\/"}}]}},"_links":{"self":[{"href":"https:\/\/serversmtp.com\/it\/wp-json\/wp\/v2\/pages\/20723"}],"collection":[{"href":"https:\/\/serversmtp.com\/it\/wp-json\/wp\/v2\/pages"}],"about":[{"href":"https:\/\/serversmtp.com\/it\/wp-json\/wp\/v2\/types\/page"}],"author":[{"embeddable":true,"href":"https:\/\/serversmtp.com\/it\/wp-json\/wp\/v2\/users\/8"}],"replies":[{"embeddable":true,"href":"https:\/\/serversmtp.com\/it\/wp-json\/wp\/v2\/comments?post=20723"}],"version-history":[{"count":4,"href":"https:\/\/serversmtp.com\/it\/wp-json\/wp\/v2\/pages\/20723\/revisions"}],"predecessor-version":[{"id":20727,"href":"https:\/\/serversmtp.com\/it\/wp-json\/wp\/v2\/pages\/20723\/revisions\/20727"}],"wp:attachment":[{"href":"https:\/\/serversmtp.com\/it\/wp-json\/wp\/v2\/media?parent=20723"}],"curies":[{"name":"wp","href":"https:\/\/api.w.org\/{rel}","templated":true}]}}