{"id":20405,"date":"2024-08-14T09:57:26","date_gmt":"2024-08-14T07:57:26","guid":{"rendered":"https:\/\/serversmtp.com\/?page_id=20405"},"modified":"2024-08-14T10:39:24","modified_gmt":"2024-08-14T08:39:24","slug":"gdpr-perche-evitare-i-servizi-che-trasferiscono-i-dati-personali-fuori-dallue","status":"publish","type":"page","link":"https:\/\/serversmtp.com\/it\/gdpr-perche-evitare-i-servizi-che-trasferiscono-i-dati-personali-fuori-dallue\/","title":{"rendered":"GDPR: perch\u00e9 evitare i servizi che trasferiscono i dati personali fuori dall\u2019UE"},"content":{"rendered":"\n<style>\nul.spaced-list li, ol.spaced-list li {\n   margin-bottom: 15px;\n}\n<\/style>\n\n\n<div class=\"gb-container gb-container-c2369287\">\n\n<figure class=\"gb-block-image gb-block-image-a55b202a\"><img decoding=\"async\" width=\"1000\" height=\"620\" class=\"gb-image gb-image-a55b202a\" src=\"https:\/\/serversmtp.com\/wp-content\/uploads\/2024\/08\/gdpr-perche-evitare-il-trasferimento-dei-dati-fuori-dall-ue.jpg\" alt=\"GDPR: perch\u00e9 evitare il trasferimento dei dati fuori dall\u2019UE\" title=\"gdpr-perche-evitare-il-trasferimento-dei-dati-fuori-dall-ue\" srcset=\"https:\/\/serversmtp.com\/wp-content\/uploads\/2024\/08\/gdpr-perche-evitare-il-trasferimento-dei-dati-fuori-dall-ue.jpg 1000w, https:\/\/serversmtp.com\/wp-content\/uploads\/2024\/08\/gdpr-perche-evitare-il-trasferimento-dei-dati-fuori-dall-ue-300x186.jpg 300w, https:\/\/serversmtp.com\/wp-content\/uploads\/2024\/08\/gdpr-perche-evitare-il-trasferimento-dei-dati-fuori-dall-ue-768x476.jpg 768w\" sizes=\"(max-width: 1000px) 100vw, 1000px\" \/><\/figure>\n\n\n\n<h2 class=\"gb-headline gb-headline-23cb7c9c gb-headline-text\"><em>Se possiedi un\u2019azienda europea, rispettare il GDPR \u00e8 imperativo per questioni legali e di reputazione. Per questo dovresti assicurarti che i dati degli utenti non vengano trasferiti al di fuori del territorio europeo.<\/em><\/h2>\n\n\n\n<p>Il Regolamento Generale sulla Protezione dei Dati (GDPR), entrato in vigore il 25 maggio 2018, ha ridefinito il modo in cui le aziende all&#8217;interno dell&#8217;Unione Europea devono gestire e proteggere i dati personali dei propri clienti.&nbsp;<\/p>\n\n\n\n<p>Questa normativa non riguarda solo le grandi multinazionali ma <strong>anche le piccole e medie imprese che trattano dati personali<\/strong>.&nbsp;<\/p>\n\n\n\n<p>E una delle questioni pi\u00f9 delicate riguarda il trasferimento dei dati personali al di fuori dell&#8217;UE, in particolare verso quei Paesi che non offrono un livello di protezione dei dati equivalente a quello garantito dal GDPR.<\/p>\n\n\n\n<p>In questo articolo vedremo insieme cosa prevede la normativa europea per la protezione dei dati e come assicurarti di rispettare sempre le indicazioni del GDPR.<\/p>\n\n<\/div>\n\n<div class=\"gb-container gb-container-1fd1eed5\">\n\n<h2 class=\"gb-headline gb-headline-b95f2857 gb-headline-text\">Cosa si intende con dati personali e quali sono i rischi del loro trasferimento extra-UE.<\/h2>\n\n\n\n<p>Il GDPR definisce come dato personale qualsiasi informazione capace di identificare direttamente o indirettamente una persona fisica.&nbsp;<\/p>\n\n\n\n<p>In questo modo vengono inclusi <strong>non solo i nomi, gli indirizzi o i numeri di telefono, ma anche gli indirizzi email<\/strong>, ovvero tutti i dati che possono essere usati per identificare qualcuno.<\/p>\n\n\n\n<p>Trasferire questi dati personali al di fuori dell&#8217;UE comporta rischi significativi, specialmente se vengono inviati verso Paesi che non hanno leggi adeguate sulla protezione dati personali.&nbsp;<\/p>\n\n\n\n<p>In particolare, <strong>gli Stati Uniti<\/strong>, pur prevedendo varie normative sulla privacy, <strong>non offrono una protezione sufficiente<\/strong> secondo la Corte di Giustizia dell&#8217;Unione Europea (CGUE).&nbsp;<\/p>\n\n\n\n<p>La sentenza di riferimento, <a href=\"https:\/\/eur-lex.europa.eu\/legal-content\/it\/TXT\/?uri=CELEX%3A62018CJ0311\">nota come Schrems II<\/a>, \u00e8 stata emessa il 16 luglio 2020 e ha invalidato il <a href=\"https:\/\/www.europarl.europa.eu\/RegData\/etudes\/IDAN\/2018\/625151\/EPRS_IDA(2018)625151_EN.pdf\">Privacy Shield<\/a>, un accordo che regolava il trasferimento di dati personali tra l&#8217;Unione Europea e gli Stati Uniti.&nbsp;<\/p>\n\n\n\n<p>La Corte ha infatti stabilito che il Privacy Shield non \u00e8 in grado di garantire un livello di protezione dei dati personali conforme agli standard del GDPR, in particolare a causa dell&#8217;accesso ai dati da parte delle autorit\u00e0 governative statunitensi.&nbsp;<\/p>\n\n\n\n<p>Questa sentenza ha avuto conseguenze rilevanti per le aziende e le organizzazioni che trasferiscono dati personali verso gli USA, obbligandole a rivedere e adeguare le loro pratiche per garantire la conformit\u00e0 al GDPR.<\/p>\n\n<\/div>\n\n<div class=\"gb-container gb-container-4e0c6b65\">\n\n<h2 class=\"gb-headline gb-headline-83586ce4 gb-headline-text\">Ma quali sono i rischi se non si rispettano le indicazioni del GDPR?<\/h2>\n\n\n\n<p>Le aziende che non rispettano il GDPR possono essere soggette a multe significative, che <strong>arrivano fino a 20 milioni di euro<\/strong> o al 4% del fatturato annuo globale, a seconda di quale sia la cifra pi\u00f9 alta.&nbsp;<\/p>\n\n\n\n<p>Tuttavia, il rischio non \u00e8 solo finanziario.&nbsp;<\/p>\n\n\n\n<p>Il trasferimento inappropriato di dati personali pu\u00f2 anche portare a danni reputazionali irreparabili, perdita di fiducia da parte dei clienti e relazioni compromesse con i partner commerciali.<\/p>\n\n\n\n<p>In un contesto dove la protezione dei dati \u00e8 sempre pi\u00f9 centrale, un singolo errore pu\u00f2 compromettere il tuo lavoro in termini di credibilit\u00e0 e rispetto del brand. Inoltre, la <strong>mancanza di conformit\u00e0 pu\u00f2 allontanare potenziali investitori<\/strong> e ostacolare la crescita aziendale in mercati che richiedono standard di sicurezza elevati.&nbsp;<\/p>\n\n\n\n<p>Rispettare il GDPR, quindi, non \u00e8 solo un obbligo legale, ma una scelta strategica per proteggere il futuro dell&#8217;azienda.<\/p>\n\n<\/div>\n\n<div class=\"gb-container gb-container-423eaee5\">\n\n<h2 class=\"gb-headline gb-headline-f65bbf0f gb-headline-text\">Utilizzi le email per le tue comunicazioni? Presta attenzione a dove sono localizzati i server.<\/h2>\n\n\n\n<p>Un aspetto centrale nella comunicazione delle aziende di tutte le dimensioni \u00e8 l\u2019invio di email, siano esse di natura commerciale, transazionale o per la comunicazione interna.<\/p>\n\n\n\n<p>Se questo \u00e8 anche il tuo caso, accertarti che il servizio che usi per l\u2019invio delle email non stia utilizzando dei server situati al di fuori dell&#8217;UE.&nbsp;<\/p>\n\n\n\n<p>S\u00ec, perch\u00e9 se vengono usati dei server extra-UE, <strong>gli indirizzi email degli utenti verranno inevitabilmente trasferiti al di fuori dell&#8217;Unione<\/strong>.&nbsp;<\/p>\n\n\n\n<p>Questo comporta un potenziale rischio, poich\u00e9 le email potrebbero rimbalzare tra pi\u00f9 aziende di servizi, spesso senza che l&#8217;azienda mittente abbia un controllo effettivo sul percorso e sulla sicurezza dei dati trasmessi.Utilizzando <a href=\"https:\/\/serversmtp.com\/it\/\" title=\"Servivio SMTP professionale conforme con la normativa europea del GDPR\">servizi che mantengono i dati email all&#8217;interno dell&#8217;UE<\/a>, ridurrai significativamente i rischi legati alla protezione dei dati e garantirai una maggiore sicurezza delle informazioni sensibili.<\/p>\n\n<\/div>\n\n<div class=\"gb-container gb-container-4248402d\">\n\n<h2 class=\"gb-headline gb-headline-78a0f624 gb-headline-text\">Qualche consiglio pratico per garantire la conformit\u00e0 al GDPR quando usi servizi terzi.<\/h2>\n\n\n\n<p>Per affrontare in modo efficace le sfide legate alla protezione dei dati personali e assicurare la conformit\u00e0 al GDPR, \u00e8 essenziale adottare delle strategie mirate.&nbsp;<\/p>\n\n\n\n<p>Ma ecco alcune pratiche per ridurre i rischi associati alla gestione e al trasferimento dei dati personali.<\/p>\n\n\n\n<ul class=\"wp-block-list spaced-list\">\n<li><strong>Verifica dove verranno conservati i dati<\/strong>.\u00a0<br>Prima di scegliere un servizio, \u00e8 fondamentale verificare dove verranno conservati i dati personali degli utenti. I fornitori che utilizzano data center situati all&#8217;interno dell&#8217;UE sono generalmente una scelta pi\u00f9 sicura.<\/li>\n\n\n\n<li><strong>Leggi le Clausole Contrattuali Standard (SCC)<\/strong>.\u00a0<br>Se \u00e8 necessario trasferire dati al di fuori dell&#8217;UE, assicurati che il contratto con il fornitore includa Clausole Contrattuali Standard approvate dalla Commissione Europea. Queste clausole stabiliscono le condizioni per il trasferimento sicuro dei dati.<\/li>\n\n\n\n<li><strong>Accertati che i dati vengano adeguatamente protetti<\/strong>.<strong>\u00a0<\/strong><br>Misure tecniche come la crittografia e la pseudonimizzazione sono fondamentali per ridurre i rischi associati al trasferimento di dati personali. Questi metodi rendono i dati meno accessibili a terze parti non autorizzate.<\/li>\n\n\n\n<li><strong>Conduci una Valutazione di Impatto sulla Protezione dei Dati (DPIA)<\/strong>.\u00a0<br>Se si prevede un trasferimento di dati personali verso un Paese terzo, condurre una DPIA per valutare i rischi e implementare misure adeguate per mitigare tali rischi.<\/li>\n<\/ul>\n\n<\/div>\n\n<div class=\"gb-container gb-container-aded18e9\">\n\n<h2 class=\"gb-headline gb-headline-eaacb5b0 gb-headline-text\">La protezione dei dati personali \u00e8 fondamentale, quindi scegli con attenzione i servizi per la tua attivit\u00e0.<\/h2>\n\n\n\n<p>La protezione dei dati personali \u00e8 una responsabilit\u00e0 cruciale per tutte le aziende all&#8217;interno dell&#8217;UE.&nbsp;<\/p>\n\n\n\n<p><strong>Evitare il trasferimento di dati al di fuori dell&#8217;UE<\/strong>, specialmente verso paesi con normative sulla privacy meno stringenti, non solo aiuta a conformarsi al GDPR, ma protegge le aziende da potenziali sanzioni e danni reputazionali.&nbsp;<\/p>\n\n\n\n<p>Quando possibile, dovresti quindi scegliere sempre fornitori che mantengono i dati all&#8217;interno dell&#8217;Unione e che utilizzano server email situati nell&#8217;UE.<\/p>\n\n\n\n<p>Questi passi sono fondamentali per la costruzione di una strategia di protezione dei dati robusta e sostenibile.<\/p>\n\n<\/div>","protected":false},"excerpt":{"rendered":"<p>Se possiedi un\u2019azienda europea, rispettare il GDPR \u00e8 imperativo per questioni legali e di reputazione. Per questo dovresti assicurarti che i dati degli utenti non vengano trasferiti al di fuori del territorio europeo. Il Regolamento Generale sulla Protezione dei Dati (GDPR), entrato in vigore il 25 maggio 2018, ha ridefinito il modo in cui le &#8230; <\/p>\n<p class=\"read-more-container\"><a title=\"GDPR: perch\u00e9 evitare i servizi che trasferiscono i dati personali fuori dall\u2019UE\" class=\"read-more button\" href=\"https:\/\/serversmtp.com\/it\/gdpr-perche-evitare-i-servizi-che-trasferiscono-i-dati-personali-fuori-dallue\/#more-20405\" aria-label=\"Per saperne di pi\u00f9 su GDPR: perch\u00e9 evitare i servizi che trasferiscono i dati personali fuori dall\u2019UE\">Discover more<\/a><\/p>\n","protected":false},"author":8,"featured_media":20410,"parent":0,"menu_order":0,"comment_status":"closed","ping_status":"closed","template":"","meta":{"_eb_attr":"","inline_featured_image":false,"_monsterinsights_skip_tracking":false,"_monsterinsights_sitenote_active":false,"_monsterinsights_sitenote_note":"","_monsterinsights_sitenote_category":0,"footnotes":""},"class_list":["post-20405","page","type-page","status-publish","has-post-thumbnail"],"yoast_head":"<!-- This site is optimized with the Yoast SEO plugin v25.3.1 - https:\/\/yoast.com\/wordpress\/plugins\/seo\/ -->\n<title>GDPR: perch\u00e9 evitare il trasferimento dei dati fuori dall\u2019UE<\/title>\n<meta name=\"description\" content=\"Garantire il Rispetto del GDPR. Trasferimento dei Dati Personali Fuori dall&#039;UE. Servizi Terzi e Protezione dei Dati Personali. &gt;&gt; Leggi l&#039;articolo ora!\" \/>\n<meta name=\"robots\" content=\"index, follow, max-snippet:-1, max-image-preview:large, max-video-preview:-1\" \/>\n<link rel=\"canonical\" href=\"https:\/\/serversmtp.com\/it\/gdpr-perche-evitare-i-servizi-che-trasferiscono-i-dati-personali-fuori-dallue\/\" \/>\n<meta name=\"twitter:label1\" content=\"Tempo di lettura stimato\" \/>\n\t<meta name=\"twitter:data1\" content=\"5 minuti\" \/>\n<!-- \/ Yoast SEO plugin. -->","yoast_head_json":{"title":"GDPR: perch\u00e9 evitare il trasferimento dei dati fuori dall\u2019UE","description":"Garantire il Rispetto del GDPR. Trasferimento dei Dati Personali Fuori dall'UE. Servizi Terzi e Protezione dei Dati Personali. >> Leggi l'articolo ora!","robots":{"index":"index","follow":"follow","max-snippet":"max-snippet:-1","max-image-preview":"max-image-preview:large","max-video-preview":"max-video-preview:-1"},"canonical":"https:\/\/serversmtp.com\/it\/gdpr-perche-evitare-i-servizi-che-trasferiscono-i-dati-personali-fuori-dallue\/","twitter_misc":{"Tempo di lettura stimato":"5 minuti"},"schema":{"@context":"https:\/\/schema.org","@graph":[{"@type":"WebPage","@id":"https:\/\/serversmtp.com\/it\/gdpr-perche-evitare-i-servizi-che-trasferiscono-i-dati-personali-fuori-dallue\/","url":"https:\/\/serversmtp.com\/it\/gdpr-perche-evitare-i-servizi-che-trasferiscono-i-dati-personali-fuori-dallue\/","name":"GDPR: perch\u00e9 evitare il trasferimento dei dati fuori dall\u2019UE","isPartOf":{"@id":"https:\/\/serversmtp.com\/#website"},"primaryImageOfPage":{"@id":"https:\/\/serversmtp.com\/it\/gdpr-perche-evitare-i-servizi-che-trasferiscono-i-dati-personali-fuori-dallue\/#primaryimage"},"image":{"@id":"https:\/\/serversmtp.com\/it\/gdpr-perche-evitare-i-servizi-che-trasferiscono-i-dati-personali-fuori-dallue\/#primaryimage"},"thumbnailUrl":"https:\/\/serversmtp.com\/wp-content\/uploads\/2024\/08\/gdpr-perche-evitare-il-trasferimento-dei-dati-fuori-dall-ue.jpg","datePublished":"2024-08-14T07:57:26+00:00","dateModified":"2024-08-14T08:39:24+00:00","description":"Garantire il Rispetto del GDPR. Trasferimento dei Dati Personali Fuori dall'UE. Servizi Terzi e Protezione dei Dati Personali. >> Leggi l'articolo ora!","breadcrumb":{"@id":"https:\/\/serversmtp.com\/it\/gdpr-perche-evitare-i-servizi-che-trasferiscono-i-dati-personali-fuori-dallue\/#breadcrumb"},"inLanguage":"it-IT","potentialAction":[{"@type":"ReadAction","target":["https:\/\/serversmtp.com\/it\/gdpr-perche-evitare-i-servizi-che-trasferiscono-i-dati-personali-fuori-dallue\/"]}]},{"@type":"ImageObject","inLanguage":"it-IT","@id":"https:\/\/serversmtp.com\/it\/gdpr-perche-evitare-i-servizi-che-trasferiscono-i-dati-personali-fuori-dallue\/#primaryimage","url":"https:\/\/serversmtp.com\/wp-content\/uploads\/2024\/08\/gdpr-perche-evitare-il-trasferimento-dei-dati-fuori-dall-ue.jpg","contentUrl":"https:\/\/serversmtp.com\/wp-content\/uploads\/2024\/08\/gdpr-perche-evitare-il-trasferimento-dei-dati-fuori-dall-ue.jpg","width":1000,"height":620,"caption":"GDPR: perch\u00e9 evitare il trasferimento dei dati fuori dall\u2019UE"},{"@type":"BreadcrumbList","@id":"https:\/\/serversmtp.com\/it\/gdpr-perche-evitare-i-servizi-che-trasferiscono-i-dati-personali-fuori-dallue\/#breadcrumb","itemListElement":[{"@type":"ListItem","position":1,"name":"Home","item":"https:\/\/serversmtp.com\/it\/"},{"@type":"ListItem","position":2,"name":"GDPR: perch\u00e9 evitare i servizi che trasferiscono i dati personali fuori dall\u2019UE"}]},{"@type":"WebSite","@id":"https:\/\/serversmtp.com\/#website","url":"https:\/\/serversmtp.com\/","name":"Server Mail SMTP - Provider di servizi SMTP professionali","description":"Server Mail SMTP - Provider di servizi SMTP professionali","publisher":{"@id":"https:\/\/serversmtp.com\/#organization"},"potentialAction":[{"@type":"SearchAction","target":{"@type":"EntryPoint","urlTemplate":"https:\/\/serversmtp.com\/?s={search_term_string}"},"query-input":{"@type":"PropertyValueSpecification","valueRequired":true,"valueName":"search_term_string"}}],"inLanguage":"it-IT"},{"@type":"Organization","@id":"https:\/\/serversmtp.com\/#organization","name":"Delivery Tech","url":"https:\/\/serversmtp.com\/","logo":{"@type":"ImageObject","inLanguage":"it-IT","@id":"https:\/\/serversmtp.com\/#\/schema\/logo\/image\/","url":"https:\/\/serversmtp.com\/wp-content\/uploads\/2021\/11\/og-image-2.jpg","contentUrl":"https:\/\/serversmtp.com\/wp-content\/uploads\/2021\/11\/og-image-2.jpg","width":1200,"height":1128,"caption":"Delivery Tech"},"image":{"@id":"https:\/\/serversmtp.com\/#\/schema\/logo\/image\/"}}]}},"_links":{"self":[{"href":"https:\/\/serversmtp.com\/it\/wp-json\/wp\/v2\/pages\/20405"}],"collection":[{"href":"https:\/\/serversmtp.com\/it\/wp-json\/wp\/v2\/pages"}],"about":[{"href":"https:\/\/serversmtp.com\/it\/wp-json\/wp\/v2\/types\/page"}],"author":[{"embeddable":true,"href":"https:\/\/serversmtp.com\/it\/wp-json\/wp\/v2\/users\/8"}],"replies":[{"embeddable":true,"href":"https:\/\/serversmtp.com\/it\/wp-json\/wp\/v2\/comments?post=20405"}],"version-history":[{"count":5,"href":"https:\/\/serversmtp.com\/it\/wp-json\/wp\/v2\/pages\/20405\/revisions"}],"predecessor-version":[{"id":20424,"href":"https:\/\/serversmtp.com\/it\/wp-json\/wp\/v2\/pages\/20405\/revisions\/20424"}],"wp:featuredmedia":[{"embeddable":true,"href":"https:\/\/serversmtp.com\/it\/wp-json\/wp\/v2\/media\/20410"}],"wp:attachment":[{"href":"https:\/\/serversmtp.com\/it\/wp-json\/wp\/v2\/media?parent=20405"}],"curies":[{"name":"wp","href":"https:\/\/api.w.org\/{rel}","templated":true}]}}