{"id":20318,"date":"2024-08-06T11:16:11","date_gmt":"2024-08-06T09:16:11","guid":{"rendered":"https:\/\/serversmtp.com\/?page_id=20318"},"modified":"2024-08-29T15:21:06","modified_gmt":"2024-08-29T13:21:06","slug":"hosting-smtp-invio-email","status":"publish","type":"page","link":"https:\/\/serversmtp.com\/it\/hosting-smtp-invio-email\/","title":{"rendered":"Hosting SMTP: perch\u00e8 scegliere un servizio professionale per l\u2019invio delle email"},"content":{"rendered":"\n<style>\n.info-label {\n    position: absolute;\n    right: 0;\n    top: 0;\n}\nol.spaced-list li, ul.spaced-list li {\n    margin-bottom: 15px;\n}\n<\/style>\n\n\n\n<figure class=\"gb-block-image gb-block-image-a1a0df97\"><img decoding=\"async\" width=\"1000\" height=\"471\" class=\"gb-image gb-image-a1a0df97\" src=\"https:\/\/serversmtp.com\/wp-content\/uploads\/2024\/08\/smart-hosting-smtp-invio-email.jpg\" alt=\"Hosting SMTP: perch\u00e8 scegliere un servizio professionale per l\u2019invio delle email\" title=\"Hosting SMTP: perch\u00e8 scegliere un servizio professionale per l\u2019invio delle email\" srcset=\"https:\/\/serversmtp.com\/wp-content\/uploads\/2024\/08\/smart-hosting-smtp-invio-email.jpg 1000w, https:\/\/serversmtp.com\/wp-content\/uploads\/2024\/08\/smart-hosting-smtp-invio-email-300x141.jpg 300w, https:\/\/serversmtp.com\/wp-content\/uploads\/2024\/08\/smart-hosting-smtp-invio-email-768x362.jpg 768w\" sizes=\"(max-width: 1000px) 100vw, 1000px\" \/><\/figure>\n\n\n<div class=\"gb-container gb-container-c2369287\">\n\n<p>L\u2019hosting SMTP (Simple Mail Transfer Protocol) \u00e8 un elemento cruciale per chiunque abbia bisogno di inviare grandi volumi di email, garantendo al contempo <strong>alti tassi di consegna e sicurezza<\/strong>.<\/p>\n\n\n\n<p>Qualsiasi computer integra un server SMTP con cui si potrebbero spedire email gratuitamente, esattamente come fanno i servizi di hosting per siti web. Tuttavia, questa soluzione spesso non \u00e8 sufficiente per ottenere risultati ottimali.<\/p>\n\n\n\n<p>La differenza fondamentale tra un semplice hosting SMTP e uno <a href=\"https:\/\/serversmtp.com\/it\/smart-host-smtp-cosa-e\/\" title=\"Smart Hosting SMTP\">Smart Hosting SMTP<\/a> risiede nella gestione della deliverability. Per risultati ottimali \u00e8 <strong>consigliabile affidarsi a un servizio SMTP professionale<\/strong>.<\/p>\n\n\n\n<p>In questo articolo esploreremo cos&#8217;\u00e8 l&#8217;hosting SMTP, i suoi vantaggi e perch\u00e9 scegliere un servizio professionale per l\u2019invio delle email.<\/p>\n\n<\/div>\n\n<div class=\"gb-container gb-container-9aef5af7 table-of-contents\" id=\"table-of-contents\">\n\n<h3 class=\"gb-headline gb-headline-75eb08af gb-headline-text\">INDICE DEI CONTENUTI<\/h3>\n\n\n\n<p class=\"gb-headline gb-headline-9db3fc51\"><span class=\"gb-icon\"><svg aria-hidden=\"true\" role=\"img\" height=\"1em\" width=\"1em\" viewBox=\"0 0 256 512\" xmlns=\"http:\/\/www.w3.org\/2000\/svg\"><path fill=\"currentColor\" d=\"M224.3 273l-136 136c-9.4 9.4-24.6 9.4-33.9 0l-22.6-22.6c-9.4-9.4-9.4-24.6 0-33.9l96.4-96.4-96.4-96.4c-9.4-9.4-9.4-24.6 0-33.9L54.3 103c9.4-9.4 24.6-9.4 33.9 0l136 136c9.5 9.4 9.5 24.6.1 34z\"><\/path><\/svg><\/span><span class=\"gb-headline-text\"><a href=\"#chapter-1\">Cos&#8217;\u00e8 un hosting SMTP?<\/a><\/span><\/p>\n\n\n\n<p class=\"gb-headline gb-headline-0fab45e0\"><span class=\"gb-icon\"><svg aria-hidden=\"true\" role=\"img\" height=\"1em\" width=\"1em\" viewBox=\"0 0 256 512\" xmlns=\"http:\/\/www.w3.org\/2000\/svg\"><path fill=\"currentColor\" d=\"M224.3 273l-136 136c-9.4 9.4-24.6 9.4-33.9 0l-22.6-22.6c-9.4-9.4-9.4-24.6 0-33.9l96.4-96.4-96.4-96.4c-9.4-9.4-9.4-24.6 0-33.9L54.3 103c9.4-9.4 24.6-9.4 33.9 0l136 136c9.5 9.4 9.5 24.6.1 34z\"><\/path><\/svg><\/span><span class=\"gb-headline-text\"><a href=\"#chapter-2\">Perch\u00e9 non basta un normale hosting SMTP?<\/a><\/span><\/p>\n\n\n\n<p class=\"gb-headline gb-headline-0ca62ab0\"><span class=\"gb-icon\"><svg aria-hidden=\"true\" role=\"img\" height=\"1em\" width=\"1em\" viewBox=\"0 0 256 512\" xmlns=\"http:\/\/www.w3.org\/2000\/svg\"><path fill=\"currentColor\" d=\"M224.3 273l-136 136c-9.4 9.4-24.6 9.4-33.9 0l-22.6-22.6c-9.4-9.4-9.4-24.6 0-33.9l96.4-96.4-96.4-96.4c-9.4-9.4-9.4-24.6 0-33.9L54.3 103c9.4-9.4 24.6-9.4 33.9 0l136 136c9.5 9.4 9.5 24.6.1 34z\"><\/path><\/svg><\/span><span class=\"gb-headline-text\"><a href=\"#chapter-3\">8 vantaggi che solo un server SMTP professionale pu\u00f2 offrirti<\/a><\/span><\/p>\n\n\n\n<p class=\"gb-headline gb-headline-e03658af\"><span class=\"gb-icon\"><svg aria-hidden=\"true\" role=\"img\" height=\"1em\" width=\"1em\" viewBox=\"0 0 256 512\" xmlns=\"http:\/\/www.w3.org\/2000\/svg\"><path fill=\"currentColor\" d=\"M224.3 273l-136 136c-9.4 9.4-24.6 9.4-33.9 0l-22.6-22.6c-9.4-9.4-9.4-24.6 0-33.9l96.4-96.4-96.4-96.4c-9.4-9.4-9.4-24.6 0-33.9L54.3 103c9.4-9.4 24.6-9.4 33.9 0l136 136c9.5 9.4 9.5 24.6.1 34z\"><\/path><\/svg><\/span><span class=\"gb-headline-text\"><a href=\"#chapter-4\">Conclusioni Finali<\/a><\/span><\/p>\n\n\n\n<p class=\"gb-headline gb-headline-9463abab\"><span class=\"gb-icon\"><svg aria-hidden=\"true\" role=\"img\" height=\"1em\" width=\"1em\" viewBox=\"0 0 256 512\" xmlns=\"http:\/\/www.w3.org\/2000\/svg\"><path fill=\"currentColor\" d=\"M224.3 273l-136 136c-9.4 9.4-24.6 9.4-33.9 0l-22.6-22.6c-9.4-9.4-9.4-24.6 0-33.9l96.4-96.4-96.4-96.4c-9.4-9.4-9.4-24.6 0-33.9L54.3 103c9.4-9.4 24.6-9.4 33.9 0l136 136c9.5 9.4 9.5 24.6.1 34z\"><\/path><\/svg><\/span><span class=\"gb-headline-text\"><a href=\"#chapter-5\">FAQ sull&#8217;hosting SMTP<\/a><\/span><\/p>\n\n<\/div>\n\n<div class=\"gb-container gb-container-1fd1eed5\" id=\"chapter-1\">\n\n<h2 class=\"gb-headline gb-headline-b95f2857 gb-headline-text\">Cos&#8217;\u00e8 un hosting SMTP (e perch\u00e9 \u00e8 fondamentale se invii email).<\/h2>\n\n\n\n<p>Un SMTP hosting \u00e8 un servizio che fornisce un server di posta dedicato ottimizzato per <strong>garantire che le email siano consegnate correttamente ai destinatari<\/strong>, senza finire nelle cartelle di spam.<\/p>\n\n\n\n<p>A differenza dei server email generici (come Gmail o Mail), un host SMTP dedicato, \u00e8 specificamente progettato per gestire l&#8217;invio di email in massa, rendendolo uno strumento ideale soprattutto per le aziende che inviano newsletter, email promozionali e <a href=\"https:\/\/serversmtp.com\/it\/email-transazionali-cosa-sono\/\" title=\"Cosa sono le email transazionali\">email transazionali<\/a>.<\/p>\n\n\n\n<p>Ma non \u00e8 l\u2019unica differenza con gli SMTP gratuiti dei vari client di posta elettronica.<\/p>\n\n\n\n<p>Oltre a ridurre il rischio che le email non arrivino a destinazione, un hosting SMTP professionale offre varie funzionalit\u00e0 aggiuntive, come la gestione delle liste, la possibilit\u00e0 di tracciare i tuoi risultati e strumenti per gestire eventuali errori di consegna.&nbsp;In questo modo, \u00e8 possibile <strong>mantenere una comunicazione efficace con i propri clienti<\/strong>, migliorando la reputazione e l&#8217;affidabilit\u00e0 delle tue email.<\/p>\n\n<\/div>\n\n<div class=\"gb-container gb-container-732b508e\">\n\n<div class=\"wp-block-buttons is-content-justification-right is-layout-flex wp-container-core-buttons-is-layout-1 wp-block-buttons-is-layout-flex\">\n<div class=\"wp-block-button toplink\"><a class=\"wp-block-button__link has-contrast-2-color has-base-background-color has-text-color has-background wp-element-button\" href=\"#top\" style=\"border-radius:0px\">[ torna su ]<\/a><\/div>\n<\/div>\n\n<\/div>\n\n<div class=\"gb-container gb-container-8aec5c95\" id=\"chapter-2\">\n\n<h2 class=\"gb-headline gb-headline-a6414c23 gb-headline-text\">Perch\u00e9 non basta un normale hosting SMTP?<\/h2>\n\n\n\n<p>Utilizzare un hosting email tradizionale per l&#8217;invio di grandi volumi di email presenta diversi svantaggi. Un normale servizio SMTP incluso nei servizi di hosting web \u00e8 spesso limitato in termini di capacit\u00e0 e sicurezza.&nbsp;<\/p>\n\n\n\n<p>Ma eccoti qualche motivo per cui un normale hosting SMTP pu\u00f2 rappresentare un limite per la tua comunicazione:<\/p>\n\n\n\n<ul class=\"wp-block-list spaced-list\">\n<li><strong>Limitazioni di volume:<\/strong> un hosting SMTP standard non \u00e8 in grado di gestire grandi volumi di email. E se invii campagne di email marketing o comunicazioni aziendali su larga scala, questo pu\u00f2 rappresentare un problema.<br><\/li>\n\n\n\n<li><strong>Mancanza di sicurezza avanzata<\/strong><strong>:<\/strong> un server SMTP tradizionale non offre le stesse garanzie di sicurezza e crittografia di un server SMTP dedicato.<br><\/li>\n\n\n\n<li><strong>IP condivisi:<\/strong> gli hosting web dei server di posta gratuiti si servono di indirizzi IP condivisi. Questo significa che il comportamento degli utenti che condividono il tuo indirizzo potrebbe influire negativamente sulla tua reputazione di mittente, aumentando il rischio di finire nello spam.<br><\/li>\n\n\n\n<li><strong>Assistenza limitata e non specializzata:<\/strong> un hosting SMTP standard ti offrir\u00e0 un supporto generico, e quindi non in grado di affrontare problematiche tecniche complesse.<\/li>\n<\/ul>\n\n<\/div>\n\n<div class=\"gb-container gb-container-7186c2d7\">\n\n<div class=\"wp-block-buttons is-content-justification-right is-layout-flex wp-container-core-buttons-is-layout-2 wp-block-buttons-is-layout-flex\">\n<div class=\"wp-block-button toplink\"><a class=\"wp-block-button__link has-contrast-2-color has-base-background-color has-text-color has-background wp-element-button\" href=\"#top\" style=\"border-radius:0px\">[ torna su ]<\/a><\/div>\n<\/div>\n\n<\/div>\n\n<div class=\"gb-container gb-container-8184a5ef\" id=\"chapter-3\">\n\n<h2 class=\"gb-headline gb-headline-a62b99f8 gb-headline-text\">8 vantaggi che solo un server SMTP professionale pu\u00f2 offrirti<\/h2>\n\n\n\n<p>Utilizzare uno Smarthost SMTP professionale come <a title=\"Server SMTP Professionale\" href=\"https:\/\/serversmtp.com\/it\/\">turboSMTP<\/a> offre numerosi vantaggi rispetto ad un classico hosting SMTP.<\/p>\n\n\n\n<p>Quali?<\/p>\n\n\n\n<p>Vediamoli insieme.<\/p>\n\n\n\n<ol class=\"wp-block-list spaced-list\">\n<li><strong>Deliverability elevata<\/strong><strong>:<\/strong> turboSMTP assicura che le tue email raggiungano le caselle di posta dei destinatari grazie a filtri anti-spam avanzati e alla conformit\u00e0 con le migliori pratiche di invio email.<br><\/li>\n\n\n\n<li><strong>Autenticazione avanzata:<\/strong> un SMTP professionale ti offre supporto per i parametri SPF, DKIM e DMARC, in modo da prevenire lo spoofing e migliorare la tua reputazione mittente.<br><\/li>\n\n\n\n<li><strong>Sicurezza di alto livello:<\/strong> grazie a protocolli di crittografia come quello TLS, turboSMTP garantisce la protezione delle tue email durante la trasmissione, prevenendo accessi non autorizzati e violazioni dei dati.<br><\/li>\n\n\n\n<li><strong>Scalabilit\u00e0 e flessibilit\u00e0:<\/strong> che tu possieda una piccola impresa o una grande azienda, turboSMTP pu\u00f2 gestire le esigenze legate al volume dei tuoi invii.<br>Inoltre, sappiamo che la quantit\u00e0 di email che invii cambier\u00e0 col crescere della tua attivit\u00e0, ed \u00e8 per questo che assicuriamo un funzionamento efficiente e senza interruzioni al variare delle necessit\u00e0.<br><\/li>\n\n\n\n<li><strong>IP dedicati:<\/strong> mantieni la tua reputazione mittente sempre positiva ed evita di essere segnalato come spam grazie all&#8217;utilizzo di IP dedicati e di servizi avanzati come lo Smart Routing.<br><\/li>\n\n\n\n<li><strong>Analisi completa:<\/strong> ottieni preziose informazioni sulle tue campagne email con strumenti di reportistica avanzati, che ti permettono di monitorare tassi di consegna, aperture e click, ottimizzando cos\u00ec le tue performance.<br><\/li>\n\n\n\n<li><strong>Supporto 24\/7 in italiano<\/strong><strong>:<\/strong> turboSMTP offre un servizio di supporto tecnico in qualsiasi momento, in modo da risolvere rapidamente qualsiasi problema nel momento in cui lo incontri, garantendoti un invio email senza interruzioni.<br><\/li>\n\n\n\n<li><strong>Integrazione facile:<\/strong> turboSMTP si integra facilmente con vari client email e piattaforme di marketing, fornendo un&#8217;esperienza fluida nella gestione delle tue comunicazioni email.<\/li>\n<\/ol>\n\n<\/div>\n\n<div class=\"gb-container gb-container-5138fd9f\">\n\n<div class=\"wp-block-buttons is-content-justification-right is-layout-flex wp-container-core-buttons-is-layout-3 wp-block-buttons-is-layout-flex\">\n<div class=\"wp-block-button toplink\"><a class=\"wp-block-button__link has-contrast-2-color has-base-background-color has-text-color has-background wp-element-button\" href=\"#top\" style=\"border-radius:0px\">[ torna su ]<\/a><\/div>\n<\/div>\n\n<\/div>\n\n<div class=\"gb-container gb-container-475fa2ce\" id=\"chapter-4\">\n\n<h2 class=\"gb-headline gb-headline-6f29eac1 gb-headline-text\">Una considerazione finale: perch\u00e9 un hosting SMTP \u00e8 un servizio a cui non rinunciare.<\/h2>\n\n\n\n<p>Scegliere un servizio di Smarthost SMTP professionale come turboSMTP \u00e8 fondamentale per garantire che le email raggiungano i destinatari in modo sicuro ed efficiente.<\/p>\n\n\n\n<p>Non affidarti a server email standard inclusi nei pacchetti di hosting web: investi in un servizio dedicato per ottimizzare le tue comunicazioni email.<\/p>\n\n\n\n<h3 class=\"gb-headline gb-headline-c62d206f gb-headline-text\">Vuoi migliorare la deliverability<br>delle tue email?<\/h3>\n\n\n\n<a class=\"gb-button gb-button-e42a2b01 gb-button-text\" href=\"https:\/\/serversmtp.com\/it\/signup\">PROVA ORA TURBOSMTP<\/a>\n\n\n\n<p class=\"has-text-align-center\">e inizia a consegnare le tue email in modo affidabile e sicuro \ud83d\ude80<\/p>\n\n<\/div>\n\n<div class=\"gb-container gb-container-70150817\">\n\n<div class=\"wp-block-buttons is-content-justification-right is-layout-flex wp-container-core-buttons-is-layout-4 wp-block-buttons-is-layout-flex\">\n<div class=\"wp-block-button toplink\"><a class=\"wp-block-button__link has-contrast-2-color has-base-background-color has-text-color has-background wp-element-button\" href=\"#top\" style=\"border-radius:0px\">[ torna su ]<\/a><\/div>\n<\/div>\n\n<\/div>\n\n<div class=\"gb-container gb-container-0c3afd1a\" id=\"chapter-5\">\n\n<h2 class=\"gb-headline gb-headline-ee3794c1 gb-headline-text\">FAQ sull&#8217;Hosting SMTP.<\/h2>\n\n\n<div class=\"saswp-faq-block-section\"><ul><li style=\"list-style-type: number\"><h4 class=\"\">Che cos&#8217;\u00e8 un server SMTP dedicato?<\/h4><p class=\"saswp-faq-answer-text\">Un server SMTP dedicato \u00e8 un server utilizzato esclusivamente per l&#8217;invio di email. Offre maggiore controllo, sicurezza e affidabilit\u00e0 rispetto a un server SMTP condiviso.<\/p><li style=\"list-style-type: number\"><h4 class=\"\">Perch\u00e9 dovrei utilizzare un servizio SMTP professionale?<\/h4><p class=\"saswp-faq-answer-text\">Un servizio SMTP professionale come turboSMTP garantisce alti tassi di consegna, sicurezza avanzata e supporto continuo, elementi essenziali per l&#8217;efficacia delle comunicazioni email.<\/p><li style=\"list-style-type: number\"><h4 class=\"\">Cosa significa deliverability nel contesto dell&#8217;email marketing?<\/h4><p class=\"saswp-faq-answer-text\">La deliverability si riferisce alla capacit\u00e0 delle email di raggiungere la casella di posta del destinatario senza essere bloccate o segnalate come spam. \u00c8 un indicatore chiave della qualit\u00e0 di un servizio SMTP.<\/p><li style=\"list-style-type: number\"><h4 class=\"\">Cos&#8217;\u00e8 un SMTP smarthost?<\/h4><p class=\"saswp-faq-answer-text\">Un SMTP smarthost \u00e8 un server SMTP che funge da intermediario per il routing delle email, migliorando la consegna e riducendo il rischio di essere bloccati.<\/p><li style=\"list-style-type: number\"><h4 class=\"\">Come posso migliorare la deliverability delle mie email?<\/h4><p class=\"saswp-faq-answer-text\">Utilizzare un server SMTP dedicato, configurare correttamente SPF, DKIM e DMARC, mantenere una lista di destinatari pulita e monitorare regolarmente i report di consegna sono tutti metodi efficaci per migliorare la deliverability.<\/p><\/ul><\/div>\n<\/div>","protected":false},"excerpt":{"rendered":"<p>L\u2019hosting SMTP (Simple Mail Transfer Protocol) \u00e8 un elemento cruciale per chiunque abbia bisogno di inviare grandi volumi di email, garantendo al contempo alti tassi di consegna e sicurezza. Qualsiasi computer integra un server SMTP con cui si potrebbero spedire email gratuitamente, esattamente come fanno i servizi di hosting per siti web. Tuttavia, questa soluzione &#8230; <\/p>\n<p class=\"read-more-container\"><a title=\"Hosting SMTP: perch\u00e8 scegliere un servizio professionale per l\u2019invio delle email\" class=\"read-more button\" href=\"https:\/\/serversmtp.com\/it\/hosting-smtp-invio-email\/#more-20318\" aria-label=\"Per saperne di pi\u00f9 su Hosting SMTP: perch\u00e8 scegliere un servizio professionale per l\u2019invio delle email\">Discover more<\/a><\/p>\n","protected":false},"author":8,"featured_media":20319,"parent":0,"menu_order":0,"comment_status":"closed","ping_status":"closed","template":"","meta":{"_eb_attr":"","inline_featured_image":false,"_monsterinsights_skip_tracking":false,"_monsterinsights_sitenote_active":false,"_monsterinsights_sitenote_note":"","_monsterinsights_sitenote_category":0,"footnotes":""},"class_list":["post-20318","page","type-page","status-publish","has-post-thumbnail"],"yoast_head":"<!-- This site is optimized with the Yoast SEO plugin v25.3.1 - https:\/\/yoast.com\/wordpress\/plugins\/seo\/ -->\n<title>Hosting SMTP: come migliorare la deliverability delle email<\/title>\n<meta name=\"description\" content=\"Cos&#039;\u00e8 un hosting SMTP e quali sono i suoi limiti. Perch\u00e8 affidarsi ad servizio SMTP professionale per l&#039;invio delle email. Guida e consigli.\" \/>\n<meta name=\"robots\" content=\"index, follow, max-snippet:-1, max-image-preview:large, max-video-preview:-1\" \/>\n<link rel=\"canonical\" href=\"https:\/\/serversmtp.com\/it\/hosting-smtp-invio-email\/\" \/>\n<meta name=\"twitter:label1\" content=\"Tempo di lettura stimato\" \/>\n\t<meta name=\"twitter:data1\" content=\"5 minuti\" \/>\n<!-- \/ Yoast SEO plugin. -->","yoast_head_json":{"title":"Hosting SMTP: come migliorare la deliverability delle email","description":"Cos'\u00e8 un hosting SMTP e quali sono i suoi limiti. Perch\u00e8 affidarsi ad servizio SMTP professionale per l'invio delle email. Guida e consigli.","robots":{"index":"index","follow":"follow","max-snippet":"max-snippet:-1","max-image-preview":"max-image-preview:large","max-video-preview":"max-video-preview:-1"},"canonical":"https:\/\/serversmtp.com\/it\/hosting-smtp-invio-email\/","twitter_misc":{"Tempo di lettura stimato":"5 minuti"},"schema":{"@context":"https:\/\/schema.org","@graph":[{"@type":"WebPage","@id":"https:\/\/serversmtp.com\/it\/hosting-smtp-invio-email\/","url":"https:\/\/serversmtp.com\/it\/hosting-smtp-invio-email\/","name":"Hosting SMTP: come migliorare la deliverability delle email","isPartOf":{"@id":"https:\/\/serversmtp.com\/#website"},"primaryImageOfPage":{"@id":"https:\/\/serversmtp.com\/it\/hosting-smtp-invio-email\/#primaryimage"},"image":{"@id":"https:\/\/serversmtp.com\/it\/hosting-smtp-invio-email\/#primaryimage"},"thumbnailUrl":"https:\/\/serversmtp.com\/wp-content\/uploads\/2024\/08\/smart-hosting-smtp-invio-email.jpg","datePublished":"2024-08-06T09:16:11+00:00","dateModified":"2024-08-29T13:21:06+00:00","description":"Cos'\u00e8 un hosting SMTP e quali sono i suoi limiti. Perch\u00e8 affidarsi ad servizio SMTP professionale per l'invio delle email. Guida e consigli.","breadcrumb":{"@id":"https:\/\/serversmtp.com\/it\/hosting-smtp-invio-email\/#breadcrumb"},"inLanguage":"it-IT","potentialAction":[{"@type":"ReadAction","target":["https:\/\/serversmtp.com\/it\/hosting-smtp-invio-email\/"]}]},{"@type":"ImageObject","inLanguage":"it-IT","@id":"https:\/\/serversmtp.com\/it\/hosting-smtp-invio-email\/#primaryimage","url":"https:\/\/serversmtp.com\/wp-content\/uploads\/2024\/08\/smart-hosting-smtp-invio-email.jpg","contentUrl":"https:\/\/serversmtp.com\/wp-content\/uploads\/2024\/08\/smart-hosting-smtp-invio-email.jpg","width":1000,"height":471,"caption":"Hosting SMTP: perch\u00e8 scegliere un servizio professionale per l\u2019invio delle email"},{"@type":"BreadcrumbList","@id":"https:\/\/serversmtp.com\/it\/hosting-smtp-invio-email\/#breadcrumb","itemListElement":[{"@type":"ListItem","position":1,"name":"Home","item":"https:\/\/serversmtp.com\/it\/"},{"@type":"ListItem","position":2,"name":"Hosting SMTP: perch\u00e8 scegliere un servizio professionale per l\u2019invio delle email"}]},{"@type":"WebSite","@id":"https:\/\/serversmtp.com\/#website","url":"https:\/\/serversmtp.com\/","name":"Server Mail SMTP - Provider di servizi SMTP professionali","description":"Server Mail SMTP - Provider di servizi SMTP professionali","publisher":{"@id":"https:\/\/serversmtp.com\/#organization"},"potentialAction":[{"@type":"SearchAction","target":{"@type":"EntryPoint","urlTemplate":"https:\/\/serversmtp.com\/?s={search_term_string}"},"query-input":{"@type":"PropertyValueSpecification","valueRequired":true,"valueName":"search_term_string"}}],"inLanguage":"it-IT"},{"@type":"Organization","@id":"https:\/\/serversmtp.com\/#organization","name":"Delivery Tech","url":"https:\/\/serversmtp.com\/","logo":{"@type":"ImageObject","inLanguage":"it-IT","@id":"https:\/\/serversmtp.com\/#\/schema\/logo\/image\/","url":"https:\/\/serversmtp.com\/wp-content\/uploads\/2021\/11\/og-image-2.jpg","contentUrl":"https:\/\/serversmtp.com\/wp-content\/uploads\/2021\/11\/og-image-2.jpg","width":1200,"height":1128,"caption":"Delivery Tech"},"image":{"@id":"https:\/\/serversmtp.com\/#\/schema\/logo\/image\/"}}]}},"_links":{"self":[{"href":"https:\/\/serversmtp.com\/it\/wp-json\/wp\/v2\/pages\/20318"}],"collection":[{"href":"https:\/\/serversmtp.com\/it\/wp-json\/wp\/v2\/pages"}],"about":[{"href":"https:\/\/serversmtp.com\/it\/wp-json\/wp\/v2\/types\/page"}],"author":[{"embeddable":true,"href":"https:\/\/serversmtp.com\/it\/wp-json\/wp\/v2\/users\/8"}],"replies":[{"embeddable":true,"href":"https:\/\/serversmtp.com\/it\/wp-json\/wp\/v2\/comments?post=20318"}],"version-history":[{"count":7,"href":"https:\/\/serversmtp.com\/it\/wp-json\/wp\/v2\/pages\/20318\/revisions"}],"predecessor-version":[{"id":20532,"href":"https:\/\/serversmtp.com\/it\/wp-json\/wp\/v2\/pages\/20318\/revisions\/20532"}],"wp:featuredmedia":[{"embeddable":true,"href":"https:\/\/serversmtp.com\/it\/wp-json\/wp\/v2\/media\/20319"}],"wp:attachment":[{"href":"https:\/\/serversmtp.com\/it\/wp-json\/wp\/v2\/media?parent=20318"}],"curies":[{"name":"wp","href":"https:\/\/api.w.org\/{rel}","templated":true}]}}