{"id":1975,"date":"2018-04-06T16:40:25","date_gmt":"2018-04-06T14:40:25","guid":{"rendered":"https:\/\/dev.serversmtp.com\/?page_id=1975"},"modified":"2021-02-01T14:39:45","modified_gmt":"2021-02-01T13:39:45","slug":"configurazione-server-smtp","status":"publish","type":"page","link":"https:\/\/serversmtp.com\/it\/configurazione-server-smtp\/","title":{"rendered":"Configurazione server SMTP\ufeff"},"content":{"rendered":"<p>Tutto quello che c&#8217;\u00e8 da sapere sulle impostazioni del <strong>server SMTP<\/strong>: che cos&#8217;\u00e8 \u00e8 il <strong>protocollo SMTP<\/strong>, come utilizzare e configurare un <strong>server di posta in uscita<\/strong> per il vostro client, come funziona la consegna della posta elettronica, come impostare un <strong>server POP<\/strong> in entrata, come interpretare (e risolvere) i <strong>messaggi di errore<\/strong> pi\u00f9 comuni dell&#8217;SMTP, e altro ancora &#8230;<\/p>\n<ul class=\"lp-2018 clearfix\">\n<li><a title=\"Impostazione SMTP\" href=\"\/it\/impostazione-smtp\"><span class=\"lp-2018-title\">Impostazione SMTP<\/span> <img decoding=\"async\" title=\"Impostazione SMTP\" src=\"https:\/\/serversmtp.com\/wp-content\/uploads\/2018\/04\/email-setup.png\" alt=\"Impostazione SMTP\" width=\"48\" height=\"48\" \/> <span class=\"lp-2018-description\">Come configurare il vostro server SMTP e risolvere i problemi pi\u00f9 comuni (con un elenco di tutti i codici di errore).<\/span><\/a><\/li>\n<li><a title=\"Invio email e ricezione\" href=\"\/it\/invio-ricezione-email\"><span class=\"lp-2018-title\">Invio email e ricezione<\/span> <img decoding=\"async\" title=\"Invio email e ricezione\" src=\"https:\/\/serversmtp.com\/wp-content\/uploads\/2018\/04\/email-sending-technology.png\" alt=\"Invio email e ricezione\" width=\"48\" height=\"48\" \/> <span class=\"lp-2018-description\">Inviare, tracciare e ricevere un&#8217;email: come funziona il tragitto della posta elettronica.<\/span><\/a><\/li>\n<li><a title=\"SMTP per client di posta\" href=\"\/it\/smtp-client-posta\"><span class=\"lp-2018-title\">SMTP per client di posta<\/span> <img decoding=\"async\" title=\"SMTP per client di posta\" src=\"https:\/\/serversmtp.com\/wp-content\/uploads\/2018\/04\/smtp-for-mail-clients.png\" alt=\"SMTP per client di posta\" width=\"48\" height=\"48\" \/> <span class=\"lp-2018-description\">Come configurare le impostazioni del server SMTP sul proprio mail client (Thunderbird, Outlook&#8230;).<\/span><\/a><\/li>\n<li><a title=\"SMTP per mobile\" href=\"\/it\/smtp-per-mobile\"><span class=\"lp-2018-title\">SMTP per mobile<\/span> <img decoding=\"async\" title=\"SMTP per mobile\" src=\"https:\/\/serversmtp.com\/wp-content\/uploads\/2018\/04\/mobile-smtp.png\" alt=\"SMTP per mobile\" width=\"48\" height=\"48\" \/> <span class=\"lp-2018-description\">Se inviate le vostre email da un dispositivo mobile, ecco come impostare correttamente i parametri SMTP.<\/span><\/a><\/li>\n<li><a title=\"Parametri SMTP gratuiti\" href=\"\/it\/smtp-gratuiti-parametri\"><span class=\"lp-2018-title\">Parametri SMTP gratuiti<\/span> <img decoding=\"async\" title=\"Parametri SMTP gratuiti\" src=\"https:\/\/serversmtp.com\/wp-content\/uploads\/2018\/04\/free-smtp-configuration.png\" alt=\"Parametri SMTP gratuiti\" width=\"48\" height=\"48\" \/> <span class=\"lp-2018-description\">Tutti i dati di impostazione dei pi\u00f9 diffusi server SMTP gratuiti: Gmail, Hotmail, Tim, Alice, Libero, Fastweb&#8230;<\/span><\/a><\/li>\n<li><a title=\"Il server SMTP\" href=\"\/it\/server-smtp-informazioni\"><span class=\"lp-2018-title\">Il server SMTP<\/span> <img decoding=\"async\" title=\"Il server SMTP\" src=\"https:\/\/serversmtp.com\/wp-content\/uploads\/2018\/04\/about-smtp.png\" alt=\"Il server SMTP\" width=\"48\" height=\"48\" \/> <span class=\"lp-2018-description\">Cos&#8217;\u00e8 l&#8217;SMTP, cos&#8217;\u00e8 un server in uscita, e come verificare la validit\u00e0 dell&#8217;IP da cui si spediscono le email.<\/span><\/a><\/li>\n<\/ul>\n","protected":false},"excerpt":{"rendered":"<p>Tutto quello che c&#8217;\u00e8 da sapere sulle impostazioni del server SMTP: che cos&#8217;\u00e8 \u00e8 il protocollo SMTP, come utilizzare e configurare un server di posta in uscita per il vostro client, come funziona la consegna della posta elettronica, come impostare un server POP in entrata, come interpretare (e risolvere) i messaggi di errore pi\u00f9 comuni &#8230; <\/p>\n<p class=\"read-more-container\"><a title=\"Configurazione server SMTP\ufeff\" class=\"read-more button\" href=\"https:\/\/serversmtp.com\/it\/configurazione-server-smtp\/#more-1975\" aria-label=\"Per saperne di pi\u00f9 su Configurazione server SMTP\ufeff\">Discover more<\/a><\/p>\n","protected":false},"author":1,"featured_media":0,"parent":0,"menu_order":0,"comment_status":"closed","ping_status":"closed","template":"","meta":{"_eb_attr":"","inline_featured_image":false,"_monsterinsights_skip_tracking":false,"_monsterinsights_sitenote_active":false,"_monsterinsights_sitenote_note":"","_monsterinsights_sitenote_category":0,"footnotes":""},"class_list":["post-1975","page","type-page","status-publish"],"yoast_head":"<!-- This site is optimized with the Yoast SEO plugin v25.3.1 - https:\/\/yoast.com\/wordpress\/plugins\/seo\/ -->\n<title>Configurazione server SMTP: tutto quello che c&#039;\u00e8 da sapere<\/title>\n<meta name=\"description\" content=\"La guida completa su come utilizzare e configurare un server di posta SMTP. Scopri parametri, impostazioni e come risolvere gli errori frequenti.\" \/>\n<meta name=\"robots\" content=\"index, follow, max-snippet:-1, max-image-preview:large, max-video-preview:-1\" \/>\n<link rel=\"canonical\" href=\"https:\/\/serversmtp.com\/it\/configurazione-server-smtp\/\" \/>\n<meta name=\"twitter:label1\" content=\"Tempo di lettura stimato\" \/>\n\t<meta name=\"twitter:data1\" content=\"1 minuto\" \/>\n<!-- \/ Yoast SEO plugin. -->","yoast_head_json":{"title":"Configurazione server SMTP: tutto quello che c'\u00e8 da sapere","description":"La guida completa su come utilizzare e configurare un server di posta SMTP. Scopri parametri, impostazioni e come risolvere gli errori frequenti.","robots":{"index":"index","follow":"follow","max-snippet":"max-snippet:-1","max-image-preview":"max-image-preview:large","max-video-preview":"max-video-preview:-1"},"canonical":"https:\/\/serversmtp.com\/it\/configurazione-server-smtp\/","twitter_misc":{"Tempo di lettura stimato":"1 minuto"},"schema":{"@context":"https:\/\/schema.org","@graph":[{"@type":"WebPage","@id":"https:\/\/serversmtp.com\/it\/configurazione-server-smtp\/","url":"https:\/\/serversmtp.com\/it\/configurazione-server-smtp\/","name":"Configurazione server SMTP: tutto quello che c'\u00e8 da sapere","isPartOf":{"@id":"https:\/\/serversmtp.com\/#website"},"primaryImageOfPage":{"@id":"https:\/\/serversmtp.com\/it\/configurazione-server-smtp\/#primaryimage"},"image":{"@id":"https:\/\/serversmtp.com\/it\/configurazione-server-smtp\/#primaryimage"},"thumbnailUrl":"https:\/\/serversmtp.com\/wp-content\/uploads\/2018\/04\/email-setup.png","datePublished":"2018-04-06T14:40:25+00:00","dateModified":"2021-02-01T13:39:45+00:00","description":"La guida completa su come utilizzare e configurare un server di posta SMTP. Scopri parametri, impostazioni e come risolvere gli errori frequenti.","breadcrumb":{"@id":"https:\/\/serversmtp.com\/it\/configurazione-server-smtp\/#breadcrumb"},"inLanguage":"it-IT","potentialAction":[{"@type":"ReadAction","target":["https:\/\/serversmtp.com\/it\/configurazione-server-smtp\/"]}]},{"@type":"ImageObject","inLanguage":"it-IT","@id":"https:\/\/serversmtp.com\/it\/configurazione-server-smtp\/#primaryimage","url":"https:\/\/serversmtp.com\/wp-content\/uploads\/2018\/04\/email-setup.png","contentUrl":"https:\/\/serversmtp.com\/wp-content\/uploads\/2018\/04\/email-setup.png"},{"@type":"BreadcrumbList","@id":"https:\/\/serversmtp.com\/it\/configurazione-server-smtp\/#breadcrumb","itemListElement":[{"@type":"ListItem","position":1,"name":"Home","item":"https:\/\/serversmtp.com\/it\/"},{"@type":"ListItem","position":2,"name":"Configurazione server SMTP\ufeff"}]},{"@type":"WebSite","@id":"https:\/\/serversmtp.com\/#website","url":"https:\/\/serversmtp.com\/","name":"Server Mail SMTP - Provider di servizi SMTP professionali","description":"Server Mail SMTP - Provider di servizi SMTP professionali","publisher":{"@id":"https:\/\/serversmtp.com\/#organization"},"potentialAction":[{"@type":"SearchAction","target":{"@type":"EntryPoint","urlTemplate":"https:\/\/serversmtp.com\/?s={search_term_string}"},"query-input":{"@type":"PropertyValueSpecification","valueRequired":true,"valueName":"search_term_string"}}],"inLanguage":"it-IT"},{"@type":"Organization","@id":"https:\/\/serversmtp.com\/#organization","name":"Delivery Tech","url":"https:\/\/serversmtp.com\/","logo":{"@type":"ImageObject","inLanguage":"it-IT","@id":"https:\/\/serversmtp.com\/#\/schema\/logo\/image\/","url":"https:\/\/serversmtp.com\/wp-content\/uploads\/2021\/11\/og-image-2.jpg","contentUrl":"https:\/\/serversmtp.com\/wp-content\/uploads\/2021\/11\/og-image-2.jpg","width":1200,"height":1128,"caption":"Delivery Tech"},"image":{"@id":"https:\/\/serversmtp.com\/#\/schema\/logo\/image\/"}}]}},"_links":{"self":[{"href":"https:\/\/serversmtp.com\/it\/wp-json\/wp\/v2\/pages\/1975"}],"collection":[{"href":"https:\/\/serversmtp.com\/it\/wp-json\/wp\/v2\/pages"}],"about":[{"href":"https:\/\/serversmtp.com\/it\/wp-json\/wp\/v2\/types\/page"}],"author":[{"embeddable":true,"href":"https:\/\/serversmtp.com\/it\/wp-json\/wp\/v2\/users\/1"}],"replies":[{"embeddable":true,"href":"https:\/\/serversmtp.com\/it\/wp-json\/wp\/v2\/comments?post=1975"}],"version-history":[{"count":16,"href":"https:\/\/serversmtp.com\/it\/wp-json\/wp\/v2\/pages\/1975\/revisions"}],"predecessor-version":[{"id":2654,"href":"https:\/\/serversmtp.com\/it\/wp-json\/wp\/v2\/pages\/1975\/revisions\/2654"}],"wp:attachment":[{"href":"https:\/\/serversmtp.com\/it\/wp-json\/wp\/v2\/media?parent=1975"}],"curies":[{"name":"wp","href":"https:\/\/api.w.org\/{rel}","templated":true}]}}