{"id":19296,"date":"2024-01-22T09:49:29","date_gmt":"2024-01-22T08:49:29","guid":{"rendered":"https:\/\/serversmtp.com\/?page_id=19296"},"modified":"2024-07-11T09:47:01","modified_gmt":"2024-07-11T07:47:01","slug":"come-implementare-dmarc-per-aumentare-la-sicurezza-delle-tue-email","status":"publish","type":"page","link":"https:\/\/serversmtp.com\/it\/come-implementare-dmarc-per-aumentare-la-sicurezza-delle-tue-email\/","title":{"rendered":"Come Implementare DMARC per aumentare la Sicurezza delle Tue Email"},"content":{"rendered":"\n<style>\nul.spaced-list li, ol.spaced-list li {\n   margin-bottom: 15px;\n}\n<\/style>\n\n\n<div class=\"gb-container gb-container-cc510334\">\n\n<figure class=\"gb-block-image gb-block-image-056f22fa\"><img decoding=\"async\" width=\"1280\" height=\"720\" class=\"gb-image gb-image-056f22fa\" src=\"https:\/\/serversmtp.com\/wp-content\/uploads\/2024\/01\/come-implementare-dmarc-per-aumentare-la-sicurezza-delle-tue-email.png\" alt=\"Come Implementare DMARC per aumentare la Sicurezza delle Tue Email\" title=\"Come Implementare DMARC per aumentare la Sicurezza delle Tue Email\" srcset=\"https:\/\/serversmtp.com\/wp-content\/uploads\/2024\/01\/come-implementare-dmarc-per-aumentare-la-sicurezza-delle-tue-email.png 1280w, https:\/\/serversmtp.com\/wp-content\/uploads\/2024\/01\/come-implementare-dmarc-per-aumentare-la-sicurezza-delle-tue-email-300x169.png 300w, https:\/\/serversmtp.com\/wp-content\/uploads\/2024\/01\/come-implementare-dmarc-per-aumentare-la-sicurezza-delle-tue-email-1024x576.png 1024w, https:\/\/serversmtp.com\/wp-content\/uploads\/2024\/01\/come-implementare-dmarc-per-aumentare-la-sicurezza-delle-tue-email-768x432.png 768w\" sizes=\"(max-width: 1280px) 100vw, 1280px\" \/><\/figure>\n\n\n\n<p>Un aspetto cruciale per la sicurezza delle tue email \u00e8 l&#8217;implementazione di DMARC (Domain-based Message Authentication, Reporting, and Conformance) sul domino.&nbsp;<\/p>\n\n\n\n<p>DMARC \u00e8 uno standard che lavora a fianco di <a href=\"https:\/\/serversmtp.com\/it\/migliora-la-sicurezza-delle-email-con-spf-una-guida-rapida\/\" title=\"Migliora la Sicurezza delle Email con SPF: Una Guida Rapida\">SPF<\/a> e <a href=\"https:\/\/serversmtp.com\/it\/garantire-la-consegna-e-la-sicurezza-delle-tue-email-con-dkim\/\" title=\"Garantire la consegna e la sicurezza  delle tue Email con DKIM\">DKIM<\/a> per proteggere la tua reputazione online e garantire che le email inviate a nome del tuo dominio siano autentiche e sicure.<\/p>\n\n\n\n<p>Perch\u00e9 \u00e8 Importante Migliorare la Sicurezza delle Email?<\/p>\n\n\n\n<p>Le email sono un veicolo primario di comunicazione e la loro sicurezza \u00e8 essenziale per proteggere la tua reputazione e instaurare fiducia con i destinatari.<\/p>\n\n<\/div>\n\n<div class=\"gb-container gb-container-85c02218\">\n\n<h2 class=\"gb-headline gb-headline-ecadb585 gb-headline-text\"><strong>Cos&#8217;\u00e8 DMARC e Perch\u00e9 \u00e8 Importante?<\/strong><\/h2>\n\n\n\n<p>DMARC va oltre SPF e DKIM, fornendo un livello aggiuntivo di sicurezza. Consente di stabilire politiche pi\u00f9 rigorose per l&#8217;invio di email a nome del tuo dominio, riducendo il rischio di phishing e spoofing.<\/p>\n\n<\/div>\n\n<div class=\"gb-container gb-container-e6d8368a\">\n\n<h2 class=\"gb-headline gb-headline-9e2580ec gb-headline-text\"><strong>Come Implementare DMARC:<\/strong><\/h2>\n\n\n\n<ul class=\"spaced-list wp-block-list\">\n<li><strong>Accedi alle Impostazioni DNS del Tuo Dominio:<\/strong><br>Assicurati di avere accesso alle impostazioni DNS del tuo dominio e quindi configura il tuo record DMARC.<\/li>\n\n\n\n<li><strong>Creazione del Record DMARC:<\/strong><br>Aggiungi un record DMARC al tuo DNS. Un esempio di record DMARC potrebbe essere:<\/li>\n<\/ul>\n\n\n<div class=\"gb-container gb-container-89de53bc\">\n\n<div class=\"wp-block-kevinbatdorf-code-block-pro\" data-code-block-pro-font-family=\"Code-Pro-JetBrains-Mono\" style=\"font-size:.875rem;font-family:Code-Pro-JetBrains-Mono,ui-monospace,SFMono-Regular,Menlo,Monaco,Consolas,monospace;line-height:1.25rem;--cbp-tab-width:2;tab-size:var(--cbp-tab-width, 2)\"><span role=\"button\" tabindex=\"0\" data-code=\"v=DMARC1; p=quarantine; rua=mailto:indirizzo@email.com; ruf=mailto:indirizzo@email.com; sp=none\" style=\"color:#f6f6f4;display:none\" aria-label=\"Copy\" class=\"code-block-pro-copy-button\"><svg xmlns=\"http:\/\/www.w3.org\/2000\/svg\" style=\"width:24px;height:24px\" fill=\"none\" viewBox=\"0 0 24 24\" stroke=\"currentColor\" stroke-width=\"2\"><path class=\"with-check\" stroke-linecap=\"round\" stroke-linejoin=\"round\" d=\"M9 5H7a2 2 0 00-2 2v12a2 2 0 002 2h10a2 2 0 002-2V7a2 2 0 00-2-2h-2M9 5a2 2 0 002 2h2a2 2 0 002-2M9 5a2 2 0 012-2h2a2 2 0 012 2m-6 9l2 2 4-4\"><\/path><path class=\"without-check\" stroke-linecap=\"round\" stroke-linejoin=\"round\" d=\"M9 5H7a2 2 0 00-2 2v12a2 2 0 002 2h10a2 2 0 002-2V7a2 2 0 00-2-2h-2M9 5a2 2 0 002 2h2a2 2 0 002-2M9 5a2 2 0 012-2h2a2 2 0 012 2\"><\/path><\/svg><\/span><pre class=\"shiki dracula-soft\" style=\"background-color: #282A36\" tabindex=\"0\"><code><span class=\"line\"><span style=\"color: #F6F6F4\">v<\/span><span style=\"color: #F286C4\">=<\/span><span style=\"color: #F6F6F4\">DMARC1; p<\/span><span style=\"color: #F286C4\">=<\/span><span style=\"color: #F6F6F4\">quarantine; rua<\/span><span style=\"color: #F286C4\">=<\/span><span style=\"color: #F6F6F4\">mailto:indirizzo@email.com; ruf<\/span><span style=\"color: #F286C4\">=<\/span><span style=\"color: #F6F6F4\">mailto:indirizzo@email.com; sp<\/span><span style=\"color: #F286C4\">=<\/span><span style=\"color: #F6F6F4\">none<\/span><\/span><\/code><\/pre><\/div>\n\n<\/div>\n\n<div class=\"gb-container gb-container-8763fceb\">\n\n<p>Questo esempio indica di mettere in quarantena gli eventuali messaggi non autenticati, inviare report di aggregazione agli indirizzi specificati e non inviare report di fallimento al mittente.<\/p>\n\n<\/div>\n\n\n<ul class=\"spaced-list wp-block-list\">\n<li><strong>Graduale implementazione:<\/strong><br>Iniziate con una politica pi\u00f9 permissiva come p=none, che non influisce sulla consegna delle email, ma invia report per valutare l&#8217;impatto. Successivamente, passate a politiche pi\u00f9 restrittive come <em>p=quarantine<\/em> o <em>p=reject<\/em>.<\/li>\n\n\n\n<li><strong>Verifica e Monitoraggio:<\/strong><br>Dopo l&#8217;implementazione, verifica la corretta configurazione per identificare eventuali problemi e apportare correzioni.<\/li>\n<\/ul>\n\n\n<div class=\"gb-container gb-container-54387e0f\">\n\n<a class=\"gb-button gb-button-dc21e8f1 gb-button-text\" href=\"https:\/\/serversmtp.com\/it\/strumento-controllo-validazione-dominio-email\/\" target=\"_blank\" rel=\"noopener noreferrer\">Verifica se il tuo dominio \u00e8 autenticato<\/a>\n\n<\/div>\n\n\n<ul class=\"spaced-list wp-block-list\">\n<li><strong>Testa l&#8217;Implementazione:<\/strong><br>Inviate email di prova e verificate che siano consegnate correttamente in conformit\u00e0 con le regole DMARC impostate.<\/li>\n<\/ul>\n\n\n\n<p>Se ti serve aiuto il team <a href=\"https:\/\/serversmtp.com\/it\/\">TurboSMTP<\/a> \u00e8 pronto ad assisterti!<\/p>\n\n<\/div>\n\n<div class=\"gb-container gb-container-6cd0d14b\">\n<div class=\"gb-grid-wrapper gb-grid-wrapper-0bb3846f\">\n<div class=\"gb-grid-column gb-grid-column-dc467293\"><div class=\"gb-container gb-container-dc467293\">\n\n<figure class=\"gb-block-image gb-block-image-27229403\"><img decoding=\"async\" width=\"400\" height=\"400\" class=\"gb-image gb-image-27229403\" src=\"https:\/\/serversmtp.com\/wp-content\/uploads\/2024\/07\/luca-marras.jpg\" alt=\"Luca Marras\" title=\"Luca Marras\" srcset=\"https:\/\/serversmtp.com\/wp-content\/uploads\/2024\/07\/luca-marras.jpg 400w, https:\/\/serversmtp.com\/wp-content\/uploads\/2024\/07\/luca-marras-300x300.jpg 300w, https:\/\/serversmtp.com\/wp-content\/uploads\/2024\/07\/luca-marras-150x150.jpg 150w\" sizes=\"(max-width: 400px) 100vw, 400px\" \/><\/figure>\n\n<\/div><\/div>\n\n<div class=\"gb-grid-column gb-grid-column-83054d42\"><div class=\"gb-container gb-container-83054d42\">\n\n<h4 class=\"gb-headline gb-headline-6dad38f8 gb-headline-text\"><a href=\"https:\/\/serversmtp.com\/it\/luca-marras-esperto-di-email-marketing-e-deliverability\/\" title=\"Luca Marras: esperto di email marketing e deliverability\">Luca Marras<\/a><\/h4>\n\n\n\n<p>Scritto da Luca Marras: co-fondatore di TurboSMTP, esperto di email marketing e email deliverability.<\/p>\n\n<\/div><\/div>\n<\/div>\n<\/div>","protected":false},"excerpt":{"rendered":"<p>Un aspetto cruciale per la sicurezza delle tue email \u00e8 l&#8217;implementazione di DMARC (Domain-based Message Authentication, Reporting, and Conformance) sul domino.&nbsp; DMARC \u00e8 uno standard che lavora a fianco di SPF e DKIM per proteggere la tua reputazione online e garantire che le email inviate a nome del tuo dominio siano autentiche e sicure. Perch\u00e9 &#8230; <\/p>\n<p class=\"read-more-container\"><a title=\"Come Implementare DMARC per aumentare la Sicurezza delle Tue Email\" class=\"read-more button\" href=\"https:\/\/serversmtp.com\/it\/come-implementare-dmarc-per-aumentare-la-sicurezza-delle-tue-email\/#more-19296\" aria-label=\"Per saperne di pi\u00f9 su Come Implementare DMARC per aumentare la Sicurezza delle Tue Email\">Discover more<\/a><\/p>\n","protected":false},"author":18,"featured_media":0,"parent":0,"menu_order":0,"comment_status":"closed","ping_status":"closed","template":"","meta":{"_eb_attr":"","inline_featured_image":false,"_monsterinsights_skip_tracking":false,"_monsterinsights_sitenote_active":false,"_monsterinsights_sitenote_note":"","_monsterinsights_sitenote_category":0,"footnotes":""},"class_list":["post-19296","page","type-page","status-publish"],"yoast_head":"<!-- This site is optimized with the Yoast SEO plugin v25.3.1 - https:\/\/yoast.com\/wordpress\/plugins\/seo\/ -->\n<title>Guida all&#039;Implementazione di DMARC per la Sicurezza Email<\/title>\n<meta name=\"description\" content=\"Ottimizza la sicurezza delle email inviate con DMARC: guida passo-passo per l&#039;implementazione e monitoraggio. Leggila ora &gt;&gt;\" \/>\n<meta name=\"robots\" content=\"index, follow, max-snippet:-1, max-image-preview:large, max-video-preview:-1\" \/>\n<link rel=\"canonical\" href=\"https:\/\/serversmtp.com\/it\/come-implementare-dmarc-per-aumentare-la-sicurezza-delle-tue-email\/\" \/>\n<meta name=\"twitter:label1\" content=\"Tempo di lettura stimato\" \/>\n\t<meta name=\"twitter:data1\" content=\"2 minuti\" \/>\n<!-- \/ Yoast SEO plugin. -->","yoast_head_json":{"title":"Guida all'Implementazione di DMARC per la Sicurezza Email","description":"Ottimizza la sicurezza delle email inviate con DMARC: guida passo-passo per l'implementazione e monitoraggio. Leggila ora >>","robots":{"index":"index","follow":"follow","max-snippet":"max-snippet:-1","max-image-preview":"max-image-preview:large","max-video-preview":"max-video-preview:-1"},"canonical":"https:\/\/serversmtp.com\/it\/come-implementare-dmarc-per-aumentare-la-sicurezza-delle-tue-email\/","twitter_misc":{"Tempo di lettura stimato":"2 minuti"},"schema":{"@context":"https:\/\/schema.org","@graph":[{"@type":"WebPage","@id":"https:\/\/serversmtp.com\/it\/come-implementare-dmarc-per-aumentare-la-sicurezza-delle-tue-email\/","url":"https:\/\/serversmtp.com\/it\/come-implementare-dmarc-per-aumentare-la-sicurezza-delle-tue-email\/","name":"Guida all'Implementazione di DMARC per la Sicurezza Email","isPartOf":{"@id":"https:\/\/serversmtp.com\/de\/#website"},"primaryImageOfPage":{"@id":"https:\/\/serversmtp.com\/it\/come-implementare-dmarc-per-aumentare-la-sicurezza-delle-tue-email\/#primaryimage"},"image":{"@id":"https:\/\/serversmtp.com\/it\/come-implementare-dmarc-per-aumentare-la-sicurezza-delle-tue-email\/#primaryimage"},"thumbnailUrl":"https:\/\/serversmtp.com\/wp-content\/uploads\/2024\/01\/come-implementare-dmarc-per-aumentare-la-sicurezza-delle-tue-email.png","datePublished":"2024-01-22T08:49:29+00:00","dateModified":"2024-07-11T07:47:01+00:00","description":"Ottimizza la sicurezza delle email inviate con DMARC: guida passo-passo per l'implementazione e monitoraggio. Leggila ora >>","breadcrumb":{"@id":"https:\/\/serversmtp.com\/it\/come-implementare-dmarc-per-aumentare-la-sicurezza-delle-tue-email\/#breadcrumb"},"inLanguage":"it-IT","potentialAction":[{"@type":"ReadAction","target":["https:\/\/serversmtp.com\/it\/come-implementare-dmarc-per-aumentare-la-sicurezza-delle-tue-email\/"]}]},{"@type":"ImageObject","inLanguage":"it-IT","@id":"https:\/\/serversmtp.com\/it\/come-implementare-dmarc-per-aumentare-la-sicurezza-delle-tue-email\/#primaryimage","url":"https:\/\/serversmtp.com\/wp-content\/uploads\/2024\/01\/come-implementare-dmarc-per-aumentare-la-sicurezza-delle-tue-email.png","contentUrl":"https:\/\/serversmtp.com\/wp-content\/uploads\/2024\/01\/come-implementare-dmarc-per-aumentare-la-sicurezza-delle-tue-email.png"},{"@type":"BreadcrumbList","@id":"https:\/\/serversmtp.com\/it\/come-implementare-dmarc-per-aumentare-la-sicurezza-delle-tue-email\/#breadcrumb","itemListElement":[{"@type":"ListItem","position":1,"name":"Home","item":"https:\/\/serversmtp.com\/it\/"},{"@type":"ListItem","position":2,"name":"Come Implementare DMARC per aumentare la Sicurezza delle Tue Email"}]},{"@type":"WebSite","@id":"https:\/\/serversmtp.com\/de\/#website","url":"https:\/\/serversmtp.com\/de\/","name":"Server Mail SMTP - Provider di servizi SMTP professionali","description":"Server Mail SMTP - Provider di servizi SMTP professionali","publisher":{"@id":"https:\/\/serversmtp.com\/de\/#organization"},"potentialAction":[{"@type":"SearchAction","target":{"@type":"EntryPoint","urlTemplate":"https:\/\/serversmtp.com\/de\/?s={search_term_string}"},"query-input":{"@type":"PropertyValueSpecification","valueRequired":true,"valueName":"search_term_string"}}],"inLanguage":"it-IT"},{"@type":"Organization","@id":"https:\/\/serversmtp.com\/de\/#organization","name":"Delivery Tech","url":"https:\/\/serversmtp.com\/de\/","logo":{"@type":"ImageObject","inLanguage":"it-IT","@id":"https:\/\/serversmtp.com\/de\/#\/schema\/logo\/image\/","url":"https:\/\/serversmtp.com\/wp-content\/uploads\/2021\/11\/og-image-2.jpg","contentUrl":"https:\/\/serversmtp.com\/wp-content\/uploads\/2021\/11\/og-image-2.jpg","width":1200,"height":1128,"caption":"Delivery Tech"},"image":{"@id":"https:\/\/serversmtp.com\/de\/#\/schema\/logo\/image\/"}}]}},"_links":{"self":[{"href":"https:\/\/serversmtp.com\/it\/wp-json\/wp\/v2\/pages\/19296"}],"collection":[{"href":"https:\/\/serversmtp.com\/it\/wp-json\/wp\/v2\/pages"}],"about":[{"href":"https:\/\/serversmtp.com\/it\/wp-json\/wp\/v2\/types\/page"}],"author":[{"embeddable":true,"href":"https:\/\/serversmtp.com\/it\/wp-json\/wp\/v2\/users\/18"}],"replies":[{"embeddable":true,"href":"https:\/\/serversmtp.com\/it\/wp-json\/wp\/v2\/comments?post=19296"}],"version-history":[{"count":10,"href":"https:\/\/serversmtp.com\/it\/wp-json\/wp\/v2\/pages\/19296\/revisions"}],"predecessor-version":[{"id":20193,"href":"https:\/\/serversmtp.com\/it\/wp-json\/wp\/v2\/pages\/19296\/revisions\/20193"}],"wp:attachment":[{"href":"https:\/\/serversmtp.com\/it\/wp-json\/wp\/v2\/media?parent=19296"}],"curies":[{"name":"wp","href":"https:\/\/api.w.org\/{rel}","templated":true}]}}