{"id":19226,"date":"2023-12-27T21:48:23","date_gmt":"2023-12-27T20:48:23","guid":{"rendered":"https:\/\/serversmtp.com\/?page_id=19226"},"modified":"2024-07-11T09:47:54","modified_gmt":"2024-07-11T07:47:54","slug":"garantire-la-consegna-e-la-sicurezza-delle-tue-email-con-dkim","status":"publish","type":"page","link":"https:\/\/serversmtp.com\/it\/garantire-la-consegna-e-la-sicurezza-delle-tue-email-con-dkim\/","title":{"rendered":"Garantire la consegna e la sicurezza\u00a0 delle tue Email con DKIM"},"content":{"rendered":"\n<style>\nul.spaced-list li, ol.spaced-list li {\n   margin-bottom: 15px;\n}\n<\/style>\n\n\n<div class=\"gb-container gb-container-cc510334\">\n\n<figure class=\"gb-block-image gb-block-image-056f22fa\"><img decoding=\"async\" width=\"1280\" height=\"720\" class=\"gb-image gb-image-056f22fa\" src=\"https:\/\/serversmtp.com\/wp-content\/uploads\/2023\/12\/garantire-consegna-sicurezza-email-con-dkim.png\" alt=\"Garantire la consegna e la sicurezza\u00a0 delle tue Email con DKIM\" title=\"Garantire la consegna e la sicurezza\u00a0 delle tue Email con DKIM\" srcset=\"https:\/\/serversmtp.com\/wp-content\/uploads\/2023\/12\/garantire-consegna-sicurezza-email-con-dkim.png 1280w, https:\/\/serversmtp.com\/wp-content\/uploads\/2023\/12\/garantire-consegna-sicurezza-email-con-dkim-300x169.png 300w, https:\/\/serversmtp.com\/wp-content\/uploads\/2023\/12\/garantire-consegna-sicurezza-email-con-dkim-1024x576.png 1024w, https:\/\/serversmtp.com\/wp-content\/uploads\/2023\/12\/garantire-consegna-sicurezza-email-con-dkim-768x432.png 768w\" sizes=\"(max-width: 1280px) 100vw, 1280px\" \/><\/figure>\n\n\n\n<p>Le email svolgono un ruolo cruciale nella nostra comunicazione quotidiana, e garantire la loro sicurezza \u00e8 essenziale per proteggere la tua reputazione online e instaurare fiducia con i destinatari.<\/p>\n\n<\/div>\n\n<div class=\"gb-container gb-container-85c02218\">\n\n<h2 class=\"gb-headline gb-headline-ecadb585 gb-headline-text\"><strong>Cos&#8217;\u00e8 DKIM e perch\u00e9 \u00e8 Importante?<\/strong><\/h2>\n\n\n\n<p>DKIM (<em>DomainKeys Identified Mail<\/em>) in sinergia con <a href=\"https:\/\/serversmtp.com\/it\/migliora-la-sicurezza-delle-email-con-spf-una-guida-rapida\/\" title=\"Migliora la Sicurezza delle Email con SPF: Una Guida Rapida\">SPF<\/a> e <a href=\"https:\/\/serversmtp.com\/it\/come-implementare-dmarc-per-aumentare-la-sicurezza-delle-tue-email\/\" title=\"Come Implementare DMARC per aumentare la Sicurezza delle Tue Email\">DMARC<\/a> garantisce che le email inviate siano autentiche e sicure.<\/p>\n\n\n\n<p>DKIM aggiunge un livello di autenticazione alle tue email, consentendo ai destinatari di verificare che il messaggio provenga effettivamente da una fonte autentica e non sia stato alterato durante la trasmissione.<\/p>\n\n<\/div>\n\n<div class=\"gb-container gb-container-e6d8368a\">\n\n<h2 class=\"gb-headline gb-headline-9e2580ec gb-headline-text\"><strong>Guida Pratica<\/strong><\/h2>\n\n\n\n<p>L\u2019autenticazione del dominio \u00e8 fondamentale per tutte le tipologie di email:<\/p>\n\n\n\n<ul class=\"spaced-list wp-block-list\">\n<li><strong>Accedi alle Impostazioni DNS del Tuo Dominio:<\/strong><br>Assicurati di avere accesso alle impostazioni DNS del tuo dominio. Queste informazioni sono generalmente disponibili attraverso il tuo provider di hosting o il servizio di registrazione del dominio.<\/li>\n\n\n\n<li><strong>Generazione delle Chiavi DKIM:<\/strong><br>Genera una coppia di chiavi: una chiave privata da conservare in modo sicuro sul tuo server di posta, e una chiave pubblica che verr\u00e0 inserita nel record DKIM del DNS.<\/li>\n\n\n\n<li><strong>Creazione del Record DKIM:<\/strong><br>Aggiungi un record DKIM al tuo DNS, contenente la chiave pubblica generata. Un esempio di record DKIM potrebbe essere:<\/li>\n<\/ul>\n\n\n<div class=\"gb-container gb-container-89de53bc\">\n\n<div class=\"wp-block-kevinbatdorf-code-block-pro\" data-code-block-pro-font-family=\"Code-Pro-JetBrains-Mono\" style=\"font-size:.875rem;font-family:Code-Pro-JetBrains-Mono,ui-monospace,SFMono-Regular,Menlo,Monaco,Consolas,monospace;line-height:1.25rem;--cbp-tab-width:2;tab-size:var(--cbp-tab-width, 2)\"><span role=\"button\" tabindex=\"0\" data-code=\"v=DKIM1; k=rsa; p=MIGfMA0GCSqGSIb3DQEBAQUAA4GNADCBiQKBgQDdEXAMPLE\" style=\"color:#f6f6f4;display:none\" aria-label=\"Copy\" class=\"code-block-pro-copy-button\"><svg xmlns=\"http:\/\/www.w3.org\/2000\/svg\" style=\"width:24px;height:24px\" fill=\"none\" viewBox=\"0 0 24 24\" stroke=\"currentColor\" stroke-width=\"2\"><path class=\"with-check\" stroke-linecap=\"round\" stroke-linejoin=\"round\" d=\"M9 5H7a2 2 0 00-2 2v12a2 2 0 002 2h10a2 2 0 002-2V7a2 2 0 00-2-2h-2M9 5a2 2 0 002 2h2a2 2 0 002-2M9 5a2 2 0 012-2h2a2 2 0 012 2m-6 9l2 2 4-4\"><\/path><path class=\"without-check\" stroke-linecap=\"round\" stroke-linejoin=\"round\" d=\"M9 5H7a2 2 0 00-2 2v12a2 2 0 002 2h10a2 2 0 002-2V7a2 2 0 00-2-2h-2M9 5a2 2 0 002 2h2a2 2 0 002-2M9 5a2 2 0 012-2h2a2 2 0 012 2\"><\/path><\/svg><\/span><pre class=\"shiki dracula-soft\" style=\"background-color: #282A36\" tabindex=\"0\"><code><span class=\"line\"><span style=\"color: #F6F6F4\">v<\/span><span style=\"color: #F286C4\">=<\/span><span style=\"color: #F6F6F4\">DKIM1; k<\/span><span style=\"color: #F286C4\">=<\/span><span style=\"color: #F6F6F4\">rsa; p<\/span><span style=\"color: #F286C4\">=<\/span><span style=\"color: #F6F6F4\">MIGfMA0GCSqGSIb3DQEBAQUAA4GNADCBiQKBgQDdEXAMPLE<\/span><\/span><\/code><\/pre><\/div>\n\n<\/div>\n\n\n<ul class=\"spaced-list wp-block-list\">\n<li><strong>Configurazione del Server di Posta:<\/strong><br>Configura il tuo server di posta per firmare le email utilizzando la chiave privata generata.<\/li>\n\n\n\n<li><strong>Verifica e Monitoraggio:<\/strong><br>Dopo l&#8217;implementazione, verifica la corretta configurazione utilizzando gli <a href=\"https:\/\/serversmtp.com\/it\/strumento-controllo-validazione-dominio-email\/\">strumenti di controllo validazione che trovi online come questo offerto da TurboSMTP<\/a> e controllalo regolarmente&nbsp; per identificare eventuali problemi e apportare correzioni.<\/li>\n\n\n\n<li><strong>Testa l&#8217;Implementazione:<\/strong><br>Invia email di prova e verifica che siano consegnate correttamente con la firma DKIM.<\/li>\n<\/ul>\n\n\n\n<p>Se ti serve aiuto il team <a href=\"https:\/\/serversmtp.com\/it\/\">TurboSMTP<\/a> \u00e8 pronto ad assisterti!<\/p>\n\n<\/div>\n\n<div class=\"gb-container gb-container-6cd0d14b\">\n<div class=\"gb-grid-wrapper gb-grid-wrapper-0bb3846f\">\n<div class=\"gb-grid-column gb-grid-column-dc467293\"><div class=\"gb-container gb-container-dc467293\">\n\n<figure class=\"gb-block-image gb-block-image-27229403\"><img decoding=\"async\" width=\"400\" height=\"400\" class=\"gb-image gb-image-27229403\" src=\"https:\/\/serversmtp.com\/wp-content\/uploads\/2024\/07\/luca-marras.jpg\" alt=\"Luca Marras\" title=\"Luca Marras\" srcset=\"https:\/\/serversmtp.com\/wp-content\/uploads\/2024\/07\/luca-marras.jpg 400w, https:\/\/serversmtp.com\/wp-content\/uploads\/2024\/07\/luca-marras-300x300.jpg 300w, https:\/\/serversmtp.com\/wp-content\/uploads\/2024\/07\/luca-marras-150x150.jpg 150w\" sizes=\"(max-width: 400px) 100vw, 400px\" \/><\/figure>\n\n<\/div><\/div>\n\n<div class=\"gb-grid-column gb-grid-column-83054d42\"><div class=\"gb-container gb-container-83054d42\">\n\n<h4 class=\"gb-headline gb-headline-6dad38f8 gb-headline-text\"><a href=\"https:\/\/serversmtp.com\/it\/luca-marras-esperto-di-email-marketing-e-deliverability\/\" title=\"Luca Marras: esperto di email marketing e deliverability\">Luca Marras<\/a><\/h4>\n\n\n\n<p>Scritto da Luca Marras: co-fondatore di TurboSMTP, esperto di email marketing e email deliverability.<\/p>\n\n<\/div><\/div>\n<\/div>\n<\/div>","protected":false},"excerpt":{"rendered":"<p>Le email svolgono un ruolo cruciale nella nostra comunicazione quotidiana, e garantire la loro sicurezza \u00e8 essenziale per proteggere la tua reputazione online e instaurare fiducia con i destinatari. Cos&#8217;\u00e8 DKIM e perch\u00e9 \u00e8 Importante? DKIM (DomainKeys Identified Mail) in sinergia con SPF e DMARC garantisce che le email inviate siano autentiche e sicure. DKIM &#8230; <\/p>\n<p class=\"read-more-container\"><a title=\"Garantire la consegna e la sicurezza\u00a0 delle tue Email con DKIM\" class=\"read-more button\" href=\"https:\/\/serversmtp.com\/it\/garantire-la-consegna-e-la-sicurezza-delle-tue-email-con-dkim\/#more-19226\" aria-label=\"Per saperne di pi\u00f9 su Garantire la consegna e la sicurezza\u00a0 delle tue Email con DKIM\">Discover more<\/a><\/p>\n","protected":false},"author":18,"featured_media":0,"parent":0,"menu_order":0,"comment_status":"closed","ping_status":"closed","template":"","meta":{"_eb_attr":"","inline_featured_image":false,"_monsterinsights_skip_tracking":false,"_monsterinsights_sitenote_active":false,"_monsterinsights_sitenote_note":"","_monsterinsights_sitenote_category":0,"footnotes":""},"class_list":["post-19226","page","type-page","status-publish"],"yoast_head":"<!-- This site is optimized with the Yoast SEO plugin v25.3.1 - https:\/\/yoast.com\/wordpress\/plugins\/seo\/ -->\n<title>Garantire la consegna e la sicurezza delle tue Email con DKIM<\/title>\n<meta name=\"description\" content=\"Scopri come garantire sicurezza e autenticit\u00e0 delle tue email con DKIM: una guida pratica per configurare DNS e server di posta.\" \/>\n<meta name=\"robots\" content=\"index, follow, max-snippet:-1, max-image-preview:large, max-video-preview:-1\" \/>\n<link rel=\"canonical\" href=\"https:\/\/serversmtp.com\/it\/garantire-la-consegna-e-la-sicurezza-delle-tue-email-con-dkim\/\" \/>\n<meta name=\"twitter:label1\" content=\"Tempo di lettura stimato\" \/>\n\t<meta name=\"twitter:data1\" content=\"2 minuti\" \/>\n<!-- \/ Yoast SEO plugin. -->","yoast_head_json":{"title":"Garantire la consegna e la sicurezza delle tue Email con DKIM","description":"Scopri come garantire sicurezza e autenticit\u00e0 delle tue email con DKIM: una guida pratica per configurare DNS e server di posta.","robots":{"index":"index","follow":"follow","max-snippet":"max-snippet:-1","max-image-preview":"max-image-preview:large","max-video-preview":"max-video-preview:-1"},"canonical":"https:\/\/serversmtp.com\/it\/garantire-la-consegna-e-la-sicurezza-delle-tue-email-con-dkim\/","twitter_misc":{"Tempo di lettura stimato":"2 minuti"},"schema":{"@context":"https:\/\/schema.org","@graph":[{"@type":"WebPage","@id":"https:\/\/serversmtp.com\/it\/garantire-la-consegna-e-la-sicurezza-delle-tue-email-con-dkim\/","url":"https:\/\/serversmtp.com\/it\/garantire-la-consegna-e-la-sicurezza-delle-tue-email-con-dkim\/","name":"Garantire la consegna e la sicurezza delle tue Email con DKIM","isPartOf":{"@id":"https:\/\/serversmtp.com\/de\/#website"},"primaryImageOfPage":{"@id":"https:\/\/serversmtp.com\/it\/garantire-la-consegna-e-la-sicurezza-delle-tue-email-con-dkim\/#primaryimage"},"image":{"@id":"https:\/\/serversmtp.com\/it\/garantire-la-consegna-e-la-sicurezza-delle-tue-email-con-dkim\/#primaryimage"},"thumbnailUrl":"https:\/\/serversmtp.com\/wp-content\/uploads\/2023\/12\/garantire-consegna-sicurezza-email-con-dkim.png","datePublished":"2023-12-27T20:48:23+00:00","dateModified":"2024-07-11T07:47:54+00:00","description":"Scopri come garantire sicurezza e autenticit\u00e0 delle tue email con DKIM: una guida pratica per configurare DNS e server di posta.","breadcrumb":{"@id":"https:\/\/serversmtp.com\/it\/garantire-la-consegna-e-la-sicurezza-delle-tue-email-con-dkim\/#breadcrumb"},"inLanguage":"it-IT","potentialAction":[{"@type":"ReadAction","target":["https:\/\/serversmtp.com\/it\/garantire-la-consegna-e-la-sicurezza-delle-tue-email-con-dkim\/"]}]},{"@type":"ImageObject","inLanguage":"it-IT","@id":"https:\/\/serversmtp.com\/it\/garantire-la-consegna-e-la-sicurezza-delle-tue-email-con-dkim\/#primaryimage","url":"https:\/\/serversmtp.com\/wp-content\/uploads\/2023\/12\/garantire-consegna-sicurezza-email-con-dkim.png","contentUrl":"https:\/\/serversmtp.com\/wp-content\/uploads\/2023\/12\/garantire-consegna-sicurezza-email-con-dkim.png"},{"@type":"BreadcrumbList","@id":"https:\/\/serversmtp.com\/it\/garantire-la-consegna-e-la-sicurezza-delle-tue-email-con-dkim\/#breadcrumb","itemListElement":[{"@type":"ListItem","position":1,"name":"Home","item":"https:\/\/serversmtp.com\/it\/"},{"@type":"ListItem","position":2,"name":"Garantire la consegna e la sicurezza\u00a0 delle tue Email con DKIM"}]},{"@type":"WebSite","@id":"https:\/\/serversmtp.com\/de\/#website","url":"https:\/\/serversmtp.com\/de\/","name":"Server Mail SMTP - Provider di servizi SMTP professionali","description":"Server Mail SMTP - Provider di servizi SMTP professionali","publisher":{"@id":"https:\/\/serversmtp.com\/de\/#organization"},"potentialAction":[{"@type":"SearchAction","target":{"@type":"EntryPoint","urlTemplate":"https:\/\/serversmtp.com\/de\/?s={search_term_string}"},"query-input":{"@type":"PropertyValueSpecification","valueRequired":true,"valueName":"search_term_string"}}],"inLanguage":"it-IT"},{"@type":"Organization","@id":"https:\/\/serversmtp.com\/de\/#organization","name":"Delivery Tech","url":"https:\/\/serversmtp.com\/de\/","logo":{"@type":"ImageObject","inLanguage":"it-IT","@id":"https:\/\/serversmtp.com\/de\/#\/schema\/logo\/image\/","url":"https:\/\/serversmtp.com\/wp-content\/uploads\/2021\/11\/og-image-2.jpg","contentUrl":"https:\/\/serversmtp.com\/wp-content\/uploads\/2021\/11\/og-image-2.jpg","width":1200,"height":1128,"caption":"Delivery Tech"},"image":{"@id":"https:\/\/serversmtp.com\/de\/#\/schema\/logo\/image\/"}}]}},"_links":{"self":[{"href":"https:\/\/serversmtp.com\/it\/wp-json\/wp\/v2\/pages\/19226"}],"collection":[{"href":"https:\/\/serversmtp.com\/it\/wp-json\/wp\/v2\/pages"}],"about":[{"href":"https:\/\/serversmtp.com\/it\/wp-json\/wp\/v2\/types\/page"}],"author":[{"embeddable":true,"href":"https:\/\/serversmtp.com\/it\/wp-json\/wp\/v2\/users\/18"}],"replies":[{"embeddable":true,"href":"https:\/\/serversmtp.com\/it\/wp-json\/wp\/v2\/comments?post=19226"}],"version-history":[{"count":3,"href":"https:\/\/serversmtp.com\/it\/wp-json\/wp\/v2\/pages\/19226\/revisions"}],"predecessor-version":[{"id":20194,"href":"https:\/\/serversmtp.com\/it\/wp-json\/wp\/v2\/pages\/19226\/revisions\/20194"}],"wp:attachment":[{"href":"https:\/\/serversmtp.com\/it\/wp-json\/wp\/v2\/media?parent=19226"}],"curies":[{"name":"wp","href":"https:\/\/api.w.org\/{rel}","templated":true}]}}