{"id":18727,"date":"2023-12-01T16:39:30","date_gmt":"2023-12-01T15:39:30","guid":{"rendered":"https:\/\/serversmtp.com\/?page_id=18727"},"modified":"2024-07-11T09:34:55","modified_gmt":"2024-07-11T07:34:55","slug":"nuove-regole-di-google-e-yahoo-per-linvio-di-email-consigli-per-garantire-la-consegna-della-posta","status":"publish","type":"page","link":"https:\/\/serversmtp.com\/it\/nuove-regole-di-google-e-yahoo-per-linvio-di-email-consigli-per-garantire-la-consegna-della-posta\/","title":{"rendered":"Nuove Regole di Google e Yahoo per l\u2019Invio di Email: consigli per garantire la consegna della posta"},"content":{"rendered":"\n<style>\nul.spaced-list li {\n   margin-bottom: 15px;\n}\na.validator-chat-btn {\n    border: none;\n    border-radius: 5px;\n    padding: 10px 15px;\n    margin: 0px;\n    font-size: 14px;\n    text-align: center;\n    font-weight: 700;\n    color: #fff;\n    background-color: rgb(255, 153, 0);\n    display: inline-block;\n}\na.validator-chat-btn:hover {\n    color: #fff;\n    background-color: rgb(255, 165, 0);\n}\n.form-control {\n    display: block!important;\n    width: 100%!important;\n    padding: 0.375rem 0.75rem!important;\n    font-size: 1rem!important;\n    line-height: 2!important;\n    color: #495057!important;\n    background-color: #fff!important;\n    background-clip: padding-box!important;\n    border: 1px solid #ced4da!important;\n    border-radius: 0.25rem!important;\n    transition: border-color .15s ease-in-out,box-shadow .15s ease-in-out!important;\n}\n.form-control:focus {\n    color: #495057!important;\n    background-color: #fff!important;\n    border-color: #80bdff!important;\n    outline: 0!important;\n    box-shadow: 0 0 0 0.2rem rgba(0,123,255,.25)!important;\n}\n.btn {\n   border-radius: 0.25rem!important;\n   background-color: #007bff!important;\n}\n.btn:hover {\n   background-color: #0069d9!important;\n}\n.form-group {\n    margin-bottom: 20px;\n}\ndiv#result {\n    font-size: 0.8em;\n    margin-bottom: 20px;\n}\nsmall.text-right {\n    text-align: right;\n    display: block;\n}\n.loader {\nwidth: 48px;\nheight: 48px;\nborder: 5px solid #007bff;\nborder-bottom-color: transparent;\nborder-radius: 50%;\ndisplay: inline-block;\nbox-sizing: border-box;\nanimation: rotation 1s linear infinite;\n}\n\n@keyframes rotation {\n0% {\ntransform: rotate(0deg);\n}\n100% {\ntransform: rotate(360deg);\n}\n} \n<\/style>\n\n\n<div class=\"gb-container gb-container-d77c047a\">\n\n<figure class=\"wp-block-embed is-type-video is-provider-youtube wp-block-embed-youtube wp-embed-aspect-16-9 wp-has-aspect-ratio\"><div class=\"wp-block-embed__wrapper\">\n<div class=\"epyt-video-wrapper\"><div  id=\"_ytid_75048\"  width=\"1200\" height=\"675\"  data-origwidth=\"1200\" data-origheight=\"675\"  data-relstop=\"1\" data-facadesrc=\"https:\/\/www.youtube-nocookie.com\/embed\/GefN-PoH3ks?autoplay=1&#038;cc_load_policy=0&#038;cc_lang_pref=&#038;iv_load_policy=1&#038;loop=0&#038;rel=0&#038;fs=1&#038;playsinline=0&#038;autohide=2&#038;theme=dark&#038;color=red&#038;controls=0&#038;\" class=\"__youtube_prefs__ epyt-facade epyt-is-override  no-lazyload\" data-epautoplay=\"1\" ><img decoding=\"async\" width=\"480\" height=\"360\" data-spai-excluded=\"true\" class=\"epyt-facade-poster skip-lazy\" loading=\"lazy\"  alt=\"YouTube player\"  src=\"https:\/\/i.ytimg.com\/vi\/GefN-PoH3ks\/hqdefault.jpg\"  \/><button class=\"epyt-facade-play\" aria-label=\"Play\"><svg data-no-lazy=\"1\" height=\"100%\" version=\"1.1\" viewBox=\"0 0 68 48\" width=\"100%\"><path class=\"ytp-large-play-button-bg\" d=\"M66.52,7.74c-0.78-2.93-2.49-5.41-5.42-6.19C55.79,.13,34,0,34,0S12.21,.13,6.9,1.55 C3.97,2.33,2.27,4.81,1.48,7.74C0.06,13.05,0,24,0,24s0.06,10.95,1.48,16.26c0.78,2.93,2.49,5.41,5.42,6.19 C12.21,47.87,34,48,34,48s21.79-0.13,27.1-1.55c2.93-0.78,4.64-3.26,5.42-6.19C67.94,34.95,68,24,68,24S67.94,13.05,66.52,7.74z\" fill=\"#f00\"><\/path><path d=\"M 45,24 27,14 27,34\" fill=\"#fff\"><\/path><\/svg><\/button><\/div><\/div>\n<\/div><\/figure>\n\n<\/div>\n\n<div class=\"gb-container gb-container-83c8c060\">\n\n<p>A partire da febbraio 2024, Google e Yahoo introdurranno nuove regole per le email al fine di mitigare lo spam diretto verso caselle di posta come @gmail.com, caselle di posta aziendali e scolastiche su Workspace, @googlemail.com, @yahoo.it e @yahoo.com.<\/p>\n\n\n\n<p>Per Google, le nuove regole si applicheranno a tutti i mittenti, con requisiti particolarmente rigorosi per coloro che superano le 5.000 email al giorno. Yahoo seguir\u00e0 linee guida simili senza specificare limiti di volume.<\/p>\n\n\n\n<p>Gmail e Yahoo! stanno rafforzando le proprie difese contro gli spammer per proteggere le caselle di posta dei propri utenti.<\/p>\n\n\n<div class=\"gb-container gb-container-3fc2398a\">\n\n<a class=\"gb-button gb-button-dc21e8f1 gb-button-text\" href=\"#validation-form\">Verifica se il tuo dominio \u00e8 autenticato<\/a>\n\n<\/div>\n<\/div>\n\n<div class=\"gb-container gb-container-85c02218\">\n\n<h2 class=\"gb-headline gb-headline-ecadb585 gb-headline-text\">Linee guida per garantire la consegna delle email<\/h2>\n\n\n\n<p>Google e Yahoo applicheranno tra poche settimane delle regole di invio pi\u00f9 rigorose per cu\u00ec \u00e8 necessario adeguarsi rapidamente per evitare il rischio di non essere in grado di recapitare newsletter e mail transazionali.<\/p>\n\n\n\n<h3 class=\"gb-headline gb-headline-a8203911 gb-headline-text\">Le buone pratiche diventano requisiti obbligatori<\/h3>\n\n\n\n<p>I requisiti elencati non sono nuovi; sono stati a lungo riconosciuti come buone pratiche, come evidenziato dalle Best Common Practices di M3AAWG.&nbsp;<\/p>\n\n\n\n<p>Gmail e Yahoo! hanno quindi trasformato queste pratiche in requisiti obbligatori.<\/p>\n\n\n\n<ul class=\"spaced-list wp-block-list\">\n<li><strong>Configurare l&#8217;autenticazione del Server SMTP del tuo dominio con i protocolli SPF e DKIM.<\/strong><br>Cosa significa: La configurazione dei protocolli <a href=\"https:\/\/serversmtp.com\/it\/migliora-la-sicurezza-delle-email-con-spf-una-guida-rapida\/\" title=\"Migliora la Sicurezza delle Email con SPF: Una Guida Rapida\">SPF<\/a> e <a href=\"https:\/\/serversmtp.com\/it\/garantire-la-consegna-e-la-sicurezza-delle-tue-email-con-dkim\/\" title=\"Garantire la consegna e la sicurezza  delle tue Email con DKIM\">DKIM<\/a>,impediscono agli utenti non autorizzati di inviare messaggi e verificare che i messaggi provengano effettivamente&nbsp; dal tuo dominio mittente. Se devi ancora configurarli, segui le<a href=\"https:\/\/serversmtp.com\/it\/impostazione-smtp\/\"> linee guida Turbo smtp<\/a>.<\/li>\n\n\n\n<li><strong>Mantenere i tassi di spam segnalati in Postmaster Tools al di sotto dello 0,3%.<\/strong><br>Cosa significa: Mantieni i tassi di reclamo spam al di sotto dello 0,3% in Google Postmaster.<a href=\"https:\/\/www.gmail.com\/postmaster\/\"> Iscriviti a Postmaster Tools <\/a>per monitorare e migliorare i tuoi tassi di reclamo.<\/li>\n\n\n\n<li><strong>Non utilizzare indirizzi troppo generici.<\/strong><br>Cosa significa:Evita di inviare email da indirizzi come &#8220;<em>esempio@gmail.com<\/em>&#8220;.<\/li>\n\n\n\n<li><strong>Configurare l&#8217;autenticazione DMARC per il tuo dominio.<\/strong><br>Cosa significa: <a href=\"https:\/\/serversmtp.com\/it\/come-implementare-dmarc-per-aumentare-la-sicurezza-delle-tue-email\/\" title=\"Come Implementare DMARC per aumentare la Sicurezza delle Tue Email\">DMARC<\/a> si basa sui protocolli SPF e DKIM, comunicando le politiche ai provider di email. Se non hai un record DMARC, aggiungilo al tuo DNS.<\/li>\n\n\n\n<li><strong>Garantire la coerenza dell\u2019header &#8220;<em>Da:<\/em>&#8221; ed il Dominio Mittente.<\/strong><br>Per i mittenti che inviano grandi quantit\u00e0 di mail , avere un dominio mittente dedicato \u00e8 ora una necessit\u00e0; i domini condivisi non sono pi\u00f9 ammissibili. \u00c8 cruciale che il dominio visibile nell&#8217;header &#8220;<em>Da:<\/em>&#8220;, corrisponda al dominio mittente dedicato. Questo allineamento \u00e8 necessario per rispettare gli standard DMARC e si applica sia alle email di marketing che a quelle transazionali.<br>La &#8220;<em>disabilitazione dell&#8217;autenticazione<\/em>&#8221; non \u00e8 adatta a chi invia oltre 5000 email al giorno ed \u00e8 molto importante utilizzare il proprio dominio autenticato.<\/li>\n\n\n\n<li><strong>Semplificare il processo di disiscrizione.<\/strong><br>Incorpora un link per la disiscrizione nel corpo del messaggio.<br>Un&#8217;esperienza di disiscrizione senza intoppi \u00e8 cruciale. La difficolt\u00e0 nel disiscriversi potrebbe spingere i destinatari a etichettare le tue email come spam.<\/li>\n<\/ul>\n\n\n<div class=\"gb-container gb-container-159b888a\">\n\n<a class=\"gb-button gb-button-f52bd960 gb-button-text\" href=\"#validation-form\">Verifica se il tuo dominio \u00e8 autenticato<\/a>\n\n<\/div>\n\n\n<h3 class=\"gb-headline gb-headline-71bbbc71 gb-headline-text\">Assistenza Tecnica per la Conformit\u00e0<\/h3>\n\n\n\n<p>Se ti serve aiuto il nostro team di Servizi Professionali \u00e8 pronto ad assisterti.<\/p>\n\n<\/div>\n\n<div class=\"gb-container gb-container-e36cd7b8\" id=\"validation-form\">\n\n<h2 class=\"gb-headline gb-headline-2aad35b3 gb-headline-text\">Controllo validazione del dominio email<\/h2>\n\n\n\n<script src=\"https:\/\/apiservices.edisplay.it\/emaildns\/js_form.js?lang=it\"><\/script>\n<style>\na.header_button {\n    color: var(--accent);\n}\nh1 {\n    font-size: 50px !important;\n    margin-bottom: 20px !important;\n    line-height: 1.2em !important;\n    font-weight: 400 !important;\n    text-transform: none !important;\n}\n.entry-content h2, .entry-content h3, .entry-content h4 {\n    margin-bottom: 20px;\n}\n.entry-content a:not(.gb-button, .btn) {\n    color: var(--accent) !important;\n}\n.container-fluid {\n    padding-right: 0px !important;\n    padding-left: 0px !important;\n} \nbody p, body  ul, body  ol {\n    font-family: -apple-system,system-ui,BlinkMacSystemFont,\"Segoe UI\",Helvetica,Arial,sans-serif,\"Apple Color Emoji\",\"Segoe UI Emoji\",\"Segoe UI Symbol\" !important;\n    font-weight: 400 !important;\n    text-transform: none !important;\n    font-size: 17px !important;\n    line-height: 1.5 !important;\n}\n#emaildns_ai_text .btn {\n    color: #fff;\n    margin-top: 8px;\n}\n#emaildns_ai_text h4 {\n    margin-top: 30px;\n}\n#emaildns_ai_text pre {\n    margin-top: 10px;\n}\n#emaildns_ai_text p {\n    font-size: 16px!important;\n}\n.jumbotron a.small.float-right.mr-2 {\n    display: none;\n}\n<\/style>\n\n<\/div>\n\n<div class=\"gb-container gb-container-6cd0d14b\">\n<div class=\"gb-grid-wrapper gb-grid-wrapper-0bb3846f\">\n<div class=\"gb-grid-column gb-grid-column-dc467293\"><div class=\"gb-container gb-container-dc467293\">\n\n<figure class=\"gb-block-image gb-block-image-27229403\"><img decoding=\"async\" width=\"400\" height=\"400\" class=\"gb-image gb-image-27229403\" src=\"https:\/\/serversmtp.com\/wp-content\/uploads\/2024\/07\/luca-marras.jpg\" alt=\"Luca Marras\" title=\"Luca Marras\" srcset=\"https:\/\/serversmtp.com\/wp-content\/uploads\/2024\/07\/luca-marras.jpg 400w, https:\/\/serversmtp.com\/wp-content\/uploads\/2024\/07\/luca-marras-300x300.jpg 300w, https:\/\/serversmtp.com\/wp-content\/uploads\/2024\/07\/luca-marras-150x150.jpg 150w\" sizes=\"(max-width: 400px) 100vw, 400px\" \/><\/figure>\n\n<\/div><\/div>\n\n<div class=\"gb-grid-column gb-grid-column-83054d42\"><div class=\"gb-container gb-container-83054d42\">\n\n<h4 class=\"gb-headline gb-headline-6dad38f8 gb-headline-text\"><a href=\"https:\/\/serversmtp.com\/it\/luca-marras-esperto-di-email-marketing-e-deliverability\/\" title=\"Luca Marras: esperto di email marketing e deliverability\">Luca Marras<\/a><\/h4>\n\n\n\n<p>Scritto da Luca Marras: co-fondatore di TurboSMTP, esperto di email marketing e email deliverability.<\/p>\n\n<\/div><\/div>\n<\/div>\n<\/div>","protected":false},"excerpt":{"rendered":"<p>A partire da febbraio 2024, Google e Yahoo introdurranno nuove regole per le email al fine di mitigare lo spam diretto verso caselle di posta come @gmail.com, caselle di posta aziendali e scolastiche su Workspace, @googlemail.com, @yahoo.it e @yahoo.com. Per Google, le nuove regole si applicheranno a tutti i mittenti, con requisiti particolarmente rigorosi per &#8230; <\/p>\n<p class=\"read-more-container\"><a title=\"Nuove Regole di Google e Yahoo per l\u2019Invio di Email: consigli per garantire la consegna della posta\" class=\"read-more button\" href=\"https:\/\/serversmtp.com\/it\/nuove-regole-di-google-e-yahoo-per-linvio-di-email-consigli-per-garantire-la-consegna-della-posta\/#more-18727\" aria-label=\"Per saperne di pi\u00f9 su Nuove Regole di Google e Yahoo per l\u2019Invio di Email: consigli per garantire la consegna della posta\">Discover more<\/a><\/p>\n","protected":false},"author":18,"featured_media":18747,"parent":0,"menu_order":0,"comment_status":"closed","ping_status":"closed","template":"","meta":{"_eb_attr":"","inline_featured_image":false,"_monsterinsights_skip_tracking":false,"_monsterinsights_sitenote_active":false,"_monsterinsights_sitenote_note":"","_monsterinsights_sitenote_category":0,"footnotes":""},"class_list":["post-18727","page","type-page","status-publish","has-post-thumbnail"],"yoast_head":"<!-- This site is optimized with the Yoast SEO plugin v25.3.1 - https:\/\/yoast.com\/wordpress\/plugins\/seo\/ -->\n<title>Nuove regole Google e Yahoo 2024 per l&#039;invio di email: consigli utili<\/title>\n<meta name=\"description\" content=\"Da febbraio 2024 Google e Yahoo introdurranno nuove regole per prevenire lo spam. Ecco alcuni consigli pratici per mantenere una buona deliverability.\" \/>\n<meta name=\"robots\" content=\"index, follow, max-snippet:-1, max-image-preview:large, max-video-preview:-1\" \/>\n<link rel=\"canonical\" href=\"https:\/\/serversmtp.com\/it\/nuove-regole-di-google-e-yahoo-per-linvio-di-email-consigli-per-garantire-la-consegna-della-posta\/\" \/>\n<meta name=\"twitter:label1\" content=\"Tempo di lettura stimato\" \/>\n\t<meta name=\"twitter:data1\" content=\"3 minuti\" \/>\n<!-- \/ Yoast SEO plugin. -->","yoast_head_json":{"title":"Nuove regole Google e Yahoo 2024 per l'invio di email: consigli utili","description":"Da febbraio 2024 Google e Yahoo introdurranno nuove regole per prevenire lo spam. Ecco alcuni consigli pratici per mantenere una buona deliverability.","robots":{"index":"index","follow":"follow","max-snippet":"max-snippet:-1","max-image-preview":"max-image-preview:large","max-video-preview":"max-video-preview:-1"},"canonical":"https:\/\/serversmtp.com\/it\/nuove-regole-di-google-e-yahoo-per-linvio-di-email-consigli-per-garantire-la-consegna-della-posta\/","twitter_misc":{"Tempo di lettura stimato":"3 minuti"},"schema":{"@context":"https:\/\/schema.org","@graph":[{"@type":"WebPage","@id":"https:\/\/serversmtp.com\/it\/nuove-regole-di-google-e-yahoo-per-linvio-di-email-consigli-per-garantire-la-consegna-della-posta\/","url":"https:\/\/serversmtp.com\/it\/nuove-regole-di-google-e-yahoo-per-linvio-di-email-consigli-per-garantire-la-consegna-della-posta\/","name":"Nuove regole Google e Yahoo 2024 per l'invio di email: consigli utili","isPartOf":{"@id":"https:\/\/serversmtp.com\/fr\/#website"},"primaryImageOfPage":{"@id":"https:\/\/serversmtp.com\/it\/nuove-regole-di-google-e-yahoo-per-linvio-di-email-consigli-per-garantire-la-consegna-della-posta\/#primaryimage"},"image":{"@id":"https:\/\/serversmtp.com\/it\/nuove-regole-di-google-e-yahoo-per-linvio-di-email-consigli-per-garantire-la-consegna-della-posta\/#primaryimage"},"thumbnailUrl":"https:\/\/serversmtp.com\/wp-content\/uploads\/2023\/12\/nuove-regole-google-yahoo-per-invio-email-nel-2024.png","datePublished":"2023-12-01T15:39:30+00:00","dateModified":"2024-07-11T07:34:55+00:00","description":"Da febbraio 2024 Google e Yahoo introdurranno nuove regole per prevenire lo spam. Ecco alcuni consigli pratici per mantenere una buona deliverability.","breadcrumb":{"@id":"https:\/\/serversmtp.com\/it\/nuove-regole-di-google-e-yahoo-per-linvio-di-email-consigli-per-garantire-la-consegna-della-posta\/#breadcrumb"},"inLanguage":"it-IT","potentialAction":[{"@type":"ReadAction","target":["https:\/\/serversmtp.com\/it\/nuove-regole-di-google-e-yahoo-per-linvio-di-email-consigli-per-garantire-la-consegna-della-posta\/"]}]},{"@type":"ImageObject","inLanguage":"it-IT","@id":"https:\/\/serversmtp.com\/it\/nuove-regole-di-google-e-yahoo-per-linvio-di-email-consigli-per-garantire-la-consegna-della-posta\/#primaryimage","url":"https:\/\/serversmtp.com\/wp-content\/uploads\/2023\/12\/nuove-regole-google-yahoo-per-invio-email-nel-2024.png","contentUrl":"https:\/\/serversmtp.com\/wp-content\/uploads\/2023\/12\/nuove-regole-google-yahoo-per-invio-email-nel-2024.png","width":1280,"height":720},{"@type":"BreadcrumbList","@id":"https:\/\/serversmtp.com\/it\/nuove-regole-di-google-e-yahoo-per-linvio-di-email-consigli-per-garantire-la-consegna-della-posta\/#breadcrumb","itemListElement":[{"@type":"ListItem","position":1,"name":"Home","item":"https:\/\/serversmtp.com\/it\/"},{"@type":"ListItem","position":2,"name":"Nuove Regole di Google e Yahoo per l\u2019Invio di Email: consigli per garantire la consegna della posta"}]},{"@type":"WebSite","@id":"https:\/\/serversmtp.com\/fr\/#website","url":"https:\/\/serversmtp.com\/fr\/","name":"Server Mail SMTP - Provider di servizi SMTP professionali","description":"Server Mail SMTP - Provider di servizi SMTP professionali","publisher":{"@id":"https:\/\/serversmtp.com\/fr\/#organization"},"potentialAction":[{"@type":"SearchAction","target":{"@type":"EntryPoint","urlTemplate":"https:\/\/serversmtp.com\/fr\/?s={search_term_string}"},"query-input":{"@type":"PropertyValueSpecification","valueRequired":true,"valueName":"search_term_string"}}],"inLanguage":"it-IT"},{"@type":"Organization","@id":"https:\/\/serversmtp.com\/fr\/#organization","name":"Delivery Tech","url":"https:\/\/serversmtp.com\/fr\/","logo":{"@type":"ImageObject","inLanguage":"it-IT","@id":"https:\/\/serversmtp.com\/fr\/#\/schema\/logo\/image\/","url":"https:\/\/serversmtp.com\/wp-content\/uploads\/2021\/11\/og-image-2.jpg","contentUrl":"https:\/\/serversmtp.com\/wp-content\/uploads\/2021\/11\/og-image-2.jpg","width":1200,"height":1128,"caption":"Delivery Tech"},"image":{"@id":"https:\/\/serversmtp.com\/fr\/#\/schema\/logo\/image\/"}}]}},"_links":{"self":[{"href":"https:\/\/serversmtp.com\/it\/wp-json\/wp\/v2\/pages\/18727"}],"collection":[{"href":"https:\/\/serversmtp.com\/it\/wp-json\/wp\/v2\/pages"}],"about":[{"href":"https:\/\/serversmtp.com\/it\/wp-json\/wp\/v2\/types\/page"}],"author":[{"embeddable":true,"href":"https:\/\/serversmtp.com\/it\/wp-json\/wp\/v2\/users\/18"}],"replies":[{"embeddable":true,"href":"https:\/\/serversmtp.com\/it\/wp-json\/wp\/v2\/comments?post=18727"}],"version-history":[{"count":18,"href":"https:\/\/serversmtp.com\/it\/wp-json\/wp\/v2\/pages\/18727\/revisions"}],"predecessor-version":[{"id":20183,"href":"https:\/\/serversmtp.com\/it\/wp-json\/wp\/v2\/pages\/18727\/revisions\/20183"}],"wp:featuredmedia":[{"embeddable":true,"href":"https:\/\/serversmtp.com\/it\/wp-json\/wp\/v2\/media\/18747"}],"wp:attachment":[{"href":"https:\/\/serversmtp.com\/it\/wp-json\/wp\/v2\/media?parent=18727"}],"curies":[{"name":"wp","href":"https:\/\/api.w.org\/{rel}","templated":true}]}}