{"id":1624,"date":"2018-03-29T16:07:10","date_gmt":"2018-03-29T14:07:10","guid":{"rendered":"https:\/\/dev.serversmtp.com\/?page_id=1624"},"modified":"2023-12-22T16:34:55","modified_gmt":"2023-12-22T15:34:55","slug":"smtp-alice-configurazione","status":"publish","type":"page","link":"https:\/\/serversmtp.com\/it\/smtp-alice-configurazione\/","title":{"rendered":"SMTP di Alice: configurazione, parametri e limiti"},"content":{"rendered":"<p>Se utilizzate <strong>Alice<\/strong> come internet provider e volete inviare delle email tramite un client di posta elettronica (come Thunderbird o Outlook), \u00e8 necessario impostare i parametri del <strong>server SMTP di Alice<\/strong>.<\/p>\n<p>L&#8217;operazione \u00e8 semplicissima; basta aprire la finestra di impostazioni dell&#8217;applicazione:<\/p>\n<p><img decoding=\"async\" class=\"aligncenter wp-image-1329 size-full\" src=\"https:\/\/serversmtp.com\/wp-content\/uploads\/2018\/03\/configurazione-mail-client-1.png\" alt=\"Configurazione SMTP Alice\" width=\"375\" height=\"311\" srcset=\"https:\/\/serversmtp.com\/wp-content\/uploads\/2018\/03\/configurazione-mail-client-1.png 375w, https:\/\/serversmtp.com\/wp-content\/uploads\/2018\/03\/configurazione-mail-client-1-300x249.png 300w, https:\/\/serversmtp.com\/wp-content\/uploads\/2018\/03\/configurazione-mail-client-1-320x265.png 320w, https:\/\/serversmtp.com\/wp-content\/uploads\/2018\/03\/configurazione-mail-client-1-239x198.png 239w\" sizes=\"(max-width: 375px) 100vw, 375px\" \/><\/p>\n<p>e inserire i dati del server di posta in uscita, ovvero:<\/p>\n<ul>\n<li><strong>Descrizione<\/strong>: un nome generico, es. SMTP Alice<\/li>\n<li><strong>Nome del server SMTP di Alice<\/strong>: out.alice.it<\/li>\n<li><strong>Porta SMTP di Alice<\/strong>: 587<\/li>\n<li><strong>Nome utente del server SMTP di Alice<\/strong>: l&#8217;indirizzo da cui spedite le email<\/li>\n<\/ul>\n<p>Nel caso vogliate impostare un processo di\u00a0<strong>autenticazione<\/strong>, dovrete inserire anche una password. Per quanto riguarda la sicurezza della connessione e per saperne di pi\u00f9, potete consultare il nostro articolo sulla <a title=\"configurazione SMTP\" href=\"\/it\/configurazione-smtp\">configurazione dell&#8217;SMTP<\/a>.<\/p>\n<p>Se dovete spedire una <strong>newsletter<\/strong>, comunque, ricordate che un servizio SMTP non dedicato come quello fornito da Alice (o da altri provider di posta o internet) \u00e8 una scelta dubbia. In primo luogo perch\u00e9 tale server di posta in uscita <strong>non \u00e8 strutturato per gestire invii di massa<\/strong>, e dunque non pu\u00f2 assicurare un tasso di consegna elevato: ovvero, una certa percentuale delle email sar\u00e0 preda dei <strong>filtri antispam<\/strong>.<\/p>\n<p>In secondo luogo perch\u00e8 Alice pone un <strong>limite al numero dei messaggi in uscita<\/strong>, fissato in 50 destinatari per email e massimo 200 invii giornalieri, al fine di dissuadare gli spammer dall&#8217;usare il proprio SMTP, ma impedendovi allo stesso tempo di spedire delle email di massa legittime.<\/p>\n<p>Infine occorre evidenziare come le ultime e pi\u00f9 <strong>restrittive limitazioni imposte da Alice impediscano di impostare come mittente dell&#8217;email un indirizzo non appartenente ai domini di posta alice.it, aliceposta.it, tim.it, tin.it<\/strong>.<\/p>\n<p>La soluzione? Scegliere un <strong><a title=\"server SMTP professionale\" href=\"\/it\/tsmtpregistration1.php\">server SMTP professionale<\/a><\/strong> che consenta l&#8217;invio di email illimitate. Un <a href=\"https:\/\/serversmtp.com\/it\/smart-host-smtp-relay-cosa-e\/\" title=\"Smart host smtp relay- Cos\u2019\u00e8?\"><strong>SMTP Relay<\/strong><\/a> garantisce la massima <strong>deliverability<\/strong> \u2014 ovvero fa in modo che ogni messaggio arrivi correttamente a destinazione.<\/p>\n<p>Inoltre, sia che si tratti di email personali che di lavoro, utilizzando turboSMTP <strong><a href=\"https:\/\/serversmtp.com\/it\/email-tracking-come-sapere-se-email-e-stata-letta\/\">potrai sempre verificare<\/a><\/strong> se un determinato invio sia effettivamente andato a buon fine, se il messaggio sia stato aperto e se il destinatario abbia cliccato uno dei link presenti nell&#8217;email.<\/p>\n<p><em>(NOTA BENE: questa \u00e8 solo una pagina esplicativa di servizio fornita da turboSMTP; non abbiamo alcuna connessione con Alice n\u00e9 possiamo risolvere questioni o problemi legati ad Alice.)<\/em><\/p>\n","protected":false},"excerpt":{"rendered":"<p>Se utilizzate Alice come internet provider e volete inviare delle email tramite un client di posta elettronica (come Thunderbird o Outlook), \u00e8 necessario impostare i parametri del server SMTP di Alice. L&#8217;operazione \u00e8 semplicissima; basta aprire la finestra di impostazioni dell&#8217;applicazione: e inserire i dati del server di posta in uscita, ovvero: Descrizione: un nome &#8230; <\/p>\n<p class=\"read-more-container\"><a title=\"SMTP di Alice: configurazione, parametri e limiti\" class=\"read-more button\" href=\"https:\/\/serversmtp.com\/it\/smtp-alice-configurazione\/#more-1624\" aria-label=\"Per saperne di pi\u00f9 su SMTP di Alice: configurazione, parametri e limiti\">Discover more<\/a><\/p>\n","protected":false},"author":1,"featured_media":0,"parent":0,"menu_order":0,"comment_status":"closed","ping_status":"closed","template":"","meta":{"_eb_attr":"","inline_featured_image":false,"_monsterinsights_skip_tracking":false,"_monsterinsights_sitenote_active":false,"_monsterinsights_sitenote_note":"","_monsterinsights_sitenote_category":0,"footnotes":""},"class_list":["post-1624","page","type-page","status-publish"],"yoast_head":"<!-- This site is optimized with the Yoast SEO plugin v25.3.1 - https:\/\/yoast.com\/wordpress\/plugins\/seo\/ -->\n<title>Server SMTP di Alice: configurazione e parametri<\/title>\n<meta name=\"description\" content=\"Ecco come impostare i parametri del server SMTP se utilizzate Alice come internet provider e volete inviare delle email tramite un client di posta.\" \/>\n<meta name=\"robots\" content=\"index, follow, max-snippet:-1, max-image-preview:large, max-video-preview:-1\" \/>\n<link rel=\"canonical\" href=\"https:\/\/serversmtp.com\/it\/smtp-alice-configurazione\/\" \/>\n<meta name=\"twitter:label1\" content=\"Tempo di lettura stimato\" \/>\n\t<meta name=\"twitter:data1\" content=\"2 minuti\" \/>\n<!-- \/ Yoast SEO plugin. -->","yoast_head_json":{"title":"Server SMTP di Alice: configurazione e parametri","description":"Ecco come impostare i parametri del server SMTP se utilizzate Alice come internet provider e volete inviare delle email tramite un client di posta.","robots":{"index":"index","follow":"follow","max-snippet":"max-snippet:-1","max-image-preview":"max-image-preview:large","max-video-preview":"max-video-preview:-1"},"canonical":"https:\/\/serversmtp.com\/it\/smtp-alice-configurazione\/","twitter_misc":{"Tempo di lettura stimato":"2 minuti"},"schema":{"@context":"https:\/\/schema.org","@graph":[{"@type":"WebPage","@id":"https:\/\/serversmtp.com\/it\/smtp-alice-configurazione\/","url":"https:\/\/serversmtp.com\/it\/smtp-alice-configurazione\/","name":"Server SMTP di Alice: configurazione e parametri","isPartOf":{"@id":"https:\/\/serversmtp.com\/fr\/#website"},"primaryImageOfPage":{"@id":"https:\/\/serversmtp.com\/it\/smtp-alice-configurazione\/#primaryimage"},"image":{"@id":"https:\/\/serversmtp.com\/it\/smtp-alice-configurazione\/#primaryimage"},"thumbnailUrl":"https:\/\/serversmtp.com\/wp-content\/uploads\/2018\/03\/configurazione-mail-client-1.png","datePublished":"2018-03-29T14:07:10+00:00","dateModified":"2023-12-22T15:34:55+00:00","description":"Ecco come impostare i parametri del server SMTP se utilizzate Alice come internet provider e volete inviare delle email tramite un client di posta.","breadcrumb":{"@id":"https:\/\/serversmtp.com\/it\/smtp-alice-configurazione\/#breadcrumb"},"inLanguage":"it-IT","potentialAction":[{"@type":"ReadAction","target":["https:\/\/serversmtp.com\/it\/smtp-alice-configurazione\/"]}]},{"@type":"ImageObject","inLanguage":"it-IT","@id":"https:\/\/serversmtp.com\/it\/smtp-alice-configurazione\/#primaryimage","url":"https:\/\/serversmtp.com\/wp-content\/uploads\/2018\/03\/configurazione-mail-client-1.png","contentUrl":"https:\/\/serversmtp.com\/wp-content\/uploads\/2018\/03\/configurazione-mail-client-1.png"},{"@type":"BreadcrumbList","@id":"https:\/\/serversmtp.com\/it\/smtp-alice-configurazione\/#breadcrumb","itemListElement":[{"@type":"ListItem","position":1,"name":"Home","item":"https:\/\/serversmtp.com\/it\/"},{"@type":"ListItem","position":2,"name":"SMTP di Alice: configurazione, parametri e limiti"}]},{"@type":"WebSite","@id":"https:\/\/serversmtp.com\/fr\/#website","url":"https:\/\/serversmtp.com\/fr\/","name":"Server Mail SMTP - Provider di servizi SMTP professionali","description":"Server Mail SMTP - Provider di servizi SMTP professionali","publisher":{"@id":"https:\/\/serversmtp.com\/fr\/#organization"},"potentialAction":[{"@type":"SearchAction","target":{"@type":"EntryPoint","urlTemplate":"https:\/\/serversmtp.com\/fr\/?s={search_term_string}"},"query-input":{"@type":"PropertyValueSpecification","valueRequired":true,"valueName":"search_term_string"}}],"inLanguage":"it-IT"},{"@type":"Organization","@id":"https:\/\/serversmtp.com\/fr\/#organization","name":"Delivery Tech","url":"https:\/\/serversmtp.com\/fr\/","logo":{"@type":"ImageObject","inLanguage":"it-IT","@id":"https:\/\/serversmtp.com\/fr\/#\/schema\/logo\/image\/","url":"https:\/\/serversmtp.com\/wp-content\/uploads\/2021\/11\/og-image-2.jpg","contentUrl":"https:\/\/serversmtp.com\/wp-content\/uploads\/2021\/11\/og-image-2.jpg","width":1200,"height":1128,"caption":"Delivery Tech"},"image":{"@id":"https:\/\/serversmtp.com\/fr\/#\/schema\/logo\/image\/"}}]}},"_links":{"self":[{"href":"https:\/\/serversmtp.com\/it\/wp-json\/wp\/v2\/pages\/1624"}],"collection":[{"href":"https:\/\/serversmtp.com\/it\/wp-json\/wp\/v2\/pages"}],"about":[{"href":"https:\/\/serversmtp.com\/it\/wp-json\/wp\/v2\/types\/page"}],"author":[{"embeddable":true,"href":"https:\/\/serversmtp.com\/it\/wp-json\/wp\/v2\/users\/1"}],"replies":[{"embeddable":true,"href":"https:\/\/serversmtp.com\/it\/wp-json\/wp\/v2\/comments?post=1624"}],"version-history":[{"count":12,"href":"https:\/\/serversmtp.com\/it\/wp-json\/wp\/v2\/pages\/1624\/revisions"}],"predecessor-version":[{"id":13165,"href":"https:\/\/serversmtp.com\/it\/wp-json\/wp\/v2\/pages\/1624\/revisions\/13165"}],"wp:attachment":[{"href":"https:\/\/serversmtp.com\/it\/wp-json\/wp\/v2\/media?parent=1624"}],"curies":[{"name":"wp","href":"https:\/\/api.w.org\/{rel}","templated":true}]}}