{"id":1495,"date":"2018-03-27T17:57:42","date_gmt":"2018-03-27T15:57:42","guid":{"rendered":"https:\/\/dev.serversmtp.com\/?page_id=1495"},"modified":"2018-04-17T15:26:06","modified_gmt":"2018-04-17T13:26:06","slug":"server-di-posta-in-uscita","status":"publish","type":"page","link":"https:\/\/serversmtp.com\/it\/server-di-posta-in-uscita\/","title":{"rendered":"Server di posta in uscita"},"content":{"rendered":"<p>Un <strong>server di posta in uscita<\/strong> \u00e8 il server che si occupa del processo di spedizione e consegna delle email. Dato che utilizza il <a title=\"protocollo smtp\" href=\"\/it\/protocollo-smtp\">protocollo SMTP<\/a> per funzionare, \u00e8 chiamato pi\u00f9 comunemente <strong><a title=\"server smtp\" href=\"\/it\/server-smtp\">server SMTP<\/a><\/strong>.<\/p>\n<p>Qui di seguito trovate i parametri dei server di posta in uscita pi\u00f9 diffusi.<\/p>\n<table style=\"width: 100%;\" border=\"1\" cellspacing=\"0\" cellpadding=\"4\">\n<colgroup>\n<col width=\"83*\" \/>\n<col width=\"75*\" \/>\n<col width=\"98*\" \/> <\/colgroup>\n<tbody>\n<tr valign=\"TOP\">\n<td width=\"32%\">\n<p lang=\"en-US\" align=\"CENTER\"><span style=\"font-size: small;\"><strong>PROVIDER<\/strong><\/span><\/p>\n<\/td>\n<td width=\"29%\">\n<p lang=\"en-US\" align=\"CENTER\"><span style=\"font-size: small;\"><strong>URL<\/strong><\/span><\/p>\n<\/td>\n<td width=\"38%\">\n<p lang=\"en-US\" align=\"CENTER\"><span style=\"font-size: small;\"><strong>NOME SERVER SMTP<\/strong><\/span><\/p>\n<\/td>\n<\/tr>\n<tr valign=\"TOP\">\n<td width=\"32%\">\n<p lang=\"en-US\" align=\"CENTER\"><span style=\"font-size: small;\"><strong>Alice<\/strong><\/span><\/p>\n<\/td>\n<td width=\"29%\">\n<p lang=\"en-US\" align=\"CENTER\"><span style=\"font-size: small;\">Telecomitalia.it<\/span><\/p>\n<\/td>\n<td width=\"38%\">\n<p lang=\"en-US\" align=\"CENTER\"><span style=\"font-size: small;\">Smtp.alice.it<\/span><\/p>\n<\/td>\n<\/tr>\n<tr valign=\"TOP\">\n<td width=\"32%\">\n<p lang=\"en-US\" align=\"CENTER\"><span style=\"font-size: small;\"><strong>Aruba<\/strong><\/span><\/p>\n<\/td>\n<td width=\"29%\">\n<p lang=\"en-US\" align=\"CENTER\"><span style=\"font-size: small;\">Aruba.it<\/span><\/p>\n<\/td>\n<td width=\"38%\">\n<p lang=\"en-US\" align=\"CENTER\"><span style=\"font-size: small;\">Smtp.aruba.it<\/span><\/p>\n<\/td>\n<\/tr>\n<tr valign=\"TOP\">\n<td width=\"32%\">\n<p lang=\"en-US\" align=\"CENTER\"><span style=\"font-size: small;\"><strong><span style=\"background-color: transparent;\">Bluewin<\/span><\/strong><\/span><\/p>\n<\/td>\n<td width=\"29%\">\n<p lang=\"en-US\" align=\"CENTER\"><span style=\"font-size: small;\"><span style=\"background-color: transparent;\">Bluewin.ch<\/span><\/span><\/p>\n<\/td>\n<td width=\"38%\">\n<p lang=\"en-US\" align=\"CENTER\"><span style=\"font-size: small;\"><span style=\"background-color: transparent;\">Smtpauths.bluewin.ch <\/span><\/span><\/p>\n<\/td>\n<\/tr>\n<tr valign=\"TOP\">\n<td width=\"32%\">\n<p lang=\"en-US\" align=\"CENTER\"><span style=\"font-size: small;\"><strong>Fastweb<\/strong><\/span><\/p>\n<\/td>\n<td width=\"29%\">\n<p lang=\"en-US\" align=\"CENTER\"><span style=\"font-size: small;\">Fastweb.it<\/span><\/p>\n<\/td>\n<td width=\"38%\">\n<p lang=\"en-US\" align=\"CENTER\"><span style=\"font-size: small;\">Out.fastweb.it<\/span><\/p>\n<\/td>\n<\/tr>\n<tr valign=\"TOP\">\n<td width=\"32%\">\n<p lang=\"en-US\" align=\"CENTER\"><span style=\"font-size: small;\"><strong>Gmail<\/strong><\/span><\/p>\n<\/td>\n<td width=\"29%\">\n<p lang=\"en-US\" align=\"CENTER\"><span style=\"font-size: small;\">Gmail.com<\/span><\/p>\n<\/td>\n<td width=\"38%\">\n<p lang=\"en-US\" align=\"CENTER\"><span style=\"font-size: small;\">Smtp.gmail.com<\/span><\/p>\n<\/td>\n<\/tr>\n<tr valign=\"TOP\">\n<td width=\"32%\">\n<p lang=\"en-US\" align=\"CENTER\"><span style=\"font-size: small;\"><strong>Hotmail<\/strong><\/span><\/p>\n<\/td>\n<td width=\"29%\">\n<p lang=\"en-US\" align=\"CENTER\"><span style=\"font-size: small;\">Hotmail.com<\/span><\/p>\n<\/td>\n<td width=\"38%\">\n<p lang=\"en-US\" align=\"CENTER\"><span style=\"font-size: small;\">Smtp.live.com<\/span><\/p>\n<\/td>\n<\/tr>\n<tr valign=\"TOP\">\n<td width=\"32%\">\n<p lang=\"en-US\" align=\"CENTER\"><span style=\"font-size: small;\"><strong>Libero<\/strong><\/span><\/p>\n<\/td>\n<td width=\"29%\">\n<p lang=\"en-US\" align=\"CENTER\"><span style=\"font-size: small;\">Libero.it<\/span><\/p>\n<\/td>\n<td width=\"38%\">\n<p lang=\"en-US\" align=\"CENTER\"><span style=\"font-size: small;\">Mail.libero.it<\/span><\/p>\n<\/td>\n<\/tr>\n<tr valign=\"TOP\">\n<td width=\"32%\">\n<p lang=\"en-US\" align=\"CENTER\"><span style=\"font-size: small;\"><strong>Tim<\/strong><\/span><\/p>\n<\/td>\n<td width=\"29%\">\n<p lang=\"en-US\" align=\"CENTER\"><span style=\"font-size: small;\">Tim.it<\/span><\/p>\n<\/td>\n<td width=\"38%\">\n<p lang=\"en-US\" align=\"CENTER\"><span style=\"font-size: small;\">Box.posta.tim.it<\/span><\/p>\n<\/td>\n<\/tr>\n<tr valign=\"TOP\">\n<td width=\"32%\">\n<p lang=\"en-US\" align=\"CENTER\"><span style=\"font-size: small;\"><strong>Tin<\/strong><\/span><\/p>\n<\/td>\n<td width=\"29%\">\n<p lang=\"en-US\" align=\"CENTER\"><span style=\"font-size: small;\">Tin.it<\/span><\/p>\n<\/td>\n<td width=\"38%\">\n<p lang=\"en-US\" align=\"CENTER\"><span style=\"font-size: small;\">Mail.tin.it<\/span><\/p>\n<\/td>\n<\/tr>\n<tr valign=\"TOP\">\n<td width=\"32%\">\n<p lang=\"en-US\" align=\"CENTER\"><span style=\"font-size: small;\"><strong>Tiscali<\/strong><\/span><\/p>\n<\/td>\n<td width=\"29%\">\n<p lang=\"en-US\" align=\"CENTER\"><span style=\"font-size: small;\">Tiscali.it<\/span><\/p>\n<\/td>\n<td width=\"38%\">\n<p lang=\"en-US\" align=\"CENTER\"><span style=\"font-size: small;\">Smtp.tiscali.it<\/span><\/p>\n<\/td>\n<\/tr>\n<tr valign=\"TOP\">\n<td width=\"32%\">\n<p lang=\"en-US\" align=\"CENTER\"><span style=\"font-size: small;\"><strong>Tre<\/strong><\/span><\/p>\n<\/td>\n<td width=\"29%\">\n<p lang=\"en-US\" align=\"CENTER\"><span style=\"font-size: small;\">Tre.it<\/span><\/p>\n<\/td>\n<td width=\"38%\">\n<p lang=\"en-US\" align=\"CENTER\"><span style=\"font-size: small;\">Smtp.tre.it<\/span><\/p>\n<\/td>\n<\/tr>\n<tr valign=\"TOP\">\n<td width=\"32%\">\n<p lang=\"en-US\" align=\"CENTER\"><span style=\"font-size: small;\"><strong>Virgilio<\/strong><\/span><\/p>\n<\/td>\n<td width=\"29%\">\n<p lang=\"en-US\" align=\"CENTER\"><span style=\"font-size: small;\">Virgilio.it<\/span><\/p>\n<\/td>\n<td width=\"38%\">\n<p lang=\"en-US\" align=\"CENTER\"><span style=\"font-size: small;\">Out.virgilio.it<\/span><\/p>\n<\/td>\n<\/tr>\n<tr valign=\"TOP\">\n<td width=\"32%\">\n<p lang=\"en-US\" align=\"CENTER\"><span style=\"font-size: small;\"><strong>Vodafone<\/strong><\/span><\/p>\n<\/td>\n<td width=\"29%\">\n<p lang=\"en-US\" align=\"CENTER\"><span style=\"font-size: small;\">Vodafone.it<\/span><\/p>\n<\/td>\n<td width=\"38%\">\n<p lang=\"en-US\" align=\"CENTER\"><span style=\"font-size: small;\">Smtp.net.vodafone.it<\/span><\/p>\n<\/td>\n<\/tr>\n<tr valign=\"TOP\">\n<td width=\"32%\">\n<p lang=\"en-US\" align=\"CENTER\"><span style=\"font-size: small;\"><strong>Wind<\/strong><\/span><\/p>\n<\/td>\n<td width=\"29%\">\n<p lang=\"en-US\" align=\"CENTER\"><span style=\"font-size: small;\">Wind.it<\/span><\/p>\n<\/td>\n<td width=\"38%\">\n<p lang=\"en-US\" align=\"CENTER\"><span style=\"font-size: small;\">Smtp.libero.it<\/span><\/p>\n<\/td>\n<\/tr>\n<tr valign=\"TOP\">\n<td width=\"32%\">\n<p lang=\"en-US\" align=\"CENTER\"><span style=\"font-size: small;\"><strong>Yahoo<\/strong><\/span><\/p>\n<\/td>\n<td width=\"29%\">\n<p lang=\"en-US\" align=\"CENTER\"><span style=\"font-size: small;\">Yahoo.com<\/span><\/p>\n<\/td>\n<td width=\"38%\">\n<p lang=\"en-US\" align=\"CENTER\"><span style=\"font-size: small;\">Mail.yahoo.it<\/span><\/p>\n<\/td>\n<\/tr>\n<\/tbody>\n<\/table>\n<p>&nbsp;<\/p>\n","protected":false},"excerpt":{"rendered":"<p>Un server di posta in uscita \u00e8 il server che si occupa del processo di spedizione e consegna delle email. Dato che utilizza il protocollo SMTP per funzionare, \u00e8 chiamato pi\u00f9 comunemente server SMTP. Qui di seguito trovate i parametri dei server di posta in uscita pi\u00f9 diffusi. PROVIDER URL NOME SERVER SMTP Alice Telecomitalia.it &#8230; <\/p>\n<p class=\"read-more-container\"><a title=\"Server di posta in uscita\" class=\"read-more button\" href=\"https:\/\/serversmtp.com\/it\/server-di-posta-in-uscita\/#more-1495\" aria-label=\"Per saperne di pi\u00f9 su Server di posta in uscita\">Discover more<\/a><\/p>\n","protected":false},"author":3,"featured_media":0,"parent":0,"menu_order":0,"comment_status":"closed","ping_status":"closed","template":"g1_template_page_sidebar_right.php","meta":{"_eb_attr":"","inline_featured_image":false,"_monsterinsights_skip_tracking":false,"_monsterinsights_sitenote_active":false,"_monsterinsights_sitenote_note":"","_monsterinsights_sitenote_category":0,"footnotes":""},"class_list":["post-1495","page","type-page","status-publish"],"yoast_head":"<!-- This site is optimized with the Yoast SEO plugin v25.3.1 - https:\/\/yoast.com\/wordpress\/plugins\/seo\/ -->\n<title>Server di posta in uscita - Server Mail SMTP - Provider di servizi SMTP professionali<\/title>\n<meta name=\"robots\" content=\"index, follow, max-snippet:-1, max-image-preview:large, max-video-preview:-1\" \/>\n<link rel=\"canonical\" href=\"https:\/\/serversmtp.com\/it\/server-di-posta-in-uscita\/\" \/>\n<meta name=\"twitter:label1\" content=\"Tempo di lettura stimato\" \/>\n\t<meta name=\"twitter:data1\" content=\"1 minuto\" \/>\n<!-- \/ Yoast SEO plugin. -->","yoast_head_json":{"title":"Server di posta in uscita - Server Mail SMTP - Provider di servizi SMTP professionali","robots":{"index":"index","follow":"follow","max-snippet":"max-snippet:-1","max-image-preview":"max-image-preview:large","max-video-preview":"max-video-preview:-1"},"canonical":"https:\/\/serversmtp.com\/it\/server-di-posta-in-uscita\/","twitter_misc":{"Tempo di lettura stimato":"1 minuto"},"schema":{"@context":"https:\/\/schema.org","@graph":[{"@type":"WebPage","@id":"https:\/\/serversmtp.com\/it\/server-di-posta-in-uscita\/","url":"https:\/\/serversmtp.com\/it\/server-di-posta-in-uscita\/","name":"Server di posta in uscita - Server Mail SMTP - Provider di servizi SMTP professionali","isPartOf":{"@id":"https:\/\/serversmtp.com\/de\/#website"},"datePublished":"2018-03-27T15:57:42+00:00","dateModified":"2018-04-17T13:26:06+00:00","breadcrumb":{"@id":"https:\/\/serversmtp.com\/it\/server-di-posta-in-uscita\/#breadcrumb"},"inLanguage":"it-IT","potentialAction":[{"@type":"ReadAction","target":["https:\/\/serversmtp.com\/it\/server-di-posta-in-uscita\/"]}]},{"@type":"BreadcrumbList","@id":"https:\/\/serversmtp.com\/it\/server-di-posta-in-uscita\/#breadcrumb","itemListElement":[{"@type":"ListItem","position":1,"name":"Home","item":"https:\/\/serversmtp.com\/it\/"},{"@type":"ListItem","position":2,"name":"Server di posta in uscita"}]},{"@type":"WebSite","@id":"https:\/\/serversmtp.com\/de\/#website","url":"https:\/\/serversmtp.com\/de\/","name":"Server Mail SMTP - Provider di servizi SMTP professionali","description":"Server Mail SMTP - Provider di servizi SMTP professionali","publisher":{"@id":"https:\/\/serversmtp.com\/de\/#organization"},"potentialAction":[{"@type":"SearchAction","target":{"@type":"EntryPoint","urlTemplate":"https:\/\/serversmtp.com\/de\/?s={search_term_string}"},"query-input":{"@type":"PropertyValueSpecification","valueRequired":true,"valueName":"search_term_string"}}],"inLanguage":"it-IT"},{"@type":"Organization","@id":"https:\/\/serversmtp.com\/de\/#organization","name":"Delivery Tech","url":"https:\/\/serversmtp.com\/de\/","logo":{"@type":"ImageObject","inLanguage":"it-IT","@id":"https:\/\/serversmtp.com\/de\/#\/schema\/logo\/image\/","url":"https:\/\/serversmtp.com\/wp-content\/uploads\/2021\/11\/og-image-2.jpg","contentUrl":"https:\/\/serversmtp.com\/wp-content\/uploads\/2021\/11\/og-image-2.jpg","width":1200,"height":1128,"caption":"Delivery Tech"},"image":{"@id":"https:\/\/serversmtp.com\/de\/#\/schema\/logo\/image\/"}}]}},"_links":{"self":[{"href":"https:\/\/serversmtp.com\/it\/wp-json\/wp\/v2\/pages\/1495"}],"collection":[{"href":"https:\/\/serversmtp.com\/it\/wp-json\/wp\/v2\/pages"}],"about":[{"href":"https:\/\/serversmtp.com\/it\/wp-json\/wp\/v2\/types\/page"}],"author":[{"embeddable":true,"href":"https:\/\/serversmtp.com\/it\/wp-json\/wp\/v2\/users\/3"}],"replies":[{"embeddable":true,"href":"https:\/\/serversmtp.com\/it\/wp-json\/wp\/v2\/comments?post=1495"}],"version-history":[{"count":4,"href":"https:\/\/serversmtp.com\/it\/wp-json\/wp\/v2\/pages\/1495\/revisions"}],"predecessor-version":[{"id":2542,"href":"https:\/\/serversmtp.com\/it\/wp-json\/wp\/v2\/pages\/1495\/revisions\/2542"}],"wp:attachment":[{"href":"https:\/\/serversmtp.com\/it\/wp-json\/wp\/v2\/media?parent=1495"}],"curies":[{"name":"wp","href":"https:\/\/api.w.org\/{rel}","templated":true}]}}