{"id":1485,"date":"2018-03-27T17:39:06","date_gmt":"2018-03-27T15:39:06","guid":{"rendered":"https:\/\/dev.serversmtp.com\/?page_id=1485"},"modified":"2021-05-06T17:02:38","modified_gmt":"2021-05-06T15:02:38","slug":"problemi-invio-posta-outlook","status":"publish","type":"page","link":"https:\/\/serversmtp.com\/it\/problemi-invio-posta-outlook\/","title":{"rendered":"Problemi di invio posta con Outlook"},"content":{"rendered":"<p>I problemi relativi all&#8217;<strong>invio della posta elettronica con Microsoft Outlook<\/strong> sono piuttosto diffusi: pu\u00f2 capitare infatti di continuare a ricevere le email regolarmente, ma essere <strong>incapaci di spedirle<\/strong>. Per quale ragione?<\/p>\n<p>Tolto il caso pi\u00f9 banale \u2014 la <strong>connessione a internet<\/strong> non funziona \u2014 la causa pi\u00f9 comune di questi errori di invio \u00e8 legata al <strong>server SMTP<\/strong> in uso. Al momento della configurazione di Outlook, infatti, \u00e8 necessario indicare i parametri SMTP del proprio account di posta (ad esempio Gmail o Yahoo):<\/p>\n<p><img decoding=\"async\" class=\"aligncenter wp-image-1423 size-full\" src=\"https:\/\/serversmtp.com\/wp-content\/uploads\/2018\/03\/impostazioni-smtp-outlook.jpg\" alt=\"\" width=\"400\" height=\"353\" srcset=\"https:\/\/serversmtp.com\/wp-content\/uploads\/2018\/03\/impostazioni-smtp-outlook.jpg 400w, https:\/\/serversmtp.com\/wp-content\/uploads\/2018\/03\/impostazioni-smtp-outlook-300x265.jpg 300w, https:\/\/serversmtp.com\/wp-content\/uploads\/2018\/03\/impostazioni-smtp-outlook-320x282.jpg 320w, https:\/\/serversmtp.com\/wp-content\/uploads\/2018\/03\/impostazioni-smtp-outlook-239x211.jpg 239w\" sizes=\"(max-width: 400px) 100vw, 400px\" \/><\/p>\n<p>La prima cosa da fare pertanto \u00e8 <strong>verificare che tali impostazioni siano corrette<\/strong>: per ulteriori informazioni potete consultare la nostra lista dei principali <a title=\"parametri SMTP\" href=\"\/it\/parametri-smtp\">parametri SMTP<\/a> e il nostro articolo sulla <a title=\"configurazione SMTP\" href=\"\/it\/configurazione-smtp\">configurazione del server di posta in uscita<\/a> su un client.<\/p>\n<p>Un&#8217;altra causa diffusa \u00e8 l&#8217;inserimento in Outlook di <strong>troppi destinatari<\/strong> \u2014 ad esempio quando si invia una newsletter o un&#8217;email a pi\u00f9 contatti. I server SMTP dei provider di posta gratuiti pongono infatti un <strong>limite<\/strong> al numero di indirizzi cui inviare un&#8217;email: ad esempio, per Libero.it sono 50 per ogni messaggio. Se tale limite viene superato, l&#8217;invio non riesce.<\/p>\n<p>Un metodo efficace per risolvere tutti questi problemi una volta per tutte e non incorrere pi\u00f9 in errori di invio con Outlook \u00e8 scegliere un <strong>server SMTP professionale<\/strong> quale\u00a0<a title=\"server SMTP professionale\" href=\"\/it\/signup\">turboSMTP<\/a>.<\/p>\n<p>A differenza dei server associati ai provider gratuiti, turboSMTP <strong>garantisce il recapito di tutti i vostri messaggi<\/strong> e l&#8217;invio di email illimitate.<\/p>\n<p>Potete <a title=\"smtp professionale\" href=\"\/it\/signup\">attivare subito il piano gratuito<\/a> che consente di inviare fino a 200 messaggi al giorno, e se necessario scegliere uno dei numerosi piani a pagamento \u2014 a seconda delle vostre necessit\u00e0.<\/p>\n<p>Ci\u00f2 detto, ricordiamo comunque che <strong>Outlook non \u00e8 lo strumento pi\u00f9 adatto per l&#8217;email marketing<\/strong>\u00a0&#8211; essendo stato creato per lo pi\u00f9 per la comunicazione one-to-one e non per l&#8217;invio di massa. Al netto dei problemi con l&#8217;SMTP, pu\u00f2 dunque generare altre difficolt\u00e0 quando si tratta di spedire una newsletter.<\/p>\n<p>Consigliamo quindi di affidarsi a un software specifico e dedicato come <a title=\"sendblaster\" href=\"http:\/\/www.sendblaster.it\/\">SendBlaster<\/a>: \u00e8 il modo migliore per gestire la vostra campagna di email marketing e le vostre liste!<\/p>\n<p>&nbsp;<\/p>\n","protected":false},"excerpt":{"rendered":"<p>I problemi relativi all&#8217;invio della posta elettronica con Microsoft Outlook sono piuttosto diffusi: pu\u00f2 capitare infatti di continuare a ricevere le email regolarmente, ma essere incapaci di spedirle. Per quale ragione? Tolto il caso pi\u00f9 banale \u2014 la connessione a internet non funziona \u2014 la causa pi\u00f9 comune di questi errori di invio \u00e8 legata &#8230; <\/p>\n<p class=\"read-more-container\"><a title=\"Problemi di invio posta con Outlook\" class=\"read-more button\" href=\"https:\/\/serversmtp.com\/it\/problemi-invio-posta-outlook\/#more-1485\" aria-label=\"Per saperne di pi\u00f9 su Problemi di invio posta con Outlook\">Discover more<\/a><\/p>\n","protected":false},"author":3,"featured_media":0,"parent":0,"menu_order":0,"comment_status":"closed","ping_status":"closed","template":"g1_template_page_sidebar_right.php","meta":{"_eb_attr":"","inline_featured_image":false,"_monsterinsights_skip_tracking":false,"_monsterinsights_sitenote_active":false,"_monsterinsights_sitenote_note":"","_monsterinsights_sitenote_category":0,"footnotes":""},"class_list":["post-1485","page","type-page","status-publish"],"yoast_head":"<!-- This site is optimized with the Yoast SEO plugin v25.3.1 - https:\/\/yoast.com\/wordpress\/plugins\/seo\/ -->\n<title>Problemi di invio della posta elettronica con MS Outlook<\/title>\n<meta name=\"description\" content=\"Leggi la guida completa alla risoluzione dei problemi di invio della posta con Microsoft Outlook e all&#039;impostazione del server SMTP.\" \/>\n<meta name=\"robots\" content=\"index, follow, max-snippet:-1, max-image-preview:large, max-video-preview:-1\" \/>\n<link rel=\"canonical\" href=\"https:\/\/serversmtp.com\/it\/problemi-invio-posta-outlook\/\" \/>\n<meta name=\"twitter:label1\" content=\"Tempo di lettura stimato\" \/>\n\t<meta name=\"twitter:data1\" content=\"2 minuti\" \/>\n<!-- \/ Yoast SEO plugin. -->","yoast_head_json":{"title":"Problemi di invio della posta elettronica con MS Outlook","description":"Leggi la guida completa alla risoluzione dei problemi di invio della posta con Microsoft Outlook e all'impostazione del server SMTP.","robots":{"index":"index","follow":"follow","max-snippet":"max-snippet:-1","max-image-preview":"max-image-preview:large","max-video-preview":"max-video-preview:-1"},"canonical":"https:\/\/serversmtp.com\/it\/problemi-invio-posta-outlook\/","twitter_misc":{"Tempo di lettura stimato":"2 minuti"},"schema":{"@context":"https:\/\/schema.org","@graph":[{"@type":"WebPage","@id":"https:\/\/serversmtp.com\/it\/problemi-invio-posta-outlook\/","url":"https:\/\/serversmtp.com\/it\/problemi-invio-posta-outlook\/","name":"Problemi di invio della posta elettronica con MS Outlook","isPartOf":{"@id":"https:\/\/serversmtp.com\/#website"},"primaryImageOfPage":{"@id":"https:\/\/serversmtp.com\/it\/problemi-invio-posta-outlook\/#primaryimage"},"image":{"@id":"https:\/\/serversmtp.com\/it\/problemi-invio-posta-outlook\/#primaryimage"},"thumbnailUrl":"https:\/\/serversmtp.com\/wp-content\/uploads\/2018\/03\/impostazioni-smtp-outlook.jpg","datePublished":"2018-03-27T15:39:06+00:00","dateModified":"2021-05-06T15:02:38+00:00","description":"Leggi la guida completa alla risoluzione dei problemi di invio della posta con Microsoft Outlook e all'impostazione del server SMTP.","breadcrumb":{"@id":"https:\/\/serversmtp.com\/it\/problemi-invio-posta-outlook\/#breadcrumb"},"inLanguage":"it-IT","potentialAction":[{"@type":"ReadAction","target":["https:\/\/serversmtp.com\/it\/problemi-invio-posta-outlook\/"]}]},{"@type":"ImageObject","inLanguage":"it-IT","@id":"https:\/\/serversmtp.com\/it\/problemi-invio-posta-outlook\/#primaryimage","url":"https:\/\/serversmtp.com\/wp-content\/uploads\/2018\/03\/impostazioni-smtp-outlook.jpg","contentUrl":"https:\/\/serversmtp.com\/wp-content\/uploads\/2018\/03\/impostazioni-smtp-outlook.jpg"},{"@type":"BreadcrumbList","@id":"https:\/\/serversmtp.com\/it\/problemi-invio-posta-outlook\/#breadcrumb","itemListElement":[{"@type":"ListItem","position":1,"name":"Home","item":"https:\/\/serversmtp.com\/it\/"},{"@type":"ListItem","position":2,"name":"Problemi di invio posta con Outlook"}]},{"@type":"WebSite","@id":"https:\/\/serversmtp.com\/#website","url":"https:\/\/serversmtp.com\/","name":"Server Mail SMTP - Provider di servizi SMTP professionali","description":"Server Mail SMTP - Provider di servizi SMTP professionali","publisher":{"@id":"https:\/\/serversmtp.com\/#organization"},"potentialAction":[{"@type":"SearchAction","target":{"@type":"EntryPoint","urlTemplate":"https:\/\/serversmtp.com\/?s={search_term_string}"},"query-input":{"@type":"PropertyValueSpecification","valueRequired":true,"valueName":"search_term_string"}}],"inLanguage":"it-IT"},{"@type":"Organization","@id":"https:\/\/serversmtp.com\/#organization","name":"Delivery Tech","url":"https:\/\/serversmtp.com\/","logo":{"@type":"ImageObject","inLanguage":"it-IT","@id":"https:\/\/serversmtp.com\/#\/schema\/logo\/image\/","url":"https:\/\/serversmtp.com\/wp-content\/uploads\/2021\/11\/og-image-2.jpg","contentUrl":"https:\/\/serversmtp.com\/wp-content\/uploads\/2021\/11\/og-image-2.jpg","width":1200,"height":1128,"caption":"Delivery Tech"},"image":{"@id":"https:\/\/serversmtp.com\/#\/schema\/logo\/image\/"}}]}},"_links":{"self":[{"href":"https:\/\/serversmtp.com\/it\/wp-json\/wp\/v2\/pages\/1485"}],"collection":[{"href":"https:\/\/serversmtp.com\/it\/wp-json\/wp\/v2\/pages"}],"about":[{"href":"https:\/\/serversmtp.com\/it\/wp-json\/wp\/v2\/types\/page"}],"author":[{"embeddable":true,"href":"https:\/\/serversmtp.com\/it\/wp-json\/wp\/v2\/users\/3"}],"replies":[{"embeddable":true,"href":"https:\/\/serversmtp.com\/it\/wp-json\/wp\/v2\/comments?post=1485"}],"version-history":[{"count":3,"href":"https:\/\/serversmtp.com\/it\/wp-json\/wp\/v2\/pages\/1485\/revisions"}],"predecessor-version":[{"id":2541,"href":"https:\/\/serversmtp.com\/it\/wp-json\/wp\/v2\/pages\/1485\/revisions\/2541"}],"wp:attachment":[{"href":"https:\/\/serversmtp.com\/it\/wp-json\/wp\/v2\/media?parent=1485"}],"curies":[{"name":"wp","href":"https:\/\/api.w.org\/{rel}","templated":true}]}}