{"id":1481,"date":"2018-03-27T17:35:33","date_gmt":"2018-03-27T15:35:33","guid":{"rendered":"https:\/\/dev.serversmtp.com\/?page_id=1481"},"modified":"2018-04-17T15:22:26","modified_gmt":"2018-04-17T13:22:26","slug":"problemi-libero-mail","status":"publish","type":"page","link":"https:\/\/serversmtp.com\/it\/problemi-libero-mail\/","title":{"rendered":"Problemi di invio posta con Libero mail"},"content":{"rendered":"<p>Utilizzate una <strong>casella di posta elettronica di Libero<\/strong>\u00a0(Libero mail) e avete dei problemi con l&#8217;<strong>invio delle email<\/strong>? Purtroppo succede di frequente, in particolare in connessione a un client di posta quale Outlook o Thunderbird.<\/p>\n<p>Qui di seguito abbiamo raccolto le cause pi\u00f9 comuni che impediscono un corretto flusso della posta in uscita di Libero mail, e le relative soluzioni:<\/p>\n<ol>\n<li><strong>Problemi di connessione<\/strong>. Un classico: prima di tutto verificate che la vostra connessione a internet sia funzionante!<\/li>\n<li><strong>Parametri SMTP di Libero non corretti<\/strong>. Forse l&#8217;errore pi\u00f9 comune quando si utilizza un client di posta elettronica: durante la configurazione del server SMTP di Libero mail sono stati inseriti dei dettagli errati. Il nome corretto di tale server \u00e8 smtp.libero.it; per ulteriori informazioni consultate il nostro articolo su come <a title=\"SMTP libero\" href=\"\/it\/smtp-libero-configurazione\">impostare l&#8217;SMTP di Libero<\/a>.<\/li>\n<li><strong>Troppi destinatari<\/strong>. Questo \u00e8 un punto importante, specie per chi invia newsletter o email a destinatari multipli. Libero pone un <strong>limite<\/strong> al numero di indirizzi che si possono inserire nel campo A o CC\/CCN: 50, per l&#8217;esattezza. Se provate a spedire a pi\u00f9 destinatari, l&#8217;email verr\u00e0 bloccata e l&#8217;invio non riuscir\u00e0. Si tratta di una pratica diffusa presso tutti i provider di posta gratuiti, e serve a impedire agli spammer di utilizzare un account di Libero per inviare messaggi indesiderati. La soluzione? <strong>Affidarsi a un server SMTP professionale<\/strong> come turboSMTP, che consente di inviare email illimitate senza problemi, con la certezza che vengano sempre consegnate. (C&#8217;\u00e8 anche un <a title=\"SMTP professionale\" href=\"\/it\/tsmtpregistration1.php\">comodo piano gratuito<\/a> per chi spedisce fino a 200 messaggi al giorno).<\/li>\n<li><strong>L&#8217;email in uscita \u00e8 troppo pesante<\/strong>. A volte non si riesce a spedire un&#8217;email con Libero a causa del suo peso eccessivo: questo capita in particolare quando gli allegati sono troppo voluminosi. Provate a separare gli allegati in pi\u00f9 messaggi.<\/li>\n<li><strong>Problemi tecnici (antivirus e firewall)<\/strong>. Alcuni antivirus o firewall molto aggressivi possono bloccare la posta in uscita anche quando \u00e8 perfettamente legittima: verificate le impostazioni dei vostri programmi di sicurezza e inserite eventuali regole di eccezione per garantire che le email possano essere inviate senza intoppi.<\/li>\n<\/ol>\n<p>In ogni caso, \u00e8 bene ripeterlo: il modo pi\u00f9 semplice per risolvere questi problemi una volta per tutte \u00e8 scegliere un <strong><a title=\"Servizio SMTP gratis\" href=\"\/it\/tsmtpregistration1.php\">servizio SMTP dedicato<\/a> <\/strong>in grado di garantire l&#8217;invio \u2014 e soprattutto la consegna \u2014 di ogni vostra email.<\/p>\n<p>Con turboSMTP sarete in grado di spedire i messaggi <strong>dalla vostra casella di posta di Libero<\/strong> come al solito, ma con la garanzia di un server di posta in uscita monitorato \u2014 e un&#8217;<strong>assistenza clienti sempre disponibile<\/strong>.<\/p>\n<p>&nbsp;<\/p>\n","protected":false},"excerpt":{"rendered":"<p>Utilizzate una casella di posta elettronica di Libero\u00a0(Libero mail) e avete dei problemi con l&#8217;invio delle email? Purtroppo succede di frequente, in particolare in connessione a un client di posta quale Outlook o Thunderbird. Qui di seguito abbiamo raccolto le cause pi\u00f9 comuni che impediscono un corretto flusso della posta in uscita di Libero mail, &#8230; <\/p>\n<p class=\"read-more-container\"><a title=\"Problemi di invio posta con Libero mail\" class=\"read-more button\" href=\"https:\/\/serversmtp.com\/it\/problemi-libero-mail\/#more-1481\" aria-label=\"Per saperne di pi\u00f9 su Problemi di invio posta con Libero mail\">Discover more<\/a><\/p>\n","protected":false},"author":3,"featured_media":0,"parent":0,"menu_order":0,"comment_status":"closed","ping_status":"closed","template":"g1_template_page_sidebar_right.php","meta":{"_eb_attr":"","inline_featured_image":false,"_monsterinsights_skip_tracking":false,"_monsterinsights_sitenote_active":false,"_monsterinsights_sitenote_note":"","_monsterinsights_sitenote_category":0,"footnotes":""},"class_list":["post-1481","page","type-page","status-publish"],"yoast_head":"<!-- This site is optimized with the Yoast SEO plugin v25.3.1 - https:\/\/yoast.com\/wordpress\/plugins\/seo\/ -->\n<title>Problemi di invio posta con Libero mail - Server Mail SMTP - Provider di servizi SMTP professionali<\/title>\n<meta name=\"robots\" content=\"index, follow, max-snippet:-1, max-image-preview:large, max-video-preview:-1\" \/>\n<link rel=\"canonical\" href=\"https:\/\/serversmtp.com\/it\/problemi-libero-mail\/\" \/>\n<meta name=\"twitter:label1\" content=\"Tempo di lettura stimato\" \/>\n\t<meta name=\"twitter:data1\" content=\"2 minuti\" \/>\n<!-- \/ Yoast SEO plugin. -->","yoast_head_json":{"title":"Problemi di invio posta con Libero mail - Server Mail SMTP - Provider di servizi SMTP professionali","robots":{"index":"index","follow":"follow","max-snippet":"max-snippet:-1","max-image-preview":"max-image-preview:large","max-video-preview":"max-video-preview:-1"},"canonical":"https:\/\/serversmtp.com\/it\/problemi-libero-mail\/","twitter_misc":{"Tempo di lettura stimato":"2 minuti"},"schema":{"@context":"https:\/\/schema.org","@graph":[{"@type":"WebPage","@id":"https:\/\/serversmtp.com\/it\/problemi-libero-mail\/","url":"https:\/\/serversmtp.com\/it\/problemi-libero-mail\/","name":"Problemi di invio posta con Libero mail - Server Mail SMTP - Provider di servizi SMTP professionali","isPartOf":{"@id":"https:\/\/serversmtp.com\/sv\/#website"},"datePublished":"2018-03-27T15:35:33+00:00","dateModified":"2018-04-17T13:22:26+00:00","breadcrumb":{"@id":"https:\/\/serversmtp.com\/it\/problemi-libero-mail\/#breadcrumb"},"inLanguage":"it-IT","potentialAction":[{"@type":"ReadAction","target":["https:\/\/serversmtp.com\/it\/problemi-libero-mail\/"]}]},{"@type":"BreadcrumbList","@id":"https:\/\/serversmtp.com\/it\/problemi-libero-mail\/#breadcrumb","itemListElement":[{"@type":"ListItem","position":1,"name":"Home","item":"https:\/\/serversmtp.com\/it\/"},{"@type":"ListItem","position":2,"name":"Problemi di invio posta con Libero mail"}]},{"@type":"WebSite","@id":"https:\/\/serversmtp.com\/sv\/#website","url":"https:\/\/serversmtp.com\/sv\/","name":"Server Mail SMTP - Provider di servizi SMTP professionali","description":"Server Mail SMTP - Provider di servizi SMTP professionali","publisher":{"@id":"https:\/\/serversmtp.com\/sv\/#organization"},"potentialAction":[{"@type":"SearchAction","target":{"@type":"EntryPoint","urlTemplate":"https:\/\/serversmtp.com\/sv\/?s={search_term_string}"},"query-input":{"@type":"PropertyValueSpecification","valueRequired":true,"valueName":"search_term_string"}}],"inLanguage":"it-IT"},{"@type":"Organization","@id":"https:\/\/serversmtp.com\/sv\/#organization","name":"Delivery Tech","url":"https:\/\/serversmtp.com\/sv\/","logo":{"@type":"ImageObject","inLanguage":"it-IT","@id":"https:\/\/serversmtp.com\/sv\/#\/schema\/logo\/image\/","url":"https:\/\/serversmtp.com\/wp-content\/uploads\/2021\/11\/og-image-2.jpg","contentUrl":"https:\/\/serversmtp.com\/wp-content\/uploads\/2021\/11\/og-image-2.jpg","width":1200,"height":1128,"caption":"Delivery Tech"},"image":{"@id":"https:\/\/serversmtp.com\/sv\/#\/schema\/logo\/image\/"}}]}},"_links":{"self":[{"href":"https:\/\/serversmtp.com\/it\/wp-json\/wp\/v2\/pages\/1481"}],"collection":[{"href":"https:\/\/serversmtp.com\/it\/wp-json\/wp\/v2\/pages"}],"about":[{"href":"https:\/\/serversmtp.com\/it\/wp-json\/wp\/v2\/types\/page"}],"author":[{"embeddable":true,"href":"https:\/\/serversmtp.com\/it\/wp-json\/wp\/v2\/users\/3"}],"replies":[{"embeddable":true,"href":"https:\/\/serversmtp.com\/it\/wp-json\/wp\/v2\/comments?post=1481"}],"version-history":[{"count":3,"href":"https:\/\/serversmtp.com\/it\/wp-json\/wp\/v2\/pages\/1481\/revisions"}],"predecessor-version":[{"id":2540,"href":"https:\/\/serversmtp.com\/it\/wp-json\/wp\/v2\/pages\/1481\/revisions\/2540"}],"wp:attachment":[{"href":"https:\/\/serversmtp.com\/it\/wp-json\/wp\/v2\/media?parent=1481"}],"curies":[{"name":"wp","href":"https:\/\/api.w.org\/{rel}","templated":true}]}}