{"id":1477,"date":"2018-03-27T17:33:10","date_gmt":"2018-03-27T15:33:10","guid":{"rendered":"https:\/\/dev.serversmtp.com\/?page_id=1477"},"modified":"2021-05-06T17:05:42","modified_gmt":"2021-05-06T15:05:42","slug":"problemi-posta-alice","status":"publish","type":"page","link":"https:\/\/serversmtp.com\/it\/problemi-posta-alice\/","title":{"rendered":"Problemi di invio posta con Alice?"},"content":{"rendered":"<p><img decoding=\"async\" width=\"484\" height=\"311\" src=\"https:\/\/serversmtp.com\/wp-content\/uploads\/2019\/05\/smtp-alice.png\" alt=\"Smtp Alice\" class=\"alignnone size-medium wp-image-5329\" srcset=\"https:\/\/serversmtp.com\/wp-content\/uploads\/2019\/05\/smtp-alice.png 484w, https:\/\/serversmtp.com\/wp-content\/uploads\/2019\/05\/smtp-alice-300x193.png 300w, https:\/\/serversmtp.com\/wp-content\/uploads\/2019\/05\/smtp-alice-320x206.png 320w, https:\/\/serversmtp.com\/wp-content\/uploads\/2019\/05\/smtp-alice-239x154.png 239w\" sizes=\"(max-width: 484px) 100vw, 484px\" \/><\/p>\n<p>Se si utilizza una <strong>casella di posta Alice<\/strong> e si hanno <strong>problemi di invio delle email<\/strong>, le ragioni possono essere diverse. Il problema \u00e8 molto fastidioso e purtroppo piuttosto frequente: qui di seguito abbiamo raccolto un elenco delle cause pi\u00f9 comuni che impediscono di<strong> inviare correttamente la propria posta elettronica con Alice<\/strong>, con annessa soluzione:<\/p>\n<ol>\n<li><strong>Connessione internet interrotta<\/strong>. La prima cosa da fare \u00e8 controllare sempre che la vostra connessione internet Alice sia <strong>attiva<\/strong>: pu\u00f2 sembrare banale, ma \u00e8 meglio togliersi subito il dubbio.<\/li>\n<li><strong>Parametri SMTP errati<\/strong>. Se state usando un client di posta (come Outlook o Thunderbird), \u00e8 possibile che abbiate configurato in modo errato il server SMTP di Alice. Il parametro corretto \u00e8 <strong>out.alice.it<\/strong>, e la porta da utilizzare \u00e8 la numero 587. Per ulteriori informazioni, consultate il nostro articolo sulla <a title=\"configurazione SMTP\" href=\"\/it\/configurazione-smtp\">configurazione del server di posta in uscita<\/a>.<\/li>\n<li><strong>Eccesso di destinatari<\/strong>. State inviando un&#8217;email a pi\u00f9 destinatari con Alice, magari mettendoli in CC? Se sono pi\u00f9 di 50, Telecom Italia bloccher\u00e0 automaticamente la spedizione. Questa \u00e8 una prassi molto comune tra i provider gratuiti di email, creata per impedire agli spammer di mandare messaggi di posta indesiderati. In tal caso la cosa migliore \u00e8 affidarsi a un <strong>server SMTP professionale<\/strong> che consente l&#8217;invio a un numero illimitato di destinatari. (turboSMTP offre anche un <a title=\"invio gratuito email turboSMTP\" href=\"\/it\/signup\">piano gratuito per 200 email al giorno<\/a>).<\/li>\n<li><strong>Indirizzo mittente non appartenente ai domini di posta autorizzati<\/strong>. Tim ha deciso di <strong>bloccare tutti gli invii<\/strong>, instradati attraverso i propri server, che contengano un <strong>indirizzo email del mittente non appartenente ai domini di posta alice.it<\/strong>, aliceposta.it, tim.it, tin.it. Si tratta di una importante limitazione aggirabile esclusivamente affidandosi ad un <strong>server SMTP professionale<\/strong>.<\/li>\n<li><strong>Antivirus o firewall<\/strong>. Un altro problema piuttosto comune: il vostro software antivirus (o il firewall del computer) sono in conflitto con i parametri di Alice o del client email. In tal caso \u00e8 necessario configurare le opzioni del programma inserendo le debite <strong>eccezioni<\/strong> per evitare che la posta in uscita venga bloccata.<\/li>\n<\/ol>\n<p>&nbsp;<\/p>\n<h2>La soluzione per SMTP Alice<\/h2>\n<p>Di nuovo, il modo pi\u00f9 semplice per liberarsi di questi fastidi una volta per tutte \u00e8 <a title=\"server di posta professionale\" href=\"\/it\/signup\">usare un servizio SMTP professionale<\/a>\u00a0quale turboSMTP: potrete continuare a spedire tranquillamente le email dalla vostra casella di posta Alice, ma usando un <strong>server ad hoc di posta in uscita al riparo da qualsiasi problema<\/strong> e con un&#8217;assistenza clienti attiva <strong>24 ore su 24<\/strong>.<\/p>\n<p>Con <strong>turboSMTP<\/strong> poterete inoltre verificare facilmente se un determinato invio sia effettivamente andato a buon fine, se il messaggio sia stato aperto e se il destinatario abbia cliccato uno dei link presenti nell\u2019email. <\/p>\n<p>&nbsp;<\/p>\n","protected":false},"excerpt":{"rendered":"<p>Se si utilizza una casella di posta Alice e si hanno problemi di invio delle email, le ragioni possono essere diverse. Il problema \u00e8 molto fastidioso e purtroppo piuttosto frequente: qui di seguito abbiamo raccolto un elenco delle cause pi\u00f9 comuni che impediscono di inviare correttamente la propria posta elettronica con Alice, con annessa soluzione: &#8230; <\/p>\n<p class=\"read-more-container\"><a title=\"Problemi di invio posta con Alice?\" class=\"read-more button\" href=\"https:\/\/serversmtp.com\/it\/problemi-posta-alice\/#more-1477\" aria-label=\"Per saperne di pi\u00f9 su Problemi di invio posta con Alice?\">Discover more<\/a><\/p>\n","protected":false},"author":3,"featured_media":0,"parent":0,"menu_order":0,"comment_status":"closed","ping_status":"closed","template":"g1_template_page_sidebar_right.php","meta":{"_eb_attr":"","inline_featured_image":false,"_monsterinsights_skip_tracking":false,"_monsterinsights_sitenote_active":false,"_monsterinsights_sitenote_note":"","_monsterinsights_sitenote_category":0,"footnotes":""},"class_list":["post-1477","page","type-page","status-publish"],"yoast_head":"<!-- This site is optimized with the Yoast SEO plugin v25.3.1 - https:\/\/yoast.com\/wordpress\/plugins\/seo\/ -->\n<title>Problemi di invio della posta con Alice? La soluzione<\/title>\n<meta name=\"description\" content=\"Affidati ad un servizio SMTP professionale. Con turboSMTP migliori la deliverability delle email, hai un&#039;assistenza tecnica 24\/7 e report dettagliati.\" \/>\n<meta name=\"robots\" content=\"index, follow, max-snippet:-1, max-image-preview:large, max-video-preview:-1\" \/>\n<link rel=\"canonical\" href=\"https:\/\/serversmtp.com\/it\/problemi-posta-alice\/\" \/>\n<meta name=\"twitter:label1\" content=\"Tempo di lettura stimato\" \/>\n\t<meta name=\"twitter:data1\" content=\"2 minuti\" \/>\n<!-- \/ Yoast SEO plugin. -->","yoast_head_json":{"title":"Problemi di invio della posta con Alice? La soluzione","description":"Affidati ad un servizio SMTP professionale. Con turboSMTP migliori la deliverability delle email, hai un'assistenza tecnica 24\/7 e report dettagliati.","robots":{"index":"index","follow":"follow","max-snippet":"max-snippet:-1","max-image-preview":"max-image-preview:large","max-video-preview":"max-video-preview:-1"},"canonical":"https:\/\/serversmtp.com\/it\/problemi-posta-alice\/","twitter_misc":{"Tempo di lettura stimato":"2 minuti"},"schema":{"@context":"https:\/\/schema.org","@graph":[{"@type":"WebPage","@id":"https:\/\/serversmtp.com\/it\/problemi-posta-alice\/","url":"https:\/\/serversmtp.com\/it\/problemi-posta-alice\/","name":"Problemi di invio della posta con Alice? La soluzione","isPartOf":{"@id":"https:\/\/serversmtp.com\/es\/#website"},"primaryImageOfPage":{"@id":"https:\/\/serversmtp.com\/it\/problemi-posta-alice\/#primaryimage"},"image":{"@id":"https:\/\/serversmtp.com\/it\/problemi-posta-alice\/#primaryimage"},"thumbnailUrl":"https:\/\/serversmtp.com\/wp-content\/uploads\/2019\/05\/smtp-alice.png","datePublished":"2018-03-27T15:33:10+00:00","dateModified":"2021-05-06T15:05:42+00:00","description":"Affidati ad un servizio SMTP professionale. Con turboSMTP migliori la deliverability delle email, hai un'assistenza tecnica 24\/7 e report dettagliati.","breadcrumb":{"@id":"https:\/\/serversmtp.com\/it\/problemi-posta-alice\/#breadcrumb"},"inLanguage":"it-IT","potentialAction":[{"@type":"ReadAction","target":["https:\/\/serversmtp.com\/it\/problemi-posta-alice\/"]}]},{"@type":"ImageObject","inLanguage":"it-IT","@id":"https:\/\/serversmtp.com\/it\/problemi-posta-alice\/#primaryimage","url":"https:\/\/serversmtp.com\/wp-content\/uploads\/2019\/05\/smtp-alice.png","contentUrl":"https:\/\/serversmtp.com\/wp-content\/uploads\/2019\/05\/smtp-alice.png"},{"@type":"BreadcrumbList","@id":"https:\/\/serversmtp.com\/it\/problemi-posta-alice\/#breadcrumb","itemListElement":[{"@type":"ListItem","position":1,"name":"Home","item":"https:\/\/serversmtp.com\/it\/"},{"@type":"ListItem","position":2,"name":"Problemi di invio posta con Alice?"}]},{"@type":"WebSite","@id":"https:\/\/serversmtp.com\/es\/#website","url":"https:\/\/serversmtp.com\/es\/","name":"Server Mail SMTP - Provider di servizi SMTP professionali","description":"Server Mail SMTP - Provider di servizi SMTP professionali","publisher":{"@id":"https:\/\/serversmtp.com\/es\/#organization"},"potentialAction":[{"@type":"SearchAction","target":{"@type":"EntryPoint","urlTemplate":"https:\/\/serversmtp.com\/es\/?s={search_term_string}"},"query-input":{"@type":"PropertyValueSpecification","valueRequired":true,"valueName":"search_term_string"}}],"inLanguage":"it-IT"},{"@type":"Organization","@id":"https:\/\/serversmtp.com\/es\/#organization","name":"Delivery Tech","url":"https:\/\/serversmtp.com\/es\/","logo":{"@type":"ImageObject","inLanguage":"it-IT","@id":"https:\/\/serversmtp.com\/es\/#\/schema\/logo\/image\/","url":"https:\/\/serversmtp.com\/wp-content\/uploads\/2021\/11\/og-image-2.jpg","contentUrl":"https:\/\/serversmtp.com\/wp-content\/uploads\/2021\/11\/og-image-2.jpg","width":1200,"height":1128,"caption":"Delivery Tech"},"image":{"@id":"https:\/\/serversmtp.com\/es\/#\/schema\/logo\/image\/"}}]}},"_links":{"self":[{"href":"https:\/\/serversmtp.com\/it\/wp-json\/wp\/v2\/pages\/1477"}],"collection":[{"href":"https:\/\/serversmtp.com\/it\/wp-json\/wp\/v2\/pages"}],"about":[{"href":"https:\/\/serversmtp.com\/it\/wp-json\/wp\/v2\/types\/page"}],"author":[{"embeddable":true,"href":"https:\/\/serversmtp.com\/it\/wp-json\/wp\/v2\/users\/3"}],"replies":[{"embeddable":true,"href":"https:\/\/serversmtp.com\/it\/wp-json\/wp\/v2\/comments?post=1477"}],"version-history":[{"count":9,"href":"https:\/\/serversmtp.com\/it\/wp-json\/wp\/v2\/pages\/1477\/revisions"}],"predecessor-version":[{"id":5342,"href":"https:\/\/serversmtp.com\/it\/wp-json\/wp\/v2\/pages\/1477\/revisions\/5342"}],"wp:attachment":[{"href":"https:\/\/serversmtp.com\/it\/wp-json\/wp\/v2\/media?parent=1477"}],"curies":[{"name":"wp","href":"https:\/\/api.w.org\/{rel}","templated":true}]}}