{"id":14580,"date":"2023-01-26T18:04:40","date_gmt":"2023-01-26T17:04:40","guid":{"rendered":"https:\/\/serversmtp.com\/?page_id=14580"},"modified":"2024-07-11T10:05:58","modified_gmt":"2024-07-11T08:05:58","slug":"email-transazionali-come-usarle-per-migliorare-le-conversioni-e-il-rapporto-con-i-clienti","status":"publish","type":"page","link":"https:\/\/serversmtp.com\/it\/email-transazionali-come-usarle-per-migliorare-le-conversioni-e-il-rapporto-con-i-clienti\/","title":{"rendered":"Email transazionali: come usarle per migliorare le conversioni e il rapporto con i clienti"},"content":{"rendered":"<div class=\"gb-container gb-container-9362cbed\"><div class=\"gb-inside-container\">\n\n<h1 class=\"gb-headline gb-headline-c035fdd5 gb-headline-text\">Email transazionali: come usarle per migliorare le conversioni e il rapporto con i clienti<\/h1>\n\n\n\n<h2 class=\"gb-headline gb-headline-3b5da22f gb-headline-text\"><em>Scopri come il corretto utilizzo delle email transazionali pu\u00f2 aiutarti<\/em><br><em>a raggiungere i tuoi obiettivi di business online.<\/em><\/h2>\n\n<\/div><\/div>\n\n<div class=\"gb-container gb-container-2a102f89\"><div class=\"gb-inside-container\">\n<div class=\"gb-grid-wrapper gb-grid-wrapper-1ae1bd2d\">\n<div class=\"gb-grid-column gb-grid-column-e0da31f2\"><div class=\"gb-container gb-container-e0da31f2\"><div class=\"gb-inside-container\">\n<div class=\"gb-container gb-container-2838f1f1\"><div class=\"gb-inside-container\">\n\n<p>Con le email transazionali dimostri l\u2019affidabilit\u00e0 e la precisione della tua azienda, rassicuri i clienti e migliori la customer experience.&nbsp;<\/p>\n\n\n\n<p>Per intenderci, stiamo parlando di tutti quegli avvisi inviati a un cliente nel momento in cui compie una determinata operazione. Per esempio l\u2019acquisto di un prodotto o la richiesta di iscrizione a una newsletter.<\/p>\n\n\n\n<p>La mancanza di puntualit\u00e0, chiarezza e utilit\u00e0 in questo tipo di comunicazioni, mette a dura prova la fiducia di chi le riceve. Il rischio che un messaggio &#8216;sbagliato&#8217; <strong>rovini per sempre il rapporto<\/strong> con un cliente \u00e8 davvero alto.<\/p>\n\n\n\n<p>In questo articolo scoprirai <strong>come migliorare la tua strategia di comunicazione<\/strong> con consigli semplici ed esempi pratici, che ti aiuteranno a perfezionare le email transazionali per ottenere il massimo dai tuoi invii.<\/p>\n\n<\/div><\/div>\n\n<div class=\"gb-container gb-container-02df26fc\" id=\"cosa-sono\"><div class=\"gb-inside-container\">\n\n<h2 class=\"gb-headline gb-headline-557c7d84 gb-headline-text\">Cosa sono le email transazionali e perch\u00e9 sono cos\u00ec importanti.<\/h2>\n\n\n\n<p>Quando parliamo di <a href=\"https:\/\/serversmtp.com\/it\/email-transazionali-cosa-sono\/\" title=\"Email transazionali - Cosa sono ed esempi pratici\">email transazionali<\/a>, intendiamo tutte quelle comunicazioni inviate a uno specifico utente nel momento in cui compie una determinata azione su un sito o una piattaforma web.<\/p>\n\n\n\n<p>In altre parole, i messaggi automatici che si avviano dopo un\u2019iscrizione a una newsletter, un acquisto su un ecommerce, una richiesta di modifica della password, etc\u2026&nbsp;&nbsp;<\/p>\n\n\n\n<p>Le email transazionali ti danno l\u2019<strong>opportunit\u00e0 di creare una comunicazione one-to-one<\/strong> con il cliente. Ti permettono di rispondere in maniera precisa alle sue attivit\u00e0, per le quali si aspetta un riscontro.&nbsp;<\/p>\n\n\n\n<p>Questo \u00e8 il motivo per cui sono uno strumento essenziale, che dovrebbe essere sempre disponibile nella tua cassetta degli attrezzi.&nbsp;<\/p>\n\n\n\n<p>Se hai un ecommerce o un business online, questo tipo di comunicazione \u00e8 funzionale allo svolgimento della tua attivit\u00e0 e necessaria al raggiungimento degli obiettivi.<\/p>\n\n\n\n<div class=\"wp-block-buttons is-content-justification-right is-layout-flex wp-container-core-buttons-is-layout-1 wp-block-buttons-is-layout-flex\">\n<div class=\"wp-block-button toplink\"><a class=\"wp-block-button__link has-contrast-2-color has-base-background-color has-text-color has-background wp-element-button\" href=\"#top\" style=\"border-radius:0px\">[ torna su ]<\/a><\/div>\n<\/div>\n\n<\/div><\/div>\n\n<div class=\"gb-container gb-container-8c37728a\" id=\"perche-usarle\"><div class=\"gb-inside-container\">\n\n<h2 class=\"gb-headline gb-headline-ee3a2a25 gb-headline-text\">Email transazionali: perch\u00e9 dovresti utilizzarle (e come farlo bene)<\/h2>\n\n\n\n<p>Le email transazionali ti permettono di avvicinarti ai tuoi clienti, rimuovendo quegli ostacoli che rendono difficili le interazioni.&nbsp;<\/p>\n\n\n\n<p>Ricordi?&nbsp;<\/p>\n\n\n\n<p>Nel paragrafo precedente le abbiamo descritte come <strong>messaggi automatici che vengono inviati a seguito di un\u2019azione specifica.<\/strong>&nbsp;<\/p>\n\n\n\n<p>Probabilmente, i tuoi clienti si aspettano di <strong>ricevere le informazioni di cui hanno bisogno<\/strong> <strong>nel momento appropriato<\/strong>. Se riesci ad aiutarli in questo, inizierai a gettare le basi sulle quali costruire un rapporto di fiducia.&nbsp;<\/p>\n\n\n\n<p>\u00c8 proprio per questo motivo che le email transazionali raggiungono risultati migliori, in termini di aperture e click, rispetto a quelle promozionali o alle newsletter.&nbsp;<\/p>\n\n\n\n<p>Questo tipo di comunicazioni ti permette di:<\/p>\n\n\n\n<ul class=\"wp-block-list\">\n<li>far percepire la tua azienda come seria e affidabile<\/li>\n\n\n\n<li>rassicurare l\u2019utente informandolo che la sua azione ha avuto un esito positivo<\/li>\n\n\n\n<li>migliorare la customer experience e creare un rapporto di fiducia<\/li>\n\n\n\n<li>sfruttare gli alti tassi di apertura e di click per fare marketing<\/li>\n<\/ul>\n\n\n\n<p>Prova ad immaginare: stai per acquistare un biglietto aereo per il Giappone, il costo \u00e8 di 700\u20ac. Porti a termine la procedura, selezioni i posti a sedere e fai click sul pulsante <em>Acquista\u2026 <\/em>e poi? Nulla. Nessuna comunicazione da parte della compagnia aerea. Come ti sentiresti? Probabilmente penseresti: \u201cEcco, mi hanno truffato!\u201d.<\/p>\n\n\n\n<p>Dopo 24 ore di vero panico, ricevi la conferma d\u2019acquisto da parte dell\u2019azienda. Acquisteresti di nuovo dalla stessa compagnia? Molto probabilmente no.<\/p>\n\n\n\n<p>Un percorso di email transazionali ragionato e ottimizzato pu\u00f2 aiutarti a guadagnare la fiducia di un cliente. Rendendolo ben disposto alla ricezione e all\u2019interazione con le tue comunicazioni di tipo promozionale.&nbsp;<\/p>\n\n\n\n<p>Ecco perch\u00e9 \u00e8 necessario che queste email vengano inviate da un indirizzo IP di posta elettronica sicuro. In questo modo, la probabilit\u00e0 di raggiungere puntualmente l\u2019inbox del destinatario sar\u00e0 pi\u00f9 alta.&nbsp;<\/p>\n\n\n\n<p>Messaggi come: \u201cIl tuo ordine \u00e8 stato preso in carico.\u201d, \u201cIl pagamento \u00e8 andato a buon fine.\u201d o \u201cIl tuo pacco sta per arrivare.\u201d sono graditi da tutti.&nbsp;<\/p>\n\n\n\n<p>Ci rassicurano, dandoci la conferma che ci\u00f2 che abbiamo fatto \u00e8 andato a buon fine.<\/p>\n\n\n\n<p>Quindi, se darai al cliente le conferme e le informazioni necessarie nel momento opportuno, con buona probabilit\u00e0, torner\u00e0 di nuovo da te.<\/p>\n\n\n\n<div class=\"wp-block-buttons is-content-justification-right is-layout-flex wp-container-core-buttons-is-layout-2 wp-block-buttons-is-layout-flex\">\n<div class=\"wp-block-button toplink\"><a class=\"wp-block-button__link has-contrast-2-color has-base-background-color has-text-color has-background wp-element-button\" href=\"#top\" style=\"border-radius:0px\">[ torna su ]<\/a><\/div>\n<\/div>\n\n<\/div><\/div>\n\n<div class=\"gb-container gb-container-bc520c0f\" id=\"connessione-clienti\"><div class=\"gb-inside-container\">\n\n<h2 class=\"gb-headline gb-headline-18987db6 gb-headline-text\">Le email transazionali possono migliorare la connessione con i tuoi clienti (e ti spieghiamo perch\u00e9).<\/h2>\n\n\n\n<p>Dai un\u2019occhiata alla posta in arrivo. Quanti messaggi di benvenuto, conferme d\u2019ordine e reminder di scadenza del tuo account Netflix trovi facendo qualche scroll?&nbsp;<\/p>\n\n\n\n<p>Le email transazionali hanno un posto in prima fila nella nostra vita quotidiana. Per questo motivo, la strategia che deciderai di implementare potr\u00e0 <strong>rafforzare o distruggere il rapporto<\/strong> che hai duramente costruito con i clienti.<\/p>\n\n\n\n<p>Come accennavamo prima, la puntualit\u00e0, l&#8217;utilit\u00e0 e l&#8217;accuratezza di queste email dimostrano l&#8217;affidabilit\u00e0 della tua azienda.&nbsp;<strong>I consigli che troverai di seguito ti aiuteranno a<\/strong><strong>perfezionare la tua strategia <\/strong>di<strong> <\/strong>comunicazione con le email transazionali, dandoti una reale opportunit\u00e0 per lasciare un impatto positivo su chi le riceve.<\/p>\n\n\n\n<div class=\"wp-block-buttons is-content-justification-right is-layout-flex wp-container-core-buttons-is-layout-3 wp-block-buttons-is-layout-flex\">\n<div class=\"wp-block-button toplink\"><a class=\"wp-block-button__link has-contrast-2-color has-base-background-color has-text-color has-background wp-element-button\" href=\"#top\" style=\"border-radius:0px\">[ torna su ]<\/a><\/div>\n<\/div>\n\n<\/div><\/div>\n\n<div class=\"gb-container gb-container-a478fa56\" id=\"consigli\"><div class=\"gb-inside-container\">\n\n<h2 class=\"gb-headline gb-headline-c1b790c5 gb-headline-text\">5 consigli + 1 per iniziare a sfruttare al meglio le email transazionali<\/h2>\n\n\n\n<h3 class=\"gb-headline gb-headline-d61ffe24 gb-headline-text\">1. Abilita le risposte al tuo indirizzo<\/h3>\n\n\n\n<p>Non rendere le email transazionali una modalit\u00e0 di comunicazione a senso unico, ma sfrutta i feedback degli utenti per migliorare la customer experience.<\/p>\n\n\n\n<p>Un indirizzo \u2018no-reply\u2019 blocca qualsiasi risposta da parte dei clienti, togliendo loro l\u2019opportunit\u00e0 di interagire con te. Utilizzando un indirizzo di posta che consente ai destinatari di rispondere, mostrerai interesse verso ci\u00f2 che hanno da dire.<\/p>\n\n\n\n<p>Offri un canale di comunicazione da utilizzare in caso di bisogno e assicurati che ci sia sempre qualcuno pronto a rispondere.<\/p>\n\n\n\n<p>Termina ogni email con un invito a conversare con te in caso di necessit\u00e0 e aggiungi le informazioni di contatto (come numero di telefono e indirizzo fisico) anche nel footer.<\/p>\n\n\n\n<h3 class=\"gb-headline gb-headline-76b6756c gb-headline-text\">2. Separa le email transazionali da quelle di marketing<\/h3>\n\n\n\n<p>Come gi\u00e0 detto nei paragrafi precedenti, le email transazionali hanno tassi di consegna, di apertura e di click, pi\u00f9 alti rispetto a quelle promozionali o alle newsletter.&nbsp;<\/p>\n\n\n\n<p>Perch\u00e9 rischiare che dei buoni risultati cadano in picchiata? Forse non lo sai, ma i filtri antispam catturano molti (ma davvero molti) dei messaggi di marketing che vengono inviati.&nbsp;<\/p>\n\n\n\n<p>Un qualsiasi problema, verificatosi durante una campagna di email marketing, pu\u00f2 rovinare irrimediabilmente la reputazione del tuo dominio o del tuo indirizzo IP.<\/p>\n\n\n\n<p>Separando le campagne promozionali da quelle transazionali puoi salvaguardare le informazioni importanti. Evitando che conferme di ordine o notifiche di avvenuta spedizione facciano chiss\u00e0 quale fine.<\/p>\n\n\n\n<p>Per non compromettere i risultati delle le tue email transazionali faresti bene a:<\/p>\n\n\n\n<ul class=\"wp-block-list\">\n<li>creare domini e sottodomini diversi<\/li>\n\n\n\n<li>utilizzare un indirizzo IP separato<\/li>\n\n\n\n<li>servirti di un server di posta elettronica differente rispetto a quello con cui invii newsletter e email promozionali<\/li>\n<\/ul>\n\n\n\n<h3 class=\"gb-headline gb-headline-9fdc8806 gb-headline-text\">3. Costruisci una relazione solida con i tuoi clienti<\/h3>\n\n\n\n<p>Trasforma ogni comunicazione in un\u2019occasione per costruire una relazione positiva con i tuoi clienti.<\/p>\n\n\n\n<p>Sfrutta la puntualit\u00e0 come punto di partenza. Inviare rapidamente dopo che si \u00e8 verificato un evento \u00e8 fondamentale. L\u2019urgenza \u00e8 la caratteristica principale delle email transazionali e un ritardo, anche se breve, pu\u00f2 rendere un cliente spaesato o ansioso.<\/p>\n\n\n\n<p>Le variabili che portano un cliente a fidarsi o meno di te sono molte, e la puntualit\u00e0, \u00e8 di sicuro tra le pi\u00f9 importanti.&nbsp;<\/p>\n\n\n\n<p>Una volta ottenuta, la fiducia va curata.&nbsp;<\/p>\n\n\n\n<p>Utilizza un tono familiare o amichevole (non robotico). Invia contenuti o prodotti per i quali il tuo cliente ha manifestato interesse, recensioni o video testimonianze che lo aiutino a prendere una decisione d\u2019acquisto.&nbsp;<\/p>\n\n\n\n<p>Infine, puoi anche chiedere ai tuoi clienti di lasciarti una recensione o un commento su un prodotto ricevuto, o invitarli a condividere un tuo contenuto.<\/p>\n\n\n\n<h3 class=\"gb-headline gb-headline-f3067061 gb-headline-text\">4. Comunica chiaramente e sii coerente con il tono di voce del tuo brand<\/h3>\n\n\n\n<p>Un errore ricorrente tra chi invia email transazionali \u00e8 quello di dare per scontato che il destinatario capisca \u2018il perch\u00e9\u2019 di una determinata comunicazione.&nbsp;<\/p>\n\n\n\n<p>Nella maggior parte dei casi parliamo di messaggi automatizzati e con uno scopo ben preciso. Difficilmente vedrai dei prodotti correlati in un\u2019email di notifica per l\u2019avvenuta spedizione, a meno che non te l\u2019abbia spedita Amazon.<\/p>\n\n\n\n<p>Le email transazionali sono inviate a persone reali e dovrai comunicare con loro in modo semplice e chiaro.&nbsp;<\/p>\n\n\n\n<p>Fai attenzione al linguaggio che utilizzi e, in ogni email, assicurati di:<\/p>\n\n\n\n<ul class=\"wp-block-list\">\n<li>evidenziare lo scopo della comunicazione nella riga dell\u2019oggetto (per esempio: \u201cIl tuo biglietto aereo\u201d)&nbsp;<\/li>\n\n\n\n<li>rendere le tue anteprime accattivanti&nbsp;<\/li>\n\n\n\n<li>fornire tutte le indicazioni necessarie nel corpo del testo (\u00e8 importante essere concisi e aggiungere link di approfondimento)&nbsp;<\/li>\n\n\n\n<li>inserire CTA<strong> <\/strong>e immagini cliccabili (non esagerare con le CTA, una o due al massimo)<\/li>\n<\/ul>\n\n\n\n<p>Le tue email dovrebbero essere immediatamente riconoscibili.&nbsp;<\/p>\n\n\n\n<p>In primo luogo, assicurati di utilizzare un indirizzo email mittente che sia chiaramente collegato alla tua azienda (per esempio: spedizioni@nomedellatuaazienda.it).<\/p>\n\n\n\n<p>Poi, fai in modo che le comunicazioni rispecchino lo stile e il tono di voce del tuo brand.&nbsp;&nbsp;<\/p>\n\n\n\n<p>Poni le email transazionali in linea con la personalit\u00e0 e le caratteristiche che contraddistinguono il marchio. Dai loro carattere sia a livello grafico che di copy, inserendo il logo e sfruttando i colori e i font del tuo brand.<\/p>\n\n\n\n<h3 class=\"gb-headline gb-headline-9961bedc gb-headline-text\">5. Personalizza i messaggi<\/h3>\n\n\n\n<p>Perch\u00e9 utilizzare la matricola quando puoi chiamare gli abbonati per nome? Un\u2019email personalizzata \u00e8 un ottimo modo per far sentire il tuo cliente unico. Con piccoli accorgimenti puoi fare in modo che non si senta \u2018parte del mucchio\u2019, facendogli percepire un autentico interesse nei suoi confronti.&nbsp;&nbsp;<\/p>\n\n\n\n<p>Quando un cliente acquista dal tuo ecommerce o, pi\u00f9 semplicemente, si iscrive alla tua newsletter, lascia una serie di dati tra i quali, molto probabilmente, il suo nome e cognome.&nbsp;<\/p>\n\n\n\n<p>Utilizza le informazioni che hai ottenuto per rendere l\u2019email pi\u00f9 personale e utile a chi la riceve:<\/p>\n\n\n\n<ul class=\"wp-block-list\">\n<li>chiama il destinatario per nome&nbsp;<\/li>\n\n\n\n<li>scegli orari appropriati in base al fuso orario<\/li>\n\n\n\n<li>fornisci consigli sui prodotti in base alla cronologia degli acquisti&nbsp;<\/li>\n\n\n\n<li>inviagli un messaggio speciale per il suo compleanno<\/li>\n<\/ul>\n\n\n\n<p>Con le email transazionali puoi profilare pi\u00f9 approfonditamente il tuo pubblico. Cogli l\u2019occasione e ottieni informazioni preziose chiedendo agli utenti di compilare un form studiato nel dettaglio o una survey.<\/p>\n\n\n\n<h3 class=\"gb-headline gb-headline-5f21fbf8 gb-headline-text\">6. <strong>Analizza le performance delle tue email transazionali<\/strong><\/h3>\n\n\n\n<p>Controllare regolarmente le statistiche degli invii ti permette di capire se la tua strategia sta avendo successo o, in caso contrario, di correggere la rotta per migliorare i risultati.<\/p>\n\n\n\n<p>Per evitare sorprese indesiderate, monitora costantemente le metriche pi\u00f9 importanti. Rendila un\u2019azione abituale e tieni sempre sotto controllo le prestazioni delle tue email.&nbsp;<\/p>\n\n\n\n<p>Ecco una lista dei principali indicatori di performance:<\/p>\n\n\n\n<ul class=\"wp-block-list\">\n<li>tasso di consegna<\/li>\n\n\n\n<li>tasso di apertura<\/li>\n\n\n\n<li>click rate<\/li>\n\n\n\n<li>tasso di bounce&nbsp;<\/li>\n\n\n\n<li>numero di disiscrizioni&nbsp;<\/li>\n\n\n\n<li>segnalazioni come spam<\/li>\n<\/ul>\n\n\n\n<p>Per esempio, cosa fare in caso di tasso di bounce troppo alto?&nbsp;<\/p>\n\n\n\n<p>Per prima cosa puoi ripulire la tua lista contatti, eliminando quelli errati, disattivati o finiti in una blacklist per altri motivi. Puoi anche intensificare i controlli in fase di raccolta, creando un form ottimizzato e utilizzando un double-opt-in (ovvero un sistema di verifica degli indirizzi email a doppia validazione). Inoltre, se non l\u2019hai ancora fatto, puoi <a href=\"https:\/\/serversmtp.com\/it\/guida-alla-configurazione-dei-record-dns-di-turbosmtp\/\" title=\"Guida alla configurazione dei record DNS\">verificare il tuo dominio mittente<\/a>.<\/p>\n\n\n\n<p>Apporta miglioramenti costanti e assicurati di offrire ai tuoi abbonati la migliore esperienza possibile.<\/p>\n\n\n\n<div class=\"wp-block-buttons is-content-justification-right is-layout-flex wp-container-core-buttons-is-layout-4 wp-block-buttons-is-layout-flex\">\n<div class=\"wp-block-button toplink\"><a class=\"wp-block-button__link has-contrast-2-color has-base-background-color has-text-color has-background wp-element-button\" href=\"#top\" style=\"border-radius:0px\">[ torna su ]<\/a><\/div>\n<\/div>\n\n<\/div><\/div>\n\n<div class=\"gb-container gb-container-90230d28\"><div class=\"gb-inside-container\">\n\n<h3 class=\"gb-headline gb-headline-62bb3d07 gb-headline-text\"><strong>Inizia ora a inviare le tue email transazionali in sicurezza, fidelizza i tuoi clienti e migliora la tua reputazione online.<\/strong><\/h3>\n\n\n<div class=\"gb-button-wrapper gb-button-wrapper-4c187df3\">\n\n<a class=\"gb-button gb-button-1250d0c8 gb-button-text\" href=\"https:\/\/serversmtp.com\/it\/cart.php?systpl=2clic&amp;carttpl=2clic&amp;currency=3\">SCOPRI I PIANI TURBOSMTP<\/a>\n\n<\/div>\n<\/div><\/div>\n\n<div class=\"gb-container gb-container-6cd0d14b\">\n<div class=\"gb-grid-wrapper gb-grid-wrapper-0bb3846f\">\n<div class=\"gb-grid-column gb-grid-column-dc467293\"><div class=\"gb-container gb-container-dc467293\">\n\n<figure class=\"gb-block-image gb-block-image-27229403\"><img decoding=\"async\" width=\"400\" height=\"400\" class=\"gb-image gb-image-27229403\" src=\"https:\/\/serversmtp.com\/wp-content\/uploads\/2024\/07\/luca-marras.jpg\" alt=\"Luca Marras\" title=\"Luca Marras\" srcset=\"https:\/\/serversmtp.com\/wp-content\/uploads\/2024\/07\/luca-marras.jpg 400w, https:\/\/serversmtp.com\/wp-content\/uploads\/2024\/07\/luca-marras-300x300.jpg 300w, https:\/\/serversmtp.com\/wp-content\/uploads\/2024\/07\/luca-marras-150x150.jpg 150w\" sizes=\"(max-width: 400px) 100vw, 400px\" \/><\/figure>\n\n<\/div><\/div>\n\n<div class=\"gb-grid-column gb-grid-column-83054d42\"><div class=\"gb-container gb-container-83054d42\">\n\n<h4 class=\"gb-headline gb-headline-6dad38f8 gb-headline-text\"><a href=\"https:\/\/serversmtp.com\/it\/luca-marras-esperto-di-email-marketing-e-deliverability\/\" title=\"Luca Marras: esperto di email marketing e deliverability\">Luca Marras<\/a><\/h4>\n\n\n\n<p>Scritto da Luca Marras: co-fondatore di TurboSMTP, esperto di email marketing e email deliverability.<\/p>\n\n<\/div><\/div>\n<\/div>\n<\/div>\n<\/div><\/div><\/div>\n\n<div class=\"gb-grid-column gb-grid-column-1f018d44\"><div class=\"gb-container gb-container-1f018d44\"><div class=\"gb-inside-container\">\n<div class=\"gb-container gb-container-595da866\"><div class=\"gb-inside-container\">\n\n<p class=\"gb-headline gb-headline-60bca6cb gb-headline-text\"><strong>INDICE CONTENUTI<\/strong><\/p>\n\n\n\n<ol class=\"wp-block-list\">\n<li><a href=\"#cosa-sono\">Cosa sono le email transazionali e perch\u00e9 sono cos\u00ec importanti<\/a><\/li>\n\n\n\n<li><a href=\"#perche-usarle\">Email transazionali: perch\u00e9 dovresti utilizzarle<\/a><\/li>\n\n\n\n<li><a href=\"#connessione-clienti\">Le email transazionali possono migliorare la connessione con i tuoi clienti<\/a><\/li>\n\n\n\n<li><a href=\"#consigli\">5 consigli + 1 per iniziare a sfruttare al meglio le email transazionali<\/a><\/li>\n<\/ol>\n\n<\/div><\/div>\n\n<div class=\"gb-container gb-container-dec743bb\"><div class=\"gb-inside-container\">\n\n<p class=\"gb-headline gb-headline-444befb6 gb-headline-text\">Vuoi migliorare le performance delle tue campagne email?<\/p>\n\n\n<div class=\"gb-button-wrapper gb-button-wrapper-6faecdec\">\n\n<a class=\"gb-button gb-button-3589b865 gb-button-text\" href=\"https:\/\/serversmtp.com\/it\/signup\">Inizia la TUA prova gratuita<\/a>\n\n<\/div>\n\n\n<style>\n.gb-inside-container ul li, .gb-inside-container ol li {\n    margin-bottom: 15px;\n}\n.toplink a:active, .toplink a:focus, .toplink a:hover, .toplink a:visited {\n    color: #005293;\n}\n<\/style>\n\n<\/div><\/div>\n<\/div><\/div><\/div>\n<\/div>\n<\/div><\/div>","protected":false},"excerpt":{"rendered":"<p>Email transazionali: come usarle per migliorare le conversioni e il rapporto con i clienti Scopri come il corretto utilizzo delle email transazionali pu\u00f2 aiutartia raggiungere i tuoi obiettivi di business online.<\/p>\n","protected":false},"author":18,"featured_media":0,"parent":0,"menu_order":0,"comment_status":"closed","ping_status":"closed","template":"","meta":{"_eb_attr":"","inline_featured_image":false,"_monsterinsights_skip_tracking":false,"_monsterinsights_sitenote_active":false,"_monsterinsights_sitenote_note":"","_monsterinsights_sitenote_category":0,"footnotes":""},"class_list":["post-14580","page","type-page","status-publish"],"yoast_head":"<!-- This site is optimized with the Yoast SEO plugin v25.3.1 - https:\/\/yoast.com\/wordpress\/plugins\/seo\/ -->\n<title>Come migliorare le conversioni con le email transazionali<\/title>\n<meta name=\"description\" content=\"Come Migliorare il Rapporto con i Clienti. Consigli per Incrementare il Tasso di Conversione. Migliorare le Vendite con le Email Transazionali. &gt;&gt; Leggi ora!\" \/>\n<meta name=\"robots\" content=\"index, follow, max-snippet:-1, max-image-preview:large, max-video-preview:-1\" \/>\n<link rel=\"canonical\" href=\"https:\/\/serversmtp.com\/it\/email-transazionali-come-usarle-per-migliorare-le-conversioni-e-il-rapporto-con-i-clienti\/\" \/>\n<meta name=\"twitter:label1\" content=\"Tempo di lettura stimato\" \/>\n\t<meta name=\"twitter:data1\" content=\"41 minuti\" \/>\n<!-- \/ Yoast SEO plugin. -->","yoast_head_json":{"title":"Come migliorare le conversioni con le email transazionali","description":"Come Migliorare il Rapporto con i Clienti. Consigli per Incrementare il Tasso di Conversione. Migliorare le Vendite con le Email Transazionali. >> Leggi ora!","robots":{"index":"index","follow":"follow","max-snippet":"max-snippet:-1","max-image-preview":"max-image-preview:large","max-video-preview":"max-video-preview:-1"},"canonical":"https:\/\/serversmtp.com\/it\/email-transazionali-come-usarle-per-migliorare-le-conversioni-e-il-rapporto-con-i-clienti\/","twitter_misc":{"Tempo di lettura stimato":"41 minuti"},"schema":{"@context":"https:\/\/schema.org","@graph":[{"@type":"WebPage","@id":"https:\/\/serversmtp.com\/it\/email-transazionali-come-usarle-per-migliorare-le-conversioni-e-il-rapporto-con-i-clienti\/","url":"https:\/\/serversmtp.com\/it\/email-transazionali-come-usarle-per-migliorare-le-conversioni-e-il-rapporto-con-i-clienti\/","name":"Come migliorare le conversioni con le email transazionali","isPartOf":{"@id":"https:\/\/serversmtp.com\/it\/#website"},"datePublished":"2023-01-26T17:04:40+00:00","dateModified":"2024-07-11T08:05:58+00:00","description":"Come Migliorare il Rapporto con i Clienti. Consigli per Incrementare il Tasso di Conversione. Migliorare le Vendite con le Email Transazionali. >> Leggi ora!","breadcrumb":{"@id":"https:\/\/serversmtp.com\/it\/email-transazionali-come-usarle-per-migliorare-le-conversioni-e-il-rapporto-con-i-clienti\/#breadcrumb"},"inLanguage":"it-IT","potentialAction":[{"@type":"ReadAction","target":["https:\/\/serversmtp.com\/it\/email-transazionali-come-usarle-per-migliorare-le-conversioni-e-il-rapporto-con-i-clienti\/"]}]},{"@type":"BreadcrumbList","@id":"https:\/\/serversmtp.com\/it\/email-transazionali-come-usarle-per-migliorare-le-conversioni-e-il-rapporto-con-i-clienti\/#breadcrumb","itemListElement":[{"@type":"ListItem","position":1,"name":"Home","item":"https:\/\/serversmtp.com\/it\/"},{"@type":"ListItem","position":2,"name":"Email transazionali: come usarle per migliorare le conversioni e il rapporto con i clienti"}]},{"@type":"WebSite","@id":"https:\/\/serversmtp.com\/it\/#website","url":"https:\/\/serversmtp.com\/it\/","name":"Server Mail SMTP - Provider di servizi SMTP professionali","description":"Server Mail SMTP - Provider di servizi SMTP professionali","publisher":{"@id":"https:\/\/serversmtp.com\/it\/#organization"},"potentialAction":[{"@type":"SearchAction","target":{"@type":"EntryPoint","urlTemplate":"https:\/\/serversmtp.com\/it\/?s={search_term_string}"},"query-input":{"@type":"PropertyValueSpecification","valueRequired":true,"valueName":"search_term_string"}}],"inLanguage":"it-IT"},{"@type":"Organization","@id":"https:\/\/serversmtp.com\/it\/#organization","name":"Delivery Tech","url":"https:\/\/serversmtp.com\/it\/","logo":{"@type":"ImageObject","inLanguage":"it-IT","@id":"https:\/\/serversmtp.com\/it\/#\/schema\/logo\/image\/","url":"https:\/\/serversmtp.com\/wp-content\/uploads\/2021\/11\/og-image-2.jpg","contentUrl":"https:\/\/serversmtp.com\/wp-content\/uploads\/2021\/11\/og-image-2.jpg","width":1200,"height":1128,"caption":"Delivery Tech"},"image":{"@id":"https:\/\/serversmtp.com\/it\/#\/schema\/logo\/image\/"}}]}},"_links":{"self":[{"href":"https:\/\/serversmtp.com\/it\/wp-json\/wp\/v2\/pages\/14580"}],"collection":[{"href":"https:\/\/serversmtp.com\/it\/wp-json\/wp\/v2\/pages"}],"about":[{"href":"https:\/\/serversmtp.com\/it\/wp-json\/wp\/v2\/types\/page"}],"author":[{"embeddable":true,"href":"https:\/\/serversmtp.com\/it\/wp-json\/wp\/v2\/users\/18"}],"replies":[{"embeddable":true,"href":"https:\/\/serversmtp.com\/it\/wp-json\/wp\/v2\/comments?post=14580"}],"version-history":[{"count":7,"href":"https:\/\/serversmtp.com\/it\/wp-json\/wp\/v2\/pages\/14580\/revisions"}],"predecessor-version":[{"id":20203,"href":"https:\/\/serversmtp.com\/it\/wp-json\/wp\/v2\/pages\/14580\/revisions\/20203"}],"wp:attachment":[{"href":"https:\/\/serversmtp.com\/it\/wp-json\/wp\/v2\/media?parent=14580"}],"curies":[{"name":"wp","href":"https:\/\/api.w.org\/{rel}","templated":true}]}}