{"id":1454,"date":"2018-03-27T16:59:40","date_gmt":"2018-03-27T14:59:40","guid":{"rendered":"https:\/\/dev.serversmtp.com\/?page_id=1454"},"modified":"2024-12-03T13:49:38","modified_gmt":"2024-12-03T12:49:38","slug":"email-cc","status":"publish","type":"page","link":"https:\/\/serversmtp.com\/it\/email-cc\/","title":{"rendered":"Inviare email a pi\u00f9 persone: cosa dovresti sapere sull\u2019invio in CC e CCN."},"content":{"rendered":"\n<style>\n.info-label {\n    position: absolute;\n    right: 0;\n    top: 0;\n}\nol.spaced-list li, ul.spaced-list li {\n    margin-bottom: 15px;\n}\n.saswp-faq-block-section ol {\n    margin-left: 0px;\n}\n.saswp-faq-block-section ol li {\n    border-bottom: dotted 2px #ccc;\n    margin-bottom: 46px;\n    padding-bottom: 20px;\n}\n.saswp-faq-block-section ol li:last-child {\n    border-bottom: none;\n    margin-bottom: 26px;\n}\nhr.wp-block-separator {\n    border-top: dotted #ccc 2px;\n    background-color: #fff;\n    margin: 10px 10px 20px 10px;\n}\n<\/style>\n\n\n<div class=\"gb-container gb-container-c2369287\" id=\"introduction\">\n\n<h2 class=\"gb-headline gb-headline-c6d0a555 gb-headline-text\"><em>Perch\u00e9 inviare in Copia Conoscenza o in Copia Conoscenza Nascosta pu\u00f2 danneggiare i tuoi invii (e come risolvere il problema).<\/em><\/h2>\n\n\n\n<p>Quando si inviano email a pi\u00f9 destinatari, soprattutto per newsletter o campagne di marketing, pu\u00f2 sembrare semplice mettere gli indirizzi nel campo CC (Copia Conoscenza). Molti utenti, infatti, mettono un solo indirizzo nel campo principale A (o To) e inseriscono gli altri nel campo CC, in modo da inviare lo stesso messaggio a pi\u00f9 persone contemporaneamente.&nbsp;<\/p>\n\n\n\n<p>Sebbene questo metodo possa sembrare comodo e veloce, in realt\u00e0 comporta una serie di <strong>rischi che potrebbero compromettere la buona riuscita delle tue comunicazioni<\/strong>.<\/p>\n\n\n\n<p>L\u2019invio di email in copia conoscenza, infatti, nasconde diversi pericoli che, se non corretti, possono danneggiare la tua reputazione online e compromettere l&#8217;efficacia delle tue campagne email.<\/p>\n\n\n<div class=\"gb-container gb-container-f88c64d6\">\n\n<h3 class=\"gb-headline gb-headline-88307e27 gb-headline-text\"><strong>Vuoi scoprire di pi\u00f9 sull\u2019invio in CC e CCN?<\/strong><\/h3>\n\n\n\n<p class=\"gb-headline gb-headline-a73220df gb-headline-text\">Ne abbiamo parlato sul canale YouTube di Emailchef, la piattaforma di email marketing creata dagli sviluppatori di TurboSMTP.<\/p>\n\n\n\n<figure class=\"wp-block-embed is-type-video is-provider-youtube wp-block-embed-youtube wp-embed-aspect-16-9 wp-has-aspect-ratio\"><div class=\"wp-block-embed__wrapper\">\n<div class=\"epyt-video-wrapper\"><div  id=\"_ytid_71718\"  width=\"1200\" height=\"675\"  data-origwidth=\"1200\" data-origheight=\"675\"  data-relstop=\"1\" data-facadesrc=\"https:\/\/www.youtube-nocookie.com\/embed\/6eRxziuGvg4?autoplay=1&#038;cc_load_policy=0&#038;cc_lang_pref=&#038;iv_load_policy=1&#038;loop=0&#038;rel=0&#038;fs=1&#038;playsinline=0&#038;autohide=2&#038;theme=dark&#038;color=red&#038;controls=0&#038;\" class=\"__youtube_prefs__ epyt-facade epyt-is-override  no-lazyload\" data-epautoplay=\"1\" ><img decoding=\"async\" width=\"480\" height=\"360\" data-spai-excluded=\"true\" class=\"epyt-facade-poster skip-lazy\" loading=\"lazy\"  alt=\"YouTube player\"  src=\"https:\/\/i.ytimg.com\/vi\/6eRxziuGvg4\/hqdefault.jpg\"  \/><button class=\"epyt-facade-play\" aria-label=\"Play\"><svg data-no-lazy=\"1\" height=\"100%\" version=\"1.1\" viewBox=\"0 0 68 48\" width=\"100%\"><path class=\"ytp-large-play-button-bg\" d=\"M66.52,7.74c-0.78-2.93-2.49-5.41-5.42-6.19C55.79,.13,34,0,34,0S12.21,.13,6.9,1.55 C3.97,2.33,2.27,4.81,1.48,7.74C0.06,13.05,0,24,0,24s0.06,10.95,1.48,16.26c0.78,2.93,2.49,5.41,5.42,6.19 C12.21,47.87,34,48,34,48s21.79-0.13,27.1-1.55c2.93-0.78,4.64-3.26,5.42-6.19C67.94,34.95,68,24,68,24S67.94,13.05,66.52,7.74z\" fill=\"#f00\"><\/path><path d=\"M 45,24 27,14 27,34\" fill=\"#fff\"><\/path><\/svg><\/button><\/div><\/div>\n<\/div><\/figure>\n\n<\/div>\n<\/div>\n\n<div class=\"gb-container gb-container-1fd1eed5\" id=\"chapter-1\">\n\n<h2 class=\"gb-headline gb-headline-b95f2857 gb-headline-text\">I rischi dell&#8217;invio in Copia Conoscenza (e perch\u00e9 anche l\u2019invio in CCN non \u00e8 una buona idea).<\/h2>\n\n\n\n<p>Se da un lato l\u2019invio in Copia Conoscenza consente di inviare la stessa email a pi\u00f9 persone, dall\u2019altro tutti gli indirizzi email saranno visibili a tutti i destinatari. Questo non solo crea un problema di privacy, ma <strong>pu\u00f2 anche danneggiare la deliverability delle tue email<\/strong>, ovvero la capacit\u00e0 dei tuoi messaggi di raggiungere la casella di posta dei destinatari.&nbsp;<\/p>\n\n\n\n<p>Se anche solo uno dei destinatari segnala la tua email per spam, il rischio \u00e8 che il tuo indirizzo venga inserito in una blacklist. Questo significa che, ricevendo anche una singola segnalazione, le tue future email potrebbero non arrivare pi\u00f9 a destinazione.<\/p>\n\n\n\n<p>Molti pensano che il campo CCN (Copia Conoscenza Nascosta) risolva il problema della privacy, nascondendo gli indirizzi email degli altri destinatari. Sebbene questo passi in termini di privacy,<strong> il problema della deliverability rimane invariato<\/strong>. Se un destinatario segnala la tua email come spam, anche con il CCN, i rischi per la tua reputazione e la tua capacit\u00e0 di inviare email senza blocchi restano gli stessi.<\/p>\n\n\n\n<p>Inoltre, il CCN non risolve un altro aspetto cruciale: la gestione professionale delle tue liste di contatti. Usare strumenti adeguati per inviare email a grandi numeri di destinatari \u00e8 fondamentale per garantire una gestione ottimale e sicura delle tue comunicazioni.<\/p>\n\n<\/div>\n\n<div class=\"gb-container gb-container-f5731ccf\" id=\"chapter-2\">\n\n<h2 class=\"gb-headline gb-headline-b8688848 gb-headline-text\">La soluzione ideale? Un software professionale per l\u2019invio di email a pi\u00f9 destinatari.<\/h2>\n\n\n\n<p>Per inviare email in modo sicuro, efficace e senza rischi per la privacy, \u00e8 fondamentale utilizzare un software professionale per l\u2019email marketing.<\/p>\n\n\n\n<p><strong>La nostra soluzione si chiama <\/strong><a href=\"https:\/\/emailchef.com\/it\/\" title=\"Piattaforma email marketing professionale\"><strong>Emailchef<\/strong><\/a>: la piattaforma realizzata dagli stessi sviluppatori di TurboSMTP e integrata con il nostro potente server SMTP.<\/p>\n\n\n\n<p>Con Emailchef, puoi inviare email a pi\u00f9 destinatari in modo semplice e sicuro, senza rischiare che le tue comunicazioni finiscano in spam.&nbsp;<\/p>\n\n\n\n<p>Ma non \u00e8 tutto.<\/p>\n\n\n\n<p>Oltre a mandare mail a pi\u00f9 contatti contemporaneamente, avrai anche il pieno controllo della tua mailing list. Potrai infatti segmentare i tuoi contatti in base a criteri specifici, inviare contenuti personalizzati e rispettare le normative sulla privacy.<\/p>\n\n\n\n<p>L&#8217;integrazione con turboSMTP assicura che le tue email vengano<strong> inviate tramite un server di alta qualit\u00e0<\/strong>, riducendo al minimo il rischio di finire in blacklist e aumentando le probabilit\u00e0 che le tue comunicazioni arrivino correttamente a destinazione.<\/p>\n\n\n<div class=\"gb-container gb-container-07348264\">\n\n<h3 class=\"gb-headline gb-headline-485be0a4 gb-headline-text\"><strong>Tutti i benefici di Emailchef<\/strong><br><strong>per l\u2019invio di email a pi\u00f9 destinatari.<\/strong><\/h3>\n\n\n\n<p class=\"gb-headline gb-headline-c6dc858d\"><span class=\"gb-icon\"><svg aria-hidden=\"true\" role=\"img\" height=\"1em\" width=\"1em\" viewBox=\"0 0 512 512\" xmlns=\"http:\/\/www.w3.org\/2000\/svg\"><path fill=\"currentColor\" d=\"M173.898 439.404l-166.4-166.4c-9.997-9.997-9.997-26.206 0-36.204l36.203-36.204c9.997-9.998 26.207-9.998 36.204 0L192 312.69 432.095 72.596c9.997-9.997 26.207-9.997 36.204 0l36.203 36.204c9.997 9.997 9.997 26.206 0 36.204l-294.4 294.401c-9.998 9.997-26.207 9.997-36.204-.001z\"><\/path><\/svg><\/span><span class=\"gb-headline-text\"><strong>Gestione avanzata delle liste<\/strong><\/span><\/p>\n\n\n\n<p class=\"has-text-align-center\">Con Emailchef, puoi segmentare i tuoi contatti in gruppi mirati, inviando email personalizzate per ogni segmento. Questo aumenta l\u2019efficacia delle tue comunicazioni.<\/p>\n\n\n\n<hr class=\"wp-block-separator has-alpha-channel-opacity is-style-default\"\/>\n\n\n\n<p class=\"gb-headline gb-headline-e66f8309\"><span class=\"gb-icon\"><svg aria-hidden=\"true\" role=\"img\" height=\"1em\" width=\"1em\" viewBox=\"0 0 512 512\" xmlns=\"http:\/\/www.w3.org\/2000\/svg\"><path fill=\"currentColor\" d=\"M173.898 439.404l-166.4-166.4c-9.997-9.997-9.997-26.206 0-36.204l36.203-36.204c9.997-9.998 26.207-9.998 36.204 0L192 312.69 432.095 72.596c9.997-9.997 26.207-9.997 36.204 0l36.203 36.204c9.997 9.997 9.997 26.206 0 36.204l-294.4 294.401c-9.998 9.997-26.207 9.997-36.204-.001z\"><\/path><\/svg><\/span><span class=\"gb-headline-text\"><strong>Migliore deliverability<\/strong><\/span><\/p>\n\n\n\n<p class=\"has-text-align-center\">Grazie all&#8217;integrazione con turboSMTP, le tue email hanno una maggiore probabilit\u00e0 di raggiungere i destinatari senza finire in una blacklist.<\/p>\n\n\n\n<hr class=\"wp-block-separator has-alpha-channel-opacity is-style-default\"\/>\n\n\n\n<p class=\"gb-headline gb-headline-9e6af19d\"><span class=\"gb-icon\"><svg aria-hidden=\"true\" role=\"img\" height=\"1em\" width=\"1em\" viewBox=\"0 0 512 512\" xmlns=\"http:\/\/www.w3.org\/2000\/svg\"><path fill=\"currentColor\" d=\"M173.898 439.404l-166.4-166.4c-9.997-9.997-9.997-26.206 0-36.204l36.203-36.204c9.997-9.998 26.207-9.998 36.204 0L192 312.69 432.095 72.596c9.997-9.997 26.207-9.997 36.204 0l36.203 36.204c9.997 9.997 9.997 26.206 0 36.204l-294.4 294.401c-9.998 9.997-26.207 9.997-36.204-.001z\"><\/path><\/svg><\/span><span class=\"gb-headline-text\"><strong>Automazione delle campagne<\/strong><\/span><\/p>\n\n\n\n<p class=\"has-text-align-center\">Puoi impostare flussi automatici di email che rispondono alle azioni dei tuoi utenti, migliorando l&#8217;interazione e l&#8217;efficacia delle tue comunicazioni.<\/p>\n\n\n\n<hr class=\"wp-block-separator has-alpha-channel-opacity is-style-default\"\/>\n\n\n\n<p class=\"gb-headline gb-headline-5b66f774\"><span class=\"gb-icon\"><svg aria-hidden=\"true\" role=\"img\" height=\"1em\" width=\"1em\" viewBox=\"0 0 512 512\" xmlns=\"http:\/\/www.w3.org\/2000\/svg\"><path fill=\"currentColor\" d=\"M173.898 439.404l-166.4-166.4c-9.997-9.997-9.997-26.206 0-36.204l36.203-36.204c9.997-9.998 26.207-9.998 36.204 0L192 312.69 432.095 72.596c9.997-9.997 26.207-9.997 36.204 0l36.203 36.204c9.997 9.997 9.997 26.206 0 36.204l-294.4 294.401c-9.998 9.997-26.207 9.997-36.204-.001z\"><\/path><\/svg><\/span><span class=\"gb-headline-text\"><strong>Report dettagliati<\/strong><\/span><\/p>\n\n\n\n<p class=\"has-text-align-center\">Analizza i risultati delle tue campagne per ottimizzare continuamente le tue strategie di email marketing.<\/p>\n\n\n<div class=\"gb-container gb-container-fa924384\">\n\n<a class=\"gb-button gb-button-3a74472c gb-button-text\" href=\"https:\/\/app.emailchef.com\/apps\/demo\/quicksignup\" target=\"_blank\" rel=\"noopener noreferrer\"><strong>INVIA ORA EMAIL AI TUOI CONTATTI<\/strong><\/a>\n\n<\/div>\n<\/div>\n<\/div>\n\n<div class=\"gb-container gb-container-0e08f8ea\" id=\"chapter-3\">\n\n<h2 class=\"gb-headline gb-headline-3006feb1 gb-headline-text\">FAQ sull&#8217;invio in CC e CCN<\/h2>\n\n\n<div class=\"saswp-faq-block-section\"><ol style=\"list-style-type:none\"><li style=\"list-style-type: none\"><h5 class=\"saswp-faq-question-title \"><strong>Qual \u00e8 la differenza tra CC e CCN nelle email?<\/strong><\/h5><p class=\"saswp-faq-answer-text\">Il campo &#8220;Cc&#8221; (Copia Conoscenza) consente di inviare una copia visibile del messaggio a destinatari secondari. Tutti i destinatari inseriti nei campi &#8220;A&#8221; e &#8220;Cc&#8221; possono vedere gli indirizzi degli altri.<br>Il campo &#8220;Ccn&#8221; (Copia Conoscenza Nascosta) protegge invece la privacy dei destinatari: chi riceve l&#8217;email non pu\u00f2 vedere gli altri indirizzi inseriti in &#8220;Ccn&#8221;. Questo lo rende ideale per invii di gruppo o situazioni in cui la riservatezza \u00e8 essenziale.<\/p><li style=\"list-style-type: none\"><h5 class=\"saswp-faq-question-title \"><strong>Quali sono i limiti dell\u2019utilizzo di CC e CCN per invii multipli?<\/strong><\/h5><p class=\"saswp-faq-answer-text\">Usare i campi &#8220;Cc&#8221; e &#8220;Ccn&#8221; per inviare email a molti destinatari pu\u00f2 risultare inefficace e rischioso. I limiti principali includono:<br>&#8211; Privacy non garantita: errori nell\u2019uso del &#8220;Cc&#8221; possono esporre indirizzi email a destinatari non autorizzati.<br>&#8211; Rischio di spam: invii massivi tramite &#8220;Cc&#8221; o &#8220;Ccn&#8221; possono attivare filtri antispam, riducendo il tasso di consegna.<br>&#8211; Mancanza di monitoraggio: non \u00e8 possibile tracciare aperture, clic o altre metriche utili.<br>Per gestire al meglio invii multipli, \u00e8 consigliabile utilizzare <a href=\"https:\/\/emailchef.com\/it\/\" target=\"_blank\" rel=\"noreferrer noopener\">piattaforme di email marketing professionali<\/a>, che offrono strumenti avanzati per garantire privacy e alta deliverability.<\/p><li style=\"list-style-type: none\"><h5 class=\"saswp-faq-question-title \"><strong>In che modo l&#8217;invio in Copia Conoscenza e Copia Conoscenza Nascosta influisce sulla deliverability delle email?<\/strong><\/h5><p class=\"saswp-faq-answer-text\">L\u2019utilizzo improprio dei campi &#8220;Cc&#8221; e &#8220;Ccn&#8221; pu\u00f2 influire negativamente sulla deliverability delle email, ovvero sulla capacit\u00e0 di raggiungere correttamente la casella di posta del destinatario. Inserire molti indirizzi in &#8220;Cc&#8221; o &#8220;Ccn&#8221; potrebbe attivare i filtri antispam, specialmente se i destinatari non hanno fornito consenso esplicito.<\/p><li style=\"list-style-type: none\"><h5 class=\"saswp-faq-question-title \"><strong>Come evitare errori comuni nell&#8217;uso del campo &#8220;Cc&#8221;?<\/strong><\/h5><p class=\"saswp-faq-answer-text\">&#8211; Non abusare del &#8220;Cc&#8221;: inviare troppe email con destinatari in copia pu\u00f2 creare confusione e sovraccarico di informazioni.<br>&#8211; Verifica la pertinenza: assicurati che chi \u00e8 in copia abbia effettivamente bisogno del contenuto del messaggio.<br>&#8211; Fai attenzione alla privacy: usa il &#8220;Ccn&#8221; se i destinatari non si conoscono o se la comunicazione richiede riservatezza.<\/p><li style=\"list-style-type: none\"><h5 class=\"saswp-faq-question-title \"><strong>Posso usare il campo &#8220;Ccn&#8221; per inviare newsletter?<\/strong><\/h5><p class=\"saswp-faq-answer-text\">Tecnicamente s\u00ec, ma non \u00e8 consigliato per invii di massa. Le piattaforme di email marketing professionali sono ottimizzate per gestire campagne e garantire una maggiore deliverability rispetto all&#8217;uso manuale del &#8220;Ccn&#8221;. Inoltre, forniscono strumenti per monitorare aperture, clic e interazioni, cosa che il &#8220;Ccn&#8221; non permette di fare.<\/p><li style=\"list-style-type: none\"><h5 class=\"saswp-faq-question-title \"><strong>Perch\u00e9 \u00e8 importante rispettare la privacy nei campi &#8220;Cc&#8221; e &#8220;Ccn&#8221;?<\/strong><\/h5><p class=\"saswp-faq-answer-text\">Inserire troppi destinatari in &#8220;Cc&#8221; senza il loro consenso pu\u00f2 violare le normative sulla protezione dei dati, come il GDPR. Gli indirizzi email sono dati personali e devono essere trattati con attenzione. Utilizzare &#8220;Ccn&#8221; \u00e8 una buona pratica per proteggere la riservatezza degli utenti e mantenere la fiducia nel mittente.<\/p><\/ul><\/div>\n<\/div>","protected":false},"excerpt":{"rendered":"<p>Perch\u00e9 inviare in Copia Conoscenza o in Copia Conoscenza Nascosta pu\u00f2 danneggiare i tuoi invii (e come risolvere il problema). Quando si inviano email a pi\u00f9 destinatari, soprattutto per newsletter o campagne di marketing, pu\u00f2 sembrare semplice mettere gli indirizzi nel campo CC (Copia Conoscenza). Molti utenti, infatti, mettono un solo indirizzo nel campo principale &#8230; <\/p>\n<p class=\"read-more-container\"><a title=\"Inviare email a pi\u00f9 persone: cosa dovresti sapere sull\u2019invio in CC e CCN.\" class=\"read-more button\" href=\"https:\/\/serversmtp.com\/it\/email-cc\/#more-1454\" aria-label=\"Per saperne di pi\u00f9 su Inviare email a pi\u00f9 persone: cosa dovresti sapere sull\u2019invio in CC e CCN.\">Discover more<\/a><\/p>\n","protected":false},"author":3,"featured_media":0,"parent":0,"menu_order":0,"comment_status":"closed","ping_status":"closed","template":"","meta":{"_eb_attr":"","inline_featured_image":false,"_monsterinsights_skip_tracking":false,"_monsterinsights_sitenote_active":false,"_monsterinsights_sitenote_note":"","_monsterinsights_sitenote_category":0,"footnotes":""},"class_list":["post-1454","page","type-page","status-publish"],"yoast_head":"<!-- This site is optimized with the Yoast SEO plugin v25.3.1 - https:\/\/yoast.com\/wordpress\/plugins\/seo\/ -->\n<title>Inviare email a pi\u00f9 persone: cosa sapere su CC e CCN<\/title>\n<meta name=\"description\" content=\"Come Inviare Email a pi\u00f9 Persone Contemporaneamente Senza che si Vedano. Invio di Email a pi\u00f9 Destinatari. Come Mandare molte Email Contemporaneamente\" \/>\n<meta name=\"robots\" content=\"index, follow, max-snippet:-1, max-image-preview:large, max-video-preview:-1\" \/>\n<link rel=\"canonical\" href=\"https:\/\/serversmtp.com\/it\/email-cc\/\" \/>\n<meta name=\"twitter:label1\" content=\"Tempo di lettura stimato\" \/>\n\t<meta name=\"twitter:data1\" content=\"4 minuti\" \/>\n<!-- \/ Yoast SEO plugin. -->","yoast_head_json":{"title":"Inviare email a pi\u00f9 persone: cosa sapere su CC e CCN","description":"Come Inviare Email a pi\u00f9 Persone Contemporaneamente Senza che si Vedano. Invio di Email a pi\u00f9 Destinatari. Come Mandare molte Email Contemporaneamente","robots":{"index":"index","follow":"follow","max-snippet":"max-snippet:-1","max-image-preview":"max-image-preview:large","max-video-preview":"max-video-preview:-1"},"canonical":"https:\/\/serversmtp.com\/it\/email-cc\/","twitter_misc":{"Tempo di lettura stimato":"4 minuti"},"schema":{"@context":"https:\/\/schema.org","@graph":[{"@type":"WebPage","@id":"https:\/\/serversmtp.com\/it\/email-cc\/","url":"https:\/\/serversmtp.com\/it\/email-cc\/","name":"Inviare email a pi\u00f9 persone: cosa sapere su CC e CCN","isPartOf":{"@id":"https:\/\/serversmtp.com\/#website"},"datePublished":"2018-03-27T14:59:40+00:00","dateModified":"2024-12-03T12:49:38+00:00","description":"Come Inviare Email a pi\u00f9 Persone Contemporaneamente Senza che si Vedano. Invio di Email a pi\u00f9 Destinatari. Come Mandare molte Email Contemporaneamente","breadcrumb":{"@id":"https:\/\/serversmtp.com\/it\/email-cc\/#breadcrumb"},"inLanguage":"it-IT","potentialAction":[{"@type":"ReadAction","target":["https:\/\/serversmtp.com\/it\/email-cc\/"]}]},{"@type":"BreadcrumbList","@id":"https:\/\/serversmtp.com\/it\/email-cc\/#breadcrumb","itemListElement":[{"@type":"ListItem","position":1,"name":"Home","item":"https:\/\/serversmtp.com\/it\/"},{"@type":"ListItem","position":2,"name":"Inviare email a pi\u00f9 persone: cosa dovresti sapere sull\u2019invio in CC e CCN."}]},{"@type":"WebSite","@id":"https:\/\/serversmtp.com\/#website","url":"https:\/\/serversmtp.com\/","name":"Server Mail SMTP - Provider di servizi SMTP professionali","description":"Server Mail SMTP - Provider di servizi SMTP professionali","publisher":{"@id":"https:\/\/serversmtp.com\/#organization"},"potentialAction":[{"@type":"SearchAction","target":{"@type":"EntryPoint","urlTemplate":"https:\/\/serversmtp.com\/?s={search_term_string}"},"query-input":{"@type":"PropertyValueSpecification","valueRequired":true,"valueName":"search_term_string"}}],"inLanguage":"it-IT"},{"@type":"Organization","@id":"https:\/\/serversmtp.com\/#organization","name":"Delivery Tech","url":"https:\/\/serversmtp.com\/","logo":{"@type":"ImageObject","inLanguage":"it-IT","@id":"https:\/\/serversmtp.com\/#\/schema\/logo\/image\/","url":"https:\/\/serversmtp.com\/wp-content\/uploads\/2021\/11\/og-image-2.jpg","contentUrl":"https:\/\/serversmtp.com\/wp-content\/uploads\/2021\/11\/og-image-2.jpg","width":1200,"height":1128,"caption":"Delivery Tech"},"image":{"@id":"https:\/\/serversmtp.com\/#\/schema\/logo\/image\/"}}]}},"_links":{"self":[{"href":"https:\/\/serversmtp.com\/it\/wp-json\/wp\/v2\/pages\/1454"}],"collection":[{"href":"https:\/\/serversmtp.com\/it\/wp-json\/wp\/v2\/pages"}],"about":[{"href":"https:\/\/serversmtp.com\/it\/wp-json\/wp\/v2\/types\/page"}],"author":[{"embeddable":true,"href":"https:\/\/serversmtp.com\/it\/wp-json\/wp\/v2\/users\/3"}],"replies":[{"embeddable":true,"href":"https:\/\/serversmtp.com\/it\/wp-json\/wp\/v2\/comments?post=1454"}],"version-history":[{"count":8,"href":"https:\/\/serversmtp.com\/it\/wp-json\/wp\/v2\/pages\/1454\/revisions"}],"predecessor-version":[{"id":21045,"href":"https:\/\/serversmtp.com\/it\/wp-json\/wp\/v2\/pages\/1454\/revisions\/21045"}],"wp:attachment":[{"href":"https:\/\/serversmtp.com\/it\/wp-json\/wp\/v2\/media?parent=1454"}],"curies":[{"name":"wp","href":"https:\/\/api.w.org\/{rel}","templated":true}]}}