{"id":1447,"date":"2018-03-27T12:24:36","date_gmt":"2018-03-27T10:24:36","guid":{"rendered":"https:\/\/dev.serversmtp.com\/?page_id=1447"},"modified":"2022-02-10T16:14:11","modified_gmt":"2022-02-10T15:14:11","slug":"invio-ricezione-email","status":"publish","type":"page","link":"https:\/\/serversmtp.com\/it\/invio-ricezione-email\/","title":{"rendered":"Invio email e ricezione"},"content":{"rendered":"<p>Inviare, tracciare e ricevere un&#8217;email: come funziona il tragitto della posta elettronica<\/p>\n<div class=\"lpCategoryList\">\n<h2><a title=\"come inviare email\" href=\"\/it\/come-inviare-email\">Come inviare un&#8217;email<\/a><\/h2>\n<p>I dettagli tecnici dell&#8217;invio di un messaggio di posta elettronica, e perch\u00e9 un&#8217;email inviata non \u00e8 sempre un&#8217;email consegnata.<\/p>\n<h2><a title=\"Mailing list CC\" href=\"\/it\/email-cc\">Email multiple in CC: perch\u00e9 \u00e8 importante evitarlo<\/a><\/h2>\n<p>Quando si spedisce una mailing list o una newsletter, \u00e8 necessario evitare di inserire gli indirizzi nel campo copia.<\/p>\n<h2><a title=\"problemi email: la consegna\" href=\"\/it\/problemi-email-consegna\">Problemi con l&#8217;email: la consegna<\/a><\/h2>\n<p>Comprendere perch\u00e9 alcune delle vostre email non vengono correttamente consegnate agli utenti \u00e8 essenziale per migliorare una campagna di marketing.<\/p>\n<h2><a title=\"come trovare indirizzi email\" href=\"\/it\/come-trovare-indirizzi-email\">Come trovare indirizzi email<\/a><\/h2>\n<p>Per ampliare il raggio d&#8217;azione delle vostre campagne, \u00e8 importante raccogliere nuovi contatti autorizzati. Ecco come fare.<\/p>\n<h2><a title=\"tracciare email\" href=\"\/it\/tracciare-email\">Tracciare un&#8217;email<\/a><\/h2>\n<p>Come effettuare il tracking del percorso di un&#8217;email: dalla sua ricezione alla sua lettura, passando per i click su eventuali link.<\/p>\n<h2><a title=\"Invio newsletter Mailup vs. turboSMTP\" href=\"\/it\/mailup-newsletter-confronto\">Invio newsletter: Mailup vs. turboSMTP<\/a><\/h2>\n<p>Il confronto tra un popolare servizio online di email marketing e il nostro servizio SMTP per quanto concerne la fase di invio e consegna.<\/p>\n<h2><a title=\"Non riesco a inviare le email\" href=\"\/it\/non-riesco-inviare-email\">Non riesco a inviare le email<\/a><\/h2>\n<p>I problemi di invio email sono purtroppo molto frequenti; ecco come risolverli.<\/p>\n<h2><a title=\"Come inviare le email transazionali\" href=\"\/it\/email-transazionali\">Come inviare le email transazionali<\/a><\/h2>\n<p>Che cos&#8217;\u00e8 una email transazionale, perch\u00e9 \u00e8 tanto \u00e8 importante, e come fare in modo che arrivi sempre a destinazione.<\/p>\n<h2><a title=\"Problemi di posta alice\" href=\"\/it\/problemi-posta-alice\">Problemi di invio posta con Alice<\/a><\/h2>\n<p>Se avete una casella di posta Alice e non riuscite a spedire le vostre email, questo \u00e8 l&#8217;articolo che fa per voi.<\/p>\n<h2><a title=\"Problemi Libero mail\" href=\"\/it\/problemi-libero-mail\">Problemi di invio posta con Libero mail<\/a><\/h2>\n<p>Come risolvere le cause pi\u00f9 comuni che impediscono la spedizione di email con Libero.<\/p>\n<h2><a title=\"Problemi di invio posta con Outlook\" href=\"\/it\/problemi-invio-posta-outlook\">Problemi di invio posta con Outlook<\/a><\/h2>\n<p>Non riuscite a inviare le vostre email con Microsoft Outlook? Ecco come risolvere il problema.<\/p>\n<\/div>\n","protected":false},"excerpt":{"rendered":"<p>Inviare, tracciare e ricevere un&#8217;email: come funziona il tragitto della posta elettronica Come inviare un&#8217;email I dettagli tecnici dell&#8217;invio di un messaggio di posta elettronica, e perch\u00e9 un&#8217;email inviata non \u00e8 sempre un&#8217;email consegnata. Email multiple in CC: perch\u00e9 \u00e8 importante evitarlo Quando si spedisce una mailing list o una newsletter, \u00e8 necessario evitare di &#8230; <\/p>\n<p class=\"read-more-container\"><a title=\"Invio email e ricezione\" class=\"read-more button\" href=\"https:\/\/serversmtp.com\/it\/invio-ricezione-email\/#more-1447\" aria-label=\"Per saperne di pi\u00f9 su Invio email e ricezione\">Discover more<\/a><\/p>\n","protected":false},"author":1,"featured_media":0,"parent":0,"menu_order":0,"comment_status":"closed","ping_status":"closed","template":"","meta":{"_eb_attr":"","inline_featured_image":false,"_monsterinsights_skip_tracking":false,"_monsterinsights_sitenote_active":false,"_monsterinsights_sitenote_note":"","_monsterinsights_sitenote_category":0,"footnotes":""},"class_list":["post-1447","page","type-page","status-publish"],"yoast_head":"<!-- This site is optimized with the Yoast SEO plugin v25.3.1 - https:\/\/yoast.com\/wordpress\/plugins\/seo\/ -->\n<title>Invio email e ricezione - Server Mail SMTP - Provider di servizi SMTP professionali<\/title>\n<meta name=\"robots\" content=\"index, follow, max-snippet:-1, max-image-preview:large, max-video-preview:-1\" \/>\n<link rel=\"canonical\" href=\"https:\/\/serversmtp.com\/it\/invio-ricezione-email\/\" \/>\n<meta name=\"twitter:label1\" content=\"Tempo di lettura stimato\" \/>\n\t<meta name=\"twitter:data1\" content=\"1 minuto\" \/>\n<!-- \/ Yoast SEO plugin. -->","yoast_head_json":{"title":"Invio email e ricezione - Server Mail SMTP - Provider di servizi SMTP professionali","robots":{"index":"index","follow":"follow","max-snippet":"max-snippet:-1","max-image-preview":"max-image-preview:large","max-video-preview":"max-video-preview:-1"},"canonical":"https:\/\/serversmtp.com\/it\/invio-ricezione-email\/","twitter_misc":{"Tempo di lettura stimato":"1 minuto"},"schema":{"@context":"https:\/\/schema.org","@graph":[{"@type":"WebPage","@id":"https:\/\/serversmtp.com\/it\/invio-ricezione-email\/","url":"https:\/\/serversmtp.com\/it\/invio-ricezione-email\/","name":"Invio email e ricezione - Server Mail SMTP - Provider di servizi SMTP professionali","isPartOf":{"@id":"https:\/\/serversmtp.com\/de\/#website"},"datePublished":"2018-03-27T10:24:36+00:00","dateModified":"2022-02-10T15:14:11+00:00","breadcrumb":{"@id":"https:\/\/serversmtp.com\/it\/invio-ricezione-email\/#breadcrumb"},"inLanguage":"it-IT","potentialAction":[{"@type":"ReadAction","target":["https:\/\/serversmtp.com\/it\/invio-ricezione-email\/"]}]},{"@type":"BreadcrumbList","@id":"https:\/\/serversmtp.com\/it\/invio-ricezione-email\/#breadcrumb","itemListElement":[{"@type":"ListItem","position":1,"name":"Home","item":"https:\/\/serversmtp.com\/it\/"},{"@type":"ListItem","position":2,"name":"Invio email e ricezione"}]},{"@type":"WebSite","@id":"https:\/\/serversmtp.com\/de\/#website","url":"https:\/\/serversmtp.com\/de\/","name":"Server Mail SMTP - Provider di servizi SMTP professionali","description":"Server Mail SMTP - Provider di servizi SMTP professionali","publisher":{"@id":"https:\/\/serversmtp.com\/de\/#organization"},"potentialAction":[{"@type":"SearchAction","target":{"@type":"EntryPoint","urlTemplate":"https:\/\/serversmtp.com\/de\/?s={search_term_string}"},"query-input":{"@type":"PropertyValueSpecification","valueRequired":true,"valueName":"search_term_string"}}],"inLanguage":"it-IT"},{"@type":"Organization","@id":"https:\/\/serversmtp.com\/de\/#organization","name":"Delivery Tech","url":"https:\/\/serversmtp.com\/de\/","logo":{"@type":"ImageObject","inLanguage":"it-IT","@id":"https:\/\/serversmtp.com\/de\/#\/schema\/logo\/image\/","url":"https:\/\/serversmtp.com\/wp-content\/uploads\/2021\/11\/og-image-2.jpg","contentUrl":"https:\/\/serversmtp.com\/wp-content\/uploads\/2021\/11\/og-image-2.jpg","width":1200,"height":1128,"caption":"Delivery Tech"},"image":{"@id":"https:\/\/serversmtp.com\/de\/#\/schema\/logo\/image\/"}}]}},"_links":{"self":[{"href":"https:\/\/serversmtp.com\/it\/wp-json\/wp\/v2\/pages\/1447"}],"collection":[{"href":"https:\/\/serversmtp.com\/it\/wp-json\/wp\/v2\/pages"}],"about":[{"href":"https:\/\/serversmtp.com\/it\/wp-json\/wp\/v2\/types\/page"}],"author":[{"embeddable":true,"href":"https:\/\/serversmtp.com\/it\/wp-json\/wp\/v2\/users\/1"}],"replies":[{"embeddable":true,"href":"https:\/\/serversmtp.com\/it\/wp-json\/wp\/v2\/comments?post=1447"}],"version-history":[{"count":1,"href":"https:\/\/serversmtp.com\/it\/wp-json\/wp\/v2\/pages\/1447\/revisions"}],"predecessor-version":[{"id":1448,"href":"https:\/\/serversmtp.com\/it\/wp-json\/wp\/v2\/pages\/1447\/revisions\/1448"}],"wp:attachment":[{"href":"https:\/\/serversmtp.com\/it\/wp-json\/wp\/v2\/media?parent=1447"}],"curies":[{"name":"wp","href":"https:\/\/api.w.org\/{rel}","templated":true}]}}