{"id":1440,"date":"2018-03-26T17:41:03","date_gmt":"2018-03-26T15:41:03","guid":{"rendered":"https:\/\/dev.serversmtp.com\/?page_id=1440"},"modified":"2018-03-28T16:18:46","modified_gmt":"2018-03-28T14:18:46","slug":"smtp-e-pop3","status":"publish","type":"page","link":"https:\/\/serversmtp.com\/it\/smtp-e-pop3\/","title":{"rendered":"SMTP e POP3"},"content":{"rendered":"<p><strong>SMTP<\/strong> e <strong>POP3<\/strong> sono due degli aspetti tecnici pi\u00f9 importanti dell&#8217;intero processo di invio della posta elettronica. In poche parole, il <strong>server di posta in uscita<\/strong> usa il protocollo SMTP (acronimo per <strong>Simple Mail Transfer Protocol<\/strong>) per occuparsi della consegna delle email ; mentre il server POP (acronimo per <strong>Post Office Protocol<\/strong>) gestisce la ricezione e il download.<\/p>\n<p>Quanto al nome <strong>POP3<\/strong>, \u00e8 semplicemente riferito all&#8217;ultima versione del protocollo \u2013 rilasciata ufficialmente nel 1996. Nel 2003 c&#8217;\u00e8 stata una proposta informale per una nuova specifica, POP4: ma da allora non si ha alcuna notizia di upgrade.<\/p>\n<p><img loading=\"lazy\" class=\"aligncenter wp-image-1038 size-full\" src=\"https:\/\/serversmtp.com\/wp-content\/uploads\/2018\/03\/pop-email.png\" alt=\"\" width=\"580\" height=\"372\" srcset=\"https:\/\/serversmtp.com\/wp-content\/uploads\/2018\/03\/pop-email.png 580w, https:\/\/serversmtp.com\/wp-content\/uploads\/2018\/03\/pop-email-300x192.png 300w, https:\/\/serversmtp.com\/wp-content\/uploads\/2018\/03\/pop-email-320x205.png 320w, https:\/\/serversmtp.com\/wp-content\/uploads\/2018\/03\/pop-email-239x153.png 239w\" sizes=\"(max-width: 580px) 100vw, 580px\" \/><\/p>\n<p>Pi\u00f9 nello specifico, il linguaggio SMTP sfrutta la <strong>porta 25<\/strong> del computer ed \u00e8 dedicato a tutti gli aspetti legati al routing e allo scambio di messaggi attraverso i mail server. Ed \u00e8 grazie al protocollo POP (usando la porta 110) che un server di posta in entrata pu\u00f2 trattenere un&#8217;email fino al momento in cui il ricevente non la scarica sul proprio computer.<\/p>\n<p>Dunque il viaggio tipo di un&#8217;email \u00e8 molto simile al <strong>viaggio di una lettera<\/strong> attraverso diversi uffici postali: spedite un messaggio con un client (Apple Mail, Mozilla Thunderbird, Microsoft Outlook&#8230;) che si connette a un server tramite il protocollo SMTP e consegna l&#8217;email: infine, il client del ricevente usa il protocollo POP3 per riceverla.<\/p>\n<p>Per <strong>configurare un client di posta<\/strong> \u00e8 dunque necessario fornire le corrette specifiche SMTP e POP3, che sono differenti a seconda del provider utilizzato (ad esempio, per Gmail sono gmail.smtp.com e pop.gmail.com).<\/p>\n<p>Usare un normale server SMTP gratuito \u00e8 pi\u00f9 che sufficiente per le comunicazioni personali. Ma se dovete spedire un alto numero di email (ad esempio una newsletter) possono sorgere <strong>numerosi problemi<\/strong>\u00a0di consegna dei messaggi. I provider gratuiti inoltre impongono dei severi limiti riguardo il numero di email che possono essere spedite in un&#8217;unica volta.<\/p>\n<p>Da questo punto di vista la soluzione ideale \u00e8 un <strong>servizio SMTP professionale<\/strong> come <a title=\"turboSMTP\" href=\"\/it\/tsmtpregistration1.php\">turboSMTP<\/a>, in grado di garantire la massima deliverability ed eliminare ogni problema di ricezione dei messaggi.<\/p>\n<p>Ed ecco una lista dei parametri SMTP e POP\/POP3 dei principali servizi di posta elettronica e internet provider italiani:<\/p>\n<table style=\"width: 100%;\" border=\"1\" cellspacing=\"0\" cellpadding=\"4\">\n<colgroup>\n<col width=\"83*\" \/>\n<col width=\"75*\" \/>\n<col width=\"98*\" \/> <\/colgroup>\n<tbody>\n<tr valign=\"TOP\">\n<td width=\"23%\">\n<p lang=\"en-US\" align=\"CENTER\"><span style=\"font-size: small;\"><strong>PROVIDER<\/strong><\/span><\/p>\n<\/td>\n<td width=\"23%\">\n<p lang=\"en-US\" align=\"CENTER\"><span style=\"font-size: small;\"><strong>URL<\/strong><\/span><\/p>\n<\/td>\n<td width=\"29%\">\n<p lang=\"en-US\" align=\"CENTER\"><span style=\"font-size: small;\"><strong>SERVER SMTP<\/strong><\/span><\/p>\n<\/td>\n<td width=\"25%\">\n<p lang=\"en-US\" align=\"CENTER\"><span style=\"font-size: small;\"><strong>POP\/POP3<\/strong><\/span><\/p>\n<\/td>\n<\/tr>\n<tr valign=\"TOP\">\n<td width=\"23%\">\n<p lang=\"en-US\" align=\"CENTER\"><span style=\"font-size: small;\"><strong>Alice<\/strong><\/span><\/p>\n<\/td>\n<td width=\"23%\">\n<p lang=\"en-US\" align=\"CENTER\"><span style=\"font-size: small;\">Telecomitalia.it<\/span><\/p>\n<\/td>\n<td width=\"29%\">\n<p lang=\"en-US\" align=\"CENTER\"><span style=\"font-size: small;\">Out.alice.it<\/span><\/p>\n<\/td>\n<td width=\"25%\">\n<p lang=\"en-US\" align=\"CENTER\"><span style=\"font-size: small;\">In.alice.it<\/span><\/p>\n<\/td>\n<\/tr>\n<tr valign=\"TOP\">\n<td width=\"23%\">\n<p lang=\"en-US\" align=\"CENTER\"><span style=\"font-size: small;\"><strong>Aruba<\/strong><\/span><\/p>\n<\/td>\n<td width=\"23%\">\n<p lang=\"en-US\" align=\"CENTER\"><span style=\"font-size: small;\">Aruba.it<\/span><\/p>\n<\/td>\n<td width=\"29%\">\n<p lang=\"en-US\" align=\"CENTER\"><span style=\"font-size: small;\">Smtp.aruba.it<\/span><\/p>\n<\/td>\n<td width=\"25%\">\n<p lang=\"en-US\" align=\"CENTER\"><span style=\"font-size: small;\">Pop3.aruba.it<\/span><\/p>\n<\/td>\n<\/tr>\n<tr valign=\"TOP\">\n<td width=\"23%\">\n<p lang=\"en-US\" align=\"CENTER\"><span style=\"font-size: small;\"><strong><span style=\"background-color: transparent;\">Bluewin<\/span><\/strong><\/span><\/p>\n<\/td>\n<td width=\"23%\">\n<p lang=\"en-US\" align=\"CENTER\"><span style=\"font-size: small;\"><span style=\"background-color: transparent;\">Bluewin.ch<\/span><\/span><\/p>\n<\/td>\n<td width=\"29%\">\n<p lang=\"en-US\" align=\"CENTER\"><span style=\"font-size: small;\"><span style=\"background-color: transparent;\">Smtpauths.bluewin.ch <\/span><\/span><\/p>\n<\/td>\n<td width=\"25%\">\n<p lang=\"en-US\" align=\"CENTER\"><span style=\"font-size: small;\"><span style=\"background-color: transparent;\">Pop3.bluewin.ch <\/span><\/span><\/p>\n<\/td>\n<\/tr>\n<tr valign=\"TOP\">\n<td width=\"23%\">\n<p lang=\"en-US\" align=\"CENTER\"><span style=\"font-size: small;\"><strong>Fastweb<\/strong><\/span><\/p>\n<\/td>\n<td width=\"23%\">\n<p lang=\"en-US\" align=\"CENTER\"><span style=\"font-size: small;\">Fastweb.it<\/span><\/p>\n<\/td>\n<td width=\"29%\">\n<p lang=\"en-US\" align=\"CENTER\"><span style=\"font-size: small;\">Out.fastweb.it<\/span><\/p>\n<\/td>\n<td width=\"25%\">\n<p lang=\"en-US\" align=\"CENTER\"><span style=\"font-size: small;\"><span style=\"background-color: transparent;\">Mailbus.fastweb.it<\/span><\/span><\/p>\n<\/td>\n<\/tr>\n<tr valign=\"TOP\">\n<td width=\"23%\">\n<p lang=\"en-US\" align=\"CENTER\"><span style=\"font-size: small;\"><strong>Gmail<\/strong><\/span><\/p>\n<\/td>\n<td width=\"29%\">\n<p lang=\"en-US\" align=\"CENTER\"><span style=\"font-size: small;\">Gmail.com<\/span><\/p>\n<\/td>\n<td width=\"29%\">\n<p lang=\"en-US\" align=\"CENTER\"><span style=\"font-size: small;\">Smtp.gmail.com<\/span><\/p>\n<\/td>\n<td width=\"25%\">\n<p lang=\"en-US\" align=\"CENTER\"><span style=\"font-size: small;\">Pop.gmail.com<\/span><\/p>\n<\/td>\n<\/tr>\n<tr valign=\"TOP\">\n<td width=\"23%\">\n<p lang=\"en-US\" align=\"CENTER\"><span style=\"font-size: small;\"><strong>Hotmail<\/strong><\/span><\/p>\n<\/td>\n<td width=\"29%\">\n<p lang=\"en-US\" align=\"CENTER\"><span style=\"font-size: small;\">Hotmail.com<\/span><\/p>\n<\/td>\n<td width=\"29%\">\n<p lang=\"en-US\" align=\"CENTER\"><span style=\"font-size: small;\">Smtp.live.com<\/span><\/p>\n<\/td>\n<td width=\"25%\">\n<p lang=\"en-US\" align=\"CENTER\"><span style=\"font-size: small;\">Pop3.live.com<\/span><\/p>\n<\/td>\n<\/tr>\n<tr valign=\"TOP\">\n<td width=\"23%\">\n<p lang=\"en-US\" align=\"CENTER\"><span style=\"font-size: small;\"><strong>Libero<\/strong><\/span><\/p>\n<\/td>\n<td width=\"29%\">\n<p lang=\"en-US\" align=\"CENTER\"><span style=\"font-size: small;\">Libero.it<\/span><\/p>\n<\/td>\n<td width=\"29%\">\n<p lang=\"en-US\" align=\"CENTER\"><span style=\"font-size: small;\">Mail.libero.it<\/span><\/p>\n<\/td>\n<td width=\"25%\">\n<p lang=\"en-US\" align=\"CENTER\"><span style=\"font-size: small;\">Popmail.libero.it<\/span><\/p>\n<\/td>\n<\/tr>\n<tr valign=\"TOP\">\n<td width=\"23%\">\n<p lang=\"en-US\" align=\"CENTER\"><span style=\"font-size: small;\"><strong>Tim<\/strong><\/span><\/p>\n<\/td>\n<td width=\"29%\">\n<p lang=\"en-US\" align=\"CENTER\"><span style=\"font-size: small;\">Tim.it<\/span><\/p>\n<\/td>\n<td width=\"29%\">\n<p lang=\"en-US\" align=\"CENTER\"><span style=\"font-size: small;\">Box.posta.tim.it<\/span><\/p>\n<\/td>\n<td width=\"25%\">\n<p lang=\"en-US\" align=\"CENTER\"><span style=\"font-size: small;\">Mail.posta.tim.it<\/span><\/p>\n<\/td>\n<\/tr>\n<tr valign=\"TOP\">\n<td width=\"23%\">\n<p lang=\"en-US\" align=\"CENTER\"><span style=\"font-size: small;\"><strong>Tin<\/strong><\/span><\/p>\n<\/td>\n<td width=\"29%\">\n<p lang=\"en-US\" align=\"CENTER\"><span style=\"font-size: small;\">Tin.it<\/span><\/p>\n<\/td>\n<td width=\"29%\">\n<p lang=\"en-US\" align=\"CENTER\"><span style=\"font-size: small;\">Mail.tin.it<\/span><\/p>\n<\/td>\n<td width=\"25%\">\n<p lang=\"en-US\" align=\"CENTER\"><span style=\"font-size: small;\">Box.tin.it<\/span><\/p>\n<\/td>\n<\/tr>\n<tr valign=\"TOP\">\n<td width=\"23%\">\n<p lang=\"en-US\" align=\"CENTER\"><span style=\"font-size: small;\"><strong>Tiscali<\/strong><\/span><\/p>\n<\/td>\n<td width=\"29%\">\n<p lang=\"en-US\" align=\"CENTER\"><span style=\"font-size: small;\">Tiscali.it<\/span><\/p>\n<\/td>\n<td width=\"29%\">\n<p lang=\"en-US\" align=\"CENTER\"><span style=\"font-size: small;\">Smtp.tiscali.it<\/span><\/p>\n<\/td>\n<td width=\"25%\">\n<p lang=\"en-US\" align=\"CENTER\"><span style=\"font-size: small;\">Pop.tiscali.it<\/span><\/p>\n<\/td>\n<\/tr>\n<tr valign=\"TOP\">\n<td width=\"23%\">\n<p lang=\"en-US\" align=\"CENTER\"><span style=\"font-size: small;\"><strong>Tre<\/strong><\/span><\/p>\n<\/td>\n<td width=\"29%\">\n<p lang=\"en-US\" align=\"CENTER\"><span style=\"font-size: small;\">Tre.it<\/span><\/p>\n<\/td>\n<td width=\"29%\">\n<p lang=\"en-US\" align=\"CENTER\"><span style=\"font-size: small;\">Smtp.tre.it<\/span><\/p>\n<\/td>\n<td width=\"25%\">\n<p lang=\"en-US\" align=\"CENTER\"><span style=\"font-size: small;\">Webmail.tre.it<\/span><\/p>\n<\/td>\n<\/tr>\n<tr valign=\"TOP\">\n<td width=\"23%\">\n<p lang=\"en-US\" align=\"CENTER\"><span style=\"font-size: small;\"><strong>Virgilio<\/strong><\/span><\/p>\n<\/td>\n<td width=\"29%\">\n<p lang=\"en-US\" align=\"CENTER\"><span style=\"font-size: small;\">Virgilio.it<\/span><\/p>\n<\/td>\n<td width=\"29%\">\n<p lang=\"en-US\" align=\"CENTER\"><span style=\"font-size: small;\">Out.virgilio.it<\/span><\/p>\n<\/td>\n<td width=\"25%\">\n<p lang=\"en-US\" align=\"CENTER\"><span style=\"font-size: small;\">In.virgilio.it<\/span><\/p>\n<\/td>\n<\/tr>\n<tr valign=\"TOP\">\n<td width=\"23%\">\n<p lang=\"en-US\" align=\"CENTER\"><span style=\"font-size: small;\"><strong>Vodafone<\/strong><\/span><\/p>\n<\/td>\n<td width=\"29%\">\n<p lang=\"en-US\" align=\"CENTER\"><span style=\"font-size: small;\">Vodafone.it<\/span><\/p>\n<\/td>\n<td width=\"29%\">\n<p lang=\"en-US\" align=\"CENTER\"><span style=\"font-size: small;\">Smtp.vodafone.it<\/span><\/p>\n<\/td>\n<td width=\"25%\">\n<p lang=\"en-US\" align=\"CENTER\"><span style=\"font-size: small;\">Pop.vodafone.it<\/span><\/p>\n<\/td>\n<\/tr>\n<tr valign=\"TOP\">\n<td width=\"23%\">\n<p lang=\"en-US\" align=\"CENTER\"><span style=\"font-size: small;\"><strong>Yahoo<\/strong><\/span><\/p>\n<\/td>\n<td width=\"29%\">\n<p lang=\"en-US\" align=\"CENTER\"><span style=\"font-size: small;\">Yahoo.com<\/span><\/p>\n<\/td>\n<td width=\"29%\">\n<p lang=\"en-US\" align=\"CENTER\"><span style=\"font-size: small;\">Smtp.mail.yahoo.it<\/span><\/p>\n<\/td>\n<td width=\"25%\">\n<p lang=\"en-US\" align=\"CENTER\"><span style=\"font-size: small;\">Pop.mail.yahoo.it<\/span><\/p>\n<\/td>\n<\/tr>\n<\/tbody>\n<\/table>\n","protected":false},"excerpt":{"rendered":"<p>SMTP e POP3 sono due degli aspetti tecnici pi\u00f9 importanti dell&#8217;intero processo di invio della posta elettronica. In poche parole, il server di posta in uscita usa il protocollo SMTP (acronimo per Simple Mail Transfer Protocol) per occuparsi della consegna delle email ; mentre il server POP (acronimo per Post Office Protocol) gestisce la ricezione [&hellip;]<\/p>\n","protected":false},"author":3,"featured_media":0,"parent":0,"menu_order":0,"comment_status":"closed","ping_status":"closed","template":"g1_template_page_sidebar_right.php","meta":[],"yoast_head":"<!-- This site is optimized with the Yoast SEO plugin v16.4 - https:\/\/yoast.com\/wordpress\/plugins\/seo\/ -->\n<meta name=\"robots\" content=\"index, follow, max-snippet:-1, max-image-preview:large, max-video-preview:-1\" \/>\n<link rel=\"canonical\" href=\"https:\/\/serversmtp.com\/it\/smtp-e-pop3\/\" \/>\n<meta property=\"og:locale\" content=\"it_IT\" \/>\n<meta property=\"og:type\" content=\"article\" \/>\n<meta property=\"og:title\" content=\"SMTP e POP3 - Server Mail SMTP - Provider di servizi SMTP professionali\" \/>\n<meta property=\"og:description\" content=\"SMTP e POP3 sono due degli aspetti tecnici pi\u00f9 importanti dell&#8217;intero processo di invio della posta elettronica. In poche parole, il server di posta in uscita usa il protocollo SMTP (acronimo per Simple Mail Transfer Protocol) per occuparsi della consegna delle email ; mentre il server POP (acronimo per Post Office Protocol) gestisce la ricezione [&hellip;]\" \/>\n<meta property=\"og:url\" content=\"https:\/\/serversmtp.com\/it\/smtp-e-pop3\/\" \/>\n<meta property=\"og:site_name\" content=\"Server Mail SMTP - Provider di servizi SMTP professionali\" \/>\n<meta property=\"article:modified_time\" content=\"2018-03-28T14:18:46+00:00\" \/>\n<meta property=\"og:image\" content=\"https:\/\/serversmtp.com\/wp-content\/uploads\/2018\/03\/pop-email.png\" \/>\n<meta name=\"twitter:card\" content=\"summary_large_image\" \/>\n<meta name=\"twitter:label1\" content=\"Tempo di lettura stimato\" \/>\n\t<meta name=\"twitter:data1\" content=\"2 minuti\" \/>\n<script type=\"application\/ld+json\" class=\"yoast-schema-graph\">{\"@context\":\"https:\/\/schema.org\",\"@graph\":[{\"@type\":\"WebSite\",\"@id\":\"https:\/\/serversmtp.com\/#website\",\"url\":\"https:\/\/serversmtp.com\/\",\"name\":\"Server Mail SMTP - Provider di servizi SMTP professionali\",\"description\":\"Server Mail SMTP - Provider di servizi SMTP professionali\",\"potentialAction\":[{\"@type\":\"SearchAction\",\"target\":\"https:\/\/serversmtp.com\/?s={search_term_string}\",\"query-input\":\"required name=search_term_string\"}],\"inLanguage\":\"it-IT\"},{\"@type\":\"ImageObject\",\"@id\":\"https:\/\/serversmtp.com\/it\/smtp-e-pop3\/#primaryimage\",\"inLanguage\":\"it-IT\",\"url\":\"https:\/\/serversmtp.com\/wp-content\/uploads\/2018\/03\/pop-email.png\",\"contentUrl\":\"https:\/\/serversmtp.com\/wp-content\/uploads\/2018\/03\/pop-email.png\",\"width\":580,\"height\":372},{\"@type\":\"WebPage\",\"@id\":\"https:\/\/serversmtp.com\/it\/smtp-e-pop3\/#webpage\",\"url\":\"https:\/\/serversmtp.com\/it\/smtp-e-pop3\/\",\"name\":\"SMTP e POP3 - Server Mail SMTP - Provider di servizi SMTP professionali\",\"isPartOf\":{\"@id\":\"https:\/\/serversmtp.com\/#website\"},\"primaryImageOfPage\":{\"@id\":\"https:\/\/serversmtp.com\/it\/smtp-e-pop3\/#primaryimage\"},\"datePublished\":\"2018-03-26T15:41:03+00:00\",\"dateModified\":\"2018-03-28T14:18:46+00:00\",\"breadcrumb\":{\"@id\":\"https:\/\/serversmtp.com\/it\/smtp-e-pop3\/#breadcrumb\"},\"inLanguage\":\"it-IT\",\"potentialAction\":[{\"@type\":\"ReadAction\",\"target\":[\"https:\/\/serversmtp.com\/it\/smtp-e-pop3\/\"]}]},{\"@type\":\"BreadcrumbList\",\"@id\":\"https:\/\/serversmtp.com\/it\/smtp-e-pop3\/#breadcrumb\",\"itemListElement\":[{\"@type\":\"ListItem\",\"position\":1,\"item\":{\"@type\":\"WebPage\",\"@id\":\"https:\/\/serversmtp.com\/it\/\",\"url\":\"https:\/\/serversmtp.com\/it\/\",\"name\":\"Home\"}},{\"@type\":\"ListItem\",\"position\":2,\"item\":{\"@id\":\"https:\/\/serversmtp.com\/it\/smtp-e-pop3\/#webpage\"}}]}]}<\/script>\n<!-- \/ Yoast SEO plugin. -->","_links":{"self":[{"href":"https:\/\/serversmtp.com\/it\/wp-json\/wp\/v2\/pages\/1440"}],"collection":[{"href":"https:\/\/serversmtp.com\/it\/wp-json\/wp\/v2\/pages"}],"about":[{"href":"https:\/\/serversmtp.com\/it\/wp-json\/wp\/v2\/types\/page"}],"author":[{"embeddable":true,"href":"https:\/\/serversmtp.com\/it\/wp-json\/wp\/v2\/users\/3"}],"replies":[{"embeddable":true,"href":"https:\/\/serversmtp.com\/it\/wp-json\/wp\/v2\/comments?post=1440"}],"version-history":[{"count":4,"href":"https:\/\/serversmtp.com\/it\/wp-json\/wp\/v2\/pages\/1440\/revisions"}],"predecessor-version":[{"id":1549,"href":"https:\/\/serversmtp.com\/it\/wp-json\/wp\/v2\/pages\/1440\/revisions\/1549"}],"wp:attachment":[{"href":"https:\/\/serversmtp.com\/it\/wp-json\/wp\/v2\/media?parent=1440"}],"curies":[{"name":"wp","href":"https:\/\/api.w.org\/{rel}","templated":true}]}}