{"id":1435,"date":"2018-03-26T17:30:44","date_gmt":"2018-03-26T15:30:44","guid":{"rendered":"https:\/\/dev.serversmtp.com\/?page_id=1435"},"modified":"2022-02-10T17:21:42","modified_gmt":"2022-02-10T16:21:42","slug":"controllo-ip","status":"publish","type":"page","link":"https:\/\/serversmtp.com\/it\/controllo-ip\/","title":{"rendered":"Controllo IP"},"content":{"rendered":"<p>Una <strong>blacklist<\/strong> \u00e8 un elenco pubblico di mittenti di posta elettronica (di solito identificati con il loro <strong>indirizzo IP<\/strong>) che sono considerati fonte email di massa non richieste: <strong>spam<\/strong>. Le blacklist sono utilizzate dai server di posta per filtrare automaticamente tutte queste fonti, combattendo attivamente le comunicazioni indesiderate.<\/p>\n<p>Il problema con le blacklist \u00e8 che a volte pu\u00f2 finirci dentro anche <strong>chi invia email legittime<\/strong>: ad esempio perch\u00e9 il computer del mittente \u00e8 infetto da un virus, o perch\u00e9 si condivide l&#8217;IP di spedizione con uno spammer.<\/p>\n<p>Ecco perch\u00e9 \u00e8 altamente consigliabile scegliere un <strong><a title=\"server SMTP professionale\" href=\"\/it\/tsmtpregistration1.php\">server SMTP professionale<\/a><\/strong>\u00a0che si affida solo a <strong>IP monitorati<\/strong> e annulla il rischio di finire nella posta indesiderata.<\/p>\n<p>Detto questo, se usate un server in uscita &#8220;normale&#8221; (es. quello di Gmail o Hotmail) e le vostre email sono bloccate o il tasso di consegna sta calando, \u00e8 necessario effettuare subito un <strong>controllo dell&#8217;IP<\/strong> e verificare se sia blacklistato. I migliori strumenti di controllo IP sono quelli forniti da MxToolBox, SenderScore e Spamhaus:<\/p>\n<p><img decoding=\"async\" class=\"aligncenter wp-image-990 size-full\" src=\"https:\/\/serversmtp.com\/wp-content\/uploads\/2018\/03\/mxtoolbox_0.png\" alt=\"\" width=\"580\" height=\"262\" srcset=\"https:\/\/serversmtp.com\/wp-content\/uploads\/2018\/03\/mxtoolbox_0.png 580w, https:\/\/serversmtp.com\/wp-content\/uploads\/2018\/03\/mxtoolbox_0-300x136.png 300w, https:\/\/serversmtp.com\/wp-content\/uploads\/2018\/03\/mxtoolbox_0-320x145.png 320w, https:\/\/serversmtp.com\/wp-content\/uploads\/2018\/03\/mxtoolbox_0-239x108.png 239w\" sizes=\"(max-width: 580px) 100vw, 580px\" \/><\/p>\n<p>Se il vostro IP \u00e8 effettivamente in una blacklist ma non state inviando spam, dovreste chiedere subitodi essere <strong>rimossi da tale lista<\/strong>, seguendo le istruzioni del sito dove avete effettuato il check.<\/p>\n","protected":false},"excerpt":{"rendered":"<p>Una blacklist \u00e8 un elenco pubblico di mittenti di posta elettronica (di solito identificati con il loro indirizzo IP) che sono considerati fonte email di massa non richieste: spam. Le blacklist sono utilizzate dai server di posta per filtrare automaticamente tutte queste fonti, combattendo attivamente le comunicazioni indesiderate. Il problema con le blacklist \u00e8 che &#8230; <\/p>\n<p class=\"read-more-container\"><a title=\"Controllo IP\" class=\"read-more button\" href=\"https:\/\/serversmtp.com\/it\/controllo-ip\/#more-1435\" aria-label=\"Per saperne di pi\u00f9 su Controllo IP\">Discover more<\/a><\/p>\n","protected":false},"author":3,"featured_media":0,"parent":0,"menu_order":0,"comment_status":"closed","ping_status":"closed","template":"","meta":{"_eb_attr":"","inline_featured_image":false,"_monsterinsights_skip_tracking":false,"_monsterinsights_sitenote_active":false,"_monsterinsights_sitenote_note":"","_monsterinsights_sitenote_category":0,"footnotes":""},"class_list":["post-1435","page","type-page","status-publish"],"yoast_head":"<!-- This site is optimized with the Yoast SEO plugin v25.3.1 - https:\/\/yoast.com\/wordpress\/plugins\/seo\/ -->\n<title>Controllo IP - Server Mail SMTP - Provider di servizi SMTP professionali<\/title>\n<meta name=\"robots\" content=\"index, follow, max-snippet:-1, max-image-preview:large, max-video-preview:-1\" \/>\n<link rel=\"canonical\" href=\"https:\/\/serversmtp.com\/it\/controllo-ip\/\" \/>\n<meta name=\"twitter:label1\" content=\"Tempo di lettura stimato\" \/>\n\t<meta name=\"twitter:data1\" content=\"1 minuto\" \/>\n<!-- \/ Yoast SEO plugin. -->","yoast_head_json":{"title":"Controllo IP - Server Mail SMTP - Provider di servizi SMTP professionali","robots":{"index":"index","follow":"follow","max-snippet":"max-snippet:-1","max-image-preview":"max-image-preview:large","max-video-preview":"max-video-preview:-1"},"canonical":"https:\/\/serversmtp.com\/it\/controllo-ip\/","twitter_misc":{"Tempo di lettura stimato":"1 minuto"},"schema":{"@context":"https:\/\/schema.org","@graph":[{"@type":"WebPage","@id":"https:\/\/serversmtp.com\/it\/controllo-ip\/","url":"https:\/\/serversmtp.com\/it\/controllo-ip\/","name":"Controllo IP - Server Mail SMTP - Provider di servizi SMTP professionali","isPartOf":{"@id":"https:\/\/serversmtp.com\/#website"},"primaryImageOfPage":{"@id":"https:\/\/serversmtp.com\/it\/controllo-ip\/#primaryimage"},"image":{"@id":"https:\/\/serversmtp.com\/it\/controllo-ip\/#primaryimage"},"thumbnailUrl":"https:\/\/serversmtp.com\/wp-content\/uploads\/2018\/03\/mxtoolbox_0.png","datePublished":"2018-03-26T15:30:44+00:00","dateModified":"2022-02-10T16:21:42+00:00","breadcrumb":{"@id":"https:\/\/serversmtp.com\/it\/controllo-ip\/#breadcrumb"},"inLanguage":"it-IT","potentialAction":[{"@type":"ReadAction","target":["https:\/\/serversmtp.com\/it\/controllo-ip\/"]}]},{"@type":"ImageObject","inLanguage":"it-IT","@id":"https:\/\/serversmtp.com\/it\/controllo-ip\/#primaryimage","url":"https:\/\/serversmtp.com\/wp-content\/uploads\/2018\/03\/mxtoolbox_0.png","contentUrl":"https:\/\/serversmtp.com\/wp-content\/uploads\/2018\/03\/mxtoolbox_0.png"},{"@type":"BreadcrumbList","@id":"https:\/\/serversmtp.com\/it\/controllo-ip\/#breadcrumb","itemListElement":[{"@type":"ListItem","position":1,"name":"Home","item":"https:\/\/serversmtp.com\/it\/"},{"@type":"ListItem","position":2,"name":"Controllo IP"}]},{"@type":"WebSite","@id":"https:\/\/serversmtp.com\/#website","url":"https:\/\/serversmtp.com\/","name":"Server Mail SMTP - Provider di servizi SMTP professionali","description":"Server Mail SMTP - Provider di servizi SMTP professionali","publisher":{"@id":"https:\/\/serversmtp.com\/#organization"},"potentialAction":[{"@type":"SearchAction","target":{"@type":"EntryPoint","urlTemplate":"https:\/\/serversmtp.com\/?s={search_term_string}"},"query-input":{"@type":"PropertyValueSpecification","valueRequired":true,"valueName":"search_term_string"}}],"inLanguage":"it-IT"},{"@type":"Organization","@id":"https:\/\/serversmtp.com\/#organization","name":"Delivery Tech","url":"https:\/\/serversmtp.com\/","logo":{"@type":"ImageObject","inLanguage":"it-IT","@id":"https:\/\/serversmtp.com\/#\/schema\/logo\/image\/","url":"https:\/\/serversmtp.com\/wp-content\/uploads\/2021\/11\/og-image-2.jpg","contentUrl":"https:\/\/serversmtp.com\/wp-content\/uploads\/2021\/11\/og-image-2.jpg","width":1200,"height":1128,"caption":"Delivery Tech"},"image":{"@id":"https:\/\/serversmtp.com\/#\/schema\/logo\/image\/"}}]}},"_links":{"self":[{"href":"https:\/\/serversmtp.com\/it\/wp-json\/wp\/v2\/pages\/1435"}],"collection":[{"href":"https:\/\/serversmtp.com\/it\/wp-json\/wp\/v2\/pages"}],"about":[{"href":"https:\/\/serversmtp.com\/it\/wp-json\/wp\/v2\/types\/page"}],"author":[{"embeddable":true,"href":"https:\/\/serversmtp.com\/it\/wp-json\/wp\/v2\/users\/3"}],"replies":[{"embeddable":true,"href":"https:\/\/serversmtp.com\/it\/wp-json\/wp\/v2\/comments?post=1435"}],"version-history":[{"count":5,"href":"https:\/\/serversmtp.com\/it\/wp-json\/wp\/v2\/pages\/1435\/revisions"}],"predecessor-version":[{"id":1545,"href":"https:\/\/serversmtp.com\/it\/wp-json\/wp\/v2\/pages\/1435\/revisions\/1545"}],"wp:attachment":[{"href":"https:\/\/serversmtp.com\/it\/wp-json\/wp\/v2\/media?parent=1435"}],"curies":[{"name":"wp","href":"https:\/\/api.w.org\/{rel}","templated":true}]}}