{"id":1421,"date":"2018-03-26T17:09:47","date_gmt":"2018-03-26T15:09:47","guid":{"rendered":"https:\/\/dev.serversmtp.com\/?page_id=1421"},"modified":"2025-10-22T09:46:11","modified_gmt":"2025-10-22T07:46:11","slug":"smtp-outlook-configurazione","status":"publish","type":"page","link":"https:\/\/serversmtp.com\/it\/smtp-outlook-configurazione\/","title":{"rendered":"Configurare l&#8217;SMTP su Outlook"},"content":{"rendered":"<p>Per <strong>configurare un server SMTP per Outlook<\/strong> e spedire le proprie email con questo client di posta elettronica, \u00e8 sufficiente seguire alcuni semplici passi.<\/p>\n<p>L&#8217;impostazione di un <strong>server di posta in uscita<\/strong> (o server SMTP, appunto) \u00e8 indispensabile affinch\u00e9 il flusso delle email inviate venga trattato correttamente.\u00a0Ricordate in ogni caso che solo un <strong><a title=\"servizio SMTP professionale\" href=\"\/it\/tsmtpregistration1.php\">servizio SMTP professionale<\/a><\/strong> garantir\u00e0 il massimo tasso di consegna per le vostre email: infatti, server comuni come quelli associati a Gmail o Hotmail pongono dei limiti sulla quantit\u00e0 di posta in uscita giornaliera, e <strong>non possono assicurare<\/strong> che ogni email venga consegnata.<\/p>\n<p>Ci\u00f2 detto, ecco come impostare un server SMTP su Outlook:<\/p>\n<ul>\n<li>Selezionare &#8220;Account&#8221; dal menu &#8220;Strumenti&#8221;.<\/li>\n<li>Selezionare il proprio account email e cliccare sul pulsante &#8220;Modifica&#8221;.<\/li>\n<li>Inserire il <strong>nome del server SMTP<\/strong> nel campo &#8220;Server posta in uscita (SMTP)&#8221;. Se non lo conoscete, potete scrivere al vostro provider o dare un&#8217;occhiata alla nostra lista dei <a title=\"configurazione SMTP\" href=\"\/it\/configurazione-smtp\">parametri SMTP pi\u00f9 comuni<\/a>.<span style=\"font-size: 1.2em;\">\u00a0<\/span><\/li>\n<\/ul>\n<p><img decoding=\"async\" class=\"aligncenter wp-image-1423 size-full\" src=\"https:\/\/serversmtp.com\/wp-content\/uploads\/2018\/03\/impostazioni-smtp-outlook.jpg\" alt=\"\" width=\"400\" height=\"353\" srcset=\"https:\/\/serversmtp.com\/wp-content\/uploads\/2018\/03\/impostazioni-smtp-outlook.jpg 400w, https:\/\/serversmtp.com\/wp-content\/uploads\/2018\/03\/impostazioni-smtp-outlook-300x265.jpg 300w, https:\/\/serversmtp.com\/wp-content\/uploads\/2018\/03\/impostazioni-smtp-outlook-320x282.jpg 320w, https:\/\/serversmtp.com\/wp-content\/uploads\/2018\/03\/impostazioni-smtp-outlook-239x211.jpg 239w\" sizes=\"(max-width: 400px) 100vw, 400px\" \/><\/p>\n<ul>\n<li>Cliccare su &#8220;Propriet\u00e0&#8221;.<\/li>\n<li>Selezionare la tab &#8220;Impostazioni avanzate&#8221;.<\/li>\n<li>Alla voce &#8220;Utilizzare il tipo di connessione crittografata seguente&#8221;, selezionare &#8220;SSL&#8221;.<\/li>\n<li>Se avete intenzione di inviare le vostre email tramite <strong>autenticazione<\/strong>, selezionare la casella &#8220;Autenticazione del server necessaria&#8221;. Quindi inserire il proprio nome utente (l&#8217;indirizzo email da cui si invia) e la propria password.<br \/>\n<strong>IMPORTANTE!<\/strong> Se utilizzi turboSMTP inserisci la Consumer Key e la Consumer Secret al posto di nome utente e password (scopri <a href=\"https:\/\/serversmtp.com\/it\/cosa-sono-le-api-key-e-come-crearle-con-turbosmtp-una-guida-completa\/#how-to\" title=\"Come generare le API Key su turboSMTP\" target=\"_blank\" rel=\"noopener\">come generare le tue API Key<\/a>)<\/li>\n<li>Impostare la <strong>porta SMTP<\/strong> su 25 nella scheda &#8220;Server posta in uscita (SMTP)&#8221;. Alcuni server in entrata possono rifiutare i messaggi di posta elettronica provenienti da questa porta a causa della grande quantit\u00e0 di spam che passa di l\u00ec. Pertanto, in caso di malfunzionamento, \u00e8 sempre possibile scegliere <a title=\"porte SMTP\" href=\"\/it\/porta-smtp\">un&#8217;altra porta SMTP<\/a>.<\/li>\n<\/ul>\n","protected":false},"excerpt":{"rendered":"<p>Per configurare un server SMTP per Outlook e spedire le proprie email con questo client di posta elettronica, \u00e8 sufficiente seguire alcuni semplici passi. L&#8217;impostazione di un server di posta in uscita (o server SMTP, appunto) \u00e8 indispensabile affinch\u00e9 il flusso delle email inviate venga trattato correttamente.\u00a0Ricordate in ogni caso che solo un servizio SMTP &#8230; <\/p>\n<p class=\"read-more-container\"><a title=\"Configurare l&#8217;SMTP su Outlook\" class=\"read-more button\" href=\"https:\/\/serversmtp.com\/it\/smtp-outlook-configurazione\/#more-1421\" aria-label=\"Per saperne di pi\u00f9 su Configurare l&#8217;SMTP su Outlook\">Discover more<\/a><\/p>\n","protected":false},"author":3,"featured_media":0,"parent":0,"menu_order":0,"comment_status":"closed","ping_status":"closed","template":"","meta":{"_eb_attr":"","inline_featured_image":false,"_monsterinsights_skip_tracking":false,"_monsterinsights_sitenote_active":false,"_monsterinsights_sitenote_note":"","_monsterinsights_sitenote_category":0,"footnotes":""},"class_list":["post-1421","page","type-page","status-publish"],"yoast_head":"<!-- This site is optimized with the Yoast SEO plugin v25.3.1 - https:\/\/yoast.com\/wordpress\/plugins\/seo\/ -->\n<title>Configurare l&#039;SMTP su Outlook - Server Mail SMTP - Provider di servizi SMTP professionali<\/title>\n<meta name=\"robots\" content=\"index, follow, max-snippet:-1, max-image-preview:large, max-video-preview:-1\" \/>\n<link rel=\"canonical\" href=\"https:\/\/serversmtp.com\/it\/smtp-outlook-configurazione\/\" \/>\n<meta name=\"twitter:label1\" content=\"Tempo di lettura stimato\" \/>\n\t<meta name=\"twitter:data1\" content=\"2 minuti\" \/>\n<!-- \/ Yoast SEO plugin. -->","yoast_head_json":{"title":"Configurare l'SMTP su Outlook - Server Mail SMTP - Provider di servizi SMTP professionali","robots":{"index":"index","follow":"follow","max-snippet":"max-snippet:-1","max-image-preview":"max-image-preview:large","max-video-preview":"max-video-preview:-1"},"canonical":"https:\/\/serversmtp.com\/it\/smtp-outlook-configurazione\/","twitter_misc":{"Tempo di lettura stimato":"2 minuti"},"schema":{"@context":"https:\/\/schema.org","@graph":[{"@type":"WebPage","@id":"https:\/\/serversmtp.com\/it\/smtp-outlook-configurazione\/","url":"https:\/\/serversmtp.com\/it\/smtp-outlook-configurazione\/","name":"Configurare l'SMTP su Outlook - Server Mail SMTP - Provider di servizi SMTP professionali","isPartOf":{"@id":"https:\/\/serversmtp.com\/#website"},"primaryImageOfPage":{"@id":"https:\/\/serversmtp.com\/it\/smtp-outlook-configurazione\/#primaryimage"},"image":{"@id":"https:\/\/serversmtp.com\/it\/smtp-outlook-configurazione\/#primaryimage"},"thumbnailUrl":"https:\/\/serversmtp.com\/wp-content\/uploads\/2018\/03\/impostazioni-smtp-outlook.jpg","datePublished":"2018-03-26T15:09:47+00:00","dateModified":"2025-10-22T07:46:11+00:00","breadcrumb":{"@id":"https:\/\/serversmtp.com\/it\/smtp-outlook-configurazione\/#breadcrumb"},"inLanguage":"it-IT","potentialAction":[{"@type":"ReadAction","target":["https:\/\/serversmtp.com\/it\/smtp-outlook-configurazione\/"]}]},{"@type":"ImageObject","inLanguage":"it-IT","@id":"https:\/\/serversmtp.com\/it\/smtp-outlook-configurazione\/#primaryimage","url":"https:\/\/serversmtp.com\/wp-content\/uploads\/2018\/03\/impostazioni-smtp-outlook.jpg","contentUrl":"https:\/\/serversmtp.com\/wp-content\/uploads\/2018\/03\/impostazioni-smtp-outlook.jpg"},{"@type":"BreadcrumbList","@id":"https:\/\/serversmtp.com\/it\/smtp-outlook-configurazione\/#breadcrumb","itemListElement":[{"@type":"ListItem","position":1,"name":"Home","item":"https:\/\/serversmtp.com\/it\/"},{"@type":"ListItem","position":2,"name":"Configurare l&#8217;SMTP su Outlook"}]},{"@type":"WebSite","@id":"https:\/\/serversmtp.com\/#website","url":"https:\/\/serversmtp.com\/","name":"Server Mail SMTP - Provider di servizi SMTP professionali","description":"Server Mail SMTP - Provider di servizi SMTP professionali","publisher":{"@id":"https:\/\/serversmtp.com\/#organization"},"potentialAction":[{"@type":"SearchAction","target":{"@type":"EntryPoint","urlTemplate":"https:\/\/serversmtp.com\/?s={search_term_string}"},"query-input":{"@type":"PropertyValueSpecification","valueRequired":true,"valueName":"search_term_string"}}],"inLanguage":"it-IT"},{"@type":"Organization","@id":"https:\/\/serversmtp.com\/#organization","name":"Delivery Tech","url":"https:\/\/serversmtp.com\/","logo":{"@type":"ImageObject","inLanguage":"it-IT","@id":"https:\/\/serversmtp.com\/#\/schema\/logo\/image\/","url":"https:\/\/serversmtp.com\/wp-content\/uploads\/2021\/11\/og-image-2.jpg","contentUrl":"https:\/\/serversmtp.com\/wp-content\/uploads\/2021\/11\/og-image-2.jpg","width":1200,"height":1128,"caption":"Delivery Tech"},"image":{"@id":"https:\/\/serversmtp.com\/#\/schema\/logo\/image\/"}}]}},"_links":{"self":[{"href":"https:\/\/serversmtp.com\/it\/wp-json\/wp\/v2\/pages\/1421"}],"collection":[{"href":"https:\/\/serversmtp.com\/it\/wp-json\/wp\/v2\/pages"}],"about":[{"href":"https:\/\/serversmtp.com\/it\/wp-json\/wp\/v2\/types\/page"}],"author":[{"embeddable":true,"href":"https:\/\/serversmtp.com\/it\/wp-json\/wp\/v2\/users\/3"}],"replies":[{"embeddable":true,"href":"https:\/\/serversmtp.com\/it\/wp-json\/wp\/v2\/comments?post=1421"}],"version-history":[{"count":6,"href":"https:\/\/serversmtp.com\/it\/wp-json\/wp\/v2\/pages\/1421\/revisions"}],"predecessor-version":[{"id":22477,"href":"https:\/\/serversmtp.com\/it\/wp-json\/wp\/v2\/pages\/1421\/revisions\/22477"}],"wp:attachment":[{"href":"https:\/\/serversmtp.com\/it\/wp-json\/wp\/v2\/media?parent=1421"}],"curies":[{"name":"wp","href":"https:\/\/api.w.org\/{rel}","templated":true}]}}