{"id":1402,"date":"2018-03-26T16:26:34","date_gmt":"2018-03-26T14:26:34","guid":{"rendered":"https:\/\/dev.serversmtp.com\/?page_id=1402"},"modified":"2023-12-22T16:35:26","modified_gmt":"2023-12-22T15:35:26","slug":"server-smtp","status":"publish","type":"page","link":"https:\/\/serversmtp.com\/it\/server-smtp\/","title":{"rendered":"Cos&#8217;\u00e8 un server SMTP"},"content":{"rendered":"<p>Un <strong><a href=\"https:\/\/serversmtp.com\/it\/smart-host-smtp-relay-cosa-e\/\" title=\"Smart host smtp relay- Cos\u2019\u00e8?\">server SMTP Relay<\/a><\/strong> \u00e8 il server che si prende cura della consegna delle email inviate, fungendo un po&#8217; come da <strong>postino digitale<\/strong>. Il nome deriva dal fatto che il protocollo da lui eseguito \u00e8 appunto l&#8217;<a title=\"smtp\" href=\"\/it\/protocollo-smtp\">SMTP<\/a>, ovvero il linguaggio standard per la trasmissione della posta elettronica.<\/p>\n<p><img decoding=\"async\" class=\"aligncenter wp-image-534 size-full\" src=\"https:\/\/serversmtp.com\/wp-content\/uploads\/2018\/03\/what-is-smtp_0.png\" alt=\"\" width=\"580\" height=\"372\" srcset=\"https:\/\/serversmtp.com\/wp-content\/uploads\/2018\/03\/what-is-smtp_0.png 580w, https:\/\/serversmtp.com\/wp-content\/uploads\/2018\/03\/what-is-smtp_0-300x192.png 300w, https:\/\/serversmtp.com\/wp-content\/uploads\/2018\/03\/what-is-smtp_0-320x205.png 320w, https:\/\/serversmtp.com\/wp-content\/uploads\/2018\/03\/what-is-smtp_0-239x153.png 239w\" sizes=\"(max-width: 580px) 100vw, 580px\" \/><br \/>\nIn sostanza, il viaggio di un messaggio dal computer del mittente tramite server SMTP a quello del destinatario funziona cos\u00ec:<\/p>\n<ol>\n<li>Inviate un&#8217;email con una webmail o un client di posta elettronica dal vostro indirizzo (ad es marco@sitoweb.com) a un determinato destinatario (ad es paolo@questosito.com). In gergo, la webmail o client si chiama <strong>Message User Agent<\/strong>, o MUA.<\/li>\n<li>Il messaggio viene inviato normalmente attraverso la <a title=\"porta smtp\" href=\"\/it\/porta-smtp\">porta 25<\/a> di un server SMTP (chiamato per esempio smtp.sitoweb.com) il cui parametro viene impostato nel vostro client e si comporta come un <strong>Message Transfer Agent<\/strong> o MTA.<\/li>\n<li>Client e server iniziano una breve &#8220;conversazione&#8221;, dove quest&#8217;ultimo controlla tutti i dati riguardanti la trasmissione del messaggio (mittente, destinatario, domini, ecc.) Il linguaggio SMTP <strong>definisce solo la trasmissione del messaggio<\/strong>, e non riguarda il contenuto.<\/li>\n<li>Poi, se il dominio del destinatario \u00e8 collegato direttamente al server, l&#8217;email viene immediatamente <strong>consegnata<\/strong>. Se non \u00e8 cos\u00ec, l&#8217;SMTP la consegna a un altro server in arrivo pi\u00f9 vicino al destinatario (in gergo questi passaggi sono chiamati <strong>relay<\/strong>).<\/li>\n<li>Che cosa succede se il server del destinatario \u00e8 occupato o inattivo? Il server SMTP consegna semplicemente il messaggio a un server di backup: se nessuno di loro \u00e8 disponibile, <strong>il messaggio \u00e8 in coda<\/strong> e la consegna viene ritentata periodicamente. Dopo un determinato periodo, tuttavia, il messaggio \u00e8 <strong>rimandato al mittente<\/strong> come non consegnato.<\/li>\n<li>Se non ci sono problemi, tuttavia, la parte finale del percorso \u00e8 affidata al <strong><a title=\"POP\" href=\"\/it\/smtp-e-pop3\">protocollo POP<\/a><\/strong>, che raccoglie l&#8217;email dal server di posta in entrata e la mette in casella del destinatario.<\/li>\n<\/ol>\n<p>Va sottolineato, per\u00f2, che i server SMTP utilizzati quando si inviano le email &#8220;normali&#8221; \u2014 ad esempio, quelli associati a provider come <a title=\"smtp hotmail\" href=\"\/it\/smtp-hotmail-configurazione\">Hotmail<\/a> o <a title=\"smtp gmail\" href=\"\/it\/smtp-gmail-configurazione\">Gmail<\/a>\u00a0\u2014 si basano su <strong>IP non monitorati<\/strong>. Il che significa che si potrebbe inviare le proprie email via un IP utilizzato anche da uno spammer: un fatto che influir\u00e0 inevitabilmente sulla corretta consegna dei messaggi.<\/p>\n<p>Inoltre, i provider comuni stabiliscono dei <strong>limiti per il numero di email inviabili<\/strong> (ad esempio, Yahoo consente di spedire 100 email all&#8217;ora). Ecco perch\u00e9, se avete intenzione di impostare una <strong>campagna di email marketing<\/strong>, consigliamo di utilizzare un servizio SMTP professionale come <a title=\"turboSMTP\" href=\"\/it\/tsmtpregistration1.php\">turboSMTP<\/a>, che garantisce la massima deliverability. \u00c8 possibile registrarsi e ottenere un pacchetto di <strong><a title=\"smtp gratuito\" href=\"\/it\/tsmtpregistration1.php\">6000 invii gratuiti al mese<\/a><\/strong>, e nel caso acquistare il piano che meglio si adatta alle vostre necessit\u00e0.<\/p>\n<p>&nbsp;<\/p>\n","protected":false},"excerpt":{"rendered":"<p>Un server SMTP Relay \u00e8 il server che si prende cura della consegna delle email inviate, fungendo un po&#8217; come da postino digitale. Il nome deriva dal fatto che il protocollo da lui eseguito \u00e8 appunto l&#8217;SMTP, ovvero il linguaggio standard per la trasmissione della posta elettronica. In sostanza, il viaggio di un messaggio dal &#8230; <\/p>\n<p class=\"read-more-container\"><a title=\"Cos&#8217;\u00e8 un server SMTP\" class=\"read-more button\" href=\"https:\/\/serversmtp.com\/it\/server-smtp\/#more-1402\" aria-label=\"Per saperne di pi\u00f9 su Cos&#8217;\u00e8 un server SMTP\">Discover more<\/a><\/p>\n","protected":false},"author":3,"featured_media":0,"parent":0,"menu_order":0,"comment_status":"closed","ping_status":"closed","template":"","meta":{"_eb_attr":"","inline_featured_image":false,"_monsterinsights_skip_tracking":false,"_monsterinsights_sitenote_active":false,"_monsterinsights_sitenote_note":"","_monsterinsights_sitenote_category":0,"footnotes":""},"class_list":["post-1402","page","type-page","status-publish"],"yoast_head":"<!-- This site is optimized with the Yoast SEO plugin v25.3.1 - https:\/\/yoast.com\/wordpress\/plugins\/seo\/ -->\n<title>Cos\u2019\u00e8 un server SMTP e come funziona<\/title>\n<meta name=\"description\" content=\"Scopri come funziona un server SMTP e perch\u00e8 \u00e8 fondamentale affidarsi ad un servizio professionale per la consegna della propria posta elettronica.\" \/>\n<meta name=\"robots\" content=\"index, follow, max-snippet:-1, max-image-preview:large, max-video-preview:-1\" \/>\n<link rel=\"canonical\" href=\"https:\/\/serversmtp.com\/it\/server-smtp\/\" \/>\n<meta name=\"twitter:label1\" content=\"Tempo di lettura stimato\" \/>\n\t<meta name=\"twitter:data1\" content=\"3 minuti\" \/>\n<!-- \/ Yoast SEO plugin. -->","yoast_head_json":{"title":"Cos\u2019\u00e8 un server SMTP e come funziona","description":"Scopri come funziona un server SMTP e perch\u00e8 \u00e8 fondamentale affidarsi ad un servizio professionale per la consegna della propria posta elettronica.","robots":{"index":"index","follow":"follow","max-snippet":"max-snippet:-1","max-image-preview":"max-image-preview:large","max-video-preview":"max-video-preview:-1"},"canonical":"https:\/\/serversmtp.com\/it\/server-smtp\/","twitter_misc":{"Tempo di lettura stimato":"3 minuti"},"schema":{"@context":"https:\/\/schema.org","@graph":[{"@type":"WebPage","@id":"https:\/\/serversmtp.com\/it\/server-smtp\/","url":"https:\/\/serversmtp.com\/it\/server-smtp\/","name":"Cos\u2019\u00e8 un server SMTP e come funziona","isPartOf":{"@id":"https:\/\/serversmtp.com\/it\/#website"},"primaryImageOfPage":{"@id":"https:\/\/serversmtp.com\/it\/server-smtp\/#primaryimage"},"image":{"@id":"https:\/\/serversmtp.com\/it\/server-smtp\/#primaryimage"},"thumbnailUrl":"https:\/\/serversmtp.com\/wp-content\/uploads\/2018\/03\/what-is-smtp_0.png","datePublished":"2018-03-26T14:26:34+00:00","dateModified":"2023-12-22T15:35:26+00:00","description":"Scopri come funziona un server SMTP e perch\u00e8 \u00e8 fondamentale affidarsi ad un servizio professionale per la consegna della propria posta elettronica.","breadcrumb":{"@id":"https:\/\/serversmtp.com\/it\/server-smtp\/#breadcrumb"},"inLanguage":"it-IT","potentialAction":[{"@type":"ReadAction","target":["https:\/\/serversmtp.com\/it\/server-smtp\/"]}]},{"@type":"ImageObject","inLanguage":"it-IT","@id":"https:\/\/serversmtp.com\/it\/server-smtp\/#primaryimage","url":"https:\/\/serversmtp.com\/wp-content\/uploads\/2018\/03\/what-is-smtp_0.png","contentUrl":"https:\/\/serversmtp.com\/wp-content\/uploads\/2018\/03\/what-is-smtp_0.png"},{"@type":"BreadcrumbList","@id":"https:\/\/serversmtp.com\/it\/server-smtp\/#breadcrumb","itemListElement":[{"@type":"ListItem","position":1,"name":"Home","item":"https:\/\/serversmtp.com\/it\/"},{"@type":"ListItem","position":2,"name":"Cos&#8217;\u00e8 un server SMTP"}]},{"@type":"WebSite","@id":"https:\/\/serversmtp.com\/it\/#website","url":"https:\/\/serversmtp.com\/it\/","name":"Server Mail SMTP - Provider di servizi SMTP professionali","description":"Server Mail SMTP - Provider di servizi SMTP professionali","publisher":{"@id":"https:\/\/serversmtp.com\/it\/#organization"},"potentialAction":[{"@type":"SearchAction","target":{"@type":"EntryPoint","urlTemplate":"https:\/\/serversmtp.com\/it\/?s={search_term_string}"},"query-input":{"@type":"PropertyValueSpecification","valueRequired":true,"valueName":"search_term_string"}}],"inLanguage":"it-IT"},{"@type":"Organization","@id":"https:\/\/serversmtp.com\/it\/#organization","name":"Delivery Tech","url":"https:\/\/serversmtp.com\/it\/","logo":{"@type":"ImageObject","inLanguage":"it-IT","@id":"https:\/\/serversmtp.com\/it\/#\/schema\/logo\/image\/","url":"https:\/\/serversmtp.com\/wp-content\/uploads\/2021\/11\/og-image-2.jpg","contentUrl":"https:\/\/serversmtp.com\/wp-content\/uploads\/2021\/11\/og-image-2.jpg","width":1200,"height":1128,"caption":"Delivery Tech"},"image":{"@id":"https:\/\/serversmtp.com\/it\/#\/schema\/logo\/image\/"}}]}},"_links":{"self":[{"href":"https:\/\/serversmtp.com\/it\/wp-json\/wp\/v2\/pages\/1402"}],"collection":[{"href":"https:\/\/serversmtp.com\/it\/wp-json\/wp\/v2\/pages"}],"about":[{"href":"https:\/\/serversmtp.com\/it\/wp-json\/wp\/v2\/types\/page"}],"author":[{"embeddable":true,"href":"https:\/\/serversmtp.com\/it\/wp-json\/wp\/v2\/users\/3"}],"replies":[{"embeddable":true,"href":"https:\/\/serversmtp.com\/it\/wp-json\/wp\/v2\/comments?post=1402"}],"version-history":[{"count":8,"href":"https:\/\/serversmtp.com\/it\/wp-json\/wp\/v2\/pages\/1402\/revisions"}],"predecessor-version":[{"id":13158,"href":"https:\/\/serversmtp.com\/it\/wp-json\/wp\/v2\/pages\/1402\/revisions\/13158"}],"wp:attachment":[{"href":"https:\/\/serversmtp.com\/it\/wp-json\/wp\/v2\/media?parent=1402"}],"curies":[{"name":"wp","href":"https:\/\/api.w.org\/{rel}","templated":true}]}}